{"id":64949,"date":"2025-12-26T05:12:47","date_gmt":"2025-12-26T04:12:47","guid":{"rendered":"https:\/\/cp-hotline.com\/?page_id=64949"},"modified":"2026-05-13T12:37:40","modified_gmt":"2026-05-13T10:37:40","slug":"%d9%86%d8%a8%d8%b0%d8%a9-%d8%b9%d9%86%d8%a7","status":"publish","type":"page","link":"https:\/\/cp-hotline.com\/ar\/ueber-uns\/","title":{"rendered":"\u0646\u0628\u0630\u0629 \u0639\u0646\u0627"},"content":{"rendered":"<div data-elementor-type=\"wp-page\" data-elementor-id=\"64949\" class=\"elementor elementor-64949\" data-elementor-post-type=\"page\">\n\t\t\t\t<div class=\"elementor-element elementor-element-0309262 e-flex e-con-boxed e-con e-parent\" data-id=\"0309262\" data-element_type=\"container\" data-e-type=\"container\">\n\t\t\t\t\t<div class=\"e-con-inner\">\n\t\t<div class=\"elementor-element elementor-element-822a690 e-con-full e-flex e-con e-child\" data-id=\"822a690\" data-element_type=\"container\" data-e-type=\"container\">\n\t\t\t\t<div class=\"elementor-element elementor-element-542f59e elementor-widget elementor-widget-heading\" data-id=\"542f59e\" data-element_type=\"widget\" data-e-type=\"widget\" data-widget_type=\"heading.default\">\n\t\t\t\t\t<h2 class=\"elementor-heading-title elementor-size-default\">\u0646\u0628\u0630\u0629 \u0639\u0646\u0627 - \u062a\u0627\u0631\u064a\u062e \u0639\u0644\u0627\u062c GIGER\u00ae MD\u00ae: \u0627\u0644\u0627\u0628\u062a\u0643\u0627\u0631 \u0648\u0627\u0644\u062e\u0628\u0631\u0629 \u0644\u0623\u0643\u062b\u0631 \u0645\u0646 40 \u0639\u0627\u0645\u064b\u0627.<\/h2>\t\t\t\t<\/div>\n\t\t\t\t<div class=\"elementor-element elementor-element-2fe9800 elementor-widget elementor-widget-text-editor\" data-id=\"2fe9800\" data-element_type=\"widget\" data-e-type=\"widget\" data-widget_type=\"text-editor.default\">\n\t\t\t\t\t\t\t\t\t<p>\u0645\u0646 <strong>\u0627\u0644\u0628\u062f\u0627\u064a\u0627\u062a \u0627\u0644\u0645\u062a\u0648\u0627\u0636\u0639\u0629<\/strong> \u062d\u062a\u0649 <strong>\u0627\u0644\u0639\u0644\u0627\u062c \u0627\u0644\u0642\u0627\u0626\u0645 \u0639\u0644\u0649 \u0623\u0633\u0633 \u0639\u0644\u0645\u064a\u0629 \u0627\u0644\u064a\u0648\u0645<\/strong>. \u0645\u0646\u0630 <strong>\u0639\u0644\u0649 \u0645\u062f\u0627\u0631 \u0623\u0631\u0628\u0639\u0629 \u0639\u0642\u0648\u062f <\/strong>\u0646\u062d\u0646 \u0645\u0644\u062a\u0632\u0645\u0648\u0646 <strong>\u0628\u0634\u063a\u0641 \u0644\u062a\u062d\u0633\u064a\u0646 \u062c\u0648\u062f\u0629 \u062d\u064a\u0627\u0629 \u0627\u0644\u0623\u0634\u062e\u0627\u0635 \u0627\u0644\u0645\u0635\u0627\u0628\u064a\u0646 \u0628\u0623\u0645\u0631\u0627\u0636 \u0639\u0635\u0628\u064a\u0629<\/strong>. \u062a\u062a\u0645\u064a\u0632 \u0631\u062d\u0644\u062a\u0646\u0627 \u0628\u0640 <strong>\u0627\u0644\u0628\u062d\u062b \u0627\u0644\u0645\u0633\u062a\u0645\u0631 \u0648\u0627\u0644\u0627\u0644\u062a\u0632\u0627\u0645 \u0627\u0644\u0623\u0633\u0631\u064a<\/strong> \u0648 <strong>\u0627\u0644\u0625\u064a\u0645\u0627\u0646 \u0627\u0644\u0630\u064a \u0644\u0627 \u064a\u062a\u0632\u0639\u0632\u0639 \u0628\u0625\u0645\u0643\u0627\u0646\u064a\u0627\u062a \u0643\u0644 \u0641\u0631\u062f<\/strong>.<\/p>\t\t\t\t\t\t\t\t<\/div>\n\t\t\t\t<div class=\"elementor-element elementor-element-1ca387d elementor-widget elementor-widget-heading\" data-id=\"1ca387d\" data-element_type=\"widget\" data-e-type=\"widget\" data-widget_type=\"heading.default\">\n\t\t\t\t\t<h3 class=\"elementor-heading-title elementor-size-default\">\u0627\u0644\u0631\u0624\u064a\u0629 \u0648\u0627\u0644\u0631\u0633\u0627\u0644\u0629<\/h3>\t\t\t\t<\/div>\n\t\t\t\t<div class=\"elementor-element elementor-element-c66cc8c elementor-widget elementor-widget-text-editor\" data-id=\"c66cc8c\" data-element_type=\"widget\" data-e-type=\"widget\" data-widget_type=\"text-editor.default\">\n\t\t\t\t\t\t\t\t\t<p>\u0644\u062f\u064a\u0646\u0627 <strong>\u0627\u0644\u0631\u0624\u064a\u0629<\/strong> \u0647\u0648 \u0627\u0644\u0639\u0627\u0644\u0645 \u0627\u0644\u0630\u064a <strong>\u0627\u0644\u0623\u0634\u062e\u0627\u0635 \u0627\u0644\u0630\u064a\u0646 \u064a\u0639\u0627\u0646\u0648\u0646 \u0645\u0646 \u062a\u062d\u062f\u064a\u0627\u062a \u0639\u0635\u0628\u064a\u0629<\/strong> \u0645\u0646 \u062e\u0644\u0627\u0644<strong> \u0627\u0644\u0623\u0633\u0627\u0644\u064a\u0628 \u0627\u0644\u0639\u0644\u0627\u062c\u064a\u0629 \u0627\u0644\u0645\u0628\u062a\u0643\u0631\u0629<\/strong> \u0623\u0646 \u064a\u062d\u0642\u0642\u0648\u0627 \u0643\u0627\u0645\u0644 \u0625\u0645\u0643\u0627\u0646\u0627\u062a\u0647\u0645. \u0645\u0647\u0645\u062a\u0646\u0627 \u0647\u064a, <strong>\u0639\u0644\u0627\u062c \u00aeGIGER\u00ae MD\u00ae \u0628\u0627\u0639\u062a\u0628\u0627\u0631\u0647 \u0627\u0644\u0639\u0644\u0627\u062c \u0627\u0644\u0631\u0627\u0626\u062f<\/strong>,<strong> \u0637\u0631\u064a\u0642\u0629 \u0645\u0639\u062a\u0645\u062f\u0629 \u0639\u0644\u0645\u064a\u0627\u064b<\/strong> \u0644\u0625\u062b\u0628\u0627\u062a, <strong>\u0627\u0644\u0645\u0631\u0636\u0649 \u0641\u064a \u062c\u0645\u064a\u0639 \u0623\u0646\u062d\u0627\u0621 \u0627\u0644\u0639\u0627\u0644\u0645 \u0627\u0644\u0623\u0645\u0644 \u0648\u0627\u0644\u062a\u0642\u062f\u0645 \u0648\u062a\u062d\u0633\u064a\u0646 \u0646\u0648\u0639\u064a\u0629 \u0627\u0644\u062d\u064a\u0627\u0629<\/strong> \u0627\u0644\u0639\u0631\u0648\u0636.<\/p>\t\t\t\t\t\t\t\t<\/div>\n\t\t<div class=\"elementor-element elementor-element-2271b3d e-con-full e-flex e-con e-child\" data-id=\"2271b3d\" data-element_type=\"container\" data-e-type=\"container\">\n\t\t\t\t<div class=\"elementor-element elementor-element-8ba523f elementor-widget elementor-widget-image\" data-id=\"8ba523f\" data-element_type=\"widget\" data-e-type=\"widget\" data-widget_type=\"image.default\">\n\t\t\t\t\t\t\t\t\t\t\t\t\t\t\t\t<a href=\"https:\/\/cp-hotline.com\/ar\/%d8%b9%d9%84%d8%a7%d8%ac-%d8%a7%d9%84%d8%b4%d9%84%d9%84-%d8%a7%d9%84%d8%af%d9%85%d8%a7%d8%ba%d9%8a\/\">\n\t\t\t\t\t\t\t<img fetchpriority=\"high\" decoding=\"async\" width=\"1024\" height=\"682\" src=\"https:\/\/cp-hotline.com\/wp-content\/uploads\/2026\/01\/bild-uber-uns-01.jpg\" class=\"attachment-full size-full wp-image-65934\" alt=\"\" srcset=\"https:\/\/cp-hotline.com\/wp-content\/uploads\/2026\/01\/bild-uber-uns-01.jpg 1024w, https:\/\/cp-hotline.com\/wp-content\/uploads\/2026\/01\/bild-uber-uns-01-300x200.jpg 300w, https:\/\/cp-hotline.com\/wp-content\/uploads\/2026\/01\/bild-uber-uns-01-768x512.jpg 768w\" sizes=\"(max-width: 1024px) 100vw, 1024px\" \/>\t\t\t\t\t\t\t\t<\/a>\n\t\t\t\t\t\t\t\t\t\t\t\t\t\t\t<\/div>\n\t\t\t\t<\/div>\n\t\t\t\t<div class=\"elementor-element elementor-element-9dc463a elementor-widget elementor-widget-text-editor\" data-id=\"9dc463a\" data-element_type=\"widget\" data-e-type=\"widget\" data-widget_type=\"text-editor.default\">\n\t\t\t\t\t\t\t\t\t<p><em>\u0627\u0644\u0627\u0633\u062a\u0644\u0642\u0627\u0621 \u0627\u0644\u0645\u0624\u0633\u0650\u0651\u0633\u0629 \u0633\u0648\u0646\u064a\u0627 \u062c\u064a\u062c\u0631 \u0645\u0639 \u0627\u0628\u0646\u0647\u0627 \u0627\u0644\u0645\u062f\u064a\u0631 \u0627\u0644\u0625\u062f\u0627\u0631\u064a \u0627\u0644\u062d\u0627\u0644\u064a \u0627\u0644\u0633\u064a\u062f \u0623\u062f\u0631\u064a\u0627\u0646 \u062c\u064a\u062c\u0631 \u0648\u062d\u0641\u064a\u062f\u0647\u0627<\/em><\/p>\t\t\t\t\t\t\t\t<\/div>\n\t\t\t\t<div class=\"elementor-element elementor-element-5b1606b elementor-widget elementor-widget-heading\" data-id=\"5b1606b\" data-element_type=\"widget\" data-e-type=\"widget\" data-widget_type=\"heading.default\">\n\t\t\t\t\t<h3 class=\"elementor-heading-title elementor-size-default\">\u0627\u0644\u0639\u0627\u0626\u0644\u0629 \u0627\u0644\u0645\u0624\u0633\u0633\u0629<\/h3>\t\t\t\t<\/div>\n\t\t\t\t<div class=\"elementor-element elementor-element-6ce18df elementor-widget elementor-widget-text-editor\" data-id=\"6ce18df\" data-element_type=\"widget\" data-e-type=\"widget\" data-widget_type=\"text-editor.default\">\n\t\t\t\t\t\t\t\t\t<p><strong>\u0627\u0644\u0634\u063a\u0641 \u0628\u0627\u0644\u0627\u0628\u062a\u0643\u0627\u0631<\/strong><br \/><br \/>\u0644\u0645 \u062a\u0628\u062f\u0623 \u0642\u0635\u0629 GIGER\u00ae MD\u00ae \u0641\u064a \u0627\u0644\u0645\u062e\u062a\u0628\u0631\u060c \u0628\u0644 \u0628\u062f\u0623\u062a \u0642\u0635\u0629 GIGER\u00ae MD\u00ae \u0641\u064a <strong>\u0627\u0644\u0631\u063a\u0628\u0629 \u0627\u0644\u0639\u0645\u064a\u0642\u0629 \u0641\u064a \u0645\u0633\u0627\u0639\u062f\u0629 \u0627\u0644\u0646\u0627\u0633<\/strong>, \u0627\u0644\u062a\u064a \u0643\u0627\u0646 \u0647\u0646\u0627\u0643 <strong>\u0623\u0645\u0644 \u0636\u0626\u064a\u0644 \u0641\u064a \u0627\u0644\u062a\u062d\u0633\u0646<\/strong> \u0623\u0639\u0637\u0649. \u0641\u064a <strong>\u0623\u0648\u0627\u0626\u0644 \u0627\u0644\u062b\u0645\u0627\u0646\u064a\u0646\u064a\u0627\u062a<\/strong> \u0648\u0636\u0639 <strong>\u0639\u0627\u0626\u0644\u0629 \u062c\u064a\u062c\u0631<\/strong> \u0641\u0625\u0646 <strong>\u062d\u062c\u0631 \u0627\u0644\u0623\u0633\u0627\u0633 \u0644\u0634\u0643\u0644 \u062b\u0648\u0631\u064a \u0645\u0646 \u0623\u0634\u0643\u0627\u0644 \u0627\u0644\u0639\u0644\u0627\u062c<\/strong>. \u0628\u0633\u0628\u0628 \u062d\u0627\u0644\u0629 <strong>\u0627\u0644\u062a\u0635\u0644\u0628 \u0627\u0644\u0645\u062a\u0639\u062f\u062f \u0641\u064a \u0627\u0644\u0639\u0627\u0626\u0644\u0629<\/strong>, \u0643\u0646\u062a \u0645\u0646 <strong>\u0627\u0644\u0627\u0644\u062a\u0632\u0627\u0645 \u0627\u0644\u0634\u062e\u0635\u064a \u0648\u0627\u0644\u0641\u0636\u0648\u0644 \u0627\u0644\u0639\u0644\u0645\u064a<\/strong> \u0648\u0637\u0648\u0631\u062a <strong>\u0627\u0644\u0646\u0645\u0627\u0630\u062c \u0627\u0644\u0623\u0648\u0644\u064a\u0629 \u0644\u0623\u062f\u0648\u0627\u062a \u0627\u0644\u0639\u0644\u0627\u062c<\/strong>. \u0643\u0627\u0646 \u0647\u062f\u0641\u0647\u0645 \u0647\u0648 <strong>\u0627\u0644\u062c\u0647\u0627\u0632 \u0627\u0644\u0639\u0635\u0628\u064a \u0645\u0646 \u062e\u0644\u0627\u0644 \u0627\u0633\u062a\u0647\u062f\u0627\u0641<\/strong>, <strong>\u0644\u062a\u062d\u0641\u064a\u0632 \u0627\u0644\u062d\u0631\u0643\u0627\u062a \u0627\u0644\u0625\u064a\u0642\u0627\u0639\u064a\u0629 \u0645\u0646 \u062c\u062f\u064a\u062f<\/strong> - \u0648\u0647\u0648 \u0646\u0647\u062c \u0643\u0627\u0646 \u0641\u064a \u0630\u0644\u0643 \u0627\u0644\u0648\u0642\u062a <strong>\u0633\u0627\u0628\u0642\u0629 \u0644\u0639\u0635\u0631\u0647\u0627 \u0628\u0643\u062b\u064a\u0631<\/strong> \u0643\u0627\u0646.<\/p>\t\t\t\t\t\t\t\t<\/div>\n\t\t\t\t<div class=\"elementor-element elementor-element-e7a16bc elementor-align-center elementor-widget elementor-widget-button\" data-id=\"e7a16bc\" data-element_type=\"widget\" data-e-type=\"widget\" data-widget_type=\"button.default\">\n\t\t\t\t\t\t\t\t\t\t<a class=\"elementor-button elementor-button-link elementor-size-sm elementor-animation-bob\" href=\"https:\/\/cp-hotline.com\/ar\/%d8%a7%d9%84%d8%a7%d8%aa%d8%b5%d8%a7%d9%84\/\">\n\t\t\t\t\t\t<span class=\"elementor-button-content-wrapper\">\n\t\t\t\t\t\t\t\t\t<span class=\"elementor-button-text\">\u0627\u0643\u062a\u0634\u0641 \u0627\u0644\u0645\u0632\u064a\u062f \u0627\u0644\u0622\u0646!<\/span>\n\t\t\t\t\t<\/span>\n\t\t\t\t\t<\/a>\n\t\t\t\t\t\t\t\t<\/div>\n\t\t\t\t<\/div>\n\t\t\t\t\t<\/div>\n\t\t\t\t<\/div>\n\t\t\t\t<\/div>","protected":false},"excerpt":{"rendered":"<p>\u00dcber uns \u2013 Die Geschichte der GIGER\u00ae MD\u00ae Therapie: Innovation und Erfahrung seit \u00fcber 40 Jahren. Von den bescheidenen Anf\u00e4ngen bis zur heutigen wissenschaftlich fundierten Therapie. Seit \u00fcber vier Jahrzehnten engagieren wir uns mit Leidenschaft f\u00fcr die Verbesserung der Lebensqualit\u00e4t von Menschen mit neurologischen Erkrankungen. Unsere Reise ist gepr\u00e4gt von kontinuierlicher Forschung, famili\u00e4rem Engagement und [&hellip;]<\/p>\n","protected":false},"author":1,"featured_media":0,"parent":0,"menu_order":0,"comment_status":"closed","ping_status":"closed","template":"","meta":{"inline_featured_image":false,"footnotes":""},"class_list":["post-64949","page","type-page","status-publish","hentry"],"_links":{"self":[{"href":"https:\/\/cp-hotline.com\/ar\/wp-json\/wp\/v2\/pages\/64949","targetHints":{"allow":["GET"]}}],"collection":[{"href":"https:\/\/cp-hotline.com\/ar\/wp-json\/wp\/v2\/pages"}],"about":[{"href":"https:\/\/cp-hotline.com\/ar\/wp-json\/wp\/v2\/types\/page"}],"author":[{"embeddable":true,"href":"https:\/\/cp-hotline.com\/ar\/wp-json\/wp\/v2\/users\/1"}],"replies":[{"embeddable":true,"href":"https:\/\/cp-hotline.com\/ar\/wp-json\/wp\/v2\/comments?post=64949"}],"version-history":[{"count":34,"href":"https:\/\/cp-hotline.com\/ar\/wp-json\/wp\/v2\/pages\/64949\/revisions"}],"predecessor-version":[{"id":66988,"href":"https:\/\/cp-hotline.com\/ar\/wp-json\/wp\/v2\/pages\/64949\/revisions\/66988"}],"wp:attachment":[{"href":"https:\/\/cp-hotline.com\/ar\/wp-json\/wp\/v2\/media?parent=64949"}],"curies":[{"name":"wp","href":"https:\/\/api.w.org\/{rel}","templated":true}]}}