{"id":11,"date":"2016-03-23T13:36:44","date_gmt":"2016-03-23T13:36:44","guid":{"rendered":"http:\/\/gigermdneu.malta2956.startdedicated.de\/?page_id=11"},"modified":"2026-05-12T19:08:11","modified_gmt":"2026-05-12T17:08:11","slug":"kontakt","status":"publish","type":"page","link":"https:\/\/cp-hotline.com\/cs\/kontakt\/","title":{"rendered":"Kontaktujte n\u00e1s"},"content":{"rendered":"<div data-elementor-type=\"wp-page\" data-elementor-id=\"11\" class=\"elementor elementor-11\" data-elementor-post-type=\"page\">\n\t\t\t\t<div class=\"elementor-element elementor-element-2255f7e5 e-con-full e-flex e-con e-parent\" data-id=\"2255f7e5\" data-element_type=\"container\" data-e-type=\"container\" data-settings=\"{&quot;background_background&quot;:&quot;classic&quot;}\">\n\t\t<div class=\"elementor-element elementor-element-fbbf3ab e-con-full e-flex e-con e-child\" data-id=\"fbbf3ab\" data-element_type=\"container\" data-e-type=\"container\" data-settings=\"{&quot;background_background&quot;:&quot;classic&quot;}\">\n\t\t<div class=\"elementor-element elementor-element-d51c5d9 e-con-full e-flex e-con e-child\" data-id=\"d51c5d9\" data-element_type=\"container\" data-e-type=\"container\" data-settings=\"{&quot;background_background&quot;:&quot;classic&quot;}\">\n\t\t\t\t<div class=\"elementor-element elementor-element-eacb101 elementor-widget elementor-widget-heading\" data-id=\"eacb101\" data-element_type=\"widget\" data-e-type=\"widget\" data-widget_type=\"heading.default\">\n\t\t\t\t\t<h2 class=\"elementor-heading-title elementor-size-default\">Ud\u011blejte prvn\u00ed krok!<\/h2>\t\t\t\t<\/div>\n\t\t\t\t<div class=\"elementor-element elementor-element-b8b4934 elementor-widget elementor-widget-text-editor\" data-id=\"b8b4934\" data-element_type=\"widget\" data-e-type=\"widget\" data-widget_type=\"text-editor.default\">\n\t\t\t\t\t\t\t\t\t<p style=\"text-align: center;\">Po\u017e\u00e1dejte o nez\u00e1vaznou konzultaci a zjist\u011bte, jak m\u016f\u017ee terapie GIGER\u00ae MD\u00ae pomoci v\u00e1m a va\u0161im bl\u00edzk\u00fdm. Jednodu\u0161e vypl\u0148te formul\u00e1\u0159 a my se v\u00e1m ozveme.<\/p>\t\t\t\t\t\t\t\t<\/div>\n\t\t\t\t<div class=\"elementor-element elementor-element-8d9a1cb elementor-widget__width-inherit ph-contact-form elementor-widget elementor-widget-shortcode\" data-id=\"8d9a1cb\" data-element_type=\"widget\" data-e-type=\"widget\" data-widget_type=\"shortcode.default\">\n\t\t\t\t\t\t\t<div class=\"elementor-shortcode\">\n<div class=\"wpcf7 no-js\" id=\"wpcf7-f335-o1\" lang=\"de-DE\" dir=\"ltr\" data-wpcf7-id=\"335\">\n<div class=\"screen-reader-response\"><p role=\"status\" aria-live=\"polite\" aria-atomic=\"true\"><\/p> <ul><\/ul><\/div>\n<form action=\"\/cs\/wp-json\/wp\/v2\/pages\/11#wpcf7-f335-o1\" method=\"post\" class=\"wpcf7-form init\" aria-label=\"Kontaktformular\" novalidate=\"novalidate\" data-status=\"init\" data-trp-original-action=\"\/cs\/wp-json\/wp\/v2\/pages\/11#wpcf7-f335-o1\">\n<fieldset class=\"hidden-fields-container\"><input type=\"hidden\" name=\"_wpcf7\" value=\"335\" \/><input type=\"hidden\" name=\"_wpcf7_version\" value=\"6.1.5\" \/><input type=\"hidden\" name=\"_wpcf7_locale\" value=\"de_DE\" \/><input type=\"hidden\" name=\"_wpcf7_unit_tag\" value=\"wpcf7-f335-o1\" \/><input type=\"hidden\" name=\"_wpcf7_container_post\" value=\"0\" \/><input type=\"hidden\" name=\"_wpcf7_posted_data_hash\" value=\"\" \/>\n<\/fieldset>\n<p><label>Co pro v\u00e1s m\u016f\u017eeme ud\u011blat?<br \/>\n<span class=\"wpcf7-form-control-wrap\" data-name=\"anliegen\"><select class=\"wpcf7-form-control wpcf7-select wpcf7-validates-as-required\" aria-required=\"true\" aria-invalid=\"false\" name=\"anliegen\"><option value=\"Informationsmaterialien erhalten\">P\u0159ij\u00edm\u00e1n\u00ed informa\u010dn\u00edch materi\u00e1l\u016f<\/option><option value=\"Termin ausmachen\">Sjednejte si sch\u016fzku<\/option><\/select><\/span><br \/>\n<\/label><br \/>\n<label>Pozdrav*<br \/>\n<span class=\"wpcf7-form-control-wrap\" data-name=\"anrede\"><select class=\"wpcf7-form-control wpcf7-select wpcf7-validates-as-required\" aria-required=\"true\" aria-invalid=\"false\" name=\"anrede\"><option value=\"Bitte w\u00e4hlen ...\">Vyberte pros\u00edm ...<\/option><option value=\"Herr\">Pan<\/option><option value=\"Frau\">Pan\u00ed<\/option><option value=\"Keine Angabe\">Nen\u00ed specifikov\u00e1no<\/option><\/select><\/span><br \/>\n<\/label><br \/>\n<label>Spole\u010dnost<br \/>\n<span class=\"wpcf7-form-control-wrap\" data-name=\"firma\"><input size=\"40\" maxlength=\"400\" class=\"wpcf7-form-control wpcf7-text\" aria-invalid=\"false\" value=\"\" type=\"text\" name=\"firma\" \/><\/span><br \/>\n<\/label><br \/>\n<label>K\u0159estn\u00ed jm\u00e9no*<br \/>\n<span class=\"wpcf7-form-control-wrap\" data-name=\"vorname\"><input size=\"40\" maxlength=\"400\" class=\"wpcf7-form-control wpcf7-text wpcf7-validates-as-required\" autocomplete=\"given-name\" aria-required=\"true\" aria-invalid=\"false\" value=\"\" type=\"text\" name=\"vorname\" \/><\/span><br \/>\n<\/label><br \/>\n<label>P\u0159\u00edjmen\u00ed*<br \/>\n<span class=\"wpcf7-form-control-wrap\" data-name=\"nachname\"><input size=\"40\" maxlength=\"400\" class=\"wpcf7-form-control wpcf7-text wpcf7-validates-as-required\" autocomplete=\"family-name\" aria-required=\"true\" aria-invalid=\"false\" value=\"\" type=\"text\" name=\"nachname\" \/><\/span><br \/>\n<\/label><br \/>\n<label>Ulice a \u010d\u00edslo domu*<br \/>\n<span class=\"wpcf7-form-control-wrap\" data-name=\"strasse\"><input size=\"40\" maxlength=\"400\" class=\"wpcf7-form-control wpcf7-text wpcf7-validates-as-required\" aria-required=\"true\" aria-invalid=\"false\" value=\"\" type=\"text\" name=\"strasse\" \/><\/span><br \/>\n<\/label><br \/>\n<label>M\u00edsto*<br \/>\n<span class=\"wpcf7-form-control-wrap\" data-name=\"ort\"><input size=\"40\" maxlength=\"400\" class=\"wpcf7-form-control wpcf7-text wpcf7-validates-as-required\" aria-required=\"true\" aria-invalid=\"false\" value=\"\" type=\"text\" name=\"ort\" \/><\/span><br \/>\n<\/label><br \/>\n<label>POSTCODE*<br \/>\n<span class=\"wpcf7-form-control-wrap\" data-name=\"plz\"><input size=\"40\" maxlength=\"400\" class=\"wpcf7-form-control wpcf7-text wpcf7-validates-as-required\" aria-required=\"true\" aria-invalid=\"false\" value=\"\" type=\"text\" name=\"plz\" \/><\/span><br \/>\n<\/label><br \/>\n<label>St\u00e1t<br \/>\n<span class=\"wpcf7-form-control-wrap\" data-name=\"staat\"><input size=\"40\" maxlength=\"400\" class=\"wpcf7-form-control wpcf7-text\" aria-invalid=\"false\" value=\"\" type=\"text\" name=\"staat\" \/><\/span><br \/>\n<\/label><br \/>\n<label>Zem\u011b*<br \/>\n<span class=\"wpcf7-form-control-wrap\" data-name=\"land\"><select class=\"wpcf7-form-control wpcf7-select wpcf7-validates-as-required\" aria-required=\"true\" aria-invalid=\"false\" name=\"land\"><option value=\"Bitte w\u00e4hlen ...\">Vyberte pros\u00edm ...<\/option><option value=\"Schweiz\">\u0160v\u00fdcarsko<\/option><option value=\"Deutschland\">N\u011bmecko<\/option><option value=\"\u00d6sterreich\">Rakousko<\/option><option value=\"Liechtenstein\">Lichten\u0161tejnsko<\/option><option value=\"\u00c4gypten\">Egypt<\/option><option value=\"Albanien\">Alb\u00e1nie<\/option><option value=\"Algerien\">Al\u017e\u00edrsko<\/option><option value=\"Argentinien\">Argentina<\/option><option value=\"Australien\">Austr\u00e1lie<\/option><option value=\"Bahrain\">Bahrajn<\/option><option value=\"Bangladesch\">Banglad\u00e9\u0161<\/option><option value=\"Belgien\">Belgie<\/option><option value=\"Bolivien\">Bol\u00edvie<\/option><option value=\"Bosnien und Herzegowina\">Bosna a Hercegovina<\/option><option value=\"Brasilien\">Braz\u00edlie<\/option><option value=\"Bulgarien\">Bulharsko<\/option><option value=\"Chile\">Chile<\/option><option value=\"China\">\u010c\u00edna<\/option><option value=\"D\u00e4nemark\">D\u00e1nsko<\/option><option value=\"Ecuador\">Ekv\u00e1dor<\/option><option value=\"Estland\">Estonsko<\/option><option value=\"\u00c4thiopien\">Etiopie<\/option><option value=\"Finnland\">Finsko<\/option><option value=\"Frankreich\">Francie<\/option><option value=\"Ghana\">Ghana<\/option><option value=\"Griechenland\">\u0158ecko<\/option><option value=\"Grossbritannien\">Velk\u00e1 Brit\u00e1nie<\/option><option value=\"Indien\">Indie<\/option><option value=\"Indonesien\">Indon\u00e9sie<\/option><option value=\"Irak\">Ir\u00e1k<\/option><option value=\"Iran\">\u00cdr\u00e1n<\/option><option value=\"Irland\">Irsko<\/option><option value=\"Island\">Island<\/option><option value=\"Israel\">Izrael<\/option><option value=\"Italien\">It\u00e1lie<\/option><option value=\"Japan\">Japonsko<\/option><option value=\"Jordanien\">Jordan<\/option><option value=\"Kanada\">Kanada<\/option><option value=\"Katar\">Katar<\/option><option value=\"Kenia\">Ke\u0148a<\/option><option value=\"Kolumbien\">Kolumbie<\/option><option value=\"Kosovo\">Kosovo<\/option><option value=\"Kroatien\">Chorvatsko<\/option><option value=\"Kuwait\">Kuvajt<\/option><option value=\"Lettland\">Loty\u0161sko<\/option><option value=\"Libanon\">Libanon<\/option><option value=\"Libyen\">Libye<\/option><option value=\"Litauen\">Litva<\/option><option value=\"Luxemburg\">Lucembursko<\/option><option value=\"Malaysia\">Malajsie<\/option><option value=\"Malta\">Malta<\/option><option value=\"Marokko\">Maroko<\/option><option value=\"Mexiko\">Mexiko<\/option><option value=\"Moldau\">Moldavsko<\/option><option value=\"Montenegro\">\u010cern\u00e1 Hora<\/option><option value=\"Neuseeland\">Nov\u00fd Z\u00e9land<\/option><option value=\"Niederlande\">Nizozemsko<\/option><option value=\"Nigeria\">Nig\u00e9rie<\/option><option value=\"Nordmazedonien\">Severn\u00ed Makedonie<\/option><option value=\"Norwegen\">Norsko<\/option><option value=\"Oman\">Om\u00e1n<\/option><option value=\"Pakistan\">P\u00e1kist\u00e1n<\/option><option value=\"Paraguay\">Paraguay<\/option><option value=\"Peru\">Peru<\/option><option value=\"Philippinen\">Filip\u00edny<\/option><option value=\"Polen\">Polsko<\/option><option value=\"Portugal\">Portugalsko<\/option><option value=\"Rum\u00e4nien\">Rumunsko<\/option><option value=\"Russland\">Rusko<\/option><option value=\"Saudi-Arabien\">Sa\u00fadsk\u00e1 Ar\u00e1bie<\/option><option value=\"Schweden\">\u0160v\u00e9dsko<\/option><option value=\"Serbien\">Srbsko<\/option><option value=\"Singapur\">Singapur<\/option><option value=\"Slowakei\">Slovensko<\/option><option value=\"Slowenien\">Slovinsko<\/option><option value=\"Spanien\">\u0160pan\u011blsko<\/option><option value=\"Sri Lanka\">Sr\u00ed Lanka<\/option><option value=\"S\u00fcdafrika\">Jihoafrick\u00e1 republika<\/option><option value=\"S\u00fcdkorea\">Ji\u017en\u00ed Korea<\/option><option value=\"Syrien\">S\u00fdrie<\/option><option value=\"Thailand\">Thajsko<\/option><option value=\"Tschechien\">\u010cesk\u00e1 republika<\/option><option value=\"Tunesien\">Tunisko<\/option><option value=\"T\u00fcrkei\">Krocan<\/option><option value=\"Ukraine\">Ukrajina<\/option><option value=\"Ungarn\">Ma\u010farsko<\/option><option value=\"Uruguay\">Uruguay<\/option><option value=\"USA\">USA<\/option><option value=\"Venezuela\">Venezuela<\/option><option value=\"Vereinigte Arabische Emirate\">Spojen\u00e9 arabsk\u00e9 emir\u00e1ty<\/option><option value=\"Vietnam\">Vietnam<\/option><option value=\"Weissrussland\">B\u011blorusko<\/option><option value=\"Jemen\">Jemen<\/option><option value=\"Zypern\">Kypr<\/option><option value=\"Anderes Land\">Ostatn\u00ed zem\u011b<\/option><\/select><\/span><br \/>\n<\/label><br \/>\n<label>Telefon*<br \/>\n<span class=\"wpcf7-form-control-wrap\" data-name=\"telefon\"><input size=\"40\" maxlength=\"400\" class=\"wpcf7-form-control wpcf7-tel wpcf7-validates-as-required wpcf7-text wpcf7-validates-as-tel\" autocomplete=\"tel\" aria-required=\"true\" aria-invalid=\"false\" value=\"\" type=\"tel\" name=\"telefon\" \/><\/span><br \/>\n<\/label><br \/>\n<label>E-mail*<br \/>\n<span class=\"wpcf7-form-control-wrap\" data-name=\"email\"><input size=\"40\" maxlength=\"400\" class=\"wpcf7-form-control wpcf7-email wpcf7-validates-as-required wpcf7-text wpcf7-validates-as-email\" autocomplete=\"email\" aria-required=\"true\" aria-invalid=\"false\" value=\"\" type=\"email\" name=\"email\" \/><\/span><br \/>\n<\/label><br \/>\n<label>Pozn\u00e1mky<br \/>\n<span class=\"wpcf7-form-control-wrap\" data-name=\"bemerkungen\"><textarea cols=\"40\" rows=\"10\" maxlength=\"2000\" class=\"wpcf7-form-control wpcf7-textarea\" aria-invalid=\"false\" name=\"bemerkungen\"><\/textarea><\/span><br \/>\n<\/label><br \/>\n<span class=\"wpcf7-form-control-wrap\" data-name=\"datenschutz\"><span class=\"wpcf7-form-control wpcf7-acceptance\"><span class=\"wpcf7-list-item\"><label><input type=\"checkbox\" name=\"datenschutz\" value=\"1\" aria-invalid=\"false\" \/><span class=\"wpcf7-list-item-label\">Souhlas\u00edm s pou\u017eit\u00edm sv\u00fdch \u00fadaj\u016f pro \u00fa\u010dely kontaktov\u00e1n\u00ed a poradenstv\u00ed.<\/span><\/label><\/span><\/span><\/span><br \/>\n<span id=\"wpcf7-6a04cbdd21857-wrapper\" class=\"wpcf7-form-control-wrap honeypot-577-wrap\" style=\"display:none !important; visibility:hidden !important;\"><label for=\"wpcf7-6a04cbdd21857-field\" class=\"hp-message\">Bitte lasse dieses Feld leer.<\/label><input id=\"wpcf7-6a04cbdd21857-field\"  class=\"wpcf7-form-control wpcf7-text\" type=\"text\" name=\"honeypot-577\" value=\"\" size=\"40\" tabindex=\"-1\" autocomplete=\"new-password\" \/><\/span><br \/>\n<input class=\"wpcf7-form-control wpcf7-submit has-spinner\" type=\"submit\" value=\"Odeslat popt\u00e1vku\" \/>\n<\/p><div class=\"wpcf7-response-output\" aria-hidden=\"true\"><\/div>\n<input type=\"hidden\" name=\"trp-form-language\" value=\"cs\"\/><\/form>\n<\/div>\n<\/div>\n\t\t\t\t\t\t<\/div>\n\t\t\t\t<\/div>\n\t\t\t\t<\/div>\n\t\t\t\t<\/div>\n\t\t\t\t<\/div>","protected":false},"excerpt":{"rendered":"<p>Machen Sie den ersten Schritt! Fordern Sie jetzt eine unverbindliche Beratung an und erfahren Sie, wie die GIGER\u00ae MD\u00ae Therapie auch Ihnen und Ihren Liebsten weiterhelfen kann. F\u00fcllen Sie einfach das Formular aus und wir melden uns bei Ihnen.<\/p>","protected":false},"author":1,"featured_media":0,"parent":0,"menu_order":0,"comment_status":"closed","ping_status":"closed","template":"","meta":{"inline_featured_image":false,"footnotes":""},"class_list":["post-11","page","type-page","status-publish","hentry"],"_links":{"self":[{"href":"https:\/\/cp-hotline.com\/cs\/wp-json\/wp\/v2\/pages\/11","targetHints":{"allow":["GET"]}}],"collection":[{"href":"https:\/\/cp-hotline.com\/cs\/wp-json\/wp\/v2\/pages"}],"about":[{"href":"https:\/\/cp-hotline.com\/cs\/wp-json\/wp\/v2\/types\/page"}],"author":[{"embeddable":true,"href":"https:\/\/cp-hotline.com\/cs\/wp-json\/wp\/v2\/users\/1"}],"replies":[{"embeddable":true,"href":"https:\/\/cp-hotline.com\/cs\/wp-json\/wp\/v2\/comments?post=11"}],"version-history":[{"count":6,"href":"https:\/\/cp-hotline.com\/cs\/wp-json\/wp\/v2\/pages\/11\/revisions"}],"predecessor-version":[{"id":66041,"href":"https:\/\/cp-hotline.com\/cs\/wp-json\/wp\/v2\/pages\/11\/revisions\/66041"}],"wp:attachment":[{"href":"https:\/\/cp-hotline.com\/cs\/wp-json\/wp\/v2\/media?parent=11"}],"curies":[{"name":"wp","href":"https:\/\/api.w.org\/{rel}","templated":true}]}}