{"id":514,"date":"2016-04-21T15:03:54","date_gmt":"2016-04-21T13:03:54","guid":{"rendered":"http:\/\/www.gigermd.com\/?page_id=514"},"modified":"2026-03-09T08:49:48","modified_gmt":"2026-03-09T07:49:48","slug":"podminky-autorskych-prav","status":"publish","type":"page","link":"https:\/\/cp-hotline.com\/cs\/agb-copyright\/","title":{"rendered":"AGB\/Copyight"},"content":{"rendered":"<div data-elementor-type=\"wp-page\" data-elementor-id=\"514\" class=\"elementor elementor-514\" data-elementor-post-type=\"page\">\n\t\t\t\t<div class=\"elementor-element elementor-element-7eaeaa5e e-flex e-con-boxed e-con e-parent\" data-id=\"7eaeaa5e\" data-element_type=\"container\" data-e-type=\"container\" data-settings=\"{&quot;background_background&quot;:&quot;classic&quot;}\">\n\t\t\t\t\t<div class=\"e-con-inner\">\n\t\t<div class=\"elementor-element elementor-element-a5166d2 e-con-full e-flex e-con e-child\" data-id=\"a5166d2\" data-element_type=\"container\" data-e-type=\"container\">\n\t\t\t\t<div class=\"elementor-element elementor-element-1f809b6 elementor-widget elementor-widget-heading\" data-id=\"1f809b6\" data-element_type=\"widget\" data-e-type=\"widget\" data-widget_type=\"heading.default\">\n\t\t\t\t\t<h2 class=\"elementor-heading-title elementor-size-default\">V\u0161eobecn\u00e9 podm\u00ednky<\/h2>\t\t\t\t<\/div>\n\t\t\t\t<div class=\"elementor-element elementor-element-c31b970 elementor-widget elementor-widget-heading\" data-id=\"c31b970\" data-element_type=\"widget\" data-e-type=\"widget\" data-widget_type=\"heading.default\">\n\t\t\t\t\t<h3 class=\"elementor-heading-title elementor-size-default\">Combo AG, Zdravotnick\u00e1 technika GIGER MD\u00ae<\/h3>\t\t\t\t<\/div>\n\t\t\t\t<div class=\"elementor-element elementor-element-126b634 elementor-widget elementor-widget-text-editor\" data-id=\"126b634\" data-element_type=\"widget\" data-e-type=\"widget\" data-widget_type=\"text-editor.default\">\n\t\t\t\t\t\t\t\t\t<h5>Podm\u00ednky a pravidla<\/h5><p>N\u00e1sleduj\u00edc\u00ed podm\u00ednky se vztahuj\u00ed v\u00fdhradn\u011b na obchodn\u00ed transakce mezi spole\u010dnost\u00ed Combo AG a z\u00e1kazn\u00edkem. V ka\u017ed\u00e9m p\u0159\u00edpad\u011b maj\u00ed p\u0159ednost p\u0159ed jak\u00fdmikoli jin\u00fdmi podm\u00ednkami zaslan\u00fdmi z\u00e1kazn\u00edkem nebo obsa\u017een\u00fdmi v dokumentech z\u00e1kazn\u00edka.<\/p><h5>Ceny<\/h5><p>Pokud nen\u00ed uvedeno jinak, jsou v\u0161echny ceny vyj\u00e1d\u0159eny ve \u0161v\u00fdcarsk\u00fdch franc\u00edch. U dod\u00e1vek do tuzemska jsou zpravidla uv\u00e1d\u011bny v\u010detn\u011b DPH, u dod\u00e1vek do zahrani\u010d\u00ed bez DPH. V\u0161echny ceny jsou orienta\u010dn\u00ed a pouze posledn\u00ed cenov\u00e1 nab\u00eddka je platn\u00e1 po dobu 30 dn\u016f nebo pokud nen\u00ed v nab\u00eddce uvedeno jinak, pokud nedo\u0161lo k p\u0159eklepu, tiskov\u00e9 chyb\u011b nebo chyb\u011b ve v\u00fdpo\u010dtu.<\/p><h5>Dod\u00e1vky<\/h5><p>Po\u0161tovn\u00e9 a baln\u00e9 je u tuzemsk\u00fdch dod\u00e1vek terapeutick\u00fdch n\u00e1stroj\u016f zdarma. P\u0159i dod\u00e1vk\u00e1ch do zahrani\u010d\u00ed se \u00fa\u010dtuje pouze po\u0161tovn\u00e9. Za opo\u017ed\u011bn\u00e9 dod\u00e1vky nelze v\u016f\u010di spole\u010dnosti Combo AG uplat\u0148ovat \u017e\u00e1dn\u00e9 n\u00e1roky na n\u00e1hradu \u0161kody z titulu u\u0161l\u00e9ho zisku, p\u0159eru\u0161en\u00ed provozu nebo jin\u00e9 finan\u010dn\u00ed ztr\u00e1ty.<\/p><h5>Zp\u016fsoby platby<\/h5><p>U z\u00e1kazn\u00edk\u016f ze zahrani\u010d\u00ed budou objedn\u00e1vky provedeny pouze v p\u0159\u00edpad\u011b, \u017ee bude dlu\u017en\u00e1 \u010d\u00e1stka p\u0159evedena na n\u00e1\u0161 \u00fa\u010det p\u0159edem.<\/p><h5>Z\u00e1ru\u010dn\u00ed podm\u00ednky<\/h5><p>Spole\u010dnost Combo AG se zavazuje odstranit v\u0161echny z\u00e1vady, kter\u00e9 jsou zp\u016fsobeny vadou materi\u00e1lu nebo v\u00fdrobn\u00ed vadou. Z\u00e1ruka se vztahuje na bezplatnou opravu p\u0159\u00edstroje nebo bezplatnou v\u00fdm\u011bnu vadn\u00fdch d\u00edl\u016f. N\u00e1roky na odstoupen\u00ed od smlouvy, sn\u00ed\u017een\u00ed ceny, v\u00fdm\u011bnu p\u0159\u00edstroje a n\u00e1hradu n\u00e1klad\u016f v p\u0159\u00edpad\u011b odstran\u011bn\u00ed po\u0161kozen\u00ed t\u0159et\u00edmi osobami bez na\u0161eho p\u00edsemn\u00e9ho souhlasu a kone\u010dn\u011b na n\u00e1hradu \u0161kody nad r\u00e1mec v\u00fdm\u011bny vadn\u00e9ho d\u00edlu jsou vylou\u010deny.<\/p><p>Cestovn\u00ed a p\u0159epravn\u00ed n\u00e1klady budou z\u00e1kazn\u00edkovi \u00fa\u010dtov\u00e1ny.<\/p><p>Jako d\u016fkaz pro uplatn\u011bn\u00ed z\u00e1ruky slou\u017e\u00ed faktura nebo dodac\u00ed list od spole\u010dnosti Combo AG, na kter\u00e9m mus\u00ed b\u00fdt uvedeno datum n\u00e1kupu a model.<\/p><p>Z\u00e1ruka se nevztahuje na d\u00edly, kter\u00e9 podl\u00e9haj\u00ed p\u0159irozen\u00e9mu opot\u0159eben\u00ed nebo na z\u00e1vady zp\u016fsoben\u00e9 nespr\u00e1vnou obsluhou nebo pou\u017e\u00edv\u00e1n\u00edm, nap\u0159\u00edklad pron\u00e1jmem nebo vn\u011bj\u0161\u00edmi vlivy.\u00a0<strong>U\u017eivatel je d\u00e1le povinen podrobit v\u0161echny pohybliv\u00e9 \u010d\u00e1sti, \u0161rouby a n\u00fdty v pravideln\u00fdch t\u00fddenn\u00edch intervalech odpov\u00eddaj\u00edc\u00ed zkou\u0161ce opot\u0159eben\u00ed; v opa\u010dn\u00e9m p\u0159\u00edpad\u011b zanik\u00e1 n\u00e1rok na opravu n\u00e1sledn\u00fdch \u0161kod.<\/strong>.<\/p><p>Pokud opravu nebo pokus o opravu provedou jin\u00e9 osoby ne\u017e spole\u010dnost Combo AG, n\u00e1rok na z\u00e1ruku zanik\u00e1.<\/p><p>Spole\u010dnost Combo AG poskytuje 24m\u011bs\u00ed\u010dn\u00ed z\u00e1ruku - i pro komer\u010dn\u00ed pou\u017eit\u00ed (krom\u011b GIGER MD\u00ae Combofit) - po\u010d\u00edtanou od data dod\u00e1n\u00ed zcela nov\u00e9ho p\u0159\u00edstroje.<\/p><h5>Vhodn\u00e9 pou\u017eit\u00ed p\u0159edm\u011btu koup\u011b<\/h5><p>Pokud nen\u00ed na dodac\u00edch dokladech v\u00fdslovn\u011b uvedeno, \u017ee za\u0159\u00edzen\u00ed je ur\u010deno pro \u201eprofesion\u00e1ln\u00ed u\u017eivatele\u201c, a s p\u0159\u00edstrojem je tedy spojena ve\u0159ejn\u00e1 licence k l\u00e9\u010db\u011b, jedn\u00e1 se pouze o soukromou licenci k pou\u017e\u00edv\u00e1n\u00ed terapeutick\u00e9ho za\u0159\u00edzen\u00ed pro soukrom\u00e9 \u00fa\u010dely. Komer\u010dn\u00ed pou\u017eit\u00ed za\u0159\u00edzen\u00ed je v tomto p\u0159\u00edpad\u011b zak\u00e1z\u00e1no, proto\u017ee komer\u010dn\u00ed l\u00e9\u010dba pacient\u016f v\u017edy vy\u017eaduje \u0159\u00e1dn\u00e9 pro\u0161kolen\u00ed v\u00fdrobcem a profesion\u00e1ln\u00ed vybaven\u00ed.<\/p><p>Krom\u011b toho tato licence p\u0159\u00edsn\u011b zakazuje nabyvateli licence prov\u00e1d\u011bt jak\u00e9koli \u00fapravy nebo zm\u011bny p\u0159\u00edstroj\u016f GIGER MD\u00ae bez p\u00edsemn\u00e9ho souhlasu poskytovatele licence.<\/p><p>Pokud nen\u00ed p\u00edsemn\u011b dohodnuto jinak, je licence ud\u011blen\u00e1 kupuj\u00edc\u00edmu NEv\u00fdhradn\u00ed, NEp\u0159evoditeln\u00e1 a nabyvatel licence nesm\u00ed prov\u00e1d\u011bt \u017e\u00e1dn\u00e9 \u00fapravy p\u0159\u00edstroje GIGER MD Therapy Instrument.<\/p><h5>Softwarov\u00fd produkt, know-how<\/h5><p>Softwarov\u00fd produkt pro p\u0159\u00edstroje GIGER MD\u00ae a know-how lze pou\u017e\u00edvat pouze v r\u00e1mci p\u0159\u00edslu\u0161n\u00e9 licen\u010dn\u00ed smlouvy.<\/p><h5>Odm\u00edtnut\u00ed odpov\u011bdnosti<\/h5><p>Spole\u010dnost Combo AG si vyhrazuje pr\u00e1vo z\u0159\u00edci se ve\u0161ker\u00e9 odpov\u011bdnosti v p\u0159\u00edpad\u011b nedodr\u017een\u00ed n\u00e1vodu k obsluze a v\u0161eobecn\u00fdch pokyn\u016f, jako\u017e i nespr\u00e1vn\u00e9ho pou\u017e\u00edv\u00e1n\u00ed p\u0159\u00edstroj\u016f GIGER MD\u00ae.<\/p><h5>Rozhodn\u00e9 pr\u00e1vo, soudn\u00ed p\u0159\u00edslu\u0161nost a zm\u011bny<\/h5><p>Tato dohoda nebo prohl\u00e1\u0161en\u00ed podl\u00e9h\u00e1 v\u00fdhradn\u011b \u0161v\u00fdcarsk\u00e9mu pr\u00e1vu. M\u00edstem v\u00fdkonu rozhodnut\u00ed a v\u00fdlu\u010dnou soudn\u00ed p\u0159\u00edslu\u0161nost\u00ed pro v\u0161echny spory vznikl\u00e9 v souvislosti s touto smlouvou nebo prohl\u00e1\u0161en\u00edm je s\u00eddlo spole\u010dnosti Combo AG. Tato spole\u010dnost je v\u0161ak rovn\u011b\u017e opr\u00e1vn\u011bna uplat\u0148ovat sv\u00e1 pr\u00e1va v m\u00edst\u011b bydli\u0161t\u011b z\u00e1kazn\u00edka nebo u jin\u00e9ho p\u0159\u00edslu\u0161n\u00e9ho org\u00e1nu a rovn\u011b\u017e zvolit rozhodn\u00e9 vnitrost\u00e1tn\u00ed pr\u00e1vo. Ve\u0161ker\u00e9 zm\u011bny t\u00fdkaj\u00edc\u00ed se t\u011bchto v\u0161eobecn\u00fdch obchodn\u00edch podm\u00ednek mus\u00ed b\u00fdt provedeny p\u00edsemn\u011b.<\/p><h5>\u00dadr\u017eba webov\u00fdch str\u00e1nek<\/h5><p>\u00dadr\u017ebu webov\u00fdch str\u00e1nek pro WordPress prov\u00e1d\u00ed spole\u010dnost Codemenschen Gmbh.<\/p><p>V\u00fdvoj WordPress od spole\u010dnosti Codemenschen Gmbh<\/p><p>\u0158e\u0161en\u00ed spor\u016f: Nejsme ochotni ani povinni \u00fa\u010dastnit se \u0159\u00edzen\u00ed o \u0159e\u0161en\u00ed spor\u016f p\u0159ed spot\u0159ebitelskou rozhod\u010d\u00ed komis\u00ed.<\/p><h5>Informace o autorsk\u00fdch pr\u00e1vech<\/h5><p>Copyright \u00a9 2026 Combo AG - CH-Lommiswil<\/p><p>GIGER MD\u00ae, GIGERMD\u00ae, GIGER\u00ae je registrovan\u00e1 ochrann\u00e1 zn\u00e1mka.<\/p><p>CAPM \u00a9<\/p><p>Copyright \u00a9 1992\/2026 V\u0161echna pr\u00e1va vyhrazena.<\/p><p>Zejm\u00e9na autorsk\u00e9 pr\u00e1vo a pr\u00e1vo proti nekal\u00e9 sout\u011b\u017ei.<\/p><p>Int. pat. USA pat.<\/p><p>Poru\u0161en\u00ed t\u011bchto pr\u00e1v bude st\u00edh\u00e1no podle ob\u010dansk\u00e9ho a trestn\u00edho pr\u00e1va.<\/p>\t\t\t\t\t\t\t\t<\/div>\n\t\t\t\t<\/div>\n\t\t\t\t\t<\/div>\n\t\t\t\t<\/div>\n\t\t\t\t<\/div>","protected":false},"excerpt":{"rendered":"<p>Allgemeine Gesch\u00e4ftsbedingungen Combo AG, Medizintechnik GIGER MD\u00ae Konditionen F\u00fcr den Gesch\u00e4ftsverkehr zwischen der Combo AG und dem Besteller gelten ausschliesslich die nachstehenden Bedingungen. Sie gehen anderslautenden Konditionen, die vom Besteller \u00fcbersandt wurden oder sich auf dessen Schriftst\u00fcck befinden, in jedem Falle vor. Preise S\u00e4mtliche Preise sind, wo nicht anders angegeben, in Schweizer Franken ausgedr\u00fcckt. Sie [&hellip;]<\/p>\n","protected":false},"author":1,"featured_media":0,"parent":0,"menu_order":0,"comment_status":"closed","ping_status":"closed","template":"","meta":{"inline_featured_image":false,"footnotes":""},"class_list":["post-514","page","type-page","status-publish","hentry"],"_links":{"self":[{"href":"https:\/\/cp-hotline.com\/cs\/wp-json\/wp\/v2\/pages\/514","targetHints":{"allow":["GET"]}}],"collection":[{"href":"https:\/\/cp-hotline.com\/cs\/wp-json\/wp\/v2\/pages"}],"about":[{"href":"https:\/\/cp-hotline.com\/cs\/wp-json\/wp\/v2\/types\/page"}],"author":[{"embeddable":true,"href":"https:\/\/cp-hotline.com\/cs\/wp-json\/wp\/v2\/users\/1"}],"replies":[{"embeddable":true,"href":"https:\/\/cp-hotline.com\/cs\/wp-json\/wp\/v2\/comments?post=514"}],"version-history":[{"count":12,"href":"https:\/\/cp-hotline.com\/cs\/wp-json\/wp\/v2\/pages\/514\/revisions"}],"predecessor-version":[{"id":66746,"href":"https:\/\/cp-hotline.com\/cs\/wp-json\/wp\/v2\/pages\/514\/revisions\/66746"}],"wp:attachment":[{"href":"https:\/\/cp-hotline.com\/cs\/wp-json\/wp\/v2\/media?parent=514"}],"curies":[{"name":"wp","href":"https:\/\/api.w.org\/{rel}","templated":true}]}}