{"id":64949,"date":"2025-12-26T05:12:47","date_gmt":"2025-12-26T04:12:47","guid":{"rendered":"https:\/\/cp-hotline.com\/?page_id=64949"},"modified":"2026-05-13T12:37:40","modified_gmt":"2026-05-13T10:37:40","slug":"o-nas","status":"publish","type":"page","link":"https:\/\/cp-hotline.com\/cs\/ueber-uns\/","title":{"rendered":"O n\u00e1s"},"content":{"rendered":"<div data-elementor-type=\"wp-page\" data-elementor-id=\"64949\" class=\"elementor elementor-64949\" data-elementor-post-type=\"page\">\n\t\t\t\t<div class=\"elementor-element elementor-element-0309262 e-flex e-con-boxed e-con e-parent\" data-id=\"0309262\" data-element_type=\"container\" data-e-type=\"container\">\n\t\t\t\t\t<div class=\"e-con-inner\">\n\t\t<div class=\"elementor-element elementor-element-822a690 e-con-full e-flex e-con e-child\" data-id=\"822a690\" data-element_type=\"container\" data-e-type=\"container\">\n\t\t\t\t<div class=\"elementor-element elementor-element-542f59e elementor-widget elementor-widget-heading\" data-id=\"542f59e\" data-element_type=\"widget\" data-e-type=\"widget\" data-widget_type=\"heading.default\">\n\t\t\t\t\t<h2 class=\"elementor-heading-title elementor-size-default\">O n\u00e1s - Historie terapie GIGER\u00ae MD\u00ae: inovace a zku\u0161enosti ji\u017e v\u00edce ne\u017e 40 let.<\/h2>\t\t\t\t<\/div>\n\t\t\t\t<div class=\"elementor-element elementor-element-2fe9800 elementor-widget elementor-widget-text-editor\" data-id=\"2fe9800\" data-element_type=\"widget\" data-e-type=\"widget\" data-widget_type=\"text-editor.default\">\n\t\t\t\t\t\t\t\t\t<p>Z <strong>skromn\u00e9 za\u010d\u00e1tky<\/strong> a\u017e do <strong>dne\u0161n\u00ed v\u011bdecky podlo\u017een\u00e1 terapie<\/strong>. Proto\u017ee <strong>v\u00edce ne\u017e \u010dty\u0159i desetilet\u00ed <\/strong>jsme odhodl\u00e1ni <strong>s nad\u0161en\u00edm pro zlep\u0161ov\u00e1n\u00ed kvality \u017eivota lid\u00ed s neurologick\u00fdmi onemocn\u011bn\u00edmi.<\/strong>. Na\u0161e cesta se vyzna\u010duje <strong>Pr\u016fb\u011b\u017en\u00fd v\u00fdzkum, rodinn\u00fd z\u00e1vazek<\/strong> a <strong>neot\u0159esiteln\u00e1 v\u00edra v potenci\u00e1l ka\u017ed\u00e9ho jednotlivce.<\/strong>.<\/p>\t\t\t\t\t\t\t\t<\/div>\n\t\t\t\t<div class=\"elementor-element elementor-element-1ca387d elementor-widget elementor-widget-heading\" data-id=\"1ca387d\" data-element_type=\"widget\" data-e-type=\"widget\" data-widget_type=\"heading.default\">\n\t\t\t\t\t<h3 class=\"elementor-heading-title elementor-size-default\">Vize a posl\u00e1n\u00ed<\/h3>\t\t\t\t<\/div>\n\t\t\t\t<div class=\"elementor-element elementor-element-c66cc8c elementor-widget elementor-widget-text-editor\" data-id=\"c66cc8c\" data-element_type=\"widget\" data-e-type=\"widget\" data-widget_type=\"text-editor.default\">\n\t\t\t\t\t\t\t\t\t<p>Na\u0161e <strong>Vize<\/strong> je sv\u011bt, ve kter\u00e9m <strong>Lid\u00e9 s neurologick\u00fdmi probl\u00e9my<\/strong> prost\u0159ednictv\u00edm<strong> Inovativn\u00ed terapeutick\u00e9 p\u0159\u00edstupy<\/strong> mohou pln\u011b vyu\u017e\u00edt sv\u016fj potenci\u00e1l. Na\u0161\u00edm posl\u00e1n\u00edm je, <strong>GIGER\u00ae MD\u00ae Therapy jako p\u0159edn\u00ed<\/strong>,<strong> V\u011bdecky ov\u011b\u0159en\u00e1 metoda<\/strong> stanovit, <strong>pacient\u016fm po cel\u00e9m sv\u011bt\u011b nad\u011bji, pokrok a lep\u0161\u00ed kvalitu \u017eivota.<\/strong> nab\u00edz\u00ed.<\/p>\t\t\t\t\t\t\t\t<\/div>\n\t\t<div class=\"elementor-element elementor-element-2271b3d e-con-full e-flex e-con e-child\" data-id=\"2271b3d\" data-element_type=\"container\" data-e-type=\"container\">\n\t\t\t\t<div class=\"elementor-element elementor-element-8ba523f elementor-widget elementor-widget-image\" data-id=\"8ba523f\" data-element_type=\"widget\" data-e-type=\"widget\" data-widget_type=\"image.default\">\n\t\t\t\t\t\t\t\t\t\t\t\t\t\t\t\t<a href=\"https:\/\/cp-hotline.com\/cs\/terapie-detske-mozkove-obrny\/\">\n\t\t\t\t\t\t\t<img fetchpriority=\"high\" decoding=\"async\" width=\"1024\" height=\"682\" src=\"https:\/\/cp-hotline.com\/wp-content\/uploads\/2026\/01\/bild-uber-uns-01.jpg\" class=\"attachment-full size-full wp-image-65934\" alt=\"\" srcset=\"https:\/\/cp-hotline.com\/wp-content\/uploads\/2026\/01\/bild-uber-uns-01.jpg 1024w, https:\/\/cp-hotline.com\/wp-content\/uploads\/2026\/01\/bild-uber-uns-01-300x200.jpg 300w, https:\/\/cp-hotline.com\/wp-content\/uploads\/2026\/01\/bild-uber-uns-01-768x512.jpg 768w\" sizes=\"(max-width: 1024px) 100vw, 1024px\" \/>\t\t\t\t\t\t\t\t<\/a>\n\t\t\t\t\t\t\t\t\t\t\t\t\t\t\t<\/div>\n\t\t\t\t<\/div>\n\t\t\t\t<div class=\"elementor-element elementor-element-9dc463a elementor-widget elementor-widget-text-editor\" data-id=\"9dc463a\" data-element_type=\"widget\" data-e-type=\"widget\" data-widget_type=\"text-editor.default\">\n\t\t\t\t\t\t\t\t\t<p><em>Vle\u017ee: Zakladatelka Sonja Gigerov\u00e1 se sv\u00fdm synem, sou\u010dasn\u00fdm \u0159editelem Adrianem Gigerem a vnukem.<\/em><\/p>\t\t\t\t\t\t\t\t<\/div>\n\t\t\t\t<div class=\"elementor-element elementor-element-5b1606b elementor-widget elementor-widget-heading\" data-id=\"5b1606b\" data-element_type=\"widget\" data-e-type=\"widget\" data-widget_type=\"heading.default\">\n\t\t\t\t\t<h3 class=\"elementor-heading-title elementor-size-default\">Zakladatelsk\u00e1 rodina<\/h3>\t\t\t\t<\/div>\n\t\t\t\t<div class=\"elementor-element elementor-element-6ce18df elementor-widget elementor-widget-text-editor\" data-id=\"6ce18df\" data-element_type=\"widget\" data-e-type=\"widget\" data-widget_type=\"text-editor.default\">\n\t\t\t\t\t\t\t\t\t<p><strong>V\u00e1\u0161e\u0148 pro inovace<\/strong><br \/><br \/>P\u0159\u00edb\u011bh spole\u010dnosti GIGER\u00ae MD\u00ae neza\u010d\u00edn\u00e1 v laborato\u0159i, ale u <strong>Hlubok\u00e1 touha pom\u00e1hat lidem<\/strong>, pro kter\u00e9 bylo <strong>Mal\u00e1 nad\u011bje na zlep\u0161en\u00ed<\/strong> poskytl. V <strong>po\u010d\u00e1tek 80. let<\/strong> polo\u017eil <strong>Rodina Gigerov\u00fdch<\/strong> na <strong>Z\u00e1kladn\u00ed k\u00e1men revolu\u010dn\u00ed formy terapie<\/strong>. Vzhledem k p\u0159\u00edpadu <strong>Roztrou\u0161en\u00e1 skler\u00f3za v rodin\u011b<\/strong>, jsi byl z <strong>osobn\u00ed nasazen\u00ed a v\u011bdeck\u00e1 zv\u00eddavost<\/strong> a vyvinul <strong>prvn\u00ed prototypy terapeutick\u00fdch n\u00e1stroj\u016f<\/strong>. Jejich c\u00edlem bylo <strong>nervov\u00fd syst\u00e9m prost\u0159ednictv\u00edm c\u00edlen\u00e9ho<\/strong>, <strong>nov\u011b stimulovat rytmick\u00e9 pohyby.<\/strong> - p\u0159\u00edstup, kter\u00fd v t\u00e9 dob\u011b <strong>P\u0159edstihla svou dobu<\/strong> byl.<\/p>\t\t\t\t\t\t\t\t<\/div>\n\t\t\t\t<div class=\"elementor-element elementor-element-e7a16bc elementor-align-center elementor-widget elementor-widget-button\" data-id=\"e7a16bc\" data-element_type=\"widget\" data-e-type=\"widget\" data-widget_type=\"button.default\">\n\t\t\t\t\t\t\t\t\t\t<a class=\"elementor-button elementor-button-link elementor-size-sm elementor-animation-bob\" href=\"https:\/\/cp-hotline.com\/cs\/kontakt\/\">\n\t\t\t\t\t\t<span class=\"elementor-button-content-wrapper\">\n\t\t\t\t\t\t\t\t\t<span class=\"elementor-button-text\">Zjist\u011bte v\u00edce!<\/span>\n\t\t\t\t\t<\/span>\n\t\t\t\t\t<\/a>\n\t\t\t\t\t\t\t\t<\/div>\n\t\t\t\t<\/div>\n\t\t\t\t\t<\/div>\n\t\t\t\t<\/div>\n\t\t\t\t<\/div>","protected":false},"excerpt":{"rendered":"<p>\u00dcber uns \u2013 Die Geschichte der GIGER\u00ae MD\u00ae Therapie: Innovation und Erfahrung seit \u00fcber 40 Jahren. Von den bescheidenen Anf\u00e4ngen bis zur heutigen wissenschaftlich fundierten Therapie. Seit \u00fcber vier Jahrzehnten engagieren wir uns mit Leidenschaft f\u00fcr die Verbesserung der Lebensqualit\u00e4t von Menschen mit neurologischen Erkrankungen. Unsere Reise ist gepr\u00e4gt von kontinuierlicher Forschung, famili\u00e4rem Engagement und [&hellip;]<\/p>\n","protected":false},"author":1,"featured_media":0,"parent":0,"menu_order":0,"comment_status":"closed","ping_status":"closed","template":"","meta":{"inline_featured_image":false,"footnotes":""},"class_list":["post-64949","page","type-page","status-publish","hentry"],"_links":{"self":[{"href":"https:\/\/cp-hotline.com\/cs\/wp-json\/wp\/v2\/pages\/64949","targetHints":{"allow":["GET"]}}],"collection":[{"href":"https:\/\/cp-hotline.com\/cs\/wp-json\/wp\/v2\/pages"}],"about":[{"href":"https:\/\/cp-hotline.com\/cs\/wp-json\/wp\/v2\/types\/page"}],"author":[{"embeddable":true,"href":"https:\/\/cp-hotline.com\/cs\/wp-json\/wp\/v2\/users\/1"}],"replies":[{"embeddable":true,"href":"https:\/\/cp-hotline.com\/cs\/wp-json\/wp\/v2\/comments?post=64949"}],"version-history":[{"count":34,"href":"https:\/\/cp-hotline.com\/cs\/wp-json\/wp\/v2\/pages\/64949\/revisions"}],"predecessor-version":[{"id":66988,"href":"https:\/\/cp-hotline.com\/cs\/wp-json\/wp\/v2\/pages\/64949\/revisions\/66988"}],"wp:attachment":[{"href":"https:\/\/cp-hotline.com\/cs\/wp-json\/wp\/v2\/media?parent=64949"}],"curies":[{"name":"wp","href":"https:\/\/api.w.org\/{rel}","templated":true}]}}