{"id":11,"date":"2016-03-23T13:36:44","date_gmt":"2016-03-23T13:36:44","guid":{"rendered":"http:\/\/gigermdneu.malta2956.startdedicated.de\/?page_id=11"},"modified":"2026-05-12T19:08:11","modified_gmt":"2026-05-12T17:08:11","slug":"kontakt","status":"publish","type":"page","link":"https:\/\/cp-hotline.com\/da\/kontakt\/","title":{"rendered":"Kontakt os"},"content":{"rendered":"<div data-elementor-type=\"wp-page\" data-elementor-id=\"11\" class=\"elementor elementor-11\" data-elementor-post-type=\"page\">\n\t\t\t\t<div class=\"elementor-element elementor-element-2255f7e5 e-con-full e-flex e-con e-parent\" data-id=\"2255f7e5\" data-element_type=\"container\" data-e-type=\"container\" data-settings=\"{&quot;background_background&quot;:&quot;classic&quot;}\">\n\t\t<div class=\"elementor-element elementor-element-fbbf3ab e-con-full e-flex e-con e-child\" data-id=\"fbbf3ab\" data-element_type=\"container\" data-e-type=\"container\" data-settings=\"{&quot;background_background&quot;:&quot;classic&quot;}\">\n\t\t<div class=\"elementor-element elementor-element-d51c5d9 e-con-full e-flex e-con e-child\" data-id=\"d51c5d9\" data-element_type=\"container\" data-e-type=\"container\" data-settings=\"{&quot;background_background&quot;:&quot;classic&quot;}\">\n\t\t\t\t<div class=\"elementor-element elementor-element-eacb101 elementor-widget elementor-widget-heading\" data-id=\"eacb101\" data-element_type=\"widget\" data-e-type=\"widget\" data-widget_type=\"heading.default\">\n\t\t\t\t\t<h2 class=\"elementor-heading-title elementor-size-default\">Tag det f\u00f8rste skridt!<\/h2>\t\t\t\t<\/div>\n\t\t\t\t<div class=\"elementor-element elementor-element-b8b4934 elementor-widget elementor-widget-text-editor\" data-id=\"b8b4934\" data-element_type=\"widget\" data-e-type=\"widget\" data-widget_type=\"text-editor.default\">\n\t\t\t\t\t\t\t\t\t<p style=\"text-align: center;\">Anmod om en uforpligtende konsultation nu, og find ud af, hvordan GIGER\u00ae MD\u00ae Therapy kan hj\u00e6lpe dig og dine n\u00e6rmeste. Udfyld blot formularen, s\u00e5 vender vi tilbage til dig.<\/p>\t\t\t\t\t\t\t\t<\/div>\n\t\t\t\t<div class=\"elementor-element elementor-element-8d9a1cb elementor-widget__width-inherit ph-contact-form elementor-widget elementor-widget-shortcode\" data-id=\"8d9a1cb\" data-element_type=\"widget\" data-e-type=\"widget\" data-widget_type=\"shortcode.default\">\n\t\t\t\t\t\t\t<div class=\"elementor-shortcode\">\n<div class=\"wpcf7 no-js\" id=\"wpcf7-f335-o1\" lang=\"de-DE\" dir=\"ltr\" data-wpcf7-id=\"335\">\n<div class=\"screen-reader-response\"><p role=\"status\" aria-live=\"polite\" aria-atomic=\"true\"><\/p> <ul><\/ul><\/div>\n<form action=\"\/da\/wp-json\/wp\/v2\/pages\/11#wpcf7-f335-o1\" method=\"post\" class=\"wpcf7-form init\" aria-label=\"Kontaktformular\" novalidate=\"novalidate\" data-status=\"init\" data-trp-original-action=\"\/da\/wp-json\/wp\/v2\/pages\/11#wpcf7-f335-o1\">\n<fieldset class=\"hidden-fields-container\"><input type=\"hidden\" name=\"_wpcf7\" value=\"335\" \/><input type=\"hidden\" name=\"_wpcf7_version\" value=\"6.1.5\" \/><input type=\"hidden\" name=\"_wpcf7_locale\" value=\"de_DE\" \/><input type=\"hidden\" name=\"_wpcf7_unit_tag\" value=\"wpcf7-f335-o1\" \/><input type=\"hidden\" name=\"_wpcf7_container_post\" value=\"0\" \/><input type=\"hidden\" name=\"_wpcf7_posted_data_hash\" value=\"\" \/>\n<\/fieldset>\n<p><label>Hvad kan vi g\u00f8re for dig?<br \/>\n<span class=\"wpcf7-form-control-wrap\" data-name=\"anliegen\"><select class=\"wpcf7-form-control wpcf7-select wpcf7-validates-as-required\" aria-required=\"true\" aria-invalid=\"false\" name=\"anliegen\"><option value=\"Informationsmaterialien erhalten\">Modtag informationsmateriale<\/option><option value=\"Termin ausmachen\">Lav en aftale<\/option><\/select><\/span><br \/>\n<\/label><br \/>\n<label>Hilsner*<br \/>\n<span class=\"wpcf7-form-control-wrap\" data-name=\"anrede\"><select class=\"wpcf7-form-control wpcf7-select wpcf7-validates-as-required\" aria-required=\"true\" aria-invalid=\"false\" name=\"anrede\"><option value=\"Bitte w\u00e4hlen ...\">V\u00e6lg venligst ...<\/option><option value=\"Herr\">Hr.<\/option><option value=\"Frau\">Fru<\/option><option value=\"Keine Angabe\">Ikke specificeret<\/option><\/select><\/span><br \/>\n<\/label><br \/>\n<label>Virksomhed<br \/>\n<span class=\"wpcf7-form-control-wrap\" data-name=\"firma\"><input size=\"40\" maxlength=\"400\" class=\"wpcf7-form-control wpcf7-text\" aria-invalid=\"false\" value=\"\" type=\"text\" name=\"firma\" \/><\/span><br \/>\n<\/label><br \/>\n<label>Fornavn*<br \/>\n<span class=\"wpcf7-form-control-wrap\" data-name=\"vorname\"><input size=\"40\" maxlength=\"400\" class=\"wpcf7-form-control wpcf7-text wpcf7-validates-as-required\" autocomplete=\"given-name\" aria-required=\"true\" aria-invalid=\"false\" value=\"\" type=\"text\" name=\"vorname\" \/><\/span><br \/>\n<\/label><br \/>\n<label>Efternavn*<br \/>\n<span class=\"wpcf7-form-control-wrap\" data-name=\"nachname\"><input size=\"40\" maxlength=\"400\" class=\"wpcf7-form-control wpcf7-text wpcf7-validates-as-required\" autocomplete=\"family-name\" aria-required=\"true\" aria-invalid=\"false\" value=\"\" type=\"text\" name=\"nachname\" \/><\/span><br \/>\n<\/label><br \/>\n<label>Gade og husnummer*<br \/>\n<span class=\"wpcf7-form-control-wrap\" data-name=\"strasse\"><input size=\"40\" maxlength=\"400\" class=\"wpcf7-form-control wpcf7-text wpcf7-validates-as-required\" aria-required=\"true\" aria-invalid=\"false\" value=\"\" type=\"text\" name=\"strasse\" \/><\/span><br \/>\n<\/label><br \/>\n<label>Sted*<br \/>\n<span class=\"wpcf7-form-control-wrap\" data-name=\"ort\"><input size=\"40\" maxlength=\"400\" class=\"wpcf7-form-control wpcf7-text wpcf7-validates-as-required\" aria-required=\"true\" aria-invalid=\"false\" value=\"\" type=\"text\" name=\"ort\" \/><\/span><br \/>\n<\/label><br \/>\n<label>POSTKODE*<br \/>\n<span class=\"wpcf7-form-control-wrap\" data-name=\"plz\"><input size=\"40\" maxlength=\"400\" class=\"wpcf7-form-control wpcf7-text wpcf7-validates-as-required\" aria-required=\"true\" aria-invalid=\"false\" value=\"\" type=\"text\" name=\"plz\" \/><\/span><br \/>\n<\/label><br \/>\n<label>Stat<br \/>\n<span class=\"wpcf7-form-control-wrap\" data-name=\"staat\"><input size=\"40\" maxlength=\"400\" class=\"wpcf7-form-control wpcf7-text\" aria-invalid=\"false\" value=\"\" type=\"text\" name=\"staat\" \/><\/span><br \/>\n<\/label><br \/>\n<label>Land*<br \/>\n<span class=\"wpcf7-form-control-wrap\" data-name=\"land\"><select class=\"wpcf7-form-control wpcf7-select wpcf7-validates-as-required\" aria-required=\"true\" aria-invalid=\"false\" name=\"land\"><option value=\"Bitte w\u00e4hlen ...\">V\u00e6lg venligst ...<\/option><option value=\"Schweiz\">Schweiz<\/option><option value=\"Deutschland\">Tyskland<\/option><option value=\"\u00d6sterreich\">\u00d8strig<\/option><option value=\"Liechtenstein\">Liechtenstein<\/option><option value=\"\u00c4gypten\">Egypten<\/option><option value=\"Albanien\">Albanien<\/option><option value=\"Algerien\">Algeriet<\/option><option value=\"Argentinien\">Argentina<\/option><option value=\"Australien\">Australien<\/option><option value=\"Bahrain\">Bahrain<\/option><option value=\"Bangladesch\">Bangladesh<\/option><option value=\"Belgien\">Belgien<\/option><option value=\"Bolivien\">Bolivia<\/option><option value=\"Bosnien und Herzegowina\">Bosnien og Hercegovina<\/option><option value=\"Brasilien\">Brasilien<\/option><option value=\"Bulgarien\">Bulgarien<\/option><option value=\"Chile\">Chile<\/option><option value=\"China\">Kina<\/option><option value=\"D\u00e4nemark\">Danmark<\/option><option value=\"Ecuador\">Ecuador<\/option><option value=\"Estland\">Estland<\/option><option value=\"\u00c4thiopien\">Etiopien<\/option><option value=\"Finnland\">Finland<\/option><option value=\"Frankreich\">Frankrig<\/option><option value=\"Ghana\">Ghana<\/option><option value=\"Griechenland\">Gr\u00e6kenland<\/option><option value=\"Grossbritannien\">Storbritannien<\/option><option value=\"Indien\">Indien<\/option><option value=\"Indonesien\">Indonesien<\/option><option value=\"Irak\">Irak<\/option><option value=\"Iran\">Iran<\/option><option value=\"Irland\">Irland<\/option><option value=\"Island\">Island<\/option><option value=\"Israel\">Israel<\/option><option value=\"Italien\">Italien<\/option><option value=\"Japan\">Japan<\/option><option value=\"Jordanien\">Jordan<\/option><option value=\"Kanada\">Canada<\/option><option value=\"Katar\">Qatar<\/option><option value=\"Kenia\">Kenya<\/option><option value=\"Kolumbien\">Colombia<\/option><option value=\"Kosovo\">Kosovo<\/option><option value=\"Kroatien\">Kroatien<\/option><option value=\"Kuwait\">Kuwait<\/option><option value=\"Lettland\">Letland<\/option><option value=\"Libanon\">Libanon<\/option><option value=\"Libyen\">Libyen<\/option><option value=\"Litauen\">Litauen<\/option><option value=\"Luxemburg\">Luxembourg<\/option><option value=\"Malaysia\">Malaysia<\/option><option value=\"Malta\">Malta<\/option><option value=\"Marokko\">Marokko<\/option><option value=\"Mexiko\">Mexico<\/option><option value=\"Moldau\">Moldova<\/option><option value=\"Montenegro\">Montenegro<\/option><option value=\"Neuseeland\">New Zealand<\/option><option value=\"Niederlande\">Nederlandene<\/option><option value=\"Nigeria\">Nigeria<\/option><option value=\"Nordmazedonien\">Nordmakedonien<\/option><option value=\"Norwegen\">Norge<\/option><option value=\"Oman\">Oman<\/option><option value=\"Pakistan\">Pakistan<\/option><option value=\"Paraguay\">Paraguay<\/option><option value=\"Peru\">Peru<\/option><option value=\"Philippinen\">Filippinerne<\/option><option value=\"Polen\">Polen<\/option><option value=\"Portugal\">Portugal<\/option><option value=\"Rum\u00e4nien\">Rum\u00e6nien<\/option><option value=\"Russland\">Rusland<\/option><option value=\"Saudi-Arabien\">Saudi-Arabien<\/option><option value=\"Schweden\">Sverige<\/option><option value=\"Serbien\">Serbien<\/option><option value=\"Singapur\">Singapore<\/option><option value=\"Slowakei\">Slovakiet<\/option><option value=\"Slowenien\">Slovenien<\/option><option value=\"Spanien\">Spanien<\/option><option value=\"Sri Lanka\">Sri Lanka<\/option><option value=\"S\u00fcdafrika\">Sydafrika<\/option><option value=\"S\u00fcdkorea\">Sydkorea<\/option><option value=\"Syrien\">Syrien<\/option><option value=\"Thailand\">Thailand<\/option><option value=\"Tschechien\">Tjekkiet<\/option><option value=\"Tunesien\">Tunesien<\/option><option value=\"T\u00fcrkei\">Tyrkiet<\/option><option value=\"Ukraine\">Ukraine<\/option><option value=\"Ungarn\">Ungarn<\/option><option value=\"Uruguay\">Uruguay<\/option><option value=\"USA\">USA<\/option><option value=\"Venezuela\">Venezuela<\/option><option value=\"Vereinigte Arabische Emirate\">De Forenede Arabiske Emirater<\/option><option value=\"Vietnam\">Vietnam<\/option><option value=\"Weissrussland\">Hviderusland<\/option><option value=\"Jemen\">Yemen<\/option><option value=\"Zypern\">Cypern<\/option><option value=\"Anderes Land\">Andet land<\/option><\/select><\/span><br \/>\n<\/label><br \/>\n<label>Telefon*<br \/>\n<span class=\"wpcf7-form-control-wrap\" data-name=\"telefon\"><input size=\"40\" maxlength=\"400\" class=\"wpcf7-form-control wpcf7-tel wpcf7-validates-as-required wpcf7-text wpcf7-validates-as-tel\" autocomplete=\"tel\" aria-required=\"true\" aria-invalid=\"false\" value=\"\" type=\"tel\" name=\"telefon\" \/><\/span><br \/>\n<\/label><br \/>\n<label>E-mail*<br \/>\n<span class=\"wpcf7-form-control-wrap\" data-name=\"email\"><input size=\"40\" maxlength=\"400\" class=\"wpcf7-form-control wpcf7-email wpcf7-validates-as-required wpcf7-text wpcf7-validates-as-email\" autocomplete=\"email\" aria-required=\"true\" aria-invalid=\"false\" value=\"\" type=\"email\" name=\"email\" \/><\/span><br \/>\n<\/label><br \/>\n<label>Bem\u00e6rkninger<br \/>\n<span class=\"wpcf7-form-control-wrap\" data-name=\"bemerkungen\"><textarea cols=\"40\" rows=\"10\" maxlength=\"2000\" class=\"wpcf7-form-control wpcf7-textarea\" aria-invalid=\"false\" name=\"bemerkungen\"><\/textarea><\/span><br \/>\n<\/label><br \/>\n<span class=\"wpcf7-form-control-wrap\" data-name=\"datenschutz\"><span class=\"wpcf7-form-control wpcf7-acceptance\"><span class=\"wpcf7-list-item\"><label><input type=\"checkbox\" name=\"datenschutz\" value=\"1\" aria-invalid=\"false\" \/><span class=\"wpcf7-list-item-label\">Jeg giver samtykke til, at mine oplysninger bruges til kontakt og r\u00e5dgivning.<\/span><\/label><\/span><\/span><\/span><br \/>\n<span id=\"wpcf7-6a04911558e09-wrapper\" class=\"wpcf7-form-control-wrap honeypot-577-wrap\" style=\"display:none !important; visibility:hidden !important;\"><label for=\"wpcf7-6a04911558e09-field\" class=\"hp-message\">Bitte lasse dieses Feld leer.<\/label><input id=\"wpcf7-6a04911558e09-field\"  class=\"wpcf7-form-control wpcf7-text\" type=\"text\" name=\"honeypot-577\" value=\"\" size=\"40\" tabindex=\"-1\" autocomplete=\"new-password\" \/><\/span><br \/>\n<input class=\"wpcf7-form-control wpcf7-submit has-spinner\" type=\"submit\" value=\"Send en foresp\u00f8rgsel\" \/>\n<\/p><div class=\"wpcf7-response-output\" aria-hidden=\"true\"><\/div>\n<input type=\"hidden\" name=\"trp-form-language\" value=\"da\"\/><\/form>\n<\/div>\n<\/div>\n\t\t\t\t\t\t<\/div>\n\t\t\t\t<\/div>\n\t\t\t\t<\/div>\n\t\t\t\t<\/div>\n\t\t\t\t<\/div>","protected":false},"excerpt":{"rendered":"<p>Machen Sie den ersten Schritt! Fordern Sie jetzt eine unverbindliche Beratung an und erfahren Sie, wie die GIGER\u00ae MD\u00ae Therapie auch Ihnen und Ihren Liebsten weiterhelfen kann. F\u00fcllen Sie einfach das Formular aus und wir melden uns bei Ihnen.<\/p>","protected":false},"author":1,"featured_media":0,"parent":0,"menu_order":0,"comment_status":"closed","ping_status":"closed","template":"","meta":{"inline_featured_image":false,"footnotes":""},"class_list":["post-11","page","type-page","status-publish","hentry"],"_links":{"self":[{"href":"https:\/\/cp-hotline.com\/da\/wp-json\/wp\/v2\/pages\/11","targetHints":{"allow":["GET"]}}],"collection":[{"href":"https:\/\/cp-hotline.com\/da\/wp-json\/wp\/v2\/pages"}],"about":[{"href":"https:\/\/cp-hotline.com\/da\/wp-json\/wp\/v2\/types\/page"}],"author":[{"embeddable":true,"href":"https:\/\/cp-hotline.com\/da\/wp-json\/wp\/v2\/users\/1"}],"replies":[{"embeddable":true,"href":"https:\/\/cp-hotline.com\/da\/wp-json\/wp\/v2\/comments?post=11"}],"version-history":[{"count":6,"href":"https:\/\/cp-hotline.com\/da\/wp-json\/wp\/v2\/pages\/11\/revisions"}],"predecessor-version":[{"id":66041,"href":"https:\/\/cp-hotline.com\/da\/wp-json\/wp\/v2\/pages\/11\/revisions\/66041"}],"wp:attachment":[{"href":"https:\/\/cp-hotline.com\/da\/wp-json\/wp\/v2\/media?parent=11"}],"curies":[{"name":"wp","href":"https:\/\/api.w.org\/{rel}","templated":true}]}}