{"id":514,"date":"2016-04-21T15:03:54","date_gmt":"2016-04-21T13:03:54","guid":{"rendered":"http:\/\/www.gigermd.com\/?page_id=514"},"modified":"2026-03-09T08:49:48","modified_gmt":"2026-03-09T07:49:48","slug":"agb-copyright","status":"publish","type":"page","link":"https:\/\/cp-hotline.com\/da\/agb-copyright\/","title":{"rendered":"AGB\/Copyight"},"content":{"rendered":"<div data-elementor-type=\"wp-page\" data-elementor-id=\"514\" class=\"elementor elementor-514\" data-elementor-post-type=\"page\">\n\t\t\t\t<div class=\"elementor-element elementor-element-7eaeaa5e e-flex e-con-boxed e-con e-parent\" data-id=\"7eaeaa5e\" data-element_type=\"container\" data-e-type=\"container\" data-settings=\"{&quot;background_background&quot;:&quot;classic&quot;}\">\n\t\t\t\t\t<div class=\"e-con-inner\">\n\t\t<div class=\"elementor-element elementor-element-a5166d2 e-con-full e-flex e-con e-child\" data-id=\"a5166d2\" data-element_type=\"container\" data-e-type=\"container\">\n\t\t\t\t<div class=\"elementor-element elementor-element-1f809b6 elementor-widget elementor-widget-heading\" data-id=\"1f809b6\" data-element_type=\"widget\" data-e-type=\"widget\" data-widget_type=\"heading.default\">\n\t\t\t\t\t<h2 class=\"elementor-heading-title elementor-size-default\">Generelle vilk\u00e5r og betingelser<\/h2>\t\t\t\t<\/div>\n\t\t\t\t<div class=\"elementor-element elementor-element-c31b970 elementor-widget elementor-widget-heading\" data-id=\"c31b970\" data-element_type=\"widget\" data-e-type=\"widget\" data-widget_type=\"heading.default\">\n\t\t\t\t\t<h3 class=\"elementor-heading-title elementor-size-default\">Combo AG, Medicinsk teknologi GIGER MD\u00ae<\/h3>\t\t\t\t<\/div>\n\t\t\t\t<div class=\"elementor-element elementor-element-126b634 elementor-widget elementor-widget-text-editor\" data-id=\"126b634\" data-element_type=\"widget\" data-e-type=\"widget\" data-widget_type=\"text-editor.default\">\n\t\t\t\t\t\t\t\t\t<h5>Vilk\u00e5r og betingelser<\/h5><p>F\u00f8lgende vilk\u00e5r og betingelser g\u00e6lder udelukkende for forretningstransaktioner mellem Combo AG og kunden. De har under alle omst\u00e6ndigheder forrang for alle andre vilk\u00e5r og betingelser, der er sendt af kunden eller indeholdt i kundens dokumenter.<\/p><h5>Priser<\/h5><p>Medmindre andet er angivet, er alle priser udtrykt i schweizerfranc. De vises generelt inklusive moms for indenlandske leverancer og eksklusive moms for leverancer til udlandet. Alle priser er vejledende, og kun det seneste tilbud er gyldigt i en periode p\u00e5 30 dage, eller medmindre andet er angivet p\u00e5 tilbuddet, medmindre der er tale om skrive-, tryk- eller beregningsfejl.<\/p><h5>Leverancer<\/h5><p>Porto og emballage er gratis for indenlandske leverancer af behandlingsinstrumenter. Ved levering til udlandet opkr\u00e6ves kun portoen. Der kan ikke rejses krav om erstatning for tabt fortjeneste, forretningsafbrydelse eller andre \u00f8konomiske tab mod Combo AG for forsinkede leverancer.<\/p><h5>Betalingsmetoder<\/h5><p>For kunder fra udlandet vil ordrer kun blive udf\u00f8rt, hvis det skyldige bel\u00f8b overf\u00f8res til vores konto p\u00e5 forh\u00e5nd.<\/p><h5>Garantibetingelser<\/h5><p>Combo AG forpligter sig til at udbedre alle defekter, der kan tilskrives materiale- eller produktionsfejl. Garantien d\u00e6kker gratis reparation af instrumentet eller gratis udskiftning af defekte dele. Krav om annullering, prisneds\u00e6ttelse, udskiftning af instrumentet og refusion af omkostninger i tilf\u00e6lde af, at skader udbedres af tredjeparter uden vores skriftlige samtykke, og endelig krav om kompensation, der overstiger udskiftningen af den defekte del, er udelukket.<\/p><p>Rejse- og forsendelsesomkostninger til kunden vil blive opkr\u00e6vet.<\/p><p>Fakturaen eller f\u00f8lgesedlen fra Combo AG, hvor k\u00f8bsdatoen og modellen skal anf\u00f8res, skal tjene som bevis for garantikravet.<\/p><p>Garantien g\u00e6lder ikke for dele, der er udsat for naturlig slitage eller for fejl, der skyldes forkert betjening eller brug, f.eks. leje eller ydre p\u00e5virkninger.\u00a0<strong>Desuden er brugeren forpligtet til at underkaste alle bev\u00e6gelige dele, skruer og nitter en passende slitagepr\u00f8ve med regelm\u00e6ssige intervaller p\u00e5 en uge; hvis dette ikke sker, bortfalder ethvert krav om reparation af f\u00f8lgeskader.<\/strong>.<\/p><p>Hvis reparationer eller fors\u00f8g p\u00e5 reparationer udf\u00f8res af andre end Combo AG, bortfalder garantikravet.<\/p><p>Combo AG yder 24 m\u00e5neders garanti - ogs\u00e5 til kommerciel brug (undtagen GIGER MD\u00ae Combofit) - regnet fra datoen for levering af det helt nye instrument.<\/p><h5>Passende brug af k\u00f8bsobjektet<\/h5><p>Hvis det ikke udtrykkeligt fremg\u00e5r af leveringsdokumenterne, at udstyret er til \u201eprofessionelle brugere\u201c, og der dermed f\u00f8lger en offentlig behandlingslicens med udstyret, er der kun tale om en privat licens til brug af behandlingsudstyret til privat brug. Kommerciel brug af udstyret er forbudt i dette tilf\u00e6lde, da kommerciel behandling af patienter altid kr\u00e6ver korrekt uddannelse af producenten og professionelt udstyr.<\/p><p>Desuden forbyder denne licens strengt taget licenstageren at foretage modifikationer eller \u00e6ndringer af GIGER MD\u00ae-instrumenter uden skriftligt samtykke fra licensgiveren.<\/p><p>Medmindre andet er skriftligt aftalt, er den licens, der gives til k\u00f8beren, en ikke-eksklusiv, ikke-overf\u00f8rbar licens, og licenstageren har ikke tilladelse til at foretage \u00e6ndringer af GIGER MD Therapy Instrument.<\/p><h5>Softwareprodukt, knowhow<\/h5><p>Softwareproduktet til GIGER MD\u00ae-instrumenterne og knowhow'en m\u00e5 kun anvendes inden for rammerne af den relevante licensaftale.<\/p><h5>Ansvarsfraskrivelse<\/h5><p>Combo AG forbeholder sig ret til at fraskrive sig ethvert ansvar i tilf\u00e6lde af manglende overholdelse af betjeningsvejledningen og den generelle vejledning samt forkert brug af GIGER MD\u00ae -instrumenterne.<\/p><h5>G\u00e6ldende lov, v\u00e6rneting og \u00e6ndringer<\/h5><p>Denne aftale eller erkl\u00e6ring er udelukkende underlagt schweizisk lov. Indsamlingsstedet og den eksklusive jurisdiktion for alle tvister, der opst\u00e5r i forbindelse med denne aftale eller erkl\u00e6ring, er Combo AG's registrerede kontor. Denne virksomhed er dog ogs\u00e5 bemyndiget til at g\u00f8re sine rettigheder g\u00e6ldende p\u00e5 kundens bop\u00e6l eller over for enhver anden kompetent myndighed og ogs\u00e5 til at v\u00e6lge den g\u00e6ldende nationale lovgivning. Alle \u00e6ndringer vedr\u00f8rende disse generelle vilk\u00e5r og betingelser skal foretages skriftligt.<\/p><h5>Vedligeholdelse af hjemmeside<\/h5><p>Vedligeholdelsen af hjemmesiden for WordPress udf\u00f8res af Codemenschen Gmbh.<\/p><p>WordPress-udvikling af Codemenschen Gmbh<\/p><p>Tvistel\u00f8sning: Vi er ikke villige eller forpligtede til at deltage i tvistel\u00f8sningsprocedurer ved et forbrugervoldgiftsn\u00e6vn.<\/p><h5>Information om ophavsret<\/h5><p>Copyright \u00a9 2026 Combo AG - CH-Lommiswil<\/p><p>GIGER MD\u00ae, GIGERMD\u00ae, GIGER\u00ae er et registreret varem\u00e6rke.<\/p><p>CAPM \u00a9.<\/p><p>Copyright \u00a9 1992\/2026 Alle rettigheder forbeholdes.<\/p><p>Is\u00e6r loven om ophavsret og loven mod unfair konkurrence.<\/p><p>Int. pat. USA pat.<\/p><p>Overtr\u00e6delser af disse rettigheder vil blive retsforfulgt i henhold til civil- og straffeloven.<\/p>\t\t\t\t\t\t\t\t<\/div>\n\t\t\t\t<\/div>\n\t\t\t\t\t<\/div>\n\t\t\t\t<\/div>\n\t\t\t\t<\/div>","protected":false},"excerpt":{"rendered":"<p>Allgemeine Gesch\u00e4ftsbedingungen Combo AG, Medizintechnik GIGER MD\u00ae Konditionen F\u00fcr den Gesch\u00e4ftsverkehr zwischen der Combo AG und dem Besteller gelten ausschliesslich die nachstehenden Bedingungen. Sie gehen anderslautenden Konditionen, die vom Besteller \u00fcbersandt wurden oder sich auf dessen Schriftst\u00fcck befinden, in jedem Falle vor. Preise S\u00e4mtliche Preise sind, wo nicht anders angegeben, in Schweizer Franken ausgedr\u00fcckt. Sie [&hellip;]<\/p>\n","protected":false},"author":1,"featured_media":0,"parent":0,"menu_order":0,"comment_status":"closed","ping_status":"closed","template":"","meta":{"inline_featured_image":false,"footnotes":""},"class_list":["post-514","page","type-page","status-publish","hentry"],"_links":{"self":[{"href":"https:\/\/cp-hotline.com\/da\/wp-json\/wp\/v2\/pages\/514","targetHints":{"allow":["GET"]}}],"collection":[{"href":"https:\/\/cp-hotline.com\/da\/wp-json\/wp\/v2\/pages"}],"about":[{"href":"https:\/\/cp-hotline.com\/da\/wp-json\/wp\/v2\/types\/page"}],"author":[{"embeddable":true,"href":"https:\/\/cp-hotline.com\/da\/wp-json\/wp\/v2\/users\/1"}],"replies":[{"embeddable":true,"href":"https:\/\/cp-hotline.com\/da\/wp-json\/wp\/v2\/comments?post=514"}],"version-history":[{"count":12,"href":"https:\/\/cp-hotline.com\/da\/wp-json\/wp\/v2\/pages\/514\/revisions"}],"predecessor-version":[{"id":66746,"href":"https:\/\/cp-hotline.com\/da\/wp-json\/wp\/v2\/pages\/514\/revisions\/66746"}],"wp:attachment":[{"href":"https:\/\/cp-hotline.com\/da\/wp-json\/wp\/v2\/media?parent=514"}],"curies":[{"name":"wp","href":"https:\/\/api.w.org\/{rel}","templated":true}]}}