{"id":64949,"date":"2025-12-26T05:12:47","date_gmt":"2025-12-26T04:12:47","guid":{"rendered":"https:\/\/cp-hotline.com\/?page_id=64949"},"modified":"2026-05-13T12:37:40","modified_gmt":"2026-05-13T10:37:40","slug":"%cf%83%cf%87%ce%b5%cf%84%ce%b9%ce%ba%ce%ac-%ce%bc%ce%b5-%ce%b5%ce%bc%ce%ac%cf%82","status":"publish","type":"page","link":"https:\/\/cp-hotline.com\/el\/ueber-uns\/","title":{"rendered":"\u03a3\u03c7\u03b5\u03c4\u03b9\u03ba\u03ac \u03bc\u03b5 \u03b5\u03bc\u03ac\u03c2"},"content":{"rendered":"<div data-elementor-type=\"wp-page\" data-elementor-id=\"64949\" class=\"elementor elementor-64949\" data-elementor-post-type=\"page\">\n\t\t\t\t<div class=\"elementor-element elementor-element-0309262 e-flex e-con-boxed e-con e-parent\" data-id=\"0309262\" data-element_type=\"container\" data-e-type=\"container\">\n\t\t\t\t\t<div class=\"e-con-inner\">\n\t\t<div class=\"elementor-element elementor-element-822a690 e-con-full e-flex e-con e-child\" data-id=\"822a690\" data-element_type=\"container\" data-e-type=\"container\">\n\t\t\t\t<div class=\"elementor-element elementor-element-542f59e elementor-widget elementor-widget-heading\" data-id=\"542f59e\" data-element_type=\"widget\" data-e-type=\"widget\" data-widget_type=\"heading.default\">\n\t\t\t\t\t<h2 class=\"elementor-heading-title elementor-size-default\">\u03a3\u03c7\u03b5\u03c4\u03b9\u03ba\u03ac \u03bc\u03b5 \u03b5\u03bc\u03ac\u03c2 - \u0397 \u03b9\u03c3\u03c4\u03bf\u03c1\u03af\u03b1 \u03c4\u03b7\u03c2 \u03b8\u03b5\u03c1\u03b1\u03c0\u03b5\u03af\u03b1\u03c2 GIGER\u00ae MD\u00ae: \u03ba\u03b1\u03b9\u03bd\u03bf\u03c4\u03bf\u03bc\u03af\u03b1 \u03ba\u03b1\u03b9 \u03b5\u03bc\u03c0\u03b5\u03b9\u03c1\u03af\u03b1 \u03b3\u03b9\u03b1 \u03c0\u03ac\u03bd\u03c9 \u03b1\u03c0\u03cc 40 \u03c7\u03c1\u03cc\u03bd\u03b9\u03b1.<\/h2>\t\t\t\t<\/div>\n\t\t\t\t<div class=\"elementor-element elementor-element-2fe9800 elementor-widget elementor-widget-text-editor\" data-id=\"2fe9800\" data-element_type=\"widget\" data-e-type=\"widget\" data-widget_type=\"text-editor.default\">\n\t\t\t\t\t\t\t\t\t<p>\u0391\u03c0\u03cc \u03c4\u03bf <strong>\u03c4\u03b1\u03c0\u03b5\u03b9\u03bd\u03ac \u03be\u03b5\u03ba\u03b9\u03bd\u03ae\u03bc\u03b1\u03c4\u03b1<\/strong> \u03bc\u03ad\u03c7\u03c1\u03b9 \u03c4\u03bf <strong>\u03b7 \u03c3\u03b7\u03bc\u03b5\u03c1\u03b9\u03bd\u03ae \u03b5\u03c0\u03b9\u03c3\u03c4\u03b7\u03bc\u03bf\u03bd\u03b9\u03ba\u03ac \u03c4\u03b5\u03ba\u03bc\u03b7\u03c1\u03b9\u03c9\u03bc\u03ad\u03bd\u03b7 \u03b8\u03b5\u03c1\u03b1\u03c0\u03b5\u03af\u03b1<\/strong>. \u0391\u03c0\u03cc \u03c4\u03b7 \u03c3\u03c4\u03b9\u03b3\u03bc\u03ae \u03c0\u03bf\u03c5 \u03c4\u03bf <strong>\u03b5\u03c0\u03af \u03c4\u03ad\u03c3\u03c3\u03b5\u03c1\u03b9\u03c2 \u03b4\u03b5\u03ba\u03b1\u03b5\u03c4\u03af\u03b5\u03c2 <\/strong>\u03b4\u03b5\u03c3\u03bc\u03b5\u03c5\u03cc\u03bc\u03b1\u03c3\u03c4\u03b5 <strong>\u03bc\u03b5 \u03c0\u03ac\u03b8\u03bf\u03c2 \u03b3\u03b9\u03b1 \u03c4\u03b7 \u03b2\u03b5\u03bb\u03c4\u03af\u03c9\u03c3\u03b7 \u03c4\u03b7\u03c2 \u03c0\u03bf\u03b9\u03cc\u03c4\u03b7\u03c4\u03b1\u03c2 \u03b6\u03c9\u03ae\u03c2 \u03c4\u03c9\u03bd \u03b1\u03c4\u03cc\u03bc\u03c9\u03bd \u03bc\u03b5 \u03bd\u03b5\u03c5\u03c1\u03bf\u03bb\u03bf\u03b3\u03b9\u03ba\u03ad\u03c2 \u03c0\u03b1\u03b8\u03ae\u03c3\u03b5\u03b9\u03c2<\/strong>. \u03a4\u03bf \u03c4\u03b1\u03be\u03af\u03b4\u03b9 \u03bc\u03b1\u03c2 \u03c7\u03b1\u03c1\u03b1\u03ba\u03c4\u03b7\u03c1\u03af\u03b6\u03b5\u03c4\u03b1\u03b9 \u03b1\u03c0\u03cc <strong>\u03a3\u03c5\u03bd\u03b5\u03c7\u03ae\u03c2 \u03ad\u03c1\u03b5\u03c5\u03bd\u03b1, \u03bf\u03b9\u03ba\u03bf\u03b3\u03b5\u03bd\u03b5\u03b9\u03b1\u03ba\u03ae \u03b4\u03ad\u03c3\u03bc\u03b5\u03c5\u03c3\u03b7<\/strong> \u03ba\u03b1\u03b9 \u03c4\u03bf <strong>\u03b1\u03ba\u03bb\u03cc\u03bd\u03b7\u03c4\u03b7 \u03c0\u03af\u03c3\u03c4\u03b7 \u03c3\u03c4\u03b9\u03c2 \u03b4\u03c5\u03bd\u03b1\u03c4\u03cc\u03c4\u03b7\u03c4\u03b5\u03c2 \u03ba\u03ac\u03b8\u03b5 \u03b1\u03c4\u03cc\u03bc\u03bf\u03c5<\/strong>.<\/p>\t\t\t\t\t\t\t\t<\/div>\n\t\t\t\t<div class=\"elementor-element elementor-element-1ca387d elementor-widget elementor-widget-heading\" data-id=\"1ca387d\" data-element_type=\"widget\" data-e-type=\"widget\" data-widget_type=\"heading.default\">\n\t\t\t\t\t<h3 class=\"elementor-heading-title elementor-size-default\">\u038c\u03c1\u03b1\u03bc\u03b1 \u03ba\u03b1\u03b9 \u03b1\u03c0\u03bf\u03c3\u03c4\u03bf\u03bb\u03ae<\/h3>\t\t\t\t<\/div>\n\t\t\t\t<div class=\"elementor-element elementor-element-c66cc8c elementor-widget elementor-widget-text-editor\" data-id=\"c66cc8c\" data-element_type=\"widget\" data-e-type=\"widget\" data-widget_type=\"text-editor.default\">\n\t\t\t\t\t\t\t\t\t<p>\u03a4\u03bf  \u03bc\u03b1\u03c2 <strong>\u038c\u03c1\u03b1\u03bc\u03b1<\/strong> \u03b5\u03af\u03bd\u03b1\u03b9 \u03ad\u03bd\u03b1\u03c2 \u03ba\u03cc\u03c3\u03bc\u03bf\u03c2 \u03c3\u03c4\u03bf\u03bd \u03bf\u03c0\u03bf\u03af\u03bf <strong>\u0386\u03c4\u03bf\u03bc\u03b1 \u03bc\u03b5 \u03bd\u03b5\u03c5\u03c1\u03bf\u03bb\u03bf\u03b3\u03b9\u03ba\u03ad\u03c2 \u03c0\u03c1\u03bf\u03ba\u03bb\u03ae\u03c3\u03b5\u03b9\u03c2<\/strong> \u03bc\u03ad\u03c3\u03c9 \u03c4\u03bf\u03c5<strong> \u039a\u03b1\u03b9\u03bd\u03bf\u03c4\u03cc\u03bc\u03b5\u03c2 \u03b8\u03b5\u03c1\u03b1\u03c0\u03b5\u03c5\u03c4\u03b9\u03ba\u03ad\u03c2 \u03c0\u03c1\u03bf\u03c3\u03b5\u03b3\u03b3\u03af\u03c3\u03b5\u03b9\u03c2<\/strong> \u03bc\u03c0\u03bf\u03c1\u03bf\u03cd\u03bd \u03bd\u03b1 \u03b1\u03be\u03b9\u03bf\u03c0\u03bf\u03b9\u03ae\u03c3\u03bf\u03c5\u03bd \u03c0\u03bb\u03ae\u03c1\u03c9\u03c2 \u03c4\u03b9\u03c2 \u03b4\u03c5\u03bd\u03b1\u03c4\u03cc\u03c4\u03b7\u03c4\u03ad\u03c2 \u03c4\u03bf\u03c5\u03c2. \u0397 \u03b1\u03c0\u03bf\u03c3\u03c4\u03bf\u03bb\u03ae \u03bc\u03b1\u03c2 \u03b5\u03af\u03bd\u03b1\u03b9, <strong>GIGER\u00ae MD\u00ae Therapy \u03c9\u03c2 \u03c4\u03bf \u03ba\u03bf\u03c1\u03c5\u03c6\u03b1\u03af\u03bf<\/strong>,<strong> \u0395\u03c0\u03b9\u03c3\u03c4\u03b7\u03bc\u03bf\u03bd\u03b9\u03ba\u03ac \u03b5\u03c0\u03b9\u03ba\u03c5\u03c1\u03c9\u03bc\u03ad\u03bd\u03b7 \u03bc\u03ad\u03b8\u03bf\u03b4\u03bf\u03c2<\/strong> \u03bd\u03b1 \u03ba\u03b1\u03b8\u03b9\u03b5\u03c1\u03c9\u03b8\u03b5\u03af, <strong>\u03b1\u03c3\u03b8\u03b5\u03bd\u03b5\u03af\u03c2 \u03c0\u03b1\u03b3\u03ba\u03bf\u03c3\u03bc\u03af\u03c9\u03c2 \u03b5\u03bb\u03c0\u03af\u03b4\u03b1, \u03c0\u03c1\u03cc\u03bf\u03b4\u03bf \u03ba\u03b1\u03b9 \u03b2\u03b5\u03bb\u03c4\u03b9\u03c9\u03bc\u03ad\u03bd\u03b7 \u03c0\u03bf\u03b9\u03cc\u03c4\u03b7\u03c4\u03b1 \u03b6\u03c9\u03ae\u03c2<\/strong> \u03c0\u03c1\u03bf\u03c3\u03c6\u03bf\u03c1\u03ad\u03c2.<\/p>\t\t\t\t\t\t\t\t<\/div>\n\t\t<div class=\"elementor-element elementor-element-2271b3d e-con-full e-flex e-con e-child\" data-id=\"2271b3d\" data-element_type=\"container\" data-e-type=\"container\">\n\t\t\t\t<div class=\"elementor-element elementor-element-8ba523f elementor-widget elementor-widget-image\" data-id=\"8ba523f\" data-element_type=\"widget\" data-e-type=\"widget\" data-widget_type=\"image.default\">\n\t\t\t\t\t\t\t\t\t\t\t\t\t\t\t\t<a href=\"https:\/\/cp-hotline.com\/el\/%ce%b8%ce%b5%cf%81%ce%b1%cf%80%ce%b5%ce%af%ce%b1-%ce%b5%ce%b3%ce%ba%ce%b5%cf%86%ce%b1%ce%bb%ce%b9%ce%ba%ce%ae%cf%82-%cf%80%ce%b1%cf%81%ce%ac%ce%bb%cf%85%cf%83%ce%b7%cf%82\/\">\n\t\t\t\t\t\t\t<img fetchpriority=\"high\" decoding=\"async\" width=\"1024\" height=\"682\" src=\"https:\/\/cp-hotline.com\/wp-content\/uploads\/2026\/01\/bild-uber-uns-01.jpg\" class=\"attachment-full size-full wp-image-65934\" alt=\"\" srcset=\"https:\/\/cp-hotline.com\/wp-content\/uploads\/2026\/01\/bild-uber-uns-01.jpg 1024w, https:\/\/cp-hotline.com\/wp-content\/uploads\/2026\/01\/bild-uber-uns-01-300x200.jpg 300w, https:\/\/cp-hotline.com\/wp-content\/uploads\/2026\/01\/bild-uber-uns-01-768x512.jpg 768w\" sizes=\"(max-width: 1024px) 100vw, 1024px\" \/>\t\t\t\t\t\t\t\t<\/a>\n\t\t\t\t\t\t\t\t\t\t\t\t\t\t\t<\/div>\n\t\t\t\t<\/div>\n\t\t\t\t<div class=\"elementor-element elementor-element-9dc463a elementor-widget elementor-widget-text-editor\" data-id=\"9dc463a\" data-element_type=\"widget\" data-e-type=\"widget\" data-widget_type=\"text-editor.default\">\n\t\t\t\t\t\t\t\t\t<p><em>\u039e\u03b1\u03c0\u03bb\u03c9\u03bc\u03ad\u03bd\u03bf\u03c2: Giger \u03bc\u03b5 \u03c4\u03bf\u03bd \u03b3\u03b9\u03bf \u03c4\u03b7\u03c2, \u03c4\u03bf\u03bd \u03c3\u03b7\u03bc\u03b5\u03c1\u03b9\u03bd\u03cc \u03b4\u03b9\u03b5\u03c5\u03b8\u03cd\u03bd\u03bf\u03bd\u03c4\u03b1 \u03c3\u03cd\u03bc\u03b2\u03bf\u03c5\u03bb\u03bf \u03ba. Adrian Giger \u03ba\u03b1\u03b9 \u03c4\u03bf \u03b5\u03b3\u03b3\u03cc\u03bd\u03b9 \u03c4\u03bf\u03c5.<\/em><\/p>\t\t\t\t\t\t\t\t<\/div>\n\t\t\t\t<div class=\"elementor-element elementor-element-5b1606b elementor-widget elementor-widget-heading\" data-id=\"5b1606b\" data-element_type=\"widget\" data-e-type=\"widget\" data-widget_type=\"heading.default\">\n\t\t\t\t\t<h3 class=\"elementor-heading-title elementor-size-default\">\u0397 \u03b9\u03b4\u03c1\u03c5\u03c4\u03b9\u03ba\u03ae \u03bf\u03b9\u03ba\u03bf\u03b3\u03ad\u03bd\u03b5\u03b9\u03b1<\/h3>\t\t\t\t<\/div>\n\t\t\t\t<div class=\"elementor-element elementor-element-6ce18df elementor-widget elementor-widget-text-editor\" data-id=\"6ce18df\" data-element_type=\"widget\" data-e-type=\"widget\" data-widget_type=\"text-editor.default\">\n\t\t\t\t\t\t\t\t\t<p><strong>\u03a0\u03ac\u03b8\u03bf\u03c2 \u03b3\u03b9\u03b1 \u03ba\u03b1\u03b9\u03bd\u03bf\u03c4\u03bf\u03bc\u03af\u03b1<\/strong><br \/><br \/>\u0397 \u03b9\u03c3\u03c4\u03bf\u03c1\u03af\u03b1 \u03c4\u03bf\u03c5 GIGER\u00ae MD\u00ae \u03b4\u03b5\u03bd \u03be\u03b5\u03ba\u03b9\u03bd\u03ac\u03b5\u03b9 \u03c3\u03b5 \u03ad\u03bd\u03b1 \u03b5\u03c1\u03b3\u03b1\u03c3\u03c4\u03ae\u03c1\u03b9\u03bf, \u03b1\u03bb\u03bb\u03ac \u03bc\u03b5 \u03c4\u03bf <strong>\u0392\u03b1\u03b8\u03b9\u03ac \u03b5\u03c0\u03b9\u03b8\u03c5\u03bc\u03af\u03b1 \u03bd\u03b1 \u03b2\u03bf\u03b7\u03b8\u03ae\u03c3\u03b5\u03c4\u03b5 \u03c4\u03bf\u03c5\u03c2 \u03b1\u03bd\u03b8\u03c1\u03ce\u03c0\u03bf\u03c5\u03c2<\/strong>, \u03b3\u03b9\u03b1 \u03c4\u03b1 \u03bf\u03c0\u03bf\u03af\u03b1 \u03c5\u03c0\u03ae\u03c1\u03c7\u03b1\u03bd <strong>\u039c\u03b9\u03ba\u03c1\u03ae \u03b5\u03bb\u03c0\u03af\u03b4\u03b1 \u03b2\u03b5\u03bb\u03c4\u03af\u03c9\u03c3\u03b7\u03c2<\/strong> \u03ad\u03b4\u03c9\u03c3\u03b5. \u03a3\u03c4\u03bf <strong>\u03b1\u03c1\u03c7\u03ad\u03c2 \u03c4\u03b7\u03c2 \u03b4\u03b5\u03ba\u03b1\u03b5\u03c4\u03af\u03b1\u03c2 \u03c4\u03bf\u03c5 1980<\/strong> \u03ad\u03b8\u03b5\u03c3\u03b5 \u03c4\u03bf <strong>\u039f\u03b9\u03ba\u03bf\u03b3\u03ad\u03bd\u03b5\u03b9\u03b1 Giger<\/strong> \u03c4\u03bf <strong>\u0398\u03b5\u03bc\u03ad\u03bb\u03b9\u03bf\u03c2 \u03bb\u03af\u03b8\u03bf\u03c2 \u03b3\u03b9\u03b1 \u03bc\u03b9\u03b1 \u03b5\u03c0\u03b1\u03bd\u03b1\u03c3\u03c4\u03b1\u03c4\u03b9\u03ba\u03ae \u03bc\u03bf\u03c1\u03c6\u03ae \u03b8\u03b5\u03c1\u03b1\u03c0\u03b5\u03af\u03b1\u03c2<\/strong>. \u039b\u03cc\u03b3\u03c9 \u03bc\u03b9\u03b1\u03c2 \u03c0\u03b5\u03c1\u03af\u03c0\u03c4\u03c9\u03c3\u03b7\u03c2 <strong>\u03a3\u03ba\u03bb\u03ae\u03c1\u03c5\u03bd\u03c3\u03b7 \u03ba\u03b1\u03c4\u03ac \u03c0\u03bb\u03ac\u03ba\u03b1\u03c2 \u03c3\u03c4\u03b7\u03bd \u03bf\u03b9\u03ba\u03bf\u03b3\u03ad\u03bd\u03b5\u03b9\u03b1<\/strong>, \u03ae\u03c3\u03bf\u03c5\u03bd \u03b1\u03c0\u03cc <strong>\u03c0\u03c1\u03bf\u03c3\u03c9\u03c0\u03b9\u03ba\u03ae \u03b4\u03ad\u03c3\u03bc\u03b5\u03c5\u03c3\u03b7 \u03ba\u03b1\u03b9 \u03b5\u03c0\u03b9\u03c3\u03c4\u03b7\u03bc\u03bf\u03bd\u03b9\u03ba\u03ae \u03c0\u03b5\u03c1\u03b9\u03ad\u03c1\u03b3\u03b5\u03b9\u03b1<\/strong> \u03ba\u03b1\u03b9 \u03b1\u03bd\u03ad\u03c0\u03c4\u03c5\u03be\u03b5 \u03c4\u03bf <strong>\u03c4\u03b1 \u03c0\u03c1\u03ce\u03c4\u03b1 \u03c0\u03c1\u03c9\u03c4\u03cc\u03c4\u03c5\u03c0\u03b1 \u03c4\u03c9\u03bd \u03b8\u03b5\u03c1\u03b1\u03c0\u03b5\u03c5\u03c4\u03b9\u03ba\u03ce\u03bd \u03bf\u03c1\u03b3\u03ac\u03bd\u03c9\u03bd<\/strong>. \u03a3\u03c4\u03cc\u03c7\u03bf\u03c2 \u03c4\u03bf\u03c5\u03c2 \u03ae\u03c4\u03b1\u03bd \u03bd\u03b1 <strong>\u03bd\u03b5\u03c5\u03c1\u03b9\u03ba\u03cc \u03c3\u03cd\u03c3\u03c4\u03b7\u03bc\u03b1 \u03bc\u03ad\u03c3\u03c9 \u03c3\u03c4\u03bf\u03c7\u03b5\u03c5\u03bc\u03ad\u03bd\u03c9\u03bd<\/strong>, <strong>\u03bd\u03b1 \u03b4\u03b9\u03b5\u03b3\u03b5\u03af\u03c1\u03b5\u03b9 \u03b5\u03ba \u03bd\u03ad\u03bf\u03c5 \u03c4\u03b9\u03c2 \u03c1\u03c5\u03b8\u03bc\u03b9\u03ba\u03ad\u03c2 \u03ba\u03b9\u03bd\u03ae\u03c3\u03b5\u03b9\u03c2<\/strong> - \u03bc\u03b9\u03b1 \u03c0\u03c1\u03bf\u03c3\u03ad\u03b3\u03b3\u03b9\u03c3\u03b7 \u03c0\u03bf\u03c5 \u03b5\u03ba\u03b5\u03af\u03bd\u03b7 \u03c4\u03b7\u03bd \u03b5\u03c0\u03bf\u03c7\u03ae <strong>\u03a0\u03bf\u03bb\u03cd \u03bc\u03c0\u03c1\u03bf\u03c3\u03c4\u03ac \u03b1\u03c0\u03cc \u03c4\u03b7\u03bd \u03b5\u03c0\u03bf\u03c7\u03ae \u03c4\u03bf\u03c5<\/strong> \u03ae\u03c4\u03b1\u03bd.<\/p>\t\t\t\t\t\t\t\t<\/div>\n\t\t\t\t<div class=\"elementor-element elementor-element-e7a16bc elementor-align-center elementor-widget elementor-widget-button\" data-id=\"e7a16bc\" data-element_type=\"widget\" data-e-type=\"widget\" data-widget_type=\"button.default\">\n\t\t\t\t\t\t\t\t\t\t<a class=\"elementor-button elementor-button-link elementor-size-sm elementor-animation-bob\" href=\"https:\/\/cp-hotline.com\/el\/%ce%b5%cf%80%ce%b1%cf%86%ce%ae\/\">\n\t\t\t\t\t\t<span class=\"elementor-button-content-wrapper\">\n\t\t\t\t\t\t\t\t\t<span class=\"elementor-button-text\">\u039c\u03ac\u03b8\u03b5\u03c4\u03b5 \u03c0\u03b5\u03c1\u03b9\u03c3\u03c3\u03cc\u03c4\u03b5\u03c1\u03b1 \u03c4\u03ce\u03c1\u03b1!<\/span>\n\t\t\t\t\t<\/span>\n\t\t\t\t\t<\/a>\n\t\t\t\t\t\t\t\t<\/div>\n\t\t\t\t<\/div>\n\t\t\t\t\t<\/div>\n\t\t\t\t<\/div>\n\t\t\t\t<\/div>","protected":false},"excerpt":{"rendered":"<p>\u00dcber uns \u2013 Die Geschichte der GIGER\u00ae MD\u00ae Therapie: Innovation und Erfahrung seit \u00fcber 40 Jahren. Von den bescheidenen Anf\u00e4ngen bis zur heutigen wissenschaftlich fundierten Therapie. Seit \u00fcber vier Jahrzehnten engagieren wir uns mit Leidenschaft f\u00fcr die Verbesserung der Lebensqualit\u00e4t von Menschen mit neurologischen Erkrankungen. Unsere Reise ist gepr\u00e4gt von kontinuierlicher Forschung, famili\u00e4rem Engagement und [&hellip;]<\/p>\n","protected":false},"author":1,"featured_media":0,"parent":0,"menu_order":0,"comment_status":"closed","ping_status":"closed","template":"","meta":{"inline_featured_image":false,"footnotes":""},"class_list":["post-64949","page","type-page","status-publish","hentry"],"_links":{"self":[{"href":"https:\/\/cp-hotline.com\/el\/wp-json\/wp\/v2\/pages\/64949","targetHints":{"allow":["GET"]}}],"collection":[{"href":"https:\/\/cp-hotline.com\/el\/wp-json\/wp\/v2\/pages"}],"about":[{"href":"https:\/\/cp-hotline.com\/el\/wp-json\/wp\/v2\/types\/page"}],"author":[{"embeddable":true,"href":"https:\/\/cp-hotline.com\/el\/wp-json\/wp\/v2\/users\/1"}],"replies":[{"embeddable":true,"href":"https:\/\/cp-hotline.com\/el\/wp-json\/wp\/v2\/comments?post=64949"}],"version-history":[{"count":34,"href":"https:\/\/cp-hotline.com\/el\/wp-json\/wp\/v2\/pages\/64949\/revisions"}],"predecessor-version":[{"id":66988,"href":"https:\/\/cp-hotline.com\/el\/wp-json\/wp\/v2\/pages\/64949\/revisions\/66988"}],"wp:attachment":[{"href":"https:\/\/cp-hotline.com\/el\/wp-json\/wp\/v2\/media?parent=64949"}],"curies":[{"name":"wp","href":"https:\/\/api.w.org\/{rel}","templated":true}]}}