{"id":514,"date":"2016-04-21T15:03:54","date_gmt":"2016-04-21T13:03:54","guid":{"rendered":"http:\/\/www.gigermd.com\/?page_id=514"},"modified":"2026-03-09T08:49:48","modified_gmt":"2026-03-09T07:49:48","slug":"copyright-terms-and-conditions","status":"publish","type":"page","link":"https:\/\/cp-hotline.com\/en\/agb-copyright\/","title":{"rendered":"AGB\/Copyight"},"content":{"rendered":"<div data-elementor-type=\"wp-page\" data-elementor-id=\"514\" class=\"elementor elementor-514\" data-elementor-post-type=\"page\">\n\t\t\t\t<div class=\"elementor-element elementor-element-7eaeaa5e e-flex e-con-boxed e-con e-parent\" data-id=\"7eaeaa5e\" data-element_type=\"container\" data-e-type=\"container\" data-settings=\"{&quot;background_background&quot;:&quot;classic&quot;}\">\n\t\t\t\t\t<div class=\"e-con-inner\">\n\t\t<div class=\"elementor-element elementor-element-a5166d2 e-con-full e-flex e-con e-child\" data-id=\"a5166d2\" data-element_type=\"container\" data-e-type=\"container\">\n\t\t\t\t<div class=\"elementor-element elementor-element-1f809b6 elementor-widget elementor-widget-heading\" data-id=\"1f809b6\" data-element_type=\"widget\" data-e-type=\"widget\" data-widget_type=\"heading.default\">\n\t\t\t\t\t<h2 class=\"elementor-heading-title elementor-size-default\">General Terms and Conditions<\/h2>\t\t\t\t<\/div>\n\t\t\t\t<div class=\"elementor-element elementor-element-c31b970 elementor-widget elementor-widget-heading\" data-id=\"c31b970\" data-element_type=\"widget\" data-e-type=\"widget\" data-widget_type=\"heading.default\">\n\t\t\t\t\t<h3 class=\"elementor-heading-title elementor-size-default\">Combo AG, Medical Technology GIGER MD\u00ae<\/h3>\t\t\t\t<\/div>\n\t\t\t\t<div class=\"elementor-element elementor-element-126b634 elementor-widget elementor-widget-text-editor\" data-id=\"126b634\" data-element_type=\"widget\" data-e-type=\"widget\" data-widget_type=\"text-editor.default\">\n\t\t\t\t\t\t\t\t\t<h5>Terms and conditions<\/h5><p>The following terms and conditions apply exclusively to business transactions between Combo AG and the customer. They shall in any case take precedence over any other terms and conditions sent by the customer or contained in the customer's documents.<\/p><h5>Prices<\/h5><p>Unless otherwise stated, all prices are expressed in Swiss francs. They are generally shown including VAT for domestic deliveries and excluding VAT for deliveries abroad. All prices are guide prices and only the most recent quotation is valid for a period of 30 days or unless otherwise stated on the quotation, unless there are typing, printing or calculation errors.<\/p><h5>Deliveries<\/h5><p>Postage and packaging are free of charge for domestic deliveries of therapy instruments. For deliveries abroad, only the postage will be charged. No claims for damages for loss of profit, business interruption or any other financial loss can be asserted against Combo AG for late deliveries.<\/p><h5>Payment modalities<\/h5><p>For customers from abroad, orders will only be executed if the amount due is transferred to our account in advance.<\/p><h5>Warranty conditions<\/h5><p>Combo AG undertakes to remedy all defects that are attributable to material or manufacturing faults. The warranty covers the repair of the instrument free of charge or the replacement of defective parts free of charge. Claims for rescission, reduction in price, replacement of the instrument and reimbursement of costs in the event of damage repair by third parties without our written consent are excluded, as are claims for damages that go beyond the replacement of the defective part.<\/p><p>Travel and shipping costs to the customer will be invoiced.<\/p><p>The invoice or delivery bill from Combo AG, on which the date of purchase and the model must be recorded, shall serve as proof of the warranty claim.<\/p><p>The guarantee does not apply to parts that are subject to natural wear and tear or to faults caused by improper operation or use, such as rental or external influences.\u00a0<strong>Furthermore, the user is obliged to subject all moving parts, screws and rivets to an adequate wear test at regular intervals of one week; failure to do so will result in the forfeiture of any claim for compensation for consequential damage<\/strong>.<\/p><p>If repairs or attempted repairs are carried out by anyone other than Combo AG, the warranty claim is forfeited.<\/p><p>Combo AG provides a 24-month warranty - even for commercial use (except GIGER MD\u00ae Combofit) - calculated from the date of delivery of the brand-new instrument.<\/p><h5>Appropriate use of the object of purchase<\/h5><p>If it is not expressly stated on the delivery documents that the equipment is for \u201eprofessional users\u201c, and thus a public treatment license is coherent with the device, it is only a private license for the use of the therapy device for private use. Commercial use of the equipment is prohibited in this case, as the commercial treatment of patients always requires proper training by the manufacturer and professional equipment.<\/p><p>In addition, this license strictly prohibits the licensee from making any modifications or alterations to GIGER MD\u00ae instruments without the written consent of the licensor.<\/p><p>Unless otherwise agreed in writing, the license granted to the purchaser is a NON-exclusive, NON-transferable license and the licensee is not permitted to make any modifications to the GIGER MD Therapy Instrument.<\/p><h5>Software product, know-how<\/h5><p>The software product for the GIGER MD\u00ae instruments and the know-how may only be used within the scope of the relevant license agreement.<\/p><h5>Disclaimer<\/h5><p>Combo AG reserves the right to waive all liability in the event of non-compliance with the operating instructions and general instructions as well as improper use of the GIGER MD\u00ae instruments.<\/p><h5>Applicable law, place of jurisdiction and amendments<\/h5><p>This agreement or declaration is subject exclusively to Swiss law. The place of collection and exclusive place of jurisdiction for all disputes arising in connection with this agreement or declaration is the registered office of Combo AG. However, this company is also authorized to assert its rights at the domicile of the customer or before any other competent authority and also to choose the applicable national law. All changes concerning these General Terms and Conditions must be made in writing.<\/p><h5>Website maintenance<\/h5><p>The website maintenance for WordPress is carried out by Codemenschen Gmbh<\/p><p>WordPress development by the Codemenschen Gmbh<\/p><p>Dispute resolution: We are not willing or obliged to participate in dispute resolution proceedings before a consumer arbitration board.<\/p><h5>Copyright Information<\/h5><p>Copyright \u00a9 2026 Combo AG - CH-Lommiswil<\/p><p>GIGER MD\u00ae, GIGERMD\u00ae, GIGER\u00ae is a registered trademark.<\/p><p>CAPM \u00a9<\/p><p>Copyright \u00a9 1992\/2026 All rights reserved.<\/p><p>In particular copyright law and the law against unfair competition.<\/p><p>Int. pat. USA pat.<\/p><p>Violations of these rights will be prosecuted under civil and criminal law.<\/p>\t\t\t\t\t\t\t\t<\/div>\n\t\t\t\t<\/div>\n\t\t\t\t\t<\/div>\n\t\t\t\t<\/div>\n\t\t\t\t<\/div>","protected":false},"excerpt":{"rendered":"<p>Allgemeine Gesch\u00e4ftsbedingungen Combo AG, Medizintechnik GIGER MD\u00ae Konditionen F\u00fcr den Gesch\u00e4ftsverkehr zwischen der Combo AG und dem Besteller gelten ausschliesslich die nachstehenden Bedingungen. Sie gehen anderslautenden Konditionen, die vom Besteller \u00fcbersandt wurden oder sich auf dessen Schriftst\u00fcck befinden, in jedem Falle vor. Preise S\u00e4mtliche Preise sind, wo nicht anders angegeben, in Schweizer Franken ausgedr\u00fcckt. Sie [&hellip;]<\/p>\n","protected":false},"author":1,"featured_media":0,"parent":0,"menu_order":0,"comment_status":"closed","ping_status":"closed","template":"","meta":{"inline_featured_image":false,"footnotes":""},"class_list":["post-514","page","type-page","status-publish","hentry"],"_links":{"self":[{"href":"https:\/\/cp-hotline.com\/en\/wp-json\/wp\/v2\/pages\/514","targetHints":{"allow":["GET"]}}],"collection":[{"href":"https:\/\/cp-hotline.com\/en\/wp-json\/wp\/v2\/pages"}],"about":[{"href":"https:\/\/cp-hotline.com\/en\/wp-json\/wp\/v2\/types\/page"}],"author":[{"embeddable":true,"href":"https:\/\/cp-hotline.com\/en\/wp-json\/wp\/v2\/users\/1"}],"replies":[{"embeddable":true,"href":"https:\/\/cp-hotline.com\/en\/wp-json\/wp\/v2\/comments?post=514"}],"version-history":[{"count":12,"href":"https:\/\/cp-hotline.com\/en\/wp-json\/wp\/v2\/pages\/514\/revisions"}],"predecessor-version":[{"id":66746,"href":"https:\/\/cp-hotline.com\/en\/wp-json\/wp\/v2\/pages\/514\/revisions\/66746"}],"wp:attachment":[{"href":"https:\/\/cp-hotline.com\/en\/wp-json\/wp\/v2\/media?parent=514"}],"curies":[{"name":"wp","href":"https:\/\/api.w.org\/{rel}","templated":true}]}}