{"id":64949,"date":"2025-12-26T05:12:47","date_gmt":"2025-12-26T04:12:47","guid":{"rendered":"https:\/\/cp-hotline.com\/?page_id=64949"},"modified":"2026-05-13T12:37:40","modified_gmt":"2026-05-13T10:37:40","slug":"about-us-2","status":"publish","type":"page","link":"https:\/\/cp-hotline.com\/en\/ueber-uns\/","title":{"rendered":"About us"},"content":{"rendered":"<div data-elementor-type=\"wp-page\" data-elementor-id=\"64949\" class=\"elementor elementor-64949\" data-elementor-post-type=\"page\">\n\t\t\t\t<div class=\"elementor-element elementor-element-0309262 e-flex e-con-boxed e-con e-parent\" data-id=\"0309262\" data-element_type=\"container\" data-e-type=\"container\">\n\t\t\t\t\t<div class=\"e-con-inner\">\n\t\t<div class=\"elementor-element elementor-element-822a690 e-con-full e-flex e-con e-child\" data-id=\"822a690\" data-element_type=\"container\" data-e-type=\"container\">\n\t\t\t\t<div class=\"elementor-element elementor-element-542f59e elementor-widget elementor-widget-heading\" data-id=\"542f59e\" data-element_type=\"widget\" data-e-type=\"widget\" data-widget_type=\"heading.default\">\n\t\t\t\t\t<h2 class=\"elementor-heading-title elementor-size-default\">About us - The history of GIGER\u00ae MD\u00ae Therapy: innovation and experience for over 40 years.<\/h2>\t\t\t\t<\/div>\n\t\t\t\t<div class=\"elementor-element elementor-element-2fe9800 elementor-widget elementor-widget-text-editor\" data-id=\"2fe9800\" data-element_type=\"widget\" data-e-type=\"widget\" data-widget_type=\"text-editor.default\">\n\t\t\t\t\t\t\t\t\t<p>From the <strong>humble beginnings<\/strong> up to the <strong>today's scientifically based therapy<\/strong>. Since <strong>over four decades <\/strong>we are committed <strong>with a passion for improving the quality of life of people with neurological disorders<\/strong>. Our journey is characterized by <strong>continuous research, family commitment<\/strong> and the <strong>unshakeable belief in the potential of each individual<\/strong>.<\/p>\t\t\t\t\t\t\t\t<\/div>\n\t\t\t\t<div class=\"elementor-element elementor-element-1ca387d elementor-widget elementor-widget-heading\" data-id=\"1ca387d\" data-element_type=\"widget\" data-e-type=\"widget\" data-widget_type=\"heading.default\">\n\t\t\t\t\t<h3 class=\"elementor-heading-title elementor-size-default\">Vision and mission<\/h3>\t\t\t\t<\/div>\n\t\t\t\t<div class=\"elementor-element elementor-element-c66cc8c elementor-widget elementor-widget-text-editor\" data-id=\"c66cc8c\" data-element_type=\"widget\" data-e-type=\"widget\" data-widget_type=\"text-editor.default\">\n\t\t\t\t\t\t\t\t\t<p>Our <strong>Vision<\/strong> is a world in which <strong>People with neurological challenges<\/strong> through<strong> Innovative therapeutic approaches<\/strong> can develop their full potential. Our mission is, <strong>GIGER\u00ae MD\u00ae Therapy as the leading<\/strong>,<strong> Scientifically validated method<\/strong> to establish, <strong>patients worldwide hope, progress and an improved quality of life<\/strong> offers.<\/p>\t\t\t\t\t\t\t\t<\/div>\n\t\t<div class=\"elementor-element elementor-element-2271b3d e-con-full e-flex e-con e-child\" data-id=\"2271b3d\" data-element_type=\"container\" data-e-type=\"container\">\n\t\t\t\t<div class=\"elementor-element elementor-element-8ba523f elementor-widget elementor-widget-image\" data-id=\"8ba523f\" data-element_type=\"widget\" data-e-type=\"widget\" data-widget_type=\"image.default\">\n\t\t\t\t\t\t\t\t\t\t\t\t\t\t\t\t<a href=\"https:\/\/cp-hotline.com\/en\/cerebral-palsy-therapy\/\">\n\t\t\t\t\t\t\t<img fetchpriority=\"high\" decoding=\"async\" width=\"1024\" height=\"682\" src=\"https:\/\/cp-hotline.com\/wp-content\/uploads\/2026\/01\/bild-uber-uns-01.jpg\" class=\"attachment-full size-full wp-image-65934\" alt=\"\" srcset=\"https:\/\/cp-hotline.com\/wp-content\/uploads\/2026\/01\/bild-uber-uns-01.jpg 1024w, https:\/\/cp-hotline.com\/wp-content\/uploads\/2026\/01\/bild-uber-uns-01-300x200.jpg 300w, https:\/\/cp-hotline.com\/wp-content\/uploads\/2026\/01\/bild-uber-uns-01-768x512.jpg 768w\" sizes=\"(max-width: 1024px) 100vw, 1024px\" \/>\t\t\t\t\t\t\t\t<\/a>\n\t\t\t\t\t\t\t\t\t\t\t\t\t\t\t<\/div>\n\t\t\t\t<\/div>\n\t\t\t\t<div class=\"elementor-element elementor-element-9dc463a elementor-widget elementor-widget-text-editor\" data-id=\"9dc463a\" data-element_type=\"widget\" data-e-type=\"widget\" data-widget_type=\"text-editor.default\">\n\t\t\t\t\t\t\t\t\t<p><em>Lying down: Founder Sonja Giger with her son, the current managing director Mr. Adrian Giger and the grandchild<\/em><\/p>\t\t\t\t\t\t\t\t<\/div>\n\t\t\t\t<div class=\"elementor-element elementor-element-5b1606b elementor-widget elementor-widget-heading\" data-id=\"5b1606b\" data-element_type=\"widget\" data-e-type=\"widget\" data-widget_type=\"heading.default\">\n\t\t\t\t\t<h3 class=\"elementor-heading-title elementor-size-default\">The founding family<\/h3>\t\t\t\t<\/div>\n\t\t\t\t<div class=\"elementor-element elementor-element-6ce18df elementor-widget elementor-widget-text-editor\" data-id=\"6ce18df\" data-element_type=\"widget\" data-e-type=\"widget\" data-widget_type=\"text-editor.default\">\n\t\t\t\t\t\t\t\t\t<p><strong>A passion for innovation<\/strong><br \/><br \/>The story of GIGER\u00ae MD\u00ae does not begin in a laboratory, but with the <strong>Deep desire to help people<\/strong>, for which there were <strong>Little hope of improvement<\/strong> gave. In the <strong>early 1980s<\/strong> laid the <strong>Giger family<\/strong> the <strong>Foundation stone for a revolutionary form of therapy<\/strong>. Due to a case of <strong>MS in the family<\/strong>, were you from <strong>personal commitment and scientific curiosity<\/strong> and developed the <strong>first prototypes of the therapy instruments<\/strong>. Their aim was to <strong>nervous system through targeted<\/strong>, <strong>to stimulate rhythmic movements anew<\/strong> - an approach that at the time <strong>Far ahead of its time<\/strong> was.<\/p>\t\t\t\t\t\t\t\t<\/div>\n\t\t\t\t<div class=\"elementor-element elementor-element-e7a16bc elementor-align-center elementor-widget elementor-widget-button\" data-id=\"e7a16bc\" data-element_type=\"widget\" data-e-type=\"widget\" data-widget_type=\"button.default\">\n\t\t\t\t\t\t\t\t\t\t<a class=\"elementor-button elementor-button-link elementor-size-sm elementor-animation-bob\" href=\"https:\/\/cp-hotline.com\/en\/contact-2\/\">\n\t\t\t\t\t\t<span class=\"elementor-button-content-wrapper\">\n\t\t\t\t\t\t\t\t\t<span class=\"elementor-button-text\">Find out more now!<\/span>\n\t\t\t\t\t<\/span>\n\t\t\t\t\t<\/a>\n\t\t\t\t\t\t\t\t<\/div>\n\t\t\t\t<\/div>\n\t\t\t\t\t<\/div>\n\t\t\t\t<\/div>\n\t\t\t\t<\/div>","protected":false},"excerpt":{"rendered":"<p>\u00dcber uns \u2013 Die Geschichte der GIGER\u00ae MD\u00ae Therapie: Innovation und Erfahrung seit \u00fcber 40 Jahren. Von den bescheidenen Anf\u00e4ngen bis zur heutigen wissenschaftlich fundierten Therapie. Seit \u00fcber vier Jahrzehnten engagieren wir uns mit Leidenschaft f\u00fcr die Verbesserung der Lebensqualit\u00e4t von Menschen mit neurologischen Erkrankungen. Unsere Reise ist gepr\u00e4gt von kontinuierlicher Forschung, famili\u00e4rem Engagement und [&hellip;]<\/p>\n","protected":false},"author":1,"featured_media":0,"parent":0,"menu_order":0,"comment_status":"closed","ping_status":"closed","template":"","meta":{"inline_featured_image":false,"footnotes":""},"class_list":["post-64949","page","type-page","status-publish","hentry"],"_links":{"self":[{"href":"https:\/\/cp-hotline.com\/en\/wp-json\/wp\/v2\/pages\/64949","targetHints":{"allow":["GET"]}}],"collection":[{"href":"https:\/\/cp-hotline.com\/en\/wp-json\/wp\/v2\/pages"}],"about":[{"href":"https:\/\/cp-hotline.com\/en\/wp-json\/wp\/v2\/types\/page"}],"author":[{"embeddable":true,"href":"https:\/\/cp-hotline.com\/en\/wp-json\/wp\/v2\/users\/1"}],"replies":[{"embeddable":true,"href":"https:\/\/cp-hotline.com\/en\/wp-json\/wp\/v2\/comments?post=64949"}],"version-history":[{"count":34,"href":"https:\/\/cp-hotline.com\/en\/wp-json\/wp\/v2\/pages\/64949\/revisions"}],"predecessor-version":[{"id":66988,"href":"https:\/\/cp-hotline.com\/en\/wp-json\/wp\/v2\/pages\/64949\/revisions\/66988"}],"wp:attachment":[{"href":"https:\/\/cp-hotline.com\/en\/wp-json\/wp\/v2\/media?parent=64949"}],"curies":[{"name":"wp","href":"https:\/\/api.w.org\/{rel}","templated":true}]}}