{"id":514,"date":"2016-04-21T15:03:54","date_gmt":"2016-04-21T13:03:54","guid":{"rendered":"http:\/\/www.gigermd.com\/?page_id=514"},"modified":"2026-03-09T08:49:48","modified_gmt":"2026-03-09T07:49:48","slug":"agb-copyright","status":"publish","type":"page","link":"https:\/\/cp-hotline.com\/es\/agb-copyright\/","title":{"rendered":"AGB\/Copyight"},"content":{"rendered":"<div data-elementor-type=\"wp-page\" data-elementor-id=\"514\" class=\"elementor elementor-514\" data-elementor-post-type=\"page\">\n\t\t\t\t<div class=\"elementor-element elementor-element-7eaeaa5e e-flex e-con-boxed e-con e-parent\" data-id=\"7eaeaa5e\" data-element_type=\"container\" data-e-type=\"container\" data-settings=\"{&quot;background_background&quot;:&quot;classic&quot;}\">\n\t\t\t\t\t<div class=\"e-con-inner\">\n\t\t<div class=\"elementor-element elementor-element-a5166d2 e-con-full e-flex e-con e-child\" data-id=\"a5166d2\" data-element_type=\"container\" data-e-type=\"container\">\n\t\t\t\t<div class=\"elementor-element elementor-element-1f809b6 elementor-widget elementor-widget-heading\" data-id=\"1f809b6\" data-element_type=\"widget\" data-e-type=\"widget\" data-widget_type=\"heading.default\">\n\t\t\t\t\t<h2 class=\"elementor-heading-title elementor-size-default\">Condiciones generales<\/h2>\t\t\t\t<\/div>\n\t\t\t\t<div class=\"elementor-element elementor-element-c31b970 elementor-widget elementor-widget-heading\" data-id=\"c31b970\" data-element_type=\"widget\" data-e-type=\"widget\" data-widget_type=\"heading.default\">\n\t\t\t\t\t<h3 class=\"elementor-heading-title elementor-size-default\">Combo AG, Tecnolog\u00eda m\u00e9dica GIGER MD<\/h3>\t\t\t\t<\/div>\n\t\t\t\t<div class=\"elementor-element elementor-element-126b634 elementor-widget elementor-widget-text-editor\" data-id=\"126b634\" data-element_type=\"widget\" data-e-type=\"widget\" data-widget_type=\"text-editor.default\">\n\t\t\t\t\t\t\t\t\t<h5>Condiciones generales<\/h5><p>Las siguientes condiciones se aplican exclusivamente a las transacciones comerciales entre Combo AG y el cliente. En cualquier caso, prevalecer\u00e1n sobre cualesquiera otros t\u00e9rminos y condiciones enviados por el cliente o contenidos en los documentos del cliente.<\/p><h5>Precios<\/h5><p>Salvo indicaci\u00f3n contraria, todos los precios se expresan en francos suizos. En general, se indican con IVA incluido para las entregas nacionales y sin IVA para las entregas en el extranjero. Todos los precios son orientativos y s\u00f3lo el presupuesto m\u00e1s reciente es v\u00e1lido durante un periodo de 30 d\u00edas o, a menos que se indique lo contrario en el presupuesto, salvo error tipogr\u00e1fico, de impresi\u00f3n o de c\u00e1lculo.<\/p><h5>Entregas<\/h5><p>Los gastos de env\u00edo y embalaje son gratuitos para los env\u00edos nacionales de instrumentos terap\u00e9uticos. En caso de env\u00edos al extranjero, s\u00f3lo se cobrar\u00e1n los gastos de env\u00edo. Combo AG no podr\u00e1 hacer valer ning\u00fan derecho a indemnizaci\u00f3n por lucro cesante, interrupci\u00f3n de la actividad comercial o cualquier otro perjuicio econ\u00f3mico en caso de retraso en la entrega.<\/p><h5>Modalidades de pago<\/h5><p>Para los clientes del extranjero, los pedidos s\u00f3lo se ejecutar\u00e1n si el importe adeudado se transfiere a nuestra cuenta por adelantado.<\/p><h5>Condiciones de garant\u00eda<\/h5><p>Combo AG se compromete a subsanar todos los defectos que sean imputables a fallos de material o de fabricaci\u00f3n. La garant\u00eda cubre la reparaci\u00f3n gratuita del instrumento o la sustituci\u00f3n gratuita de las piezas defectuosas. Quedan excluidas las reclamaciones de anulaci\u00f3n, reducci\u00f3n del precio, sustituci\u00f3n del instrumento y reembolso de gastos en caso de subsanaci\u00f3n de da\u00f1os por terceros sin nuestro consentimiento por escrito y, por \u00faltimo, de indemnizaci\u00f3n por da\u00f1os y perjuicios m\u00e1s all\u00e1 de la sustituci\u00f3n de la pieza defectuosa.<\/p><p>Se cobrar\u00e1n los gastos de desplazamiento y env\u00edo al cliente.<\/p><p>La factura o el albar\u00e1n de entrega de Combo AG, en los que debe constar la fecha de compra y el modelo, servir\u00e1n como prueba de la reclamaci\u00f3n de garant\u00eda.<\/p><p>La garant\u00eda no se aplica a las piezas sometidas a desgaste natural ni a los fallos causados por un funcionamiento o uso inadecuados, como el alquiler o las influencias externas.\u00a0<strong>Adem\u00e1s, el usuario est\u00e1 obligado a someter todas las piezas m\u00f3viles, tornillos y remaches a una prueba de desgaste adecuada a intervalos regulares de una semana; en caso contrario, perder\u00e1 el derecho a reclamar la reparaci\u00f3n de los da\u00f1os derivados.<\/strong>.<\/p><p>Si las reparaciones o intentos de reparaci\u00f3n son realizados por terceros ajenos a Combo AG, se perder\u00e1 el derecho a la garant\u00eda.<\/p><p>Combo AG concede una garant\u00eda de 24 meses - incluso para uso comercial (excepto GIGER MD\u00ae Combofit) - calculada a partir de la fecha de entrega del instrumento nuevo.<\/p><h5>Uso adecuado del objeto de compra<\/h5><p>Si en los documentos de entrega no se indica expresamente que el equipo est\u00e1 destinado a \u201eusuarios profesionales\u201c y, por lo tanto, una licencia p\u00fablica de tratamiento es coherente con el equipo, se trata \u00fanicamente de una licencia privada para la utilizaci\u00f3n del equipo terap\u00e9utico para uso privado. El uso comercial del equipo est\u00e1 prohibido en este caso, ya que el tratamiento comercial de pacientes requiere siempre una formaci\u00f3n adecuada por parte del fabricante y un equipo profesional.<\/p><p>Adem\u00e1s, esta licencia proh\u00edbe estrictamente al licenciatario realizar modificaciones o alteraciones en los instrumentos GIGER MD\u00ae sin el consentimiento por escrito del licenciante.<\/p><p>A menos que se acuerde lo contrario por escrito, la licencia concedida al comprador es una licencia NO exclusiva, NO transferible y el licenciatario no est\u00e1 autorizado a realizar ninguna modificaci\u00f3n en el Instrumento de Terapia MD de GIGER.<\/p><h5>Producto inform\u00e1tico, conocimientos t\u00e9cnicos<\/h5><p>El producto de software para los instrumentos GIGER MD\u00ae y el know-how s\u00f3lo pueden utilizarse en el marco del correspondiente contrato de licencia.<\/p><h5>Descargo de responsabilidad<\/h5><p>Combo AG se reserva el derecho a declinar toda responsabilidad en caso de incumplimiento del manual de instrucciones y de las instrucciones generales, as\u00ed como en caso de uso inadecuado de los instrumentos GIGER MD\u00ae.<\/p><h5>Legislaci\u00f3n aplicable, fuero competente y modificaciones<\/h5><p>Este acuerdo o declaraci\u00f3n est\u00e1 sujeto exclusivamente a la legislaci\u00f3n suiza. El lugar de ejecuci\u00f3n y la jurisdicci\u00f3n exclusiva para todas las disputas que surjan en relaci\u00f3n con este acuerdo o declaraci\u00f3n es el domicilio social de Combo AG. No obstante, esta empresa tambi\u00e9n est\u00e1 autorizada a hacer valer sus derechos en el domicilio del cliente o ante cualquier otra autoridad competente, as\u00ed como a elegir la legislaci\u00f3n nacional aplicable. Todas las modificaciones relativas a las presentes Condiciones Generales deber\u00e1n realizarse por escrito.<\/p><h5>Mantenimiento del sitio web<\/h5><p>El mantenimiento del sitio web para WordPress corre a cargo de Codemenschen Gmbh<\/p><p>Desarrollo de WordPress por Codemenschen Gmbh<\/p><p>Resoluci\u00f3n de litigios: No estamos dispuestos ni obligados a participar en procedimientos de resoluci\u00f3n de litigios ante una junta arbitral de consumo.<\/p><h5>Informaci\u00f3n sobre derechos de autor<\/h5><p>Copyright \u00a9 2026 Combo AG - CH-Lommiswil<\/p><p>GIGER MD\u00ae, GIGERMD\u00ae, GIGER\u00ae es una marca registrada.<\/p><p>CAPM \u00a9<\/p><p>Copyright \u00a9 1992\/2026 Todos los derechos reservados.<\/p><p>En particular, la ley de derechos de autor y la ley contra la competencia desleal.<\/p><p>Pat. int. Pat. EE.UU.<\/p><p>Las violaciones de estos derechos ser\u00e1n perseguidas por la v\u00eda civil y penal.<\/p>\t\t\t\t\t\t\t\t<\/div>\n\t\t\t\t<\/div>\n\t\t\t\t\t<\/div>\n\t\t\t\t<\/div>\n\t\t\t\t<\/div>","protected":false},"excerpt":{"rendered":"<p>Allgemeine Gesch\u00e4ftsbedingungen Combo AG, Medizintechnik GIGER MD\u00ae Konditionen F\u00fcr den Gesch\u00e4ftsverkehr zwischen der Combo AG und dem Besteller gelten ausschliesslich die nachstehenden Bedingungen. Sie gehen anderslautenden Konditionen, die vom Besteller \u00fcbersandt wurden oder sich auf dessen Schriftst\u00fcck befinden, in jedem Falle vor. Preise S\u00e4mtliche Preise sind, wo nicht anders angegeben, in Schweizer Franken ausgedr\u00fcckt. Sie [&hellip;]<\/p>\n","protected":false},"author":1,"featured_media":0,"parent":0,"menu_order":0,"comment_status":"closed","ping_status":"closed","template":"","meta":{"inline_featured_image":false,"footnotes":""},"class_list":["post-514","page","type-page","status-publish","hentry"],"_links":{"self":[{"href":"https:\/\/cp-hotline.com\/es\/wp-json\/wp\/v2\/pages\/514","targetHints":{"allow":["GET"]}}],"collection":[{"href":"https:\/\/cp-hotline.com\/es\/wp-json\/wp\/v2\/pages"}],"about":[{"href":"https:\/\/cp-hotline.com\/es\/wp-json\/wp\/v2\/types\/page"}],"author":[{"embeddable":true,"href":"https:\/\/cp-hotline.com\/es\/wp-json\/wp\/v2\/users\/1"}],"replies":[{"embeddable":true,"href":"https:\/\/cp-hotline.com\/es\/wp-json\/wp\/v2\/comments?post=514"}],"version-history":[{"count":12,"href":"https:\/\/cp-hotline.com\/es\/wp-json\/wp\/v2\/pages\/514\/revisions"}],"predecessor-version":[{"id":66746,"href":"https:\/\/cp-hotline.com\/es\/wp-json\/wp\/v2\/pages\/514\/revisions\/66746"}],"wp:attachment":[{"href":"https:\/\/cp-hotline.com\/es\/wp-json\/wp\/v2\/media?parent=514"}],"curies":[{"name":"wp","href":"https:\/\/api.w.org\/{rel}","templated":true}]}}