{"id":11,"date":"2016-03-23T13:36:44","date_gmt":"2016-03-23T13:36:44","guid":{"rendered":"http:\/\/gigermdneu.malta2956.startdedicated.de\/?page_id=11"},"modified":"2026-05-12T19:08:11","modified_gmt":"2026-05-12T17:08:11","slug":"kontakt","status":"publish","type":"page","link":"https:\/\/cp-hotline.com\/et\/kontakt\/","title":{"rendered":"V\u00f5tke meiega \u00fchendust"},"content":{"rendered":"<div data-elementor-type=\"wp-page\" data-elementor-id=\"11\" class=\"elementor elementor-11\" data-elementor-post-type=\"page\">\n\t\t\t\t<div class=\"elementor-element elementor-element-2255f7e5 e-con-full e-flex e-con e-parent\" data-id=\"2255f7e5\" data-element_type=\"container\" data-e-type=\"container\" data-settings=\"{&quot;background_background&quot;:&quot;classic&quot;}\">\n\t\t<div class=\"elementor-element elementor-element-fbbf3ab e-con-full e-flex e-con e-child\" data-id=\"fbbf3ab\" data-element_type=\"container\" data-e-type=\"container\" data-settings=\"{&quot;background_background&quot;:&quot;classic&quot;}\">\n\t\t<div class=\"elementor-element elementor-element-d51c5d9 e-con-full e-flex e-con e-child\" data-id=\"d51c5d9\" data-element_type=\"container\" data-e-type=\"container\" data-settings=\"{&quot;background_background&quot;:&quot;classic&quot;}\">\n\t\t\t\t<div class=\"elementor-element elementor-element-eacb101 elementor-widget elementor-widget-heading\" data-id=\"eacb101\" data-element_type=\"widget\" data-e-type=\"widget\" data-widget_type=\"heading.default\">\n\t\t\t\t\t<h2 class=\"elementor-heading-title elementor-size-default\">Tee esimene samm!<\/h2>\t\t\t\t<\/div>\n\t\t\t\t<div class=\"elementor-element elementor-element-b8b4934 elementor-widget elementor-widget-text-editor\" data-id=\"b8b4934\" data-element_type=\"widget\" data-e-type=\"widget\" data-widget_type=\"text-editor.default\">\n\t\t\t\t\t\t\t\t\t<p style=\"text-align: center;\">Taotle n\u00fc\u00fcd tasuta konsultatsiooni ja uuri, kuidas GIGER\u00ae MD\u00ae teraapia v\u00f5ib aidata sind ja sinu l\u00e4hedasi. T\u00e4itke lihtsalt vorm ja me v\u00f5tame teiega \u00fchendust.<\/p>\t\t\t\t\t\t\t\t<\/div>\n\t\t\t\t<div class=\"elementor-element elementor-element-8d9a1cb elementor-widget__width-inherit ph-contact-form elementor-widget elementor-widget-shortcode\" data-id=\"8d9a1cb\" data-element_type=\"widget\" data-e-type=\"widget\" data-widget_type=\"shortcode.default\">\n\t\t\t\t\t\t\t<div class=\"elementor-shortcode\">\n<div class=\"wpcf7 no-js\" id=\"wpcf7-f335-o1\" lang=\"de-DE\" dir=\"ltr\" data-wpcf7-id=\"335\">\n<div class=\"screen-reader-response\"><p role=\"status\" aria-live=\"polite\" aria-atomic=\"true\"><\/p> <ul><\/ul><\/div>\n<form action=\"\/et\/wp-json\/wp\/v2\/pages\/11#wpcf7-f335-o1\" method=\"post\" class=\"wpcf7-form init\" aria-label=\"Kontaktformular\" novalidate=\"novalidate\" data-status=\"init\" data-trp-original-action=\"\/et\/wp-json\/wp\/v2\/pages\/11#wpcf7-f335-o1\">\n<fieldset class=\"hidden-fields-container\"><input type=\"hidden\" name=\"_wpcf7\" value=\"335\" \/><input type=\"hidden\" name=\"_wpcf7_version\" value=\"6.1.5\" \/><input type=\"hidden\" name=\"_wpcf7_locale\" value=\"de_DE\" \/><input type=\"hidden\" name=\"_wpcf7_unit_tag\" value=\"wpcf7-f335-o1\" \/><input type=\"hidden\" name=\"_wpcf7_container_post\" value=\"0\" \/><input type=\"hidden\" name=\"_wpcf7_posted_data_hash\" value=\"\" \/>\n<\/fieldset>\n<p><label>Mida me saame teie heaks teha?<br \/>\n<span class=\"wpcf7-form-control-wrap\" data-name=\"anliegen\"><select class=\"wpcf7-form-control wpcf7-select wpcf7-validates-as-required\" aria-required=\"true\" aria-invalid=\"false\" name=\"anliegen\"><option value=\"Informationsmaterialien erhalten\">Teabematerjalide saamine<\/option><option value=\"Termin ausmachen\">Lepi kokku kohtumine<\/option><\/select><\/span><br \/>\n<\/label><br \/>\n<label>Tervitus*<br \/>\n<span class=\"wpcf7-form-control-wrap\" data-name=\"anrede\"><select class=\"wpcf7-form-control wpcf7-select wpcf7-validates-as-required\" aria-required=\"true\" aria-invalid=\"false\" name=\"anrede\"><option value=\"Bitte w\u00e4hlen ...\">Palun valige ...<\/option><option value=\"Herr\">H\u00e4rra<\/option><option value=\"Frau\">Proua<\/option><option value=\"Keine Angabe\">Ei ole t\u00e4psustatud<\/option><\/select><\/span><br \/>\n<\/label><br \/>\n<label>Ettev\u00f5te<br \/>\n<span class=\"wpcf7-form-control-wrap\" data-name=\"firma\"><input size=\"40\" maxlength=\"400\" class=\"wpcf7-form-control wpcf7-text\" aria-invalid=\"false\" value=\"\" type=\"text\" name=\"firma\" \/><\/span><br \/>\n<\/label><br \/>\n<label>Eesnimi*<br \/>\n<span class=\"wpcf7-form-control-wrap\" data-name=\"vorname\"><input size=\"40\" maxlength=\"400\" class=\"wpcf7-form-control wpcf7-text wpcf7-validates-as-required\" autocomplete=\"given-name\" aria-required=\"true\" aria-invalid=\"false\" value=\"\" type=\"text\" name=\"vorname\" \/><\/span><br \/>\n<\/label><br \/>\n<label>Perekonnanimi*<br \/>\n<span class=\"wpcf7-form-control-wrap\" data-name=\"nachname\"><input size=\"40\" maxlength=\"400\" class=\"wpcf7-form-control wpcf7-text wpcf7-validates-as-required\" autocomplete=\"family-name\" aria-required=\"true\" aria-invalid=\"false\" value=\"\" type=\"text\" name=\"nachname\" \/><\/span><br \/>\n<\/label><br \/>\n<label>T\u00e4nav ja maja number*<br \/>\n<span class=\"wpcf7-form-control-wrap\" data-name=\"strasse\"><input size=\"40\" maxlength=\"400\" class=\"wpcf7-form-control wpcf7-text wpcf7-validates-as-required\" aria-required=\"true\" aria-invalid=\"false\" value=\"\" type=\"text\" name=\"strasse\" \/><\/span><br \/>\n<\/label><br \/>\n<label>Koht*<br \/>\n<span class=\"wpcf7-form-control-wrap\" data-name=\"ort\"><input size=\"40\" maxlength=\"400\" class=\"wpcf7-form-control wpcf7-text wpcf7-validates-as-required\" aria-required=\"true\" aria-invalid=\"false\" value=\"\" type=\"text\" name=\"ort\" \/><\/span><br \/>\n<\/label><br \/>\n<label>POSTKOOD*<br \/>\n<span class=\"wpcf7-form-control-wrap\" data-name=\"plz\"><input size=\"40\" maxlength=\"400\" class=\"wpcf7-form-control wpcf7-text wpcf7-validates-as-required\" aria-required=\"true\" aria-invalid=\"false\" value=\"\" type=\"text\" name=\"plz\" \/><\/span><br \/>\n<\/label><br \/>\n<label>Riik<br \/>\n<span class=\"wpcf7-form-control-wrap\" data-name=\"staat\"><input size=\"40\" maxlength=\"400\" class=\"wpcf7-form-control wpcf7-text\" aria-invalid=\"false\" value=\"\" type=\"text\" name=\"staat\" \/><\/span><br \/>\n<\/label><br \/>\n<label>Riik*<br \/>\n<span class=\"wpcf7-form-control-wrap\" data-name=\"land\"><select class=\"wpcf7-form-control wpcf7-select wpcf7-validates-as-required\" aria-required=\"true\" aria-invalid=\"false\" name=\"land\"><option value=\"Bitte w\u00e4hlen ...\">Palun valige ...<\/option><option value=\"Schweiz\">\u0160veits<\/option><option value=\"Deutschland\">Saksamaa<\/option><option value=\"\u00d6sterreich\">Austria<\/option><option value=\"Liechtenstein\">Liechtenstein<\/option><option value=\"\u00c4gypten\">Egiptus<\/option><option value=\"Albanien\">Albaania<\/option><option value=\"Algerien\">Al\u017eeeria<\/option><option value=\"Argentinien\">Argentina<\/option><option value=\"Australien\">Austraalia<\/option><option value=\"Bahrain\">Bahrein<\/option><option value=\"Bangladesch\">Bangladesh<\/option><option value=\"Belgien\">Belgia<\/option><option value=\"Bolivien\">Boliivia<\/option><option value=\"Bosnien und Herzegowina\">Bosnia ja Hertsegoviina<\/option><option value=\"Brasilien\">Brasiilia<\/option><option value=\"Bulgarien\">Bulgaaria<\/option><option value=\"Chile\">T\u0161iili<\/option><option value=\"China\">Hiina<\/option><option value=\"D\u00e4nemark\">Taani<\/option><option value=\"Ecuador\">Ecuador<\/option><option value=\"Estland\">Eesti<\/option><option value=\"\u00c4thiopien\">Etioopia<\/option><option value=\"Finnland\">Soome<\/option><option value=\"Frankreich\">Prantsusmaa<\/option><option value=\"Ghana\">Ghana<\/option><option value=\"Griechenland\">Kreeka<\/option><option value=\"Grossbritannien\">Suurbritannia<\/option><option value=\"Indien\">India<\/option><option value=\"Indonesien\">Indoneesia<\/option><option value=\"Irak\">Iraak<\/option><option value=\"Iran\">Iraan<\/option><option value=\"Irland\">Iirimaa<\/option><option value=\"Island\">Island<\/option><option value=\"Israel\">Iisrael<\/option><option value=\"Italien\">Itaalia<\/option><option value=\"Japan\">Jaapan<\/option><option value=\"Jordanien\">Jordaania<\/option><option value=\"Kanada\">Kanada<\/option><option value=\"Katar\">Katar<\/option><option value=\"Kenia\">Kenya<\/option><option value=\"Kolumbien\">Kolumbia<\/option><option value=\"Kosovo\">Kosovo<\/option><option value=\"Kroatien\">Horvaatia<\/option><option value=\"Kuwait\">Kuveit<\/option><option value=\"Lettland\">L\u00e4ti<\/option><option value=\"Libanon\">Liibanon<\/option><option value=\"Libyen\">Liib\u00fca<\/option><option value=\"Litauen\">Leedu<\/option><option value=\"Luxemburg\">Luksemburg<\/option><option value=\"Malaysia\">Malaisia<\/option><option value=\"Malta\">Malta<\/option><option value=\"Marokko\">Maroko<\/option><option value=\"Mexiko\">Mehhiko<\/option><option value=\"Moldau\">Moldova<\/option><option value=\"Montenegro\">Montenegro<\/option><option value=\"Neuseeland\">Uus-Meremaa<\/option><option value=\"Niederlande\">Madalmaad<\/option><option value=\"Nigeria\">Nigeeria<\/option><option value=\"Nordmazedonien\">P\u00f5hja-Makedoonia<\/option><option value=\"Norwegen\">Norra<\/option><option value=\"Oman\">Omaan<\/option><option value=\"Pakistan\">Pakistan<\/option><option value=\"Paraguay\">Paraguay<\/option><option value=\"Peru\">Peruu<\/option><option value=\"Philippinen\">Filipiinid<\/option><option value=\"Polen\">Poola<\/option><option value=\"Portugal\">Portugal<\/option><option value=\"Rum\u00e4nien\">Rumeenia<\/option><option value=\"Russland\">Venemaa<\/option><option value=\"Saudi-Arabien\">Saudi Araabia<\/option><option value=\"Schweden\">Rootsi<\/option><option value=\"Serbien\">Serbia<\/option><option value=\"Singapur\">Singapur<\/option><option value=\"Slowakei\">Slovakkia<\/option><option value=\"Slowenien\">Sloveenia<\/option><option value=\"Spanien\">Hispaania<\/option><option value=\"Sri Lanka\">Sri Lanka<\/option><option value=\"S\u00fcdafrika\">L\u00f5una-Aafrika Vabariik<\/option><option value=\"S\u00fcdkorea\">L\u00f5una-Korea<\/option><option value=\"Syrien\">S\u00fc\u00fcria<\/option><option value=\"Thailand\">Tai<\/option><option value=\"Tschechien\">T\u0161ehhi Vabariik<\/option><option value=\"Tunesien\">Tuneesia<\/option><option value=\"T\u00fcrkei\">T\u00fcrgi<\/option><option value=\"Ukraine\">Ukraina<\/option><option value=\"Ungarn\">Ungari<\/option><option value=\"Uruguay\">Uruguay<\/option><option value=\"USA\">USA<\/option><option value=\"Venezuela\">Venezuela<\/option><option value=\"Vereinigte Arabische Emirate\">Araabia \u00dchendemiraadid<\/option><option value=\"Vietnam\">Vietnam<\/option><option value=\"Weissrussland\">Valgevene<\/option><option value=\"Jemen\">Jeemen<\/option><option value=\"Zypern\">K\u00fcpros<\/option><option value=\"Anderes Land\">Muu riik<\/option><\/select><\/span><br \/>\n<\/label><br \/>\n<label>Telefon*<br \/>\n<span class=\"wpcf7-form-control-wrap\" data-name=\"telefon\"><input size=\"40\" maxlength=\"400\" class=\"wpcf7-form-control wpcf7-tel wpcf7-validates-as-required wpcf7-text wpcf7-validates-as-tel\" autocomplete=\"tel\" aria-required=\"true\" aria-invalid=\"false\" value=\"\" type=\"tel\" name=\"telefon\" \/><\/span><br \/>\n<\/label><br \/>\n<label>E-post*<br \/>\n<span class=\"wpcf7-form-control-wrap\" data-name=\"email\"><input size=\"40\" maxlength=\"400\" class=\"wpcf7-form-control wpcf7-email wpcf7-validates-as-required wpcf7-text wpcf7-validates-as-email\" autocomplete=\"email\" aria-required=\"true\" aria-invalid=\"false\" value=\"\" type=\"email\" name=\"email\" \/><\/span><br \/>\n<\/label><br \/>\n<label>M\u00e4rkused<br \/>\n<span class=\"wpcf7-form-control-wrap\" data-name=\"bemerkungen\"><textarea cols=\"40\" rows=\"10\" maxlength=\"2000\" class=\"wpcf7-form-control wpcf7-textarea\" aria-invalid=\"false\" name=\"bemerkungen\"><\/textarea><\/span><br \/>\n<\/label><br \/>\n<span class=\"wpcf7-form-control-wrap\" data-name=\"datenschutz\"><span class=\"wpcf7-form-control wpcf7-acceptance\"><span class=\"wpcf7-list-item\"><label><input type=\"checkbox\" name=\"datenschutz\" value=\"1\" aria-invalid=\"false\" \/><span class=\"wpcf7-list-item-label\">Annan n\u00f5usoleku, et minu andmeid kasutatakse kontaktide v\u00f5tmiseks ja n\u00f5ustamiseks.<\/span><\/label><\/span><\/span><\/span><br \/>\n<span id=\"wpcf7-6a04b82673716-wrapper\" class=\"wpcf7-form-control-wrap honeypot-577-wrap\" style=\"display:none !important; visibility:hidden !important;\"><label for=\"wpcf7-6a04b82673716-field\" class=\"hp-message\">Bitte lasse dieses Feld leer.<\/label><input id=\"wpcf7-6a04b82673716-field\"  class=\"wpcf7-form-control wpcf7-text\" type=\"text\" name=\"honeypot-577\" value=\"\" size=\"40\" tabindex=\"-1\" autocomplete=\"new-password\" \/><\/span><br \/>\n<input class=\"wpcf7-form-control wpcf7-submit has-spinner\" type=\"submit\" value=\"Saada p\u00e4ring\" \/>\n<\/p><div class=\"wpcf7-response-output\" aria-hidden=\"true\"><\/div>\n<input type=\"hidden\" name=\"trp-form-language\" value=\"et\"\/><\/form>\n<\/div>\n<\/div>\n\t\t\t\t\t\t<\/div>\n\t\t\t\t<\/div>\n\t\t\t\t<\/div>\n\t\t\t\t<\/div>\n\t\t\t\t<\/div>","protected":false},"excerpt":{"rendered":"<p>Machen Sie den ersten Schritt! Fordern Sie jetzt eine unverbindliche Beratung an und erfahren Sie, wie die GIGER\u00ae MD\u00ae Therapie auch Ihnen und Ihren Liebsten weiterhelfen kann. F\u00fcllen Sie einfach das Formular aus und wir melden uns bei Ihnen.<\/p>","protected":false},"author":1,"featured_media":0,"parent":0,"menu_order":0,"comment_status":"closed","ping_status":"closed","template":"","meta":{"inline_featured_image":false,"footnotes":""},"class_list":["post-11","page","type-page","status-publish","hentry"],"_links":{"self":[{"href":"https:\/\/cp-hotline.com\/et\/wp-json\/wp\/v2\/pages\/11","targetHints":{"allow":["GET"]}}],"collection":[{"href":"https:\/\/cp-hotline.com\/et\/wp-json\/wp\/v2\/pages"}],"about":[{"href":"https:\/\/cp-hotline.com\/et\/wp-json\/wp\/v2\/types\/page"}],"author":[{"embeddable":true,"href":"https:\/\/cp-hotline.com\/et\/wp-json\/wp\/v2\/users\/1"}],"replies":[{"embeddable":true,"href":"https:\/\/cp-hotline.com\/et\/wp-json\/wp\/v2\/comments?post=11"}],"version-history":[{"count":6,"href":"https:\/\/cp-hotline.com\/et\/wp-json\/wp\/v2\/pages\/11\/revisions"}],"predecessor-version":[{"id":66041,"href":"https:\/\/cp-hotline.com\/et\/wp-json\/wp\/v2\/pages\/11\/revisions\/66041"}],"wp:attachment":[{"href":"https:\/\/cp-hotline.com\/et\/wp-json\/wp\/v2\/media?parent=11"}],"curies":[{"name":"wp","href":"https:\/\/api.w.org\/{rel}","templated":true}]}}