{"id":514,"date":"2016-04-21T15:03:54","date_gmt":"2016-04-21T13:03:54","guid":{"rendered":"http:\/\/www.gigermd.com\/?page_id=514"},"modified":"2026-03-09T08:49:48","modified_gmt":"2026-03-09T07:49:48","slug":"agb-copyright","status":"publish","type":"page","link":"https:\/\/cp-hotline.com\/fi\/agb-copyright\/","title":{"rendered":"AGB\/Copyight"},"content":{"rendered":"<div data-elementor-type=\"wp-page\" data-elementor-id=\"514\" class=\"elementor elementor-514\" data-elementor-post-type=\"page\">\n\t\t\t\t<div class=\"elementor-element elementor-element-7eaeaa5e e-flex e-con-boxed e-con e-parent\" data-id=\"7eaeaa5e\" data-element_type=\"container\" data-e-type=\"container\" data-settings=\"{&quot;background_background&quot;:&quot;classic&quot;}\">\n\t\t\t\t\t<div class=\"e-con-inner\">\n\t\t<div class=\"elementor-element elementor-element-a5166d2 e-con-full e-flex e-con e-child\" data-id=\"a5166d2\" data-element_type=\"container\" data-e-type=\"container\">\n\t\t\t\t<div class=\"elementor-element elementor-element-1f809b6 elementor-widget elementor-widget-heading\" data-id=\"1f809b6\" data-element_type=\"widget\" data-e-type=\"widget\" data-widget_type=\"heading.default\">\n\t\t\t\t\t<h2 class=\"elementor-heading-title elementor-size-default\">Yleiset ehdot<\/h2>\t\t\t\t<\/div>\n\t\t\t\t<div class=\"elementor-element elementor-element-c31b970 elementor-widget elementor-widget-heading\" data-id=\"c31b970\" data-element_type=\"widget\" data-e-type=\"widget\" data-widget_type=\"heading.default\">\n\t\t\t\t\t<h3 class=\"elementor-heading-title elementor-size-default\">Combo AG, L\u00e4\u00e4ketieteellinen teknologia GIGER MD\u00ae<\/h3>\t\t\t\t<\/div>\n\t\t\t\t<div class=\"elementor-element elementor-element-126b634 elementor-widget elementor-widget-text-editor\" data-id=\"126b634\" data-element_type=\"widget\" data-e-type=\"widget\" data-widget_type=\"text-editor.default\">\n\t\t\t\t\t\t\t\t\t<h5>Ehdot ja edellytykset<\/h5><p>Seuraavat ehdot koskevat yksinomaan Combo AG:n ja asiakkaan v\u00e4lisi\u00e4 liiketoimia. Ne ovat joka tapauksessa etusijalla muihin asiakkaan l\u00e4hett\u00e4miin tai asiakkaan asiakirjoihin sis\u00e4ltyviin ehtoihin n\u00e4hden.<\/p><h5>Hinnat<\/h5><p>Ellei toisin mainita, kaikki hinnat ilmaistaan Sveitsin frangeina. Ne ilmoitetaan yleens\u00e4 arvonlis\u00e4veroineen kotimaan toimituksissa ja ilman arvonlis\u00e4veroa ulkomaan toimituksissa. Kaikki hinnat ovat ohjehintoja, ja vain viimeisin tarjous on voimassa 30 p\u00e4iv\u00e4n ajan tai ellei tarjouksessa toisin mainita, ellei kirjoitus-, paino- tai laskuvirheit\u00e4 ole.<\/p><h5>Toimitukset<\/h5><p>Postimaksu ja pakkaus ovat maksuttomia terapiainstrumenttien kotimaan toimituksissa. Ulkomaille toimitettaessa veloitetaan vain postikulut. Combo AG:t\u00e4 vastaan ei voida esitt\u00e4\u00e4 vahingonkorvausvaatimuksia voitonmenetyksest\u00e4, liiketoiminnan keskeytymisest\u00e4 tai muusta taloudellisesta menetyksest\u00e4 viiv\u00e4styneiden toimitusten vuoksi.<\/p><h5>Maksutavat<\/h5><p>Ulkomailta tulevien asiakkaiden tilaukset toteutetaan vain, jos maksettava summa on siirretty tilillemme etuk\u00e4teen.<\/p><h5>Takuuehdot<\/h5><p>Combo AG sitoutuu korjaamaan kaikki virheet, jotka johtuvat materiaali- tai valmistusvirheist\u00e4. Takuu kattaa laitteen maksuttoman korjauksen tai viallisten osien maksuttoman vaihdon. Takuun peruuttamista, hinnanalennusta, laitteen vaihtamista ja kustannusten korvaamista koskevat vaatimukset, jos kolmas osapuoli korjaa vahingon ilman kirjallista suostumustamme, sek\u00e4 vahingonkorvausvaatimukset, jotka ylitt\u00e4v\u00e4t viallisen osan vaihtamisen, ovat poissuljettuja.<\/p><p>Asiakkaan matka- ja toimituskulut laskutetaan.<\/p><p>Combo AG:n lasku tai toimituskirja, johon on merkitt\u00e4v\u00e4 ostop\u00e4iv\u00e4m\u00e4\u00e4r\u00e4 ja malli, toimii todisteena takuuvaatimuksesta.<\/p><p>Takuu ei koske osia, jotka ovat alttiita luonnolliselle kulumiselle tai vioille, jotka johtuvat virheellisest\u00e4 toiminnasta tai k\u00e4yt\u00f6st\u00e4, kuten vuokrauksesta tai ulkoisista vaikutuksista.\u00a0<strong>K\u00e4ytt\u00e4j\u00e4 on lis\u00e4ksi velvollinen suorittamaan kaikille liikkuville osille, ruuveille ja niiteille asianmukaisen kulumistestin s\u00e4\u00e4nn\u00f6llisesti viikon v\u00e4lein; t\u00e4m\u00e4n laiminly\u00f6nnin seurauksena kaikki v\u00e4lillisten vahinkojen korjaamista koskevat vaatimukset raukeavat.<\/strong>.<\/p><p>Jos korjaukset tai korjausyritykset suorittaa joku muu kuin Combo AG, takuuvaatimus raukeaa.<\/p><p>Combo AG my\u00f6nt\u00e4\u00e4 24 kuukauden takuun - my\u00f6s kaupalliseen k\u00e4ytt\u00f6\u00f6n (paitsi GIGER MD\u00ae Combofit) - laskettuna uuden laitteen toimitusp\u00e4iv\u00e4st\u00e4.<\/p><h5>Ostokohteen asianmukainen k\u00e4ytt\u00f6<\/h5><p>Jos toimitusasiakirjoissa ei nimenomaisesti mainita, ett\u00e4 laite on tarkoitettu \u201eammattik\u00e4ytt\u00e4jille\u201c, ja n\u00e4in ollen julkinen hoitolupa on johdonmukainen laitteen kanssa, kyseess\u00e4 on vain yksityinen lupa hoitolaitteen k\u00e4ytt\u00f6\u00f6n yksityisk\u00e4ytt\u00f6\u00f6n. Laitteen kaupallinen k\u00e4ytt\u00f6 on t\u00e4ss\u00e4 tapauksessa kielletty, koska potilaiden kaupallinen hoito edellytt\u00e4\u00e4 aina valmistajan antamaa asianmukaista koulutusta ja ammattimaisia laitteita.<\/p><p>Lis\u00e4ksi t\u00e4m\u00e4 lisenssi kielt\u00e4\u00e4 tiukasti lisenssinsaajaa tekem\u00e4st\u00e4 GIGER MD\u00ae -laitteisiin mit\u00e4\u00e4n muutoksia ilman lisenssinantajan kirjallista suostumusta.<\/p><p>Ellei toisin ole kirjallisesti sovittu, ostajalle my\u00f6nnetty lisenssi on EI-yksinomainen, EI-siirrett\u00e4viss\u00e4 oleva lisenssi, eik\u00e4 lisenssinsaaja saa tehd\u00e4 muutoksia GIGER MD -terapialaitteeseen.<\/p><h5>Ohjelmistotuote, taitotieto<\/h5><p>GIGER MD\u00ae -laitteiden ohjelmistoa ja taitotietoa saa k\u00e4ytt\u00e4\u00e4 vain asianomaisen lisenssisopimuksen puitteissa.<\/p><h5>Vastuuvapauslauseke<\/h5><p>Combo AG pid\u00e4tt\u00e4\u00e4 oikeuden luopua kaikesta vastuusta, jos k\u00e4ytt\u00f6ohjeita ja yleisi\u00e4 ohjeita ei noudateta tai jos GIGER MD\u00ae -laitteita k\u00e4ytet\u00e4\u00e4n v\u00e4\u00e4rin.<\/p><h5>Sovellettava laki, oikeuspaikka ja muutokset<\/h5><p>T\u00e4h\u00e4n sopimukseen tai ilmoitukseen sovelletaan yksinomaan Sveitsin lakia. T\u00e4yt\u00e4nt\u00f6\u00f6npanopaikka ja yksinomainen oikeuspaikka kaikissa t\u00e4h\u00e4n sopimukseen tai julistukseen liittyviss\u00e4 riita-asioissa on Combo AG:n rekister\u00f6ity toimipaikka. T\u00e4m\u00e4 yritys on kuitenkin oikeutettu my\u00f6s ajamaan oikeuksiaan asiakkaan kotipaikassa tai muussa toimivaltaisessa viranomaisessa ja valitsemaan my\u00f6s sovellettavan kansallisen lain. Kaikki n\u00e4it\u00e4 yleisi\u00e4 sopimusehtoja koskevat muutokset on teht\u00e4v\u00e4 kirjallisesti.<\/p><h5>Verkkosivuston yll\u00e4pito<\/h5><p>Verkkosivuston yll\u00e4pito WordPress suoritetaan Codemenschen Gmbh:n toimesta.<\/p><p>WordPress kehitt\u00e4minen Codemenschen Gmbh:n toimesta<\/p><p>Riitojenratkaisu: Emme ole halukkaita tai velvollisia osallistumaan riitojenratkaisumenettelyyn kuluttajasovittelulautakunnassa.<\/p><h5>Tekij\u00e4noikeustiedot<\/h5><p>Tekij\u00e4noikeus \u00a9 2026 Combo AG - CH-Lommiswil<\/p><p>GIGER MD\u00ae, GIGERMD\u00ae, GIGER\u00ae on rekister\u00f6ity tavaramerkki.<\/p><p>CAPM \u00a9<\/p><p>Copyright \u00a9 1992\/2026 Kaikki oikeudet pid\u00e4tet\u00e4\u00e4n.<\/p><p>Erityisesti tekij\u00e4noikeuslains\u00e4\u00e4d\u00e4nt\u00f6 ja ep\u00e4terveen kilpailun vastainen laki.<\/p><p>Int. patentti USA:n patentti.<\/p><p>N\u00e4iden oikeuksien rikkomisesta nostetaan siviili- ja rikosoikeudellisia syytteit\u00e4.<\/p>\t\t\t\t\t\t\t\t<\/div>\n\t\t\t\t<\/div>\n\t\t\t\t\t<\/div>\n\t\t\t\t<\/div>\n\t\t\t\t<\/div>","protected":false},"excerpt":{"rendered":"<p>Allgemeine Gesch\u00e4ftsbedingungen Combo AG, Medizintechnik GIGER MD\u00ae Konditionen F\u00fcr den Gesch\u00e4ftsverkehr zwischen der Combo AG und dem Besteller gelten ausschliesslich die nachstehenden Bedingungen. Sie gehen anderslautenden Konditionen, die vom Besteller \u00fcbersandt wurden oder sich auf dessen Schriftst\u00fcck befinden, in jedem Falle vor. Preise S\u00e4mtliche Preise sind, wo nicht anders angegeben, in Schweizer Franken ausgedr\u00fcckt. Sie [&hellip;]<\/p>\n","protected":false},"author":1,"featured_media":0,"parent":0,"menu_order":0,"comment_status":"closed","ping_status":"closed","template":"","meta":{"inline_featured_image":false,"footnotes":""},"class_list":["post-514","page","type-page","status-publish","hentry"],"_links":{"self":[{"href":"https:\/\/cp-hotline.com\/fi\/wp-json\/wp\/v2\/pages\/514","targetHints":{"allow":["GET"]}}],"collection":[{"href":"https:\/\/cp-hotline.com\/fi\/wp-json\/wp\/v2\/pages"}],"about":[{"href":"https:\/\/cp-hotline.com\/fi\/wp-json\/wp\/v2\/types\/page"}],"author":[{"embeddable":true,"href":"https:\/\/cp-hotline.com\/fi\/wp-json\/wp\/v2\/users\/1"}],"replies":[{"embeddable":true,"href":"https:\/\/cp-hotline.com\/fi\/wp-json\/wp\/v2\/comments?post=514"}],"version-history":[{"count":12,"href":"https:\/\/cp-hotline.com\/fi\/wp-json\/wp\/v2\/pages\/514\/revisions"}],"predecessor-version":[{"id":66746,"href":"https:\/\/cp-hotline.com\/fi\/wp-json\/wp\/v2\/pages\/514\/revisions\/66746"}],"wp:attachment":[{"href":"https:\/\/cp-hotline.com\/fi\/wp-json\/wp\/v2\/media?parent=514"}],"curies":[{"name":"wp","href":"https:\/\/api.w.org\/{rel}","templated":true}]}}