{"id":11,"date":"2016-03-23T13:36:44","date_gmt":"2016-03-23T13:36:44","guid":{"rendered":"http:\/\/gigermdneu.malta2956.startdedicated.de\/?page_id=11"},"modified":"2026-05-12T19:08:11","modified_gmt":"2026-05-12T17:08:11","slug":"contact-2","status":"publish","type":"page","link":"https:\/\/cp-hotline.com\/fr\/kontakt\/","title":{"rendered":"Contact"},"content":{"rendered":"<div data-elementor-type=\"wp-page\" data-elementor-id=\"11\" class=\"elementor elementor-11\" data-elementor-post-type=\"page\">\n\t\t\t\t<div class=\"elementor-element elementor-element-2255f7e5 e-con-full e-flex e-con e-parent\" data-id=\"2255f7e5\" data-element_type=\"container\" data-e-type=\"container\" data-settings=\"{&quot;background_background&quot;:&quot;classic&quot;}\">\n\t\t<div class=\"elementor-element elementor-element-fbbf3ab e-con-full e-flex e-con e-child\" data-id=\"fbbf3ab\" data-element_type=\"container\" data-e-type=\"container\" data-settings=\"{&quot;background_background&quot;:&quot;classic&quot;}\">\n\t\t<div class=\"elementor-element elementor-element-d51c5d9 e-con-full e-flex e-con e-child\" data-id=\"d51c5d9\" data-element_type=\"container\" data-e-type=\"container\" data-settings=\"{&quot;background_background&quot;:&quot;classic&quot;}\">\n\t\t\t\t<div class=\"elementor-element elementor-element-eacb101 elementor-widget elementor-widget-heading\" data-id=\"eacb101\" data-element_type=\"widget\" data-e-type=\"widget\" data-widget_type=\"heading.default\">\n\t\t\t\t\t<h2 class=\"elementor-heading-title elementor-size-default\">Faites le premier pas !<\/h2>\t\t\t\t<\/div>\n\t\t\t\t<div class=\"elementor-element elementor-element-b8b4934 elementor-widget elementor-widget-text-editor\" data-id=\"b8b4934\" data-element_type=\"widget\" data-e-type=\"widget\" data-widget_type=\"text-editor.default\">\n\t\t\t\t\t\t\t\t\t<p style=\"text-align: center;\">Demandez d\u00e8s maintenant une consultation sans engagement et d\u00e9couvrez comment la th\u00e9rapie GIGER\u00ae MD\u00ae peut \u00e9galement vous aider, vous et vos proches. Remplissez simplement le formulaire et nous vous contacterons.<\/p>\t\t\t\t\t\t\t\t<\/div>\n\t\t\t\t<div class=\"elementor-element elementor-element-8d9a1cb elementor-widget__width-inherit ph-contact-form elementor-widget elementor-widget-shortcode\" data-id=\"8d9a1cb\" data-element_type=\"widget\" data-e-type=\"widget\" data-widget_type=\"shortcode.default\">\n\t\t\t\t\t\t\t<div class=\"elementor-shortcode\">\n<div class=\"wpcf7 no-js\" id=\"wpcf7-f335-o1\" lang=\"de-DE\" dir=\"ltr\" data-wpcf7-id=\"335\">\n<div class=\"screen-reader-response\"><p role=\"status\" aria-live=\"polite\" aria-atomic=\"true\"><\/p> <ul><\/ul><\/div>\n<form action=\"\/fr\/wp-json\/wp\/v2\/pages\/11#wpcf7-f335-o1\" method=\"post\" class=\"wpcf7-form init\" aria-label=\"Kontaktformular\" novalidate=\"novalidate\" data-status=\"init\" data-trp-original-action=\"\/fr\/wp-json\/wp\/v2\/pages\/11#wpcf7-f335-o1\">\n<fieldset class=\"hidden-fields-container\"><input type=\"hidden\" name=\"_wpcf7\" value=\"335\" \/><input type=\"hidden\" name=\"_wpcf7_version\" value=\"6.1.5\" \/><input type=\"hidden\" name=\"_wpcf7_locale\" value=\"de_DE\" \/><input type=\"hidden\" name=\"_wpcf7_unit_tag\" value=\"wpcf7-f335-o1\" \/><input type=\"hidden\" name=\"_wpcf7_container_post\" value=\"0\" \/><input type=\"hidden\" name=\"_wpcf7_posted_data_hash\" value=\"\" \/>\n<\/fieldset>\n<p><label>Que pouvons-nous faire pour vous ?<br \/>\n<span class=\"wpcf7-form-control-wrap\" data-name=\"anliegen\"><select class=\"wpcf7-form-control wpcf7-select wpcf7-validates-as-required\" aria-required=\"true\" aria-invalid=\"false\" name=\"anliegen\"><option value=\"Informationsmaterialien erhalten\">Recevoir du mat\u00e9riel d'information<\/option><option value=\"Termin ausmachen\">Prendre rendez-vous<\/option><\/select><\/span><br \/>\n<\/label><br \/>\n<label>Formule de politesse*<br \/>\n<span class=\"wpcf7-form-control-wrap\" data-name=\"anrede\"><select class=\"wpcf7-form-control wpcf7-select wpcf7-validates-as-required\" aria-required=\"true\" aria-invalid=\"false\" name=\"anrede\"><option value=\"Bitte w\u00e4hlen ...\">Veuillez choisir ...<\/option><option value=\"Herr\">Monsieur<\/option><option value=\"Frau\">Mme<\/option><option value=\"Keine Angabe\">Aucune indication<\/option><\/select><\/span><br \/>\n<\/label><br \/>\n<label>Soci\u00e9t\u00e9<br \/>\n<span class=\"wpcf7-form-control-wrap\" data-name=\"firma\"><input size=\"40\" maxlength=\"400\" class=\"wpcf7-form-control wpcf7-text\" aria-invalid=\"false\" value=\"\" type=\"text\" name=\"firma\" \/><\/span><br \/>\n<\/label><br \/>\n<label>Pr\u00e9nom*<br \/>\n<span class=\"wpcf7-form-control-wrap\" data-name=\"vorname\"><input size=\"40\" maxlength=\"400\" class=\"wpcf7-form-control wpcf7-text wpcf7-validates-as-required\" autocomplete=\"given-name\" aria-required=\"true\" aria-invalid=\"false\" value=\"\" type=\"text\" name=\"vorname\" \/><\/span><br \/>\n<\/label><br \/>\n<label>Nom de famille*<br \/>\n<span class=\"wpcf7-form-control-wrap\" data-name=\"nachname\"><input size=\"40\" maxlength=\"400\" class=\"wpcf7-form-control wpcf7-text wpcf7-validates-as-required\" autocomplete=\"family-name\" aria-required=\"true\" aria-invalid=\"false\" value=\"\" type=\"text\" name=\"nachname\" \/><\/span><br \/>\n<\/label><br \/>\n<label>Rue et num\u00e9ro*.<br \/>\n<span class=\"wpcf7-form-control-wrap\" data-name=\"strasse\"><input size=\"40\" maxlength=\"400\" class=\"wpcf7-form-control wpcf7-text wpcf7-validates-as-required\" aria-required=\"true\" aria-invalid=\"false\" value=\"\" type=\"text\" name=\"strasse\" \/><\/span><br \/>\n<\/label><br \/>\n<label>Lieu*<br \/>\n<span class=\"wpcf7-form-control-wrap\" data-name=\"ort\"><input size=\"40\" maxlength=\"400\" class=\"wpcf7-form-control wpcf7-text wpcf7-validates-as-required\" aria-required=\"true\" aria-invalid=\"false\" value=\"\" type=\"text\" name=\"ort\" \/><\/span><br \/>\n<\/label><br \/>\n<label>CODE POSTAL<br \/>\n<span class=\"wpcf7-form-control-wrap\" data-name=\"plz\"><input size=\"40\" maxlength=\"400\" class=\"wpcf7-form-control wpcf7-text wpcf7-validates-as-required\" aria-required=\"true\" aria-invalid=\"false\" value=\"\" type=\"text\" name=\"plz\" \/><\/span><br \/>\n<\/label><br \/>\n<label>\u00c9tat<br \/>\n<span class=\"wpcf7-form-control-wrap\" data-name=\"staat\"><input size=\"40\" maxlength=\"400\" class=\"wpcf7-form-control wpcf7-text\" aria-invalid=\"false\" value=\"\" type=\"text\" name=\"staat\" \/><\/span><br \/>\n<\/label><br \/>\n<label>Pays*<br \/>\n<span class=\"wpcf7-form-control-wrap\" data-name=\"land\"><select class=\"wpcf7-form-control wpcf7-select wpcf7-validates-as-required\" aria-required=\"true\" aria-invalid=\"false\" name=\"land\"><option value=\"Bitte w\u00e4hlen ...\">Veuillez choisir ...<\/option><option value=\"Schweiz\">Suisse<\/option><option value=\"Deutschland\">Allemagne<\/option><option value=\"\u00d6sterreich\">Autriche<\/option><option value=\"Liechtenstein\">Liechtenstein<\/option><option value=\"\u00c4gypten\">\u00c9gypte<\/option><option value=\"Albanien\">Albanie<\/option><option value=\"Algerien\">Alg\u00e9rie<\/option><option value=\"Argentinien\">Argentine<\/option><option value=\"Australien\">Australie<\/option><option value=\"Bahrain\">Bahre\u00efn<\/option><option value=\"Bangladesch\">Bangladesh<\/option><option value=\"Belgien\">Belgique<\/option><option value=\"Bolivien\">Bolivie<\/option><option value=\"Bosnien und Herzegowina\">Bosnie-Herz\u00e9govine<\/option><option value=\"Brasilien\">Br\u00e9sil<\/option><option value=\"Bulgarien\">Bulgarie<\/option><option value=\"Chile\">Chili<\/option><option value=\"China\">Chine<\/option><option value=\"D\u00e4nemark\">Danemark<\/option><option value=\"Ecuador\">\u00c9quateur<\/option><option value=\"Estland\">Estonie<\/option><option value=\"\u00c4thiopien\">\u00c9thiopie<\/option><option value=\"Finnland\">Finlande<\/option><option value=\"Frankreich\">France<\/option><option value=\"Ghana\">Ghana<\/option><option value=\"Griechenland\">Gr\u00e8ce<\/option><option value=\"Grossbritannien\">Grande-Bretagne<\/option><option value=\"Indien\">Inde<\/option><option value=\"Indonesien\">Indon\u00e9sie<\/option><option value=\"Irak\">Irak<\/option><option value=\"Iran\">Iran<\/option><option value=\"Irland\">Irlande<\/option><option value=\"Island\">Islande<\/option><option value=\"Israel\">Isra\u00ebl<\/option><option value=\"Italien\">Italie<\/option><option value=\"Japan\">Japon<\/option><option value=\"Jordanien\">Jordanie<\/option><option value=\"Kanada\">Canada<\/option><option value=\"Katar\">Qatar<\/option><option value=\"Kenia\">Kenya<\/option><option value=\"Kolumbien\">Colombie<\/option><option value=\"Kosovo\">Kosovo<\/option><option value=\"Kroatien\">Croatie<\/option><option value=\"Kuwait\">Kowe\u00eft<\/option><option value=\"Lettland\">Lettonie<\/option><option value=\"Libanon\">Liban<\/option><option value=\"Libyen\">Libye<\/option><option value=\"Litauen\">Lituanie<\/option><option value=\"Luxemburg\">Luxembourg<\/option><option value=\"Malaysia\">Malaisie<\/option><option value=\"Malta\">Malte<\/option><option value=\"Marokko\">Maroc<\/option><option value=\"Mexiko\">Mexique<\/option><option value=\"Moldau\">Moldavie<\/option><option value=\"Montenegro\">Mont\u00e9n\u00e9gro<\/option><option value=\"Neuseeland\">Nouvelle-Z\u00e9lande<\/option><option value=\"Niederlande\">Pays-Bas<\/option><option value=\"Nigeria\">Nigeria<\/option><option value=\"Nordmazedonien\">Mac\u00e9doine du Nord<\/option><option value=\"Norwegen\">Norv\u00e8ge<\/option><option value=\"Oman\">Oman<\/option><option value=\"Pakistan\">Pakistan<\/option><option value=\"Paraguay\">Paraguay<\/option><option value=\"Peru\">P\u00e9rou<\/option><option value=\"Philippinen\">Philippines<\/option><option value=\"Polen\">Pologne<\/option><option value=\"Portugal\">Portugal<\/option><option value=\"Rum\u00e4nien\">Roumanie<\/option><option value=\"Russland\">Russie<\/option><option value=\"Saudi-Arabien\">Arabie saoudite<\/option><option value=\"Schweden\">Su\u00e8de<\/option><option value=\"Serbien\">Serbie<\/option><option value=\"Singapur\">Singapour<\/option><option value=\"Slowakei\">Slovaquie<\/option><option value=\"Slowenien\">Slov\u00e9nie<\/option><option value=\"Spanien\">Espagne<\/option><option value=\"Sri Lanka\">Sri Lanka<\/option><option value=\"S\u00fcdafrika\">Afrique du Sud<\/option><option value=\"S\u00fcdkorea\">Cor\u00e9e du Sud<\/option><option value=\"Syrien\">Syrie<\/option><option value=\"Thailand\">Tha\u00eflande<\/option><option value=\"Tschechien\">R\u00e9publique tch\u00e8que<\/option><option value=\"Tunesien\">Tunisie<\/option><option value=\"T\u00fcrkei\">Turquie<\/option><option value=\"Ukraine\">Ukraine<\/option><option value=\"Ungarn\">Hongrie<\/option><option value=\"Uruguay\">Uruguay<\/option><option value=\"USA\">\u00c9TATS-UNIS<\/option><option value=\"Venezuela\">Venezuela<\/option><option value=\"Vereinigte Arabische Emirate\">\u00c9mirats arabes unis<\/option><option value=\"Vietnam\">Vietnam<\/option><option value=\"Weissrussland\">Bi\u00e9lorussie<\/option><option value=\"Jemen\">Y\u00e9men<\/option><option value=\"Zypern\">Chypre<\/option><option value=\"Anderes Land\">Autre pays<\/option><\/select><\/span><br \/>\n<\/label><br \/>\n<label>T\u00e9l\u00e9phone*<br \/>\n<span class=\"wpcf7-form-control-wrap\" data-name=\"telefon\"><input size=\"40\" maxlength=\"400\" class=\"wpcf7-form-control wpcf7-tel wpcf7-validates-as-required wpcf7-text wpcf7-validates-as-tel\" autocomplete=\"tel\" aria-required=\"true\" aria-invalid=\"false\" value=\"\" type=\"tel\" name=\"telefon\" \/><\/span><br \/>\n<\/label><br \/>\n<label>E-mail*<br \/>\n<span class=\"wpcf7-form-control-wrap\" data-name=\"email\"><input size=\"40\" maxlength=\"400\" class=\"wpcf7-form-control wpcf7-email wpcf7-validates-as-required wpcf7-text wpcf7-validates-as-email\" autocomplete=\"email\" aria-required=\"true\" aria-invalid=\"false\" value=\"\" type=\"email\" name=\"email\" \/><\/span><br \/>\n<\/label><br \/>\n<label>Remarques<br \/>\n<span class=\"wpcf7-form-control-wrap\" data-name=\"bemerkungen\"><textarea cols=\"40\" rows=\"10\" maxlength=\"2000\" class=\"wpcf7-form-control wpcf7-textarea\" aria-invalid=\"false\" name=\"bemerkungen\"><\/textarea><\/span><br \/>\n<\/label><br \/>\n<span class=\"wpcf7-form-control-wrap\" data-name=\"datenschutz\"><span class=\"wpcf7-form-control wpcf7-acceptance\"><span class=\"wpcf7-list-item\"><label><input type=\"checkbox\" name=\"datenschutz\" value=\"1\" aria-invalid=\"false\" \/><span class=\"wpcf7-list-item-label\">J'accepte que mes coordonn\u00e9es soient utilis\u00e9es pour me contacter et me conseiller.<\/span><\/label><\/span><\/span><\/span><br \/>\n<span id=\"wpcf7-6a04b8463ca78-wrapper\" class=\"wpcf7-form-control-wrap honeypot-577-wrap\" style=\"display:none !important; visibility:hidden !important;\"><label for=\"wpcf7-6a04b8463ca78-field\" class=\"hp-message\">Bitte lasse dieses Feld leer.<\/label><input id=\"wpcf7-6a04b8463ca78-field\"  class=\"wpcf7-form-control wpcf7-text\" type=\"text\" name=\"honeypot-577\" value=\"\" size=\"40\" tabindex=\"-1\" autocomplete=\"new-password\" \/><\/span><br \/>\n<input class=\"wpcf7-form-control wpcf7-submit has-spinner\" type=\"submit\" value=\"Envoyer la demande\" \/>\n<\/p><div class=\"wpcf7-response-output\" aria-hidden=\"true\"><\/div>\n<input type=\"hidden\" name=\"trp-form-language\" value=\"fr\"\/><\/form>\n<\/div>\n<\/div>\n\t\t\t\t\t\t<\/div>\n\t\t\t\t<\/div>\n\t\t\t\t<\/div>\n\t\t\t\t<\/div>\n\t\t\t\t<\/div>","protected":false},"excerpt":{"rendered":"<p>Machen Sie den ersten Schritt! Fordern Sie jetzt eine unverbindliche Beratung an und erfahren Sie, wie die GIGER\u00ae MD\u00ae Therapie auch Ihnen und Ihren Liebsten weiterhelfen kann. F\u00fcllen Sie einfach das Formular aus und wir melden uns bei Ihnen.<\/p>","protected":false},"author":1,"featured_media":0,"parent":0,"menu_order":0,"comment_status":"closed","ping_status":"closed","template":"","meta":{"inline_featured_image":false,"footnotes":""},"class_list":["post-11","page","type-page","status-publish","hentry"],"_links":{"self":[{"href":"https:\/\/cp-hotline.com\/fr\/wp-json\/wp\/v2\/pages\/11","targetHints":{"allow":["GET"]}}],"collection":[{"href":"https:\/\/cp-hotline.com\/fr\/wp-json\/wp\/v2\/pages"}],"about":[{"href":"https:\/\/cp-hotline.com\/fr\/wp-json\/wp\/v2\/types\/page"}],"author":[{"embeddable":true,"href":"https:\/\/cp-hotline.com\/fr\/wp-json\/wp\/v2\/users\/1"}],"replies":[{"embeddable":true,"href":"https:\/\/cp-hotline.com\/fr\/wp-json\/wp\/v2\/comments?post=11"}],"version-history":[{"count":6,"href":"https:\/\/cp-hotline.com\/fr\/wp-json\/wp\/v2\/pages\/11\/revisions"}],"predecessor-version":[{"id":66041,"href":"https:\/\/cp-hotline.com\/fr\/wp-json\/wp\/v2\/pages\/11\/revisions\/66041"}],"wp:attachment":[{"href":"https:\/\/cp-hotline.com\/fr\/wp-json\/wp\/v2\/media?parent=11"}],"curies":[{"name":"wp","href":"https:\/\/api.w.org\/{rel}","templated":true}]}}