{"id":11,"date":"2016-03-23T13:36:44","date_gmt":"2016-03-23T13:36:44","guid":{"rendered":"http:\/\/gigermdneu.malta2956.startdedicated.de\/?page_id=11"},"modified":"2026-05-12T19:08:11","modified_gmt":"2026-05-12T17:08:11","slug":"kontakt","status":"publish","type":"page","link":"https:\/\/cp-hotline.com\/hr\/kontakt\/","title":{"rendered":"Kontakt"},"content":{"rendered":"<div data-elementor-type=\"wp-page\" data-elementor-id=\"11\" class=\"elementor elementor-11\" data-elementor-post-type=\"page\">\n\t\t\t\t<div class=\"elementor-element elementor-element-2255f7e5 e-con-full e-flex e-con e-parent\" data-id=\"2255f7e5\" data-element_type=\"container\" data-e-type=\"container\" data-settings=\"{&quot;background_background&quot;:&quot;classic&quot;}\">\n\t\t<div class=\"elementor-element elementor-element-fbbf3ab e-con-full e-flex e-con e-child\" data-id=\"fbbf3ab\" data-element_type=\"container\" data-e-type=\"container\" data-settings=\"{&quot;background_background&quot;:&quot;classic&quot;}\">\n\t\t<div class=\"elementor-element elementor-element-d51c5d9 e-con-full e-flex e-con e-child\" data-id=\"d51c5d9\" data-element_type=\"container\" data-e-type=\"container\" data-settings=\"{&quot;background_background&quot;:&quot;classic&quot;}\">\n\t\t\t\t<div class=\"elementor-element elementor-element-eacb101 elementor-widget elementor-widget-heading\" data-id=\"eacb101\" data-element_type=\"widget\" data-e-type=\"widget\" data-widget_type=\"heading.default\">\n\t\t\t\t\t<h2 class=\"elementor-heading-title elementor-size-default\">Poduzmi prvi korak!<\/h2>\t\t\t\t<\/div>\n\t\t\t\t<div class=\"elementor-element elementor-element-b8b4934 elementor-widget elementor-widget-text-editor\" data-id=\"b8b4934\" data-element_type=\"widget\" data-e-type=\"widget\" data-widget_type=\"text-editor.default\">\n\t\t\t\t\t\t\t\t\t<p style=\"text-align: center;\">Zatra\u017eite besplatnu konzultaciju bez obveza i saznajte kako vam terapija GIGER\u00ae MD\u00ae mo\u017ee pomo\u0107i vama i va\u0161im najmilijima. Jednostavno ispunite obrazac i mi \u0107emo vas kontaktirati.<\/p>\t\t\t\t\t\t\t\t<\/div>\n\t\t\t\t<div class=\"elementor-element elementor-element-8d9a1cb elementor-widget__width-inherit ph-contact-form elementor-widget elementor-widget-shortcode\" data-id=\"8d9a1cb\" data-element_type=\"widget\" data-e-type=\"widget\" data-widget_type=\"shortcode.default\">\n\t\t\t\t\t\t\t<div class=\"elementor-shortcode\">\n<div class=\"wpcf7 no-js\" id=\"wpcf7-f335-o1\" lang=\"de-DE\" dir=\"ltr\" data-wpcf7-id=\"335\">\n<div class=\"screen-reader-response\"><p role=\"status\" aria-live=\"polite\" aria-atomic=\"true\"><\/p> <ul><\/ul><\/div>\n<form action=\"\/hr\/wp-json\/wp\/v2\/pages\/11#wpcf7-f335-o1\" method=\"post\" class=\"wpcf7-form init\" aria-label=\"Kontaktformular\" novalidate=\"novalidate\" data-status=\"init\" data-trp-original-action=\"\/hr\/wp-json\/wp\/v2\/pages\/11#wpcf7-f335-o1\">\n<fieldset class=\"hidden-fields-container\"><input type=\"hidden\" name=\"_wpcf7\" value=\"335\" \/><input type=\"hidden\" name=\"_wpcf7_version\" value=\"6.1.5\" \/><input type=\"hidden\" name=\"_wpcf7_locale\" value=\"de_DE\" \/><input type=\"hidden\" name=\"_wpcf7_unit_tag\" value=\"wpcf7-f335-o1\" \/><input type=\"hidden\" name=\"_wpcf7_container_post\" value=\"0\" \/><input type=\"hidden\" name=\"_wpcf7_posted_data_hash\" value=\"\" \/>\n<\/fieldset>\n<p><label>Kako vam mo\u017eemo pomo\u0107i?*<br \/>\n<span class=\"wpcf7-form-control-wrap\" data-name=\"anliegen\"><select class=\"wpcf7-form-control wpcf7-select wpcf7-validates-as-required\" aria-required=\"true\" aria-invalid=\"false\" name=\"anliegen\"><option value=\"Informationsmaterialien erhalten\">Primite informativne materijale<\/option><option value=\"Termin ausmachen\">zaka\u017eite termin<\/option><\/select><\/span><br \/>\n<\/label><br \/>\n<label>Naslov*<br \/>\n<span class=\"wpcf7-form-control-wrap\" data-name=\"anrede\"><select class=\"wpcf7-form-control wpcf7-select wpcf7-validates-as-required\" aria-required=\"true\" aria-invalid=\"false\" name=\"anrede\"><option value=\"Bitte w\u00e4hlen ...\">Molimo odaberite ...<\/option><option value=\"Herr\">Gospodin<\/option><option value=\"Frau\">\u017eena<\/option><option value=\"Keine Angabe\">Nije specificirano<\/option><\/select><\/span><br \/>\n<\/label><br \/>\n<label>Tvrtka<br \/>\n<span class=\"wpcf7-form-control-wrap\" data-name=\"firma\"><input size=\"40\" maxlength=\"400\" class=\"wpcf7-form-control wpcf7-text\" aria-invalid=\"false\" value=\"\" type=\"text\" name=\"firma\" \/><\/span><br \/>\n<\/label><br \/>\n<label>Prvo ime*<br \/>\n<span class=\"wpcf7-form-control-wrap\" data-name=\"vorname\"><input size=\"40\" maxlength=\"400\" class=\"wpcf7-form-control wpcf7-text wpcf7-validates-as-required\" autocomplete=\"given-name\" aria-required=\"true\" aria-invalid=\"false\" value=\"\" type=\"text\" name=\"vorname\" \/><\/span><br \/>\n<\/label><br \/>\n<label>Prezime*<br \/>\n<span class=\"wpcf7-form-control-wrap\" data-name=\"nachname\"><input size=\"40\" maxlength=\"400\" class=\"wpcf7-form-control wpcf7-text wpcf7-validates-as-required\" autocomplete=\"family-name\" aria-required=\"true\" aria-invalid=\"false\" value=\"\" type=\"text\" name=\"nachname\" \/><\/span><br \/>\n<\/label><br \/>\n<label>Ulica i ku\u0107ni broj*<br \/>\n<span class=\"wpcf7-form-control-wrap\" data-name=\"strasse\"><input size=\"40\" maxlength=\"400\" class=\"wpcf7-form-control wpcf7-text wpcf7-validates-as-required\" aria-required=\"true\" aria-invalid=\"false\" value=\"\" type=\"text\" name=\"strasse\" \/><\/span><br \/>\n<\/label><br \/>\n<label>Lokacija*<br \/>\n<span class=\"wpcf7-form-control-wrap\" data-name=\"ort\"><input size=\"40\" maxlength=\"400\" class=\"wpcf7-form-control wpcf7-text wpcf7-validates-as-required\" aria-required=\"true\" aria-invalid=\"false\" value=\"\" type=\"text\" name=\"ort\" \/><\/span><br \/>\n<\/label><br \/>\n<label>Po\u0161tanski broj*<br \/>\n<span class=\"wpcf7-form-control-wrap\" data-name=\"plz\"><input size=\"40\" maxlength=\"400\" class=\"wpcf7-form-control wpcf7-text wpcf7-validates-as-required\" aria-required=\"true\" aria-invalid=\"false\" value=\"\" type=\"text\" name=\"plz\" \/><\/span><br \/>\n<\/label><br \/>\n<label>Dr\u017eava<br \/>\n<span class=\"wpcf7-form-control-wrap\" data-name=\"staat\"><input size=\"40\" maxlength=\"400\" class=\"wpcf7-form-control wpcf7-text\" aria-invalid=\"false\" value=\"\" type=\"text\" name=\"staat\" \/><\/span><br \/>\n<\/label><br \/>\n<label>Dr\u017eava*<br \/>\n<span class=\"wpcf7-form-control-wrap\" data-name=\"land\"><select class=\"wpcf7-form-control wpcf7-select wpcf7-validates-as-required\" aria-required=\"true\" aria-invalid=\"false\" name=\"land\"><option value=\"Bitte w\u00e4hlen ...\">Molimo odaberite ...<\/option><option value=\"Schweiz\">\u0160vicarska<\/option><option value=\"Deutschland\">Njema\u010dka<\/option><option value=\"\u00d6sterreich\">Austrija<\/option><option value=\"Liechtenstein\">Lihten\u0161tajn<\/option><option value=\"\u00c4gypten\">Egipat<\/option><option value=\"Albanien\">Albanija<\/option><option value=\"Algerien\">Al\u017eir<\/option><option value=\"Argentinien\">Argentina<\/option><option value=\"Australien\">Australija<\/option><option value=\"Bahrain\">Bahrein<\/option><option value=\"Bangladesch\">Banglade\u0161<\/option><option value=\"Belgien\">Belgija<\/option><option value=\"Bolivien\">Bolivija<\/option><option value=\"Bosnien und Herzegowina\">Bosna i Hercegovina<\/option><option value=\"Brasilien\">Brazil<\/option><option value=\"Bulgarien\">Bugarska<\/option><option value=\"Chile\">\u010cile<\/option><option value=\"China\">Kina<\/option><option value=\"D\u00e4nemark\">Danska<\/option><option value=\"Ecuador\">Ekvador<\/option><option value=\"Estland\">Estonija<\/option><option value=\"\u00c4thiopien\">Etiopija<\/option><option value=\"Finnland\">Finska<\/option><option value=\"Frankreich\">Francuska<\/option><option value=\"Ghana\">Gana<\/option><option value=\"Griechenland\">Gr\u010dka<\/option><option value=\"Grossbritannien\">Velika Britanija<\/option><option value=\"Indien\">Indija<\/option><option value=\"Indonesien\">Indonezija<\/option><option value=\"Irak\">Irak<\/option><option value=\"Iran\">Iran<\/option><option value=\"Irland\">Irska<\/option><option value=\"Island\">Island<\/option><option value=\"Israel\">Izrael<\/option><option value=\"Italien\">Italija<\/option><option value=\"Japan\">Japan<\/option><option value=\"Jordanien\">Jordan<\/option><option value=\"Kanada\">Kanada<\/option><option value=\"Katar\">Katar<\/option><option value=\"Kenia\">Kenija<\/option><option value=\"Kolumbien\">Kolumbija<\/option><option value=\"Kosovo\">Kosovo<\/option><option value=\"Kroatien\">Hrvatska<\/option><option value=\"Kuwait\">Kuvajt<\/option><option value=\"Lettland\">Latvija<\/option><option value=\"Libanon\">Libanon<\/option><option value=\"Libyen\">Libija<\/option><option value=\"Litauen\">Litva<\/option><option value=\"Luxemburg\">Luksemburg<\/option><option value=\"Malaysia\">Malezija<\/option><option value=\"Malta\">Malta<\/option><option value=\"Marokko\">Maroko<\/option><option value=\"Mexiko\">Meksiko<\/option><option value=\"Moldau\">Moldavija<\/option><option value=\"Montenegro\">Crna Gora<\/option><option value=\"Neuseeland\">Novi Zeland<\/option><option value=\"Niederlande\">Nizozemska<\/option><option value=\"Nigeria\">Nigerija<\/option><option value=\"Nordmazedonien\">Sjeverna Makedonija<\/option><option value=\"Norwegen\">Norve\u0161ka<\/option><option value=\"Oman\">Oman<\/option><option value=\"Pakistan\">Pakistan<\/option><option value=\"Paraguay\">Paragvaj<\/option><option value=\"Peru\">Peru<\/option><option value=\"Philippinen\">Filipini<\/option><option value=\"Polen\">Poljska<\/option><option value=\"Portugal\">Portugal<\/option><option value=\"Rum\u00e4nien\">Rumunjska<\/option><option value=\"Russland\">Rusija<\/option><option value=\"Saudi-Arabien\">Saudijska Arabija<\/option><option value=\"Schweden\">\u0160vedska<\/option><option value=\"Serbien\">Srbija<\/option><option value=\"Singapur\">Singapur<\/option><option value=\"Slowakei\">Slova\u010dka<\/option><option value=\"Slowenien\">Slovenija<\/option><option value=\"Spanien\">\u0160panjolska<\/option><option value=\"Sri Lanka\">\u0160ri Lanka<\/option><option value=\"S\u00fcdafrika\">Ju\u017ena Afrika<\/option><option value=\"S\u00fcdkorea\">Ju\u017ena Koreja<\/option><option value=\"Syrien\">Sirija<\/option><option value=\"Thailand\">Tajland<\/option><option value=\"Tschechien\">\u010ce\u0161ka Republika<\/option><option value=\"Tunesien\">Tunizija<\/option><option value=\"T\u00fcrkei\">Turska<\/option><option value=\"Ukraine\">Ukrajina<\/option><option value=\"Ungarn\">Ma\u0111arska<\/option><option value=\"Uruguay\">Urugvaj<\/option><option value=\"USA\">SAD<\/option><option value=\"Venezuela\">Venecuela<\/option><option value=\"Vereinigte Arabische Emirate\">Ujedinjeni Arapski Emirati<\/option><option value=\"Vietnam\">Vijetnam<\/option><option value=\"Weissrussland\">Bjelorusija<\/option><option value=\"Jemen\">Jemen<\/option><option value=\"Zypern\">Cipar<\/option><option value=\"Anderes Land\">Druga zemlja<\/option><\/select><\/span><br \/>\n<\/label><br \/>\n<label>Telefon*<br \/>\n<span class=\"wpcf7-form-control-wrap\" data-name=\"telefon\"><input size=\"40\" maxlength=\"400\" class=\"wpcf7-form-control wpcf7-tel wpcf7-validates-as-required wpcf7-text wpcf7-validates-as-tel\" autocomplete=\"tel\" aria-required=\"true\" aria-invalid=\"false\" value=\"\" type=\"tel\" name=\"telefon\" \/><\/span><br \/>\n<\/label><br \/>\n<label>E-po\u0161ta*<br \/>\n<span class=\"wpcf7-form-control-wrap\" data-name=\"email\"><input size=\"40\" maxlength=\"400\" class=\"wpcf7-form-control wpcf7-email wpcf7-validates-as-required wpcf7-text wpcf7-validates-as-email\" autocomplete=\"email\" aria-required=\"true\" aria-invalid=\"false\" value=\"\" type=\"email\" name=\"email\" \/><\/span><br \/>\n<\/label><br \/>\n<label>Komentari<br \/>\n<span class=\"wpcf7-form-control-wrap\" data-name=\"bemerkungen\"><textarea cols=\"40\" rows=\"10\" maxlength=\"2000\" class=\"wpcf7-form-control wpcf7-textarea\" aria-invalid=\"false\" name=\"bemerkungen\"><\/textarea><\/span><br \/>\n<\/label><br \/>\n<span class=\"wpcf7-form-control-wrap\" data-name=\"datenschutz\"><span class=\"wpcf7-form-control wpcf7-acceptance\"><span class=\"wpcf7-list-item\"><label><input type=\"checkbox\" name=\"datenschutz\" value=\"1\" aria-invalid=\"false\" \/><span class=\"wpcf7-list-item-label\">Sla\u017eem se da se moji podaci mogu koristiti u svrhu kontaktiranja i pru\u017eanja savjeta.<\/span><\/label><\/span><\/span><\/span><br \/>\n<span id=\"wpcf7-6a04a2cc74dd7-wrapper\" class=\"wpcf7-form-control-wrap honeypot-577-wrap\" style=\"display:none !important; visibility:hidden !important;\"><label for=\"wpcf7-6a04a2cc74dd7-field\" class=\"hp-message\">Bitte lasse dieses Feld leer.<\/label><input id=\"wpcf7-6a04a2cc74dd7-field\"  class=\"wpcf7-form-control wpcf7-text\" type=\"text\" name=\"honeypot-577\" value=\"\" size=\"40\" tabindex=\"-1\" autocomplete=\"new-password\" \/><\/span><br \/>\n<input class=\"wpcf7-form-control wpcf7-submit has-spinner\" type=\"submit\" value=\"Po\u0161alji upit\" \/>\n<\/p><div class=\"wpcf7-response-output\" aria-hidden=\"true\"><\/div>\n<input type=\"hidden\" name=\"trp-form-language\" value=\"hr\"\/><\/form>\n<\/div>\n<\/div>\n\t\t\t\t\t\t<\/div>\n\t\t\t\t<\/div>\n\t\t\t\t<\/div>\n\t\t\t\t<\/div>\n\t\t\t\t<\/div>","protected":false},"excerpt":{"rendered":"<p>Machen Sie den ersten Schritt! Fordern Sie jetzt eine unverbindliche Beratung an und erfahren Sie, wie die GIGER\u00ae MD\u00ae Therapie auch Ihnen und Ihren Liebsten weiterhelfen kann. F\u00fcllen Sie einfach das Formular aus und wir melden uns bei Ihnen.<\/p>","protected":false},"author":1,"featured_media":0,"parent":0,"menu_order":0,"comment_status":"closed","ping_status":"closed","template":"","meta":{"inline_featured_image":false,"footnotes":""},"class_list":["post-11","page","type-page","status-publish","hentry"],"_links":{"self":[{"href":"https:\/\/cp-hotline.com\/hr\/wp-json\/wp\/v2\/pages\/11","targetHints":{"allow":["GET"]}}],"collection":[{"href":"https:\/\/cp-hotline.com\/hr\/wp-json\/wp\/v2\/pages"}],"about":[{"href":"https:\/\/cp-hotline.com\/hr\/wp-json\/wp\/v2\/types\/page"}],"author":[{"embeddable":true,"href":"https:\/\/cp-hotline.com\/hr\/wp-json\/wp\/v2\/users\/1"}],"replies":[{"embeddable":true,"href":"https:\/\/cp-hotline.com\/hr\/wp-json\/wp\/v2\/comments?post=11"}],"version-history":[{"count":6,"href":"https:\/\/cp-hotline.com\/hr\/wp-json\/wp\/v2\/pages\/11\/revisions"}],"predecessor-version":[{"id":66041,"href":"https:\/\/cp-hotline.com\/hr\/wp-json\/wp\/v2\/pages\/11\/revisions\/66041"}],"wp:attachment":[{"href":"https:\/\/cp-hotline.com\/hr\/wp-json\/wp\/v2\/media?parent=11"}],"curies":[{"name":"wp","href":"https:\/\/api.w.org\/{rel}","templated":true}]}}