{"id":514,"date":"2016-04-21T15:03:54","date_gmt":"2016-04-21T13:03:54","guid":{"rendered":"http:\/\/www.gigermd.com\/?page_id=514"},"modified":"2026-03-09T08:49:48","modified_gmt":"2026-03-09T07:49:48","slug":"uvjeti-i-odredbe-autorska-prava","status":"publish","type":"page","link":"https:\/\/cp-hotline.com\/hr\/agb-copyright\/","title":{"rendered":"AGB\/Copyight"},"content":{"rendered":"<div data-elementor-type=\"wp-page\" data-elementor-id=\"514\" class=\"elementor elementor-514\" data-elementor-post-type=\"page\">\n\t\t\t\t<div class=\"elementor-element elementor-element-7eaeaa5e e-flex e-con-boxed e-con e-parent\" data-id=\"7eaeaa5e\" data-element_type=\"container\" data-e-type=\"container\" data-settings=\"{&quot;background_background&quot;:&quot;classic&quot;}\">\n\t\t\t\t\t<div class=\"e-con-inner\">\n\t\t<div class=\"elementor-element elementor-element-a5166d2 e-con-full e-flex e-con e-child\" data-id=\"a5166d2\" data-element_type=\"container\" data-e-type=\"container\">\n\t\t\t\t<div class=\"elementor-element elementor-element-1f809b6 elementor-widget elementor-widget-heading\" data-id=\"1f809b6\" data-element_type=\"widget\" data-e-type=\"widget\" data-widget_type=\"heading.default\">\n\t\t\t\t\t<h2 class=\"elementor-heading-title elementor-size-default\">Uvjeti i odredbe<\/h2>\t\t\t\t<\/div>\n\t\t\t\t<div class=\"elementor-element elementor-element-c31b970 elementor-widget elementor-widget-heading\" data-id=\"c31b970\" data-element_type=\"widget\" data-e-type=\"widget\" data-widget_type=\"heading.default\">\n\t\t\t\t\t<h3 class=\"elementor-heading-title elementor-size-default\">Combo AG, GIGER MD\u00ae medicinska tehnologija<\/h3>\t\t\t\t<\/div>\n\t\t\t\t<div class=\"elementor-element elementor-element-126b634 elementor-widget elementor-widget-text-editor\" data-id=\"126b634\" data-element_type=\"widget\" data-e-type=\"widget\" data-widget_type=\"text-editor.default\">\n\t\t\t\t\t\t\t\t\t<h5>Uvjeti i odredbe<\/h5><p>Sljede\u0107i uvjeti i odredbe primjenjuju se isklju\u010divo na poslovne odnose izme\u0111u Combo AG i kupca. U svim slu\u010dajevima oni imaju prednost nad svim suprotnim uvjetima i odredbama koje je kupac poslao ili koje se nalaze na dokumentima kupca.<\/p><h5>Cijene<\/h5><p>Osim ako nije druga\u010dije navedeno, svi su cijeni navedeni u \u0161vicarskim francima. Kao op\u0107e pravilo, cijene za doma\u0107e isporuke uklju\u010duju PDV, dok cijene za me\u0111unarodne isporuke isklju\u010duju PDV. Sve su cijene okvirne; samo je najnovija ponuda va\u017ee\u0107a 30 dana ili za razdoblje navedeno u ponudi, osim ako ne postoje administrativne, tiskarske ili ra\u010dunske pogre\u0161ke.<\/p><h5>Dostave<\/h5><p>Po\u0161tarina i pakiranje su besplatni za doma\u0107e dostave terapijskih instrumenata. Za me\u0111unarodne dostave napla\u0107uje se samo po\u0161tarina. U slu\u010daju ka\u0161njenja u dostavi, protiv Combo AG ne mogu se podnijeti zahtjevi za naknadu zbog gubitka dobiti, prekida poslovanja ili bilo kakve druge financijske \u0161tete.<\/p><h5>Na\u010dini pla\u0107anja<\/h5><p>Za kupce sa sjedi\u0161tem u inozemstvu, narud\u017ebe \u0107e se obra\u0111ivati samo ako je preostali iznos pla\u0107en unaprijed bankovnim prijenosom na na\u0161 ra\u010dun.<\/p><h5>Uvjeti i odredbe jamstva<\/h5><p>Combo AG \u0107e otkloniti sve nedostatke koji su posljedica materijalnih ili proizvodnih gre\u0161aka. Jamstvo pokriva besplatnu popravku instrumenta ili zamjenu neispravnih dijelova bez dodatnih tro\u0161kova. Iz ovog jamstva isklju\u010deni su zahtjevi za raskid ugovora, sni\u017eenje cijene, zamjenu instrumenta, naknadu tro\u0161kova nastalih za popravke koje su izvr\u0161ile tre\u0107e strane bez na\u0161eg pisanog pristanka te, kona\u010dno, naknadu \u0161tete koja prema\u0161uje zamjenu neispravnog dijela.<\/p><p>Kupcu \u0107e biti napla\u0107eni tro\u0161kovi dostave i po\u0161tarine.<\/p><p>Ra\u010dun ili dostavnica koju izda Combo AG, a koja mora sadr\u017eavati datum kupnje i model, slu\u017ei kao dokaz za jam\u010deni zahtjev.<\/p><p>Jamstvo ne pokriva dijelove podlo\u017ene normalnom habanju i tro\u0161enju, niti gre\u0161ke uzrokovane nepravilnom uporabom ili rukovanjem, kao \u0161to je najam, ili vanjskim \u010dimbenicima.\u00a0<strong>Nadalje, korisnik je obvezan provoditi odgovaraju\u0107i pregled habanja i tro\u0161enja svih pokretnih dijelova, kao i vijaka i zakiva, u redovitim tjednim intervalima; nepo\u0161tivanje toga rezultirat \u0107e gubitkom prava na naknadu posljedi\u010dne \u0161tete.<\/strong>.<\/p><p>Ako popravke ili poku\u0161aje popravka obavi bilo tko drugi osim Combo AG, gubi se pravo na jamstvo.<\/p><p>Combo AG pru\u017ea 24-mjese\u010dno jamstvo \u2013 uklju\u010duju\u0107i i za komercijalnu upotrebu (osim GIGER MD\u00ae Combofit) \u2013 po\u010dev\u0161i od datuma isporuke potpuno novog instrumenta.<\/p><h5>Pravilna upotreba kupljenog artikla<\/h5><p>Osim ako isporu\u010dni dokumenti izri\u010dito ne navode da je oprema namijenjena \u201eprofesionalnim korisnicima\u201c \u2013 i da je ure\u0111aj stoga obuhva\u0107en dozvolom za javno lije\u010denje \u2013 dozvola je ograni\u010dena na privatnu upotrebu terapijskog ure\u0111aja u osobne svrhe. Komercijalna uporaba opreme u ovom je slu\u010daju zabranjena, jer komercijalno lije\u010denje pacijenata uvijek zahtijeva odgovaraju\u0107u obuku od strane proizvo\u0111a\u010da i uporabu profesionalne opreme.<\/p><p>Nadalje, ova licenca strogo zabranjuje nositelju licence da na instrumentima GIGER MD\u00ae vr\u0161i bilo kakve izmjene ili prilagodbe bez pisanog pristanka davatelja licence.<\/p><p>Osim ako nije druga\u010dije pisano dogovoreno, licenca koja se odobrava kupcu je neisklju\u010diva, neprenosiva licenca, a nositelj licence nije ovla\u0161ten vr\u0161iti nikakve izmjene na terapijskom ure\u0111aju GIGER MD.<\/p><h5>Softverski proizvod, stru\u010dnost<\/h5><p>Softverski proizvod za instrumente GIGER MD\u00ae i pripadaju\u0107e znanje mogu se koristiti samo u okviru relevantnog ugovora o licenci.<\/p><h5>Odricanje od odgovornosti<\/h5><p>Combo AG zadr\u017eava pravo odbaciti svaku odgovornost u slu\u010daju nepo\u0161tivanja uputa za rukovanje i op\u0107ih smjernica ili u slu\u010daju nepravilne uporabe instrumenata GIGER MD\u00ae.<\/p><h5>Pravo koje se primjenjuje, nadle\u017enost i izmjene<\/h5><p>Ovaj sporazum ili izjava isklju\u010divo se ure\u0111uje \u0161vicarskim pravom. Mjesto ispunjenja i isklju\u010divo nadle\u017eno sudi\u0161te za sve sporove koji proizlaze iz ovog ugovora ili izjave je sjedi\u0161te Combo AG. Me\u0111utim, ova tvrtka ima pravo ostvariti svoja prava na poslovnom mjestu kupca ili pred bilo kojim drugim nadle\u017enim tijelom te nadalje odabrati primjenjivo nacionalno pravo. Sve izmjene ovih Op\u0107ih uvjeta i odredbi moraju biti u pisanom obliku.<\/p><h5>Odr\u017eavanje web stranice<\/h5><p>Odr\u017eavanje web stranice za WordPress provodi Codemenschen GmbH.<\/p><p>WordPress razvoj tvrtke Codemenschen GmbH<\/p><p>Rje\u0161avanje sporova: Nismo ni voljni ni obvezni sudjelovati u postupku rje\u0161avanja sporova pred arbitra\u017enim odborom za potro\u0161a\u010de.<\/p><h5>Informacije o autorskim pravima<\/h5><p>Autorska prava \u00a9 2026 Combo AG \u2013 CH-Lommiswil<\/p><p>GIGER MD\u00ae, GIGERMD\u00ae, GIGER\u00ae je registrirani za\u0161titni znak.<\/p><p>CAPM \u00a9<\/p><p>Autorska prava \u00a9 1992.\/2026. Sva prava pridr\u017eana.<\/p><p>Posebno, zakon o autorskim pravima i Zakon o nepo\u0161tenoj konkurenciji.<\/p><p>Me\u0111unarodni patent, ameri\u010dki patent.<\/p><p>Kr\u0161enja ovih prava bit \u0107e gonjena prema gra\u0111anskom i kaznenom pravu.<\/p>\t\t\t\t\t\t\t\t<\/div>\n\t\t\t\t<\/div>\n\t\t\t\t\t<\/div>\n\t\t\t\t<\/div>\n\t\t\t\t<\/div>","protected":false},"excerpt":{"rendered":"<p>Allgemeine Gesch\u00e4ftsbedingungen Combo AG, Medizintechnik GIGER MD\u00ae Konditionen F\u00fcr den Gesch\u00e4ftsverkehr zwischen der Combo AG und dem Besteller gelten ausschliesslich die nachstehenden Bedingungen. Sie gehen anderslautenden Konditionen, die vom Besteller \u00fcbersandt wurden oder sich auf dessen Schriftst\u00fcck befinden, in jedem Falle vor. Preise S\u00e4mtliche Preise sind, wo nicht anders angegeben, in Schweizer Franken ausgedr\u00fcckt. Sie [&hellip;]<\/p>\n","protected":false},"author":1,"featured_media":0,"parent":0,"menu_order":0,"comment_status":"closed","ping_status":"closed","template":"","meta":{"inline_featured_image":false,"footnotes":""},"class_list":["post-514","page","type-page","status-publish","hentry"],"_links":{"self":[{"href":"https:\/\/cp-hotline.com\/hr\/wp-json\/wp\/v2\/pages\/514","targetHints":{"allow":["GET"]}}],"collection":[{"href":"https:\/\/cp-hotline.com\/hr\/wp-json\/wp\/v2\/pages"}],"about":[{"href":"https:\/\/cp-hotline.com\/hr\/wp-json\/wp\/v2\/types\/page"}],"author":[{"embeddable":true,"href":"https:\/\/cp-hotline.com\/hr\/wp-json\/wp\/v2\/users\/1"}],"replies":[{"embeddable":true,"href":"https:\/\/cp-hotline.com\/hr\/wp-json\/wp\/v2\/comments?post=514"}],"version-history":[{"count":12,"href":"https:\/\/cp-hotline.com\/hr\/wp-json\/wp\/v2\/pages\/514\/revisions"}],"predecessor-version":[{"id":66746,"href":"https:\/\/cp-hotline.com\/hr\/wp-json\/wp\/v2\/pages\/514\/revisions\/66746"}],"wp:attachment":[{"href":"https:\/\/cp-hotline.com\/hr\/wp-json\/wp\/v2\/media?parent=514"}],"curies":[{"name":"wp","href":"https:\/\/api.w.org\/{rel}","templated":true}]}}