{"id":11,"date":"2016-03-23T13:36:44","date_gmt":"2016-03-23T13:36:44","guid":{"rendered":"http:\/\/gigermdneu.malta2956.startdedicated.de\/?page_id=11"},"modified":"2026-05-12T19:08:11","modified_gmt":"2026-05-12T17:08:11","slug":"kapcsolatfelvetel","status":"publish","type":"page","link":"https:\/\/cp-hotline.com\/hu\/kontakt\/","title":{"rendered":"Kapcsolatfelv\u00e9tel"},"content":{"rendered":"<div data-elementor-type=\"wp-page\" data-elementor-id=\"11\" class=\"elementor elementor-11\" data-elementor-post-type=\"page\">\n\t\t\t\t<div class=\"elementor-element elementor-element-2255f7e5 e-con-full e-flex e-con e-parent\" data-id=\"2255f7e5\" data-element_type=\"container\" data-e-type=\"container\" data-settings=\"{&quot;background_background&quot;:&quot;classic&quot;}\">\n\t\t<div class=\"elementor-element elementor-element-fbbf3ab e-con-full e-flex e-con e-child\" data-id=\"fbbf3ab\" data-element_type=\"container\" data-e-type=\"container\" data-settings=\"{&quot;background_background&quot;:&quot;classic&quot;}\">\n\t\t<div class=\"elementor-element elementor-element-d51c5d9 e-con-full e-flex e-con e-child\" data-id=\"d51c5d9\" data-element_type=\"container\" data-e-type=\"container\" data-settings=\"{&quot;background_background&quot;:&quot;classic&quot;}\">\n\t\t\t\t<div class=\"elementor-element elementor-element-eacb101 elementor-widget elementor-widget-heading\" data-id=\"eacb101\" data-element_type=\"widget\" data-e-type=\"widget\" data-widget_type=\"heading.default\">\n\t\t\t\t\t<h2 class=\"elementor-heading-title elementor-size-default\">Tegye meg az els\u0151 l\u00e9p\u00e9st!<\/h2>\t\t\t\t<\/div>\n\t\t\t\t<div class=\"elementor-element elementor-element-b8b4934 elementor-widget elementor-widget-text-editor\" data-id=\"b8b4934\" data-element_type=\"widget\" data-e-type=\"widget\" data-widget_type=\"text-editor.default\">\n\t\t\t\t\t\t\t\t\t<p style=\"text-align: center;\">K\u00e9rjen most egy nem k\u00f6telez\u0151 erej\u0171 konzult\u00e1ci\u00f3t, \u00e9s tudja meg, hogyan seg\u00edthet \u00d6nnek \u00e9s szeretteinek a GIGER\u00ae MD\u00ae ter\u00e1pia. Egyszer\u0171en t\u00f6ltse ki az \u0171rlapot, \u00e9s mi visszah\u00edvjuk \u00d6nt.<\/p>\t\t\t\t\t\t\t\t<\/div>\n\t\t\t\t<div class=\"elementor-element elementor-element-8d9a1cb elementor-widget__width-inherit ph-contact-form elementor-widget elementor-widget-shortcode\" data-id=\"8d9a1cb\" data-element_type=\"widget\" data-e-type=\"widget\" data-widget_type=\"shortcode.default\">\n\t\t\t\t\t\t\t<div class=\"elementor-shortcode\">\n<div class=\"wpcf7 no-js\" id=\"wpcf7-f335-o1\" lang=\"de-DE\" dir=\"ltr\" data-wpcf7-id=\"335\">\n<div class=\"screen-reader-response\"><p role=\"status\" aria-live=\"polite\" aria-atomic=\"true\"><\/p> <ul><\/ul><\/div>\n<form action=\"\/hu\/wp-json\/wp\/v2\/pages\/11#wpcf7-f335-o1\" method=\"post\" class=\"wpcf7-form init\" aria-label=\"Kontaktformular\" novalidate=\"novalidate\" data-status=\"init\" data-trp-original-action=\"\/hu\/wp-json\/wp\/v2\/pages\/11#wpcf7-f335-o1\">\n<fieldset class=\"hidden-fields-container\"><input type=\"hidden\" name=\"_wpcf7\" value=\"335\" \/><input type=\"hidden\" name=\"_wpcf7_version\" value=\"6.1.5\" \/><input type=\"hidden\" name=\"_wpcf7_locale\" value=\"de_DE\" \/><input type=\"hidden\" name=\"_wpcf7_unit_tag\" value=\"wpcf7-f335-o1\" \/><input type=\"hidden\" name=\"_wpcf7_container_post\" value=\"0\" \/><input type=\"hidden\" name=\"_wpcf7_posted_data_hash\" value=\"\" \/>\n<\/fieldset>\n<p><label>Mit tehet\u00fcnk \u00d6n\u00e9rt?<br \/>\n<span class=\"wpcf7-form-control-wrap\" data-name=\"anliegen\"><select class=\"wpcf7-form-control wpcf7-select wpcf7-validates-as-required\" aria-required=\"true\" aria-invalid=\"false\" name=\"anliegen\"><option value=\"Informationsmaterialien erhalten\">Inform\u00e1ci\u00f3s anyag \u00e1tv\u00e9tele<\/option><option value=\"Termin ausmachen\">Id\u0151pont egyeztet\u00e9s<\/option><\/select><\/span><br \/>\n<\/label><br \/>\n<label>\u00dcdv\u00f6zl\u00e9s*<br \/>\n<span class=\"wpcf7-form-control-wrap\" data-name=\"anrede\"><select class=\"wpcf7-form-control wpcf7-select wpcf7-validates-as-required\" aria-required=\"true\" aria-invalid=\"false\" name=\"anrede\"><option value=\"Bitte w\u00e4hlen ...\">K\u00e9rj\u00fck, v\u00e1lassza ki ...<\/option><option value=\"Herr\">Mr<\/option><option value=\"Frau\">Mrs<\/option><option value=\"Keine Angabe\">Nincs megadva<\/option><\/select><\/span><br \/>\n<\/label><br \/>\n<label>C\u00e9g<br \/>\n<span class=\"wpcf7-form-control-wrap\" data-name=\"firma\"><input size=\"40\" maxlength=\"400\" class=\"wpcf7-form-control wpcf7-text\" aria-invalid=\"false\" value=\"\" type=\"text\" name=\"firma\" \/><\/span><br \/>\n<\/label><br \/>\n<label>Keresztn\u00e9v*<br \/>\n<span class=\"wpcf7-form-control-wrap\" data-name=\"vorname\"><input size=\"40\" maxlength=\"400\" class=\"wpcf7-form-control wpcf7-text wpcf7-validates-as-required\" autocomplete=\"given-name\" aria-required=\"true\" aria-invalid=\"false\" value=\"\" type=\"text\" name=\"vorname\" \/><\/span><br \/>\n<\/label><br \/>\n<label>Vezet\u00e9kn\u00e9v*<br \/>\n<span class=\"wpcf7-form-control-wrap\" data-name=\"nachname\"><input size=\"40\" maxlength=\"400\" class=\"wpcf7-form-control wpcf7-text wpcf7-validates-as-required\" autocomplete=\"family-name\" aria-required=\"true\" aria-invalid=\"false\" value=\"\" type=\"text\" name=\"nachname\" \/><\/span><br \/>\n<\/label><br \/>\n<label>Utca \u00e9s h\u00e1zsz\u00e1m*<br \/>\n<span class=\"wpcf7-form-control-wrap\" data-name=\"strasse\"><input size=\"40\" maxlength=\"400\" class=\"wpcf7-form-control wpcf7-text wpcf7-validates-as-required\" aria-required=\"true\" aria-invalid=\"false\" value=\"\" type=\"text\" name=\"strasse\" \/><\/span><br \/>\n<\/label><br \/>\n<label>Hely*<br \/>\n<span class=\"wpcf7-form-control-wrap\" data-name=\"ort\"><input size=\"40\" maxlength=\"400\" class=\"wpcf7-form-control wpcf7-text wpcf7-validates-as-required\" aria-required=\"true\" aria-invalid=\"false\" value=\"\" type=\"text\" name=\"ort\" \/><\/span><br \/>\n<\/label><br \/>\n<label>POST\u00c1K\u00d3D*<br \/>\n<span class=\"wpcf7-form-control-wrap\" data-name=\"plz\"><input size=\"40\" maxlength=\"400\" class=\"wpcf7-form-control wpcf7-text wpcf7-validates-as-required\" aria-required=\"true\" aria-invalid=\"false\" value=\"\" type=\"text\" name=\"plz\" \/><\/span><br \/>\n<\/label><br \/>\n<label>\u00c1llam<br \/>\n<span class=\"wpcf7-form-control-wrap\" data-name=\"staat\"><input size=\"40\" maxlength=\"400\" class=\"wpcf7-form-control wpcf7-text\" aria-invalid=\"false\" value=\"\" type=\"text\" name=\"staat\" \/><\/span><br \/>\n<\/label><br \/>\n<label>Orsz\u00e1g*<br \/>\n<span class=\"wpcf7-form-control-wrap\" data-name=\"land\"><select class=\"wpcf7-form-control wpcf7-select wpcf7-validates-as-required\" aria-required=\"true\" aria-invalid=\"false\" name=\"land\"><option value=\"Bitte w\u00e4hlen ...\">K\u00e9rj\u00fck, v\u00e1lassza ki ...<\/option><option value=\"Schweiz\">Sv\u00e1jc<\/option><option value=\"Deutschland\">N\u00e9metorsz\u00e1g<\/option><option value=\"\u00d6sterreich\">Ausztria<\/option><option value=\"Liechtenstein\">Liechtenstein<\/option><option value=\"\u00c4gypten\">Egyiptom<\/option><option value=\"Albanien\">Alb\u00e1nia<\/option><option value=\"Algerien\">Alg\u00e9ria<\/option><option value=\"Argentinien\">Argent\u00edna<\/option><option value=\"Australien\">Ausztr\u00e1lia<\/option><option value=\"Bahrain\">Bahrein<\/option><option value=\"Bangladesch\">Banglades<\/option><option value=\"Belgien\">Belgium<\/option><option value=\"Bolivien\">Bol\u00edvia<\/option><option value=\"Bosnien und Herzegowina\">Bosznia-Hercegovina<\/option><option value=\"Brasilien\">Braz\u00edlia<\/option><option value=\"Bulgarien\">Bulg\u00e1ria<\/option><option value=\"Chile\">Chile<\/option><option value=\"China\">K\u00edna<\/option><option value=\"D\u00e4nemark\">D\u00e1nia<\/option><option value=\"Ecuador\">Ecuador<\/option><option value=\"Estland\">\u00c9sztorsz\u00e1g<\/option><option value=\"\u00c4thiopien\">Eti\u00f3pia<\/option><option value=\"Finnland\">Finnorsz\u00e1g<\/option><option value=\"Frankreich\">Franciaorsz\u00e1g<\/option><option value=\"Ghana\">Gh\u00e1na<\/option><option value=\"Griechenland\">G\u00f6r\u00f6gorsz\u00e1g<\/option><option value=\"Grossbritannien\">Nagy-Britannia<\/option><option value=\"Indien\">India<\/option><option value=\"Indonesien\">Indon\u00e9zia<\/option><option value=\"Irak\">Irak<\/option><option value=\"Iran\">Ir\u00e1n<\/option><option value=\"Irland\">\u00cdrorsz\u00e1g<\/option><option value=\"Island\">Izland<\/option><option value=\"Israel\">Izrael<\/option><option value=\"Italien\">Olaszorsz\u00e1g<\/option><option value=\"Japan\">Jap\u00e1n<\/option><option value=\"Jordanien\">Jordan<\/option><option value=\"Kanada\">Kanada<\/option><option value=\"Katar\">Katar<\/option><option value=\"Kenia\">Kenya<\/option><option value=\"Kolumbien\">Kolumbia<\/option><option value=\"Kosovo\">Koszov\u00f3<\/option><option value=\"Kroatien\">Horv\u00e1torsz\u00e1g<\/option><option value=\"Kuwait\">Kuvait<\/option><option value=\"Lettland\">Lettorsz\u00e1g<\/option><option value=\"Libanon\">Libanon<\/option><option value=\"Libyen\">L\u00edbia<\/option><option value=\"Litauen\">Litv\u00e1nia<\/option><option value=\"Luxemburg\">Luxemburg<\/option><option value=\"Malaysia\">Malajzia<\/option><option value=\"Malta\">M\u00e1lta<\/option><option value=\"Marokko\">Marokk\u00f3<\/option><option value=\"Mexiko\">Mexik\u00f3<\/option><option value=\"Moldau\">Moldova<\/option><option value=\"Montenegro\">Montenegr\u00f3<\/option><option value=\"Neuseeland\">\u00daj-Z\u00e9land<\/option><option value=\"Niederlande\">Hollandia<\/option><option value=\"Nigeria\">Nig\u00e9ria<\/option><option value=\"Nordmazedonien\">\u00c9szak-Maced\u00f3nia<\/option><option value=\"Norwegen\">Norv\u00e9gia<\/option><option value=\"Oman\">Om\u00e1n<\/option><option value=\"Pakistan\">Pakiszt\u00e1n<\/option><option value=\"Paraguay\">Paraguay<\/option><option value=\"Peru\">Peru<\/option><option value=\"Philippinen\">F\u00fcl\u00f6p-szigetek<\/option><option value=\"Polen\">Lengyelorsz\u00e1g<\/option><option value=\"Portugal\">Portug\u00e1lia<\/option><option value=\"Rum\u00e4nien\">Rom\u00e1nia<\/option><option value=\"Russland\">Oroszorsz\u00e1g<\/option><option value=\"Saudi-Arabien\">Sza\u00fad-Ar\u00e1bia<\/option><option value=\"Schweden\">Sv\u00e9dorsz\u00e1g<\/option><option value=\"Serbien\">Szerbia<\/option><option value=\"Singapur\">Szingap\u00far<\/option><option value=\"Slowakei\">Szlov\u00e1kia<\/option><option value=\"Slowenien\">Szlov\u00e9nia<\/option><option value=\"Spanien\">Spanyolorsz\u00e1g<\/option><option value=\"Sri Lanka\">Sri Lanka<\/option><option value=\"S\u00fcdafrika\">D\u00e9l-Afrika<\/option><option value=\"S\u00fcdkorea\">D\u00e9l-Korea<\/option><option value=\"Syrien\">Sz\u00edria<\/option><option value=\"Thailand\">Thaif\u00f6ld<\/option><option value=\"Tschechien\">Cseh K\u00f6zt\u00e1rsas\u00e1g<\/option><option value=\"Tunesien\">Tun\u00e9zia<\/option><option value=\"T\u00fcrkei\">T\u00f6r\u00f6korsz\u00e1g<\/option><option value=\"Ukraine\">Ukrajna<\/option><option value=\"Ungarn\">Magyarorsz\u00e1g<\/option><option value=\"Uruguay\">Uruguay<\/option><option value=\"USA\">USA<\/option><option value=\"Venezuela\">Venezuela<\/option><option value=\"Vereinigte Arabische Emirate\">Egyes\u00fclt Arab Em\u00edrs\u00e9gek<\/option><option value=\"Vietnam\">Vietnam<\/option><option value=\"Weissrussland\">Feh\u00e9roroszorsz\u00e1g<\/option><option value=\"Jemen\">Jemen<\/option><option value=\"Zypern\">Ciprus<\/option><option value=\"Anderes Land\">M\u00e1s orsz\u00e1g<\/option><\/select><\/span><br \/>\n<\/label><br \/>\n<label>Telefon*<br \/>\n<span class=\"wpcf7-form-control-wrap\" data-name=\"telefon\"><input size=\"40\" maxlength=\"400\" class=\"wpcf7-form-control wpcf7-tel wpcf7-validates-as-required wpcf7-text wpcf7-validates-as-tel\" autocomplete=\"tel\" aria-required=\"true\" aria-invalid=\"false\" value=\"\" type=\"tel\" name=\"telefon\" \/><\/span><br \/>\n<\/label><br \/>\n<label>E-mail*<br \/>\n<span class=\"wpcf7-form-control-wrap\" data-name=\"email\"><input size=\"40\" maxlength=\"400\" class=\"wpcf7-form-control wpcf7-email wpcf7-validates-as-required wpcf7-text wpcf7-validates-as-email\" autocomplete=\"email\" aria-required=\"true\" aria-invalid=\"false\" value=\"\" type=\"email\" name=\"email\" \/><\/span><br \/>\n<\/label><br \/>\n<label>Megjegyz\u00e9sek<br \/>\n<span class=\"wpcf7-form-control-wrap\" data-name=\"bemerkungen\"><textarea cols=\"40\" rows=\"10\" maxlength=\"2000\" class=\"wpcf7-form-control wpcf7-textarea\" aria-invalid=\"false\" name=\"bemerkungen\"><\/textarea><\/span><br \/>\n<\/label><br \/>\n<span class=\"wpcf7-form-control-wrap\" data-name=\"datenschutz\"><span class=\"wpcf7-form-control wpcf7-acceptance\"><span class=\"wpcf7-list-item\"><label><input type=\"checkbox\" name=\"datenschutz\" value=\"1\" aria-invalid=\"false\" \/><span class=\"wpcf7-list-item-label\">Hozz\u00e1j\u00e1rulok, hogy adataimat kapcsolattart\u00e1si \u00e9s tan\u00e1csad\u00e1si c\u00e9lokra haszn\u00e1lj\u00e1k.<\/span><\/label><\/span><\/span><\/span><br \/>\n<span id=\"wpcf7-6a0491fa8e09e-wrapper\" class=\"wpcf7-form-control-wrap honeypot-577-wrap\" style=\"display:none !important; visibility:hidden !important;\"><label for=\"wpcf7-6a0491fa8e09e-field\" class=\"hp-message\">Bitte lasse dieses Feld leer.<\/label><input id=\"wpcf7-6a0491fa8e09e-field\"  class=\"wpcf7-form-control wpcf7-text\" type=\"text\" name=\"honeypot-577\" value=\"\" size=\"40\" tabindex=\"-1\" autocomplete=\"new-password\" \/><\/span><br \/>\n<input class=\"wpcf7-form-control wpcf7-submit has-spinner\" type=\"submit\" value=\"Aj\u00e1nlatk\u00e9r\u00e9s k\u00fcld\u00e9se\" \/>\n<\/p><div class=\"wpcf7-response-output\" aria-hidden=\"true\"><\/div>\n<input type=\"hidden\" name=\"trp-form-language\" value=\"hu\"\/><\/form>\n<\/div>\n<\/div>\n\t\t\t\t\t\t<\/div>\n\t\t\t\t<\/div>\n\t\t\t\t<\/div>\n\t\t\t\t<\/div>\n\t\t\t\t<\/div>","protected":false},"excerpt":{"rendered":"<p>Machen Sie den ersten Schritt! Fordern Sie jetzt eine unverbindliche Beratung an und erfahren Sie, wie die GIGER\u00ae MD\u00ae Therapie auch Ihnen und Ihren Liebsten weiterhelfen kann. F\u00fcllen Sie einfach das Formular aus und wir melden uns bei Ihnen.<\/p>","protected":false},"author":1,"featured_media":0,"parent":0,"menu_order":0,"comment_status":"closed","ping_status":"closed","template":"","meta":{"inline_featured_image":false,"footnotes":""},"class_list":["post-11","page","type-page","status-publish","hentry"],"_links":{"self":[{"href":"https:\/\/cp-hotline.com\/hu\/wp-json\/wp\/v2\/pages\/11","targetHints":{"allow":["GET"]}}],"collection":[{"href":"https:\/\/cp-hotline.com\/hu\/wp-json\/wp\/v2\/pages"}],"about":[{"href":"https:\/\/cp-hotline.com\/hu\/wp-json\/wp\/v2\/types\/page"}],"author":[{"embeddable":true,"href":"https:\/\/cp-hotline.com\/hu\/wp-json\/wp\/v2\/users\/1"}],"replies":[{"embeddable":true,"href":"https:\/\/cp-hotline.com\/hu\/wp-json\/wp\/v2\/comments?post=11"}],"version-history":[{"count":6,"href":"https:\/\/cp-hotline.com\/hu\/wp-json\/wp\/v2\/pages\/11\/revisions"}],"predecessor-version":[{"id":66041,"href":"https:\/\/cp-hotline.com\/hu\/wp-json\/wp\/v2\/pages\/11\/revisions\/66041"}],"wp:attachment":[{"href":"https:\/\/cp-hotline.com\/hu\/wp-json\/wp\/v2\/media?parent=11"}],"curies":[{"name":"wp","href":"https:\/\/api.w.org\/{rel}","templated":true}]}}