{"id":514,"date":"2016-04-21T15:03:54","date_gmt":"2016-04-21T13:03:54","guid":{"rendered":"http:\/\/www.gigermd.com\/?page_id=514"},"modified":"2026-03-09T08:49:48","modified_gmt":"2026-03-09T07:49:48","slug":"agb-copyright","status":"publish","type":"page","link":"https:\/\/cp-hotline.com\/hu\/agb-copyright\/","title":{"rendered":"AGB\/Copyight"},"content":{"rendered":"<div data-elementor-type=\"wp-page\" data-elementor-id=\"514\" class=\"elementor elementor-514\" data-elementor-post-type=\"page\">\n\t\t\t\t<div class=\"elementor-element elementor-element-7eaeaa5e e-flex e-con-boxed e-con e-parent\" data-id=\"7eaeaa5e\" data-element_type=\"container\" data-e-type=\"container\" data-settings=\"{&quot;background_background&quot;:&quot;classic&quot;}\">\n\t\t\t\t\t<div class=\"e-con-inner\">\n\t\t<div class=\"elementor-element elementor-element-a5166d2 e-con-full e-flex e-con e-child\" data-id=\"a5166d2\" data-element_type=\"container\" data-e-type=\"container\">\n\t\t\t\t<div class=\"elementor-element elementor-element-1f809b6 elementor-widget elementor-widget-heading\" data-id=\"1f809b6\" data-element_type=\"widget\" data-e-type=\"widget\" data-widget_type=\"heading.default\">\n\t\t\t\t\t<h2 class=\"elementor-heading-title elementor-size-default\">\u00c1ltal\u00e1nos Szerz\u0151d\u00e9si Felt\u00e9telek<\/h2>\t\t\t\t<\/div>\n\t\t\t\t<div class=\"elementor-element elementor-element-c31b970 elementor-widget elementor-widget-heading\" data-id=\"c31b970\" data-element_type=\"widget\" data-e-type=\"widget\" data-widget_type=\"heading.default\">\n\t\t\t\t\t<h3 class=\"elementor-heading-title elementor-size-default\">Combo AG, Orvostechnika GIGER MD\u00ae<\/h3>\t\t\t\t<\/div>\n\t\t\t\t<div class=\"elementor-element elementor-element-126b634 elementor-widget elementor-widget-text-editor\" data-id=\"126b634\" data-element_type=\"widget\" data-e-type=\"widget\" data-widget_type=\"text-editor.default\">\n\t\t\t\t\t\t\t\t\t<h5>Felt\u00e9telek \u00e9s kik\u00f6t\u00e9sek<\/h5><p>Az al\u00e1bbi felt\u00e9telek kiz\u00e1r\u00f3lag a Combo AG \u00e9s az \u00fcgyf\u00e9l k\u00f6z\u00f6tti \u00fczleti tranzakci\u00f3kra vonatkoznak. Ezek minden esetben els\u0151bbs\u00e9get \u00e9lveznek az \u00fcgyf\u00e9l \u00e1ltal k\u00fcld\u00f6tt vagy az \u00fcgyf\u00e9l dokumentumaiban szerepl\u0151 egy\u00e9b felt\u00e9telekkel szemben.<\/p><h5>\u00c1rak<\/h5><p>Elt\u00e9r\u0151 rendelkez\u00e9s hi\u00e1ny\u00e1ban minden \u00e1r sv\u00e1jci frankban \u00e9rtend\u0151. Belf\u00f6ldi sz\u00e1ll\u00edt\u00e1s eset\u00e9n \u00e1ltal\u00e1ban az \u00e1f\u00e1val egy\u00fctt, k\u00fclf\u00f6ldi sz\u00e1ll\u00edt\u00e1s eset\u00e9n \u00e1fa n\u00e9lk\u00fcl \u00e9rtend\u0151k. Minden \u00e1r t\u00e1j\u00e9koztat\u00f3 jelleg\u0171, \u00e9s csak a legfrissebb \u00e1raj\u00e1nlat \u00e9rv\u00e9nyes 30 napig, vagy hacsak az \u00e1raj\u00e1nlaton m\u00e1sk\u00e9nt nem szerepel, kiv\u00e9ve, ha g\u00e9pel\u00e9si, nyomdai vagy sz\u00e1m\u00edt\u00e1si hiba t\u00f6rt\u00e9nt.<\/p><h5>Sz\u00e1ll\u00edt\u00e1sok<\/h5><p>A ter\u00e1pi\u00e1s eszk\u00f6z\u00f6k belf\u00f6ldi sz\u00e1ll\u00edt\u00e1sa eset\u00e9n a postak\u00f6lts\u00e9g \u00e9s a csomagol\u00e1s ingyenes. K\u00fclf\u00f6ldre t\u00f6rt\u00e9n\u0151 sz\u00e1ll\u00edt\u00e1s eset\u00e9n csak a postak\u00f6lts\u00e9g ker\u00fcl felsz\u00e1m\u00edt\u00e1sra. A Combo AG-val szemben a k\u00e9sedelmes sz\u00e1ll\u00edt\u00e1s miatt nem \u00e9rv\u00e9nyes\u00edthet\u0151k k\u00e1rt\u00e9r\u00edt\u00e9si ig\u00e9nyek az elmaradt haszon, az \u00fczletmenet megszak\u00edt\u00e1sa vagy m\u00e1s anyagi vesztes\u00e9g miatt.<\/p><h5>Fizet\u00e9si m\u00f3dok<\/h5><p>K\u00fclf\u00f6ldi \u00fcgyfelek eset\u00e9ben a megrendel\u00e9seket csak akkor teljes\u00edtj\u00fck, ha az esed\u00e9kes \u00f6sszeget el\u0151zetesen \u00e1tutalj\u00e1k a sz\u00e1ml\u00e1nkra.<\/p><h5>J\u00f3t\u00e1ll\u00e1si felt\u00e9telek<\/h5><p>A Combo AG v\u00e1llalja, hogy minden olyan hib\u00e1t kijav\u00edt, amely anyag- vagy gy\u00e1rt\u00e1si hib\u00e1ra vezethet\u0151 vissza. A garancia kiterjed a k\u00e9sz\u00fcl\u00e9k ingyenes jav\u00edt\u00e1s\u00e1ra vagy a hib\u00e1s alkatr\u00e9szek ingyenes cser\u00e9j\u00e9re. Az el\u00e1ll\u00e1sra, \u00e1rlesz\u00e1ll\u00edt\u00e1sra, a k\u00e9sz\u00fcl\u00e9k cser\u00e9j\u00e9re \u00e9s a k\u00f6lts\u00e9gek megt\u00e9r\u00edt\u00e9s\u00e9re vonatkoz\u00f3 ig\u00e9nyek abban az esetben, ha a k\u00e1rokat harmadik szem\u00e9ly a mi \u00edr\u00e1sbeli hozz\u00e1j\u00e1rul\u00e1sunk n\u00e9lk\u00fcl orvosolja, \u00e9s v\u00e9g\u00fcl a hib\u00e1s alkatr\u00e9sz cser\u00e9j\u00e9n fel\u00fcli k\u00e1rok megt\u00e9r\u00edt\u00e9s\u00e9re vonatkoz\u00f3 ig\u00e9nyek kiz\u00e1rtak.<\/p><p>Az utaz\u00e1si \u00e9s sz\u00e1ll\u00edt\u00e1si k\u00f6lts\u00e9gek az \u00fcgyfelet terhelik.<\/p><p>A Combo AG sz\u00e1ml\u00e1ja vagy sz\u00e1ll\u00edt\u00f3levele, amelyen fel kell t\u00fcntetni a v\u00e1s\u00e1rl\u00e1s d\u00e1tum\u00e1t \u00e9s a modellt, szolg\u00e1l a j\u00f3t\u00e1ll\u00e1si ig\u00e9ny bizony\u00edt\u00e1s\u00e1ra.<\/p><p>A garancia nem vonatkozik azokra az alkatr\u00e9szekre, amelyek term\u00e9szetes elhaszn\u00e1l\u00f3d\u00e1snak vagy a nem megfelel\u0151 m\u0171k\u00f6d\u00e9s vagy haszn\u00e1lat, p\u00e9ld\u00e1ul b\u00e9rl\u00e9s vagy k\u00fcls\u0151 behat\u00e1sok \u00e1ltal okozott hib\u00e1knak vannak kit\u00e9ve.\u00a0<strong>A felhaszn\u00e1l\u00f3 k\u00f6teles tov\u00e1bb\u00e1 minden mozg\u00f3 alkatr\u00e9szt, csavart \u00e9s szegecset egyhetes id\u0151k\u00f6z\u00f6nk\u00e9nt megfelel\u0151 kop\u00e1svizsg\u00e1latnak al\u00e1vetni; ennek elmulaszt\u00e1sa a k\u00f6vetkezm\u00e9nyes k\u00e1rok helyre\u00e1ll\u00edt\u00e1s\u00e1ra vonatkoz\u00f3 ig\u00e9ny elveszt\u00e9s\u00e9t vonja maga ut\u00e1n.<\/strong>.<\/p><p>Ha a jav\u00edt\u00e1st vagy a jav\u00edt\u00e1si k\u00eds\u00e9rletet nem a Combo AG v\u00e9gzi, a garanci\u00e1lis ig\u00e9ny elveszik.<\/p><p>A Combo AG 24 h\u00f3nap garanci\u00e1t v\u00e1llal - m\u00e9g kereskedelmi haszn\u00e1latra is (kiv\u00e9ve GIGER MD\u00ae Combofit) - a vadonat\u00faj k\u00e9sz\u00fcl\u00e9k \u00e1tv\u00e9tel\u00e9t\u0151l sz\u00e1m\u00edtva.<\/p><h5>A beszerz\u00e9si t\u00e1rgy megfelel\u0151 haszn\u00e1lata<\/h5><p>Ha a sz\u00e1ll\u00edt\u00e1si dokumentumokban nem szerepel kifejezetten, hogy a berendez\u00e9s \u201ehivat\u00e1sos felhaszn\u00e1l\u00f3k\u201c sz\u00e1m\u00e1ra k\u00e9sz\u00fclt, \u00e9s \u00edgy a k\u00e9sz\u00fcl\u00e9kkel egybef\u00fcgg\u0151 a nyilv\u00e1nos kezel\u00e9si enged\u00e9ly, akkor csak a ter\u00e1pi\u00e1s eszk\u00f6z mag\u00e1nc\u00e9l\u00fa haszn\u00e1lat\u00e1ra vonatkoz\u00f3 mag\u00e1nhaszn\u00e1lati enged\u00e9lyr\u0151l van sz\u00f3. A k\u00e9sz\u00fcl\u00e9k kereskedelmi c\u00e9l\u00fa haszn\u00e1lata ebben az esetben tilos, mivel a betegek kereskedelmi c\u00e9l\u00fa kezel\u00e9se minden esetben a gy\u00e1rt\u00f3 megfelel\u0151 k\u00e9pz\u00e9s\u00e9t \u00e9s professzion\u00e1lis felszerel\u00e9st ig\u00e9nyel.<\/p><p>Ezen t\u00falmen\u0151en ez a licenc szigor\u00faan megtiltja a licencvev\u0151nek, hogy a licencad\u00f3 \u00edr\u00e1sbeli hozz\u00e1j\u00e1rul\u00e1sa n\u00e9lk\u00fcl b\u00e1rmilyen m\u00f3dos\u00edt\u00e1st vagy v\u00e1ltoztat\u00e1st hajtson v\u00e9gre a GIGER MD\u00ae m\u0171szereken.<\/p><p>Elt\u00e9r\u0151 \u00edr\u00e1sbeli meg\u00e1llapod\u00e1s hi\u00e1ny\u00e1ban a v\u00e1s\u00e1rl\u00f3nak adott licenc NEM kiz\u00e1r\u00f3lagos, NEM \u00e1truh\u00e1zhat\u00f3 licenc, \u00e9s a licencvev\u0151 nem v\u00e9gezhet semmilyen m\u00f3dos\u00edt\u00e1st a GIGER MD ter\u00e1pi\u00e1s eszk\u00f6z\u00f6n.<\/p><h5>Szoftverterm\u00e9k, know-how<\/h5><p>A GIGER MD\u00ae m\u0171szerek szoftverterm\u00e9ke \u00e9s a know-how csak a vonatkoz\u00f3 licencszerz\u0151d\u00e9s hat\u00e1lya alatt haszn\u00e1lhat\u00f3.<\/p><h5>Felel\u0151ss\u00e9gi nyilatkozat<\/h5><p>A Combo AG fenntartja a jogot, hogy a kezel\u00e9si \u00fatmutat\u00f3 \u00e9s az \u00e1ltal\u00e1nos utas\u00edt\u00e1sok be nem tart\u00e1sa, valamint a GIGER MD\u00ae m\u0171szerek nem rendeltet\u00e9sszer\u0171 haszn\u00e1lata eset\u00e9n minden felel\u0151ss\u00e9get kiz\u00e1rjon.<\/p><h5>Alkalmazand\u00f3 jog, joghat\u00f3s\u00e1g \u00e9s m\u00f3dos\u00edt\u00e1sok<\/h5><p>Jelen meg\u00e1llapod\u00e1s vagy nyilatkozat kiz\u00e1r\u00f3lag a sv\u00e1jci jog hat\u00e1lya al\u00e1 tartozik. A v\u00e9grehajt\u00e1s helye \u00e9s a jelen meg\u00e1llapod\u00e1ssal vagy nyilatkozattal kapcsolatban felmer\u00fcl\u0151 valamennyi jogvita kiz\u00e1r\u00f3lagos joghat\u00f3s\u00e1ga a Combo AG sz\u00e9khelye. Ez a v\u00e1llalat azonban jogosult arra is, hogy jogait az \u00fcgyf\u00e9l lak\u00f3hely\u00e9n vagy b\u00e1rmely m\u00e1s illet\u00e9kes hat\u00f3s\u00e1g el\u0151tt \u00e9rv\u00e9nyes\u00edtse, valamint hogy az alkalmazand\u00f3 nemzeti jogot v\u00e1lassza. A jelen \u00c1ltal\u00e1nos Szerz\u0151d\u00e9si Felt\u00e9teleket \u00e9rint\u0151 minden v\u00e1ltoztat\u00e1st \u00edr\u00e1sban kell megtenni.<\/p><h5>Weboldal karbantart\u00e1sa<\/h5><p>A WordPress weboldal karbantart\u00e1s\u00e1t a Codemenschen Gmbh v\u00e9gzi.<\/p><p>WordPress fejleszt\u00e9s a Codemenschen Gmbh \u00e1ltal<\/p><p>Vitarendez\u00e9s: Nem vagyunk hajland\u00f3ak vagy k\u00f6telesek r\u00e9szt venni fogyaszt\u00f3i d\u00f6nt\u0151bizotts\u00e1g el\u0151tti vitarendez\u00e9si elj\u00e1r\u00e1sban.<\/p><h5>Szerz\u0151i jogi inform\u00e1ci\u00f3k<\/h5><p>Szerz\u0151i jog \u00a9 2026 Combo AG - CH-Lommiswil<\/p><p>A GIGER MD\u00ae, GIGERMD\u00ae, GIGER\u00ae bejegyzett v\u00e9djegy.<\/p><p>CAPM \u00a9<\/p><p>Copyright \u00a9 1992\/2026 Minden jog fenntartva.<\/p><p>K\u00fcl\u00f6n\u00f6sen a szerz\u0151i jog \u00e9s a tisztess\u00e9gtelen verseny elleni t\u00f6rv\u00e9ny.<\/p><p>Nemzetk\u00f6zi szabadalom USA szabadalom.<\/p><p>E jogok megs\u00e9rt\u00e9se polg\u00e1ri \u00e9s b\u00fcntet\u0151jogi felel\u0151ss\u00e9gre von\u00e1st von maga ut\u00e1n.<\/p>\t\t\t\t\t\t\t\t<\/div>\n\t\t\t\t<\/div>\n\t\t\t\t\t<\/div>\n\t\t\t\t<\/div>\n\t\t\t\t<\/div>","protected":false},"excerpt":{"rendered":"<p>Allgemeine Gesch\u00e4ftsbedingungen Combo AG, Medizintechnik GIGER MD\u00ae Konditionen F\u00fcr den Gesch\u00e4ftsverkehr zwischen der Combo AG und dem Besteller gelten ausschliesslich die nachstehenden Bedingungen. Sie gehen anderslautenden Konditionen, die vom Besteller \u00fcbersandt wurden oder sich auf dessen Schriftst\u00fcck befinden, in jedem Falle vor. Preise S\u00e4mtliche Preise sind, wo nicht anders angegeben, in Schweizer Franken ausgedr\u00fcckt. Sie [&hellip;]<\/p>\n","protected":false},"author":1,"featured_media":0,"parent":0,"menu_order":0,"comment_status":"closed","ping_status":"closed","template":"","meta":{"inline_featured_image":false,"footnotes":""},"class_list":["post-514","page","type-page","status-publish","hentry"],"_links":{"self":[{"href":"https:\/\/cp-hotline.com\/hu\/wp-json\/wp\/v2\/pages\/514","targetHints":{"allow":["GET"]}}],"collection":[{"href":"https:\/\/cp-hotline.com\/hu\/wp-json\/wp\/v2\/pages"}],"about":[{"href":"https:\/\/cp-hotline.com\/hu\/wp-json\/wp\/v2\/types\/page"}],"author":[{"embeddable":true,"href":"https:\/\/cp-hotline.com\/hu\/wp-json\/wp\/v2\/users\/1"}],"replies":[{"embeddable":true,"href":"https:\/\/cp-hotline.com\/hu\/wp-json\/wp\/v2\/comments?post=514"}],"version-history":[{"count":12,"href":"https:\/\/cp-hotline.com\/hu\/wp-json\/wp\/v2\/pages\/514\/revisions"}],"predecessor-version":[{"id":66746,"href":"https:\/\/cp-hotline.com\/hu\/wp-json\/wp\/v2\/pages\/514\/revisions\/66746"}],"wp:attachment":[{"href":"https:\/\/cp-hotline.com\/hu\/wp-json\/wp\/v2\/media?parent=514"}],"curies":[{"name":"wp","href":"https:\/\/api.w.org\/{rel}","templated":true}]}}