{"id":514,"date":"2016-04-21T15:03:54","date_gmt":"2016-04-21T13:03:54","guid":{"rendered":"http:\/\/www.gigermd.com\/?page_id=514"},"modified":"2026-03-09T08:49:48","modified_gmt":"2026-03-09T07:49:48","slug":"termini-e-condizioni-del-copyright","status":"publish","type":"page","link":"https:\/\/cp-hotline.com\/it\/agb-copyright\/","title":{"rendered":"AGB\/Copyight"},"content":{"rendered":"<div data-elementor-type=\"wp-page\" data-elementor-id=\"514\" class=\"elementor elementor-514\" data-elementor-post-type=\"page\">\n\t\t\t\t<div class=\"elementor-element elementor-element-7eaeaa5e e-flex e-con-boxed e-con e-parent\" data-id=\"7eaeaa5e\" data-element_type=\"container\" data-e-type=\"container\" data-settings=\"{&quot;background_background&quot;:&quot;classic&quot;}\">\n\t\t\t\t\t<div class=\"e-con-inner\">\n\t\t<div class=\"elementor-element elementor-element-a5166d2 e-con-full e-flex e-con e-child\" data-id=\"a5166d2\" data-element_type=\"container\" data-e-type=\"container\">\n\t\t\t\t<div class=\"elementor-element elementor-element-1f809b6 elementor-widget elementor-widget-heading\" data-id=\"1f809b6\" data-element_type=\"widget\" data-e-type=\"widget\" data-widget_type=\"heading.default\">\n\t\t\t\t\t<h2 class=\"elementor-heading-title elementor-size-default\">Termini e condizioni generali<\/h2>\t\t\t\t<\/div>\n\t\t\t\t<div class=\"elementor-element elementor-element-c31b970 elementor-widget elementor-widget-heading\" data-id=\"c31b970\" data-element_type=\"widget\" data-e-type=\"widget\" data-widget_type=\"heading.default\">\n\t\t\t\t\t<h3 class=\"elementor-heading-title elementor-size-default\">Combo AG, Tecnologia medicale GIGER MD\u00ae<\/h3>\t\t\t\t<\/div>\n\t\t\t\t<div class=\"elementor-element elementor-element-126b634 elementor-widget elementor-widget-text-editor\" data-id=\"126b634\" data-element_type=\"widget\" data-e-type=\"widget\" data-widget_type=\"text-editor.default\">\n\t\t\t\t\t\t\t\t\t<h5>Termini e condizioni<\/h5><p>I seguenti termini e condizioni si applicano esclusivamente alle transazioni commerciali tra Combo AG e il cliente. Esse hanno in ogni caso la precedenza su eventuali altre condizioni inviate dal cliente o contenute nei suoi documenti.<\/p><h5>Prezzi<\/h5><p>Salvo diversa indicazione, tutti i prezzi sono espressi in franchi svizzeri. Sono generalmente indicati comprensivi di IVA per le consegne nazionali ed esclusi per le consegne all'estero. Tutti i prezzi sono indicativi e solo la quotazione pi\u00f9 recente \u00e8 valida per un periodo di 30 giorni o se non diversamente indicato sulla quotazione, a meno che non vi siano errori di battitura, stampa o calcolo.<\/p><h5>Consegne<\/h5><p>L'affrancatura e l'imballaggio sono gratuiti per le consegne nazionali di strumenti terapeutici. Per le consegne all'estero vengono addebitate solo le spese postali. Non \u00e8 possibile avanzare richieste di risarcimento per perdita di profitto, interruzione dell'attivit\u00e0 o altri danni economici nei confronti di Combo AG per ritardi nelle consegne.<\/p><h5>Modalit\u00e0 di pagamento<\/h5><p>Per i clienti provenienti dall'estero, gli ordini saranno eseguiti solo se l'importo dovuto sar\u00e0 trasferito in anticipo sul nostro conto.<\/p><h5>Condizioni di garanzia<\/h5><p>Combo AG si impegna a eliminare tutti i difetti imputabili a difetti di materiale o di fabbricazione. La garanzia copre la riparazione gratuita dello strumento o la sostituzione gratuita delle parti difettose. Sono escluse le richieste di annullamento, riduzione del prezzo, sostituzione dello strumento e rimborso dei costi in caso di riparazione del danno da parte di terzi senza il nostro consenso scritto, e infine il risarcimento dei danni oltre alla sostituzione della parte difettosa.<\/p><p>Le spese di viaggio e di spedizione al cliente saranno addebitate.<\/p><p>La fattura o la bolla di consegna di Combo AG, sulla quale devono essere annotati la data di acquisto e il modello, servir\u00e0 come prova del diritto alla garanzia.<\/p><p>La garanzia non si applica alle parti soggette a usura naturale o a guasti causati da un funzionamento o un uso improprio, come il noleggio o influenze esterne.\u00a0<strong>Inoltre, l'utente \u00e8 tenuto a sottoporre tutte le parti mobili, le viti e i rivetti a un'adeguata prova di usura a intervalli regolari di una settimana; in caso contrario, decadr\u00e0 qualsiasi richiesta di riparazione dei danni conseguenti.<\/strong>.<\/p><p>Se le riparazioni o i tentativi di riparazione vengono eseguiti da soggetti diversi da Combo AG, il diritto alla garanzia decade.<\/p><p>Combo AG concede una garanzia di 24 mesi - anche per uso commerciale (eccetto GIGER MD\u00ae Combofit) - calcolata a partire dalla data di consegna dello strumento nuovo di zecca.<\/p><h5>Uso appropriato dell'oggetto d'acquisto<\/h5><p>Se nei documenti di consegna non \u00e8 espressamente indicato che l'apparecchiatura \u00e8 destinata a \u201eutenti professionali\u201c, e quindi una licenza di trattamento pubblico \u00e8 coerente con il dispositivo, si tratta solo di una licenza privata per l'uso del dispositivo terapeutico per uso privato. In questo caso \u00e8 vietato l'uso commerciale dell'apparecchiatura, poich\u00e9 il trattamento commerciale dei pazienti richiede sempre una formazione adeguata da parte del produttore e un'apparecchiatura professionale.<\/p><p>Inoltre, questa licenza vieta rigorosamente al licenziatario di apportare modifiche o alterazioni agli strumenti GIGER MD\u00ae senza il consenso scritto del licenziante.<\/p><p>Se non diversamente concordato per iscritto, la licenza concessa all'acquirente \u00e8 una licenza NON esclusiva e NON trasferibile e il licenziatario non \u00e8 autorizzato ad apportare alcuna modifica allo strumento GIGER MD Therapy.<\/p><h5>Prodotto software, know-how<\/h5><p>Il prodotto software per gli strumenti GIGER MD\u00ae e il know-how possono essere utilizzati solo nell'ambito del relativo contratto di licenza.<\/p><h5>Esclusione di responsabilit\u00e0<\/h5><p>Combo AG si riserva il diritto di rinunciare a qualsiasi responsabilit\u00e0 in caso di mancata osservanza delle istruzioni per l'uso e delle istruzioni generali, nonch\u00e9 di uso improprio degli strumenti GIGER MD\u00ae.<\/p><h5>Legge applicabile, foro competente e modifiche<\/h5><p>Il presente accordo o dichiarazione \u00e8 soggetto esclusivamente al diritto svizzero. Il luogo di esecuzione e il foro competente esclusivo per tutte le controversie derivanti dal presente accordo o dichiarazione \u00e8 la sede legale di Combo AG. Tuttavia, questa societ\u00e0 \u00e8 autorizzata a far valere i propri diritti anche presso il domicilio del cliente o presso qualsiasi altra autorit\u00e0 competente, nonch\u00e9 a scegliere il diritto nazionale applicabile. Tutte le modifiche relative alle presenti Condizioni Generali di Contratto devono essere effettuate per iscritto.<\/p><h5>Manutenzione del sito web<\/h5><p>La manutenzione del sito web per WordPress \u00e8 effettuata da Codemenschen Gmbh.<\/p><p>Sviluppo di WordPress da parte di Codemenschen Gmbh<\/p><p>Risoluzione delle controversie: non siamo disposti o obbligati a partecipare a procedure di risoluzione delle controversie davanti a un collegio arbitrale dei consumatori.<\/p><h5>Informazioni sul copyright<\/h5><p>Copyright \u00a9 2026 Combo AG - CH-Lommiswil<\/p><p>GIGER MD\u00ae, GIGERMD\u00ae, GIGER\u00ae \u00e8 un marchio registrato.<\/p><p>CAPM \u00a9<\/p><p>Copyright \u00a9 1992\/2026 Tutti i diritti riservati.<\/p><p>In particolare la legge sul diritto d'autore e la legge contro la concorrenza sleale.<\/p><p>Brevetto internazionale. Brevetto USA.<\/p><p>Le violazioni di questi diritti saranno perseguite civilmente e penalmente.<\/p>\t\t\t\t\t\t\t\t<\/div>\n\t\t\t\t<\/div>\n\t\t\t\t\t<\/div>\n\t\t\t\t<\/div>\n\t\t\t\t<\/div>","protected":false},"excerpt":{"rendered":"<p>Allgemeine Gesch\u00e4ftsbedingungen Combo AG, Medizintechnik GIGER MD\u00ae Konditionen F\u00fcr den Gesch\u00e4ftsverkehr zwischen der Combo AG und dem Besteller gelten ausschliesslich die nachstehenden Bedingungen. Sie gehen anderslautenden Konditionen, die vom Besteller \u00fcbersandt wurden oder sich auf dessen Schriftst\u00fcck befinden, in jedem Falle vor. Preise S\u00e4mtliche Preise sind, wo nicht anders angegeben, in Schweizer Franken ausgedr\u00fcckt. Sie [&hellip;]<\/p>\n","protected":false},"author":1,"featured_media":0,"parent":0,"menu_order":0,"comment_status":"closed","ping_status":"closed","template":"","meta":{"inline_featured_image":false,"footnotes":""},"class_list":["post-514","page","type-page","status-publish","hentry"],"_links":{"self":[{"href":"https:\/\/cp-hotline.com\/it\/wp-json\/wp\/v2\/pages\/514","targetHints":{"allow":["GET"]}}],"collection":[{"href":"https:\/\/cp-hotline.com\/it\/wp-json\/wp\/v2\/pages"}],"about":[{"href":"https:\/\/cp-hotline.com\/it\/wp-json\/wp\/v2\/types\/page"}],"author":[{"embeddable":true,"href":"https:\/\/cp-hotline.com\/it\/wp-json\/wp\/v2\/users\/1"}],"replies":[{"embeddable":true,"href":"https:\/\/cp-hotline.com\/it\/wp-json\/wp\/v2\/comments?post=514"}],"version-history":[{"count":12,"href":"https:\/\/cp-hotline.com\/it\/wp-json\/wp\/v2\/pages\/514\/revisions"}],"predecessor-version":[{"id":66746,"href":"https:\/\/cp-hotline.com\/it\/wp-json\/wp\/v2\/pages\/514\/revisions\/66746"}],"wp:attachment":[{"href":"https:\/\/cp-hotline.com\/it\/wp-json\/wp\/v2\/media?parent=514"}],"curies":[{"name":"wp","href":"https:\/\/api.w.org\/{rel}","templated":true}]}}