{"id":11,"date":"2016-03-23T13:36:44","date_gmt":"2016-03-23T13:36:44","guid":{"rendered":"http:\/\/gigermdneu.malta2956.startdedicated.de\/?page_id=11"},"modified":"2026-05-12T19:08:11","modified_gmt":"2026-05-12T17:08:11","slug":"susisiekite-su","status":"publish","type":"page","link":"https:\/\/cp-hotline.com\/lt\/kontakt\/","title":{"rendered":"Susisiekite su mumis"},"content":{"rendered":"<div data-elementor-type=\"wp-page\" data-elementor-id=\"11\" class=\"elementor elementor-11\" data-elementor-post-type=\"page\">\n\t\t\t\t<div class=\"elementor-element elementor-element-2255f7e5 e-con-full e-flex e-con e-parent\" data-id=\"2255f7e5\" data-element_type=\"container\" data-e-type=\"container\" data-settings=\"{&quot;background_background&quot;:&quot;classic&quot;}\">\n\t\t<div class=\"elementor-element elementor-element-fbbf3ab e-con-full e-flex e-con e-child\" data-id=\"fbbf3ab\" data-element_type=\"container\" data-e-type=\"container\" data-settings=\"{&quot;background_background&quot;:&quot;classic&quot;}\">\n\t\t<div class=\"elementor-element elementor-element-d51c5d9 e-con-full e-flex e-con e-child\" data-id=\"d51c5d9\" data-element_type=\"container\" data-e-type=\"container\" data-settings=\"{&quot;background_background&quot;:&quot;classic&quot;}\">\n\t\t\t\t<div class=\"elementor-element elementor-element-eacb101 elementor-widget elementor-widget-heading\" data-id=\"eacb101\" data-element_type=\"widget\" data-e-type=\"widget\" data-widget_type=\"heading.default\">\n\t\t\t\t\t<h2 class=\"elementor-heading-title elementor-size-default\">\u017denkite pirm\u0105j\u012f \u017eingsn\u012f!<\/h2>\t\t\t\t<\/div>\n\t\t\t\t<div class=\"elementor-element elementor-element-b8b4934 elementor-widget elementor-widget-text-editor\" data-id=\"b8b4934\" data-element_type=\"widget\" data-e-type=\"widget\" data-widget_type=\"text-editor.default\">\n\t\t\t\t\t\t\t\t\t<p style=\"text-align: center;\">U\u017esisakykite ne\u012fpareigojan\u010di\u0105 konsultacij\u0105 ir su\u017einokite, kaip GIGER\u00ae MD\u00ae terapija gali pad\u0117ti jums ir j\u016bs\u0173 artimiesiems. Tiesiog u\u017epildykite form\u0105 ir mes su jumis susisieksime.<\/p>\t\t\t\t\t\t\t\t<\/div>\n\t\t\t\t<div class=\"elementor-element elementor-element-8d9a1cb elementor-widget__width-inherit ph-contact-form elementor-widget elementor-widget-shortcode\" data-id=\"8d9a1cb\" data-element_type=\"widget\" data-e-type=\"widget\" data-widget_type=\"shortcode.default\">\n\t\t\t\t\t\t\t<div class=\"elementor-shortcode\">\n<div class=\"wpcf7 no-js\" id=\"wpcf7-f335-o1\" lang=\"de-DE\" dir=\"ltr\" data-wpcf7-id=\"335\">\n<div class=\"screen-reader-response\"><p role=\"status\" aria-live=\"polite\" aria-atomic=\"true\"><\/p> <ul><\/ul><\/div>\n<form action=\"\/lt\/wp-json\/wp\/v2\/pages\/11#wpcf7-f335-o1\" method=\"post\" class=\"wpcf7-form init\" aria-label=\"Kontaktformular\" novalidate=\"novalidate\" data-status=\"init\" data-trp-original-action=\"\/lt\/wp-json\/wp\/v2\/pages\/11#wpcf7-f335-o1\">\n<fieldset class=\"hidden-fields-container\"><input type=\"hidden\" name=\"_wpcf7\" value=\"335\" \/><input type=\"hidden\" name=\"_wpcf7_version\" value=\"6.1.5\" \/><input type=\"hidden\" name=\"_wpcf7_locale\" value=\"de_DE\" \/><input type=\"hidden\" name=\"_wpcf7_unit_tag\" value=\"wpcf7-f335-o1\" \/><input type=\"hidden\" name=\"_wpcf7_container_post\" value=\"0\" \/><input type=\"hidden\" name=\"_wpcf7_posted_data_hash\" value=\"\" \/>\n<\/fieldset>\n<p><label>K\u0105 galime padaryti d\u0117l j\u016bs\u0173?<br \/>\n<span class=\"wpcf7-form-control-wrap\" data-name=\"anliegen\"><select class=\"wpcf7-form-control wpcf7-select wpcf7-validates-as-required\" aria-required=\"true\" aria-invalid=\"false\" name=\"anliegen\"><option value=\"Informationsmaterialien erhalten\">Gauti informacin\u0119 med\u017eiag\u0105<\/option><option value=\"Termin ausmachen\">U\u017esisakykite susitikim\u0105<\/option><\/select><\/span><br \/>\n<\/label><br \/>\n<label>Pasisveikinimas*<br \/>\n<span class=\"wpcf7-form-control-wrap\" data-name=\"anrede\"><select class=\"wpcf7-form-control wpcf7-select wpcf7-validates-as-required\" aria-required=\"true\" aria-invalid=\"false\" name=\"anrede\"><option value=\"Bitte w\u00e4hlen ...\">Pasirinkite ...<\/option><option value=\"Herr\">Ponas<\/option><option value=\"Frau\">Ponia<\/option><option value=\"Keine Angabe\">Nenurodyta<\/option><\/select><\/span><br \/>\n<\/label><br \/>\n<label>\u012emon\u0117<br \/>\n<span class=\"wpcf7-form-control-wrap\" data-name=\"firma\"><input size=\"40\" maxlength=\"400\" class=\"wpcf7-form-control wpcf7-text\" aria-invalid=\"false\" value=\"\" type=\"text\" name=\"firma\" \/><\/span><br \/>\n<\/label><br \/>\n<label>Vardas*<br \/>\n<span class=\"wpcf7-form-control-wrap\" data-name=\"vorname\"><input size=\"40\" maxlength=\"400\" class=\"wpcf7-form-control wpcf7-text wpcf7-validates-as-required\" autocomplete=\"given-name\" aria-required=\"true\" aria-invalid=\"false\" value=\"\" type=\"text\" name=\"vorname\" \/><\/span><br \/>\n<\/label><br \/>\n<label>Pavard\u0117*<br \/>\n<span class=\"wpcf7-form-control-wrap\" data-name=\"nachname\"><input size=\"40\" maxlength=\"400\" class=\"wpcf7-form-control wpcf7-text wpcf7-validates-as-required\" autocomplete=\"family-name\" aria-required=\"true\" aria-invalid=\"false\" value=\"\" type=\"text\" name=\"nachname\" \/><\/span><br \/>\n<\/label><br \/>\n<label>Gatv\u0117 ir namo numeris*<br \/>\n<span class=\"wpcf7-form-control-wrap\" data-name=\"strasse\"><input size=\"40\" maxlength=\"400\" class=\"wpcf7-form-control wpcf7-text wpcf7-validates-as-required\" aria-required=\"true\" aria-invalid=\"false\" value=\"\" type=\"text\" name=\"strasse\" \/><\/span><br \/>\n<\/label><br \/>\n<label>Vieta*<br \/>\n<span class=\"wpcf7-form-control-wrap\" data-name=\"ort\"><input size=\"40\" maxlength=\"400\" class=\"wpcf7-form-control wpcf7-text wpcf7-validates-as-required\" aria-required=\"true\" aria-invalid=\"false\" value=\"\" type=\"text\" name=\"ort\" \/><\/span><br \/>\n<\/label><br \/>\n<label>POSTCODE*<br \/>\n<span class=\"wpcf7-form-control-wrap\" data-name=\"plz\"><input size=\"40\" maxlength=\"400\" class=\"wpcf7-form-control wpcf7-text wpcf7-validates-as-required\" aria-required=\"true\" aria-invalid=\"false\" value=\"\" type=\"text\" name=\"plz\" \/><\/span><br \/>\n<\/label><br \/>\n<label>Valstyb\u0117<br \/>\n<span class=\"wpcf7-form-control-wrap\" data-name=\"staat\"><input size=\"40\" maxlength=\"400\" class=\"wpcf7-form-control wpcf7-text\" aria-invalid=\"false\" value=\"\" type=\"text\" name=\"staat\" \/><\/span><br \/>\n<\/label><br \/>\n<label>\u0160alis*<br \/>\n<span class=\"wpcf7-form-control-wrap\" data-name=\"land\"><select class=\"wpcf7-form-control wpcf7-select wpcf7-validates-as-required\" aria-required=\"true\" aria-invalid=\"false\" name=\"land\"><option value=\"Bitte w\u00e4hlen ...\">Pasirinkite ...<\/option><option value=\"Schweiz\">\u0160veicarija<\/option><option value=\"Deutschland\">Vokietija<\/option><option value=\"\u00d6sterreich\">Austrija<\/option><option value=\"Liechtenstein\">Lichten\u0161teinas<\/option><option value=\"\u00c4gypten\">Egiptas<\/option><option value=\"Albanien\">Albanija<\/option><option value=\"Algerien\">Al\u017eyras<\/option><option value=\"Argentinien\">Argentina<\/option><option value=\"Australien\">Australija<\/option><option value=\"Bahrain\">Bahreinas<\/option><option value=\"Bangladesch\">Banglade\u0161as<\/option><option value=\"Belgien\">Belgija<\/option><option value=\"Bolivien\">Bolivija<\/option><option value=\"Bosnien und Herzegowina\">Bosnija ir Hercegovina<\/option><option value=\"Brasilien\">Brazilija<\/option><option value=\"Bulgarien\">Bulgarija<\/option><option value=\"Chile\">\u010cil\u0117<\/option><option value=\"China\">Kinija<\/option><option value=\"D\u00e4nemark\">Danija<\/option><option value=\"Ecuador\">Ekvadoras<\/option><option value=\"Estland\">Estija<\/option><option value=\"\u00c4thiopien\">Etiopija<\/option><option value=\"Finnland\">Suomija<\/option><option value=\"Frankreich\">Pranc\u016bzija<\/option><option value=\"Ghana\">Gana<\/option><option value=\"Griechenland\">Graikija<\/option><option value=\"Grossbritannien\">Did\u017eioji Britanija<\/option><option value=\"Indien\">Indija<\/option><option value=\"Indonesien\">Indonezija<\/option><option value=\"Irak\">Irakas<\/option><option value=\"Iran\">Iranas<\/option><option value=\"Irland\">Airija<\/option><option value=\"Island\">Islandija<\/option><option value=\"Israel\">Izraelis<\/option><option value=\"Italien\">Italija<\/option><option value=\"Japan\">Japonija<\/option><option value=\"Jordanien\">Jordan<\/option><option value=\"Kanada\">Kanada<\/option><option value=\"Katar\">Kataras<\/option><option value=\"Kenia\">Kenija<\/option><option value=\"Kolumbien\">Kolumbija<\/option><option value=\"Kosovo\">Kosovas<\/option><option value=\"Kroatien\">Kroatija<\/option><option value=\"Kuwait\">Kuveitas<\/option><option value=\"Lettland\">Latvija<\/option><option value=\"Libanon\">Libanas<\/option><option value=\"Libyen\">Libija<\/option><option value=\"Litauen\">Lietuva<\/option><option value=\"Luxemburg\">Liuksemburgas<\/option><option value=\"Malaysia\">Malaizija<\/option><option value=\"Malta\">Malta<\/option><option value=\"Marokko\">Marokas<\/option><option value=\"Mexiko\">Meksika<\/option><option value=\"Moldau\">Moldova<\/option><option value=\"Montenegro\">Juodkalnija<\/option><option value=\"Neuseeland\">Naujoji Zelandija<\/option><option value=\"Niederlande\">Nyderlandai<\/option><option value=\"Nigeria\">Nigerija<\/option><option value=\"Nordmazedonien\">\u0160iaur\u0117s Makedonija<\/option><option value=\"Norwegen\">Norvegija<\/option><option value=\"Oman\">Omanas<\/option><option value=\"Pakistan\">Pakistanas<\/option><option value=\"Paraguay\">Paragvajus<\/option><option value=\"Peru\">Peru<\/option><option value=\"Philippinen\">Filipinai<\/option><option value=\"Polen\">Lenkija<\/option><option value=\"Portugal\">Portugalija<\/option><option value=\"Rum\u00e4nien\">Rumunija<\/option><option value=\"Russland\">Rusija<\/option><option value=\"Saudi-Arabien\">Saudo Arabija<\/option><option value=\"Schweden\">\u0160vedija<\/option><option value=\"Serbien\">Serbija<\/option><option value=\"Singapur\">Singap\u016bras<\/option><option value=\"Slowakei\">Slovakija<\/option><option value=\"Slowenien\">Slov\u0117nija<\/option><option value=\"Spanien\">Ispanija<\/option><option value=\"Sri Lanka\">\u0160ri Lanka<\/option><option value=\"S\u00fcdafrika\">Piet\u0173 Afrika<\/option><option value=\"S\u00fcdkorea\">Piet\u0173 Kor\u0117ja<\/option><option value=\"Syrien\">Sirija<\/option><option value=\"Thailand\">Tailandas<\/option><option value=\"Tschechien\">\u010cekija<\/option><option value=\"Tunesien\">Tunisas<\/option><option value=\"T\u00fcrkei\">Turkija<\/option><option value=\"Ukraine\">Ukraina<\/option><option value=\"Ungarn\">Vengrija<\/option><option value=\"Uruguay\">Urugvajus<\/option><option value=\"USA\">JAV<\/option><option value=\"Venezuela\">Venesuela<\/option><option value=\"Vereinigte Arabische Emirate\">Jungtiniai Arab\u0173 Emyratai<\/option><option value=\"Vietnam\">Vietnamas<\/option><option value=\"Weissrussland\">Baltarusija<\/option><option value=\"Jemen\">Jemenas<\/option><option value=\"Zypern\">Kipras<\/option><option value=\"Anderes Land\">Kita \u0161alis<\/option><\/select><\/span><br \/>\n<\/label><br \/>\n<label>Telefonas*<br \/>\n<span class=\"wpcf7-form-control-wrap\" data-name=\"telefon\"><input size=\"40\" maxlength=\"400\" class=\"wpcf7-form-control wpcf7-tel wpcf7-validates-as-required wpcf7-text wpcf7-validates-as-tel\" autocomplete=\"tel\" aria-required=\"true\" aria-invalid=\"false\" value=\"\" type=\"tel\" name=\"telefon\" \/><\/span><br \/>\n<\/label><br \/>\n<label>El. pa\u0161tas*<br \/>\n<span class=\"wpcf7-form-control-wrap\" data-name=\"email\"><input size=\"40\" maxlength=\"400\" class=\"wpcf7-form-control wpcf7-email wpcf7-validates-as-required wpcf7-text wpcf7-validates-as-email\" autocomplete=\"email\" aria-required=\"true\" aria-invalid=\"false\" value=\"\" type=\"email\" name=\"email\" \/><\/span><br \/>\n<\/label><br \/>\n<label>Pastabos<br \/>\n<span class=\"wpcf7-form-control-wrap\" data-name=\"bemerkungen\"><textarea cols=\"40\" rows=\"10\" maxlength=\"2000\" class=\"wpcf7-form-control wpcf7-textarea\" aria-invalid=\"false\" name=\"bemerkungen\"><\/textarea><\/span><br \/>\n<\/label><br \/>\n<span class=\"wpcf7-form-control-wrap\" data-name=\"datenschutz\"><span class=\"wpcf7-form-control wpcf7-acceptance\"><span class=\"wpcf7-list-item\"><label><input type=\"checkbox\" name=\"datenschutz\" value=\"1\" aria-invalid=\"false\" \/><span class=\"wpcf7-list-item-label\">Sutinku, kad mano duomenys b\u016bt\u0173 naudojami susisiekimo ir konsultavimo tikslais.<\/span><\/label><\/span><\/span><\/span><br \/>\n<span id=\"wpcf7-6a04b76ce9363-wrapper\" class=\"wpcf7-form-control-wrap honeypot-577-wrap\" style=\"display:none !important; visibility:hidden !important;\"><label for=\"wpcf7-6a04b76ce9363-field\" class=\"hp-message\">Bitte lasse dieses Feld leer.<\/label><input id=\"wpcf7-6a04b76ce9363-field\"  class=\"wpcf7-form-control wpcf7-text\" type=\"text\" name=\"honeypot-577\" value=\"\" size=\"40\" tabindex=\"-1\" autocomplete=\"new-password\" \/><\/span><br \/>\n<input class=\"wpcf7-form-control wpcf7-submit has-spinner\" type=\"submit\" value=\"Si\u0173sti u\u017eklaus\u0105\" \/>\n<\/p><div class=\"wpcf7-response-output\" aria-hidden=\"true\"><\/div>\n<input type=\"hidden\" name=\"trp-form-language\" value=\"lt\"\/><\/form>\n<\/div>\n<\/div>\n\t\t\t\t\t\t<\/div>\n\t\t\t\t<\/div>\n\t\t\t\t<\/div>\n\t\t\t\t<\/div>\n\t\t\t\t<\/div>","protected":false},"excerpt":{"rendered":"<p>Machen Sie den ersten Schritt! Fordern Sie jetzt eine unverbindliche Beratung an und erfahren Sie, wie die GIGER\u00ae MD\u00ae Therapie auch Ihnen und Ihren Liebsten weiterhelfen kann. F\u00fcllen Sie einfach das Formular aus und wir melden uns bei Ihnen.<\/p>","protected":false},"author":1,"featured_media":0,"parent":0,"menu_order":0,"comment_status":"closed","ping_status":"closed","template":"","meta":{"inline_featured_image":false,"footnotes":""},"class_list":["post-11","page","type-page","status-publish","hentry"],"_links":{"self":[{"href":"https:\/\/cp-hotline.com\/lt\/wp-json\/wp\/v2\/pages\/11","targetHints":{"allow":["GET"]}}],"collection":[{"href":"https:\/\/cp-hotline.com\/lt\/wp-json\/wp\/v2\/pages"}],"about":[{"href":"https:\/\/cp-hotline.com\/lt\/wp-json\/wp\/v2\/types\/page"}],"author":[{"embeddable":true,"href":"https:\/\/cp-hotline.com\/lt\/wp-json\/wp\/v2\/users\/1"}],"replies":[{"embeddable":true,"href":"https:\/\/cp-hotline.com\/lt\/wp-json\/wp\/v2\/comments?post=11"}],"version-history":[{"count":6,"href":"https:\/\/cp-hotline.com\/lt\/wp-json\/wp\/v2\/pages\/11\/revisions"}],"predecessor-version":[{"id":66041,"href":"https:\/\/cp-hotline.com\/lt\/wp-json\/wp\/v2\/pages\/11\/revisions\/66041"}],"wp:attachment":[{"href":"https:\/\/cp-hotline.com\/lt\/wp-json\/wp\/v2\/media?parent=11"}],"curies":[{"name":"wp","href":"https:\/\/api.w.org\/{rel}","templated":true}]}}