{"id":514,"date":"2016-04-21T15:03:54","date_gmt":"2016-04-21T13:03:54","guid":{"rendered":"http:\/\/www.gigermd.com\/?page_id=514"},"modified":"2026-03-09T08:49:48","modified_gmt":"2026-03-09T07:49:48","slug":"agb-copyright","status":"publish","type":"page","link":"https:\/\/cp-hotline.com\/lv\/agb-copyright\/","title":{"rendered":"AGB\/Copyight"},"content":{"rendered":"<div data-elementor-type=\"wp-page\" data-elementor-id=\"514\" class=\"elementor elementor-514\" data-elementor-post-type=\"page\">\n\t\t\t\t<div class=\"elementor-element elementor-element-7eaeaa5e e-flex e-con-boxed e-con e-parent\" data-id=\"7eaeaa5e\" data-element_type=\"container\" data-e-type=\"container\" data-settings=\"{&quot;background_background&quot;:&quot;classic&quot;}\">\n\t\t\t\t\t<div class=\"e-con-inner\">\n\t\t<div class=\"elementor-element elementor-element-a5166d2 e-con-full e-flex e-con e-child\" data-id=\"a5166d2\" data-element_type=\"container\" data-e-type=\"container\">\n\t\t\t\t<div class=\"elementor-element elementor-element-1f809b6 elementor-widget elementor-widget-heading\" data-id=\"1f809b6\" data-element_type=\"widget\" data-e-type=\"widget\" data-widget_type=\"heading.default\">\n\t\t\t\t\t<h2 class=\"elementor-heading-title elementor-size-default\">Visp\u0101r\u012bgie noteikumi un nosac\u012bjumi<\/h2>\t\t\t\t<\/div>\n\t\t\t\t<div class=\"elementor-element elementor-element-c31b970 elementor-widget elementor-widget-heading\" data-id=\"c31b970\" data-element_type=\"widget\" data-e-type=\"widget\" data-widget_type=\"heading.default\">\n\t\t\t\t\t<h3 class=\"elementor-heading-title elementor-size-default\">Combo AG, Medic\u012bnas tehnika GIGER MD\u00ae<\/h3>\t\t\t\t<\/div>\n\t\t\t\t<div class=\"elementor-element elementor-element-126b634 elementor-widget elementor-widget-text-editor\" data-id=\"126b634\" data-element_type=\"widget\" data-e-type=\"widget\" data-widget_type=\"text-editor.default\">\n\t\t\t\t\t\t\t\t\t<h5>Noteikumi un nosac\u012bjumi<\/h5><p>Turpm\u0101k min\u0113tie noteikumi un nosac\u012bjumi attiecas tikai uz dar\u012bjumu dar\u012bjumiem starp Combo AG un klientu. Tie jebkur\u0101 gad\u012bjum\u0101 ir noteico\u0161ie attiec\u012bb\u0101 pret citiem noteikumiem un nosac\u012bjumiem, ko nos\u016bt\u012bjis klients vai kas ietverti klienta dokumentos.<\/p><h5>Cenas<\/h5><p>Ja vien nav nor\u0101d\u012bts cit\u0101di, visas cenas ir izteiktas \u0160veices frankos. T\u0101s parasti ir nor\u0101d\u012btas ar PVN iek\u0161zemes pieg\u0101d\u0113m un bez PVN pieg\u0101d\u0113m uz \u0101rzem\u0113m. Visas cenas ir orient\u0113jo\u0161as, un tikai jaun\u0101kais pied\u0101v\u0101jums ir der\u012bgs 30 dienas vai, ja vien pied\u0101v\u0101jum\u0101 nav nor\u0101d\u012bts cit\u0101di, ja vien nav drukas, drukas vai apr\u0113\u0137inu k\u013c\u016bdu.<\/p><h5>Pieg\u0101des<\/h5><p>Terapijas instrumentu pieg\u0101dei iek\u0161zem\u0113 pasta izdevumi un iepakojums ir bez maksas. Pieg\u0101d\u0101jot uz \u0101rzem\u0113m, tiek iekas\u0113ta tikai pasta maksa. Par nov\u0113lotu pieg\u0101di pret Combo AG nevar izvirz\u012bt nek\u0101das pras\u012bbas par zaud\u0113jumu atl\u012bdz\u012bbu saist\u012bb\u0101 ar pe\u013c\u0146as zaud\u0113jumiem, uz\u0146\u0113m\u0113jdarb\u012bbas p\u0101rtrauk\u0161anu vai jebk\u0101diem citiem finansi\u0101liem zaud\u0113jumiem.<\/p><h5>Maks\u0101jumu k\u0101rt\u012bba<\/h5><p>\u0100rvalstu klientiem pas\u016bt\u012bjumi tiks izpild\u012bti tikai tad, ja m\u016bsu kont\u0101 iepriek\u0161 tiks ieskait\u012bta maks\u0101jam\u0101 summa.<\/p><h5>Garantijas nosac\u012bjumi<\/h5><p>Combo AG ap\u0146emas nov\u0113rst visus defektus, kas radu\u0161ies materi\u0101lu vai ra\u017eo\u0161anas defektu d\u0113\u013c. Garantija attiecas uz instrumenta bezmaksas remontu vai boj\u0101to deta\u013cu bezmaksas nomai\u0146u. Pras\u012bbas par garantijas atcel\u0161anu, cenas samazin\u0101\u0161anu, instrumenta nomai\u0146u un izmaksu atl\u012bdzin\u0101\u0161anu, ja boj\u0101jumus bez m\u016bsu rakstiskas piekri\u0161anas nov\u0113r\u0161 tre\u0161\u0101s personas, un, visbeidzot, par zaud\u0113jumu atl\u012bdz\u012bbu, kas p\u0101rsniedz boj\u0101t\u0101s da\u013cas nomai\u0146u, ir izsl\u0113gtas.<\/p><p>Klientam tiks iekas\u0113ti ce\u013ca un pieg\u0101des izdevumi.<\/p><p>Garantiju apliecina Combo AG r\u0113\u0137ins vai pavadz\u012bme, kur\u0101 j\u0101nor\u0101da ieg\u0101des datums un modelis.<\/p><p>Garantija neattiecas uz deta\u013c\u0101m, kas pak\u013cautas dabiskam nolietojumam vai boj\u0101jumiem, ko izrais\u012bjusi nepareiza ekspluat\u0101cija vai lieto\u0161ana, piem\u0113ram, noma vai \u0101r\u0113ja ietekme.\u00a0<strong>Turkl\u0101t lietot\u0101ja pien\u0101kums ir regul\u0101ri reizi ned\u0113\u013c\u0101 veikt visu kust\u012bgo da\u013cu, skr\u016bvju un knie\u017eu atbilsto\u0161u nodiluma p\u0101rbaudi; ja lietot\u0101js to nedara, vi\u0146\u0161 zaud\u0113 ties\u012bbas piepras\u012bt jebk\u0101du atl\u012bdz\u012bbu par izrieto\u0161o boj\u0101jumu nov\u0113r\u0161anu.<\/strong>.<\/p><p>Ja remontu vai remonta m\u0113\u0123in\u0101jumus veic citas personas, nevis Combo AG, garantijas pras\u012bba tiek anul\u0113ta.<\/p><p>Combo AG pie\u0161\u0137ir 24 m\u0113ne\u0161u garantiju - ar\u012b komerci\u0101lai lieto\u0161anai (iz\u0146emot GIGER MD\u00ae Combofit) - s\u0101kot no piln\u012bgi jauna instrumenta pieg\u0101des datuma.<\/p><h5>Iepirkuma priek\u0161meta atbilst\u012bga izmanto\u0161ana<\/h5><p>Ja pieg\u0101des dokumentos nav skaidri nor\u0101d\u012bts, ka iek\u0101rta ir paredz\u0113ta \u201eprofesion\u0101liem lietot\u0101jiem\u201c, un l\u012bdz ar to ier\u012bcei ir pievienota publisk\u0101 terapijas licence, t\u0101 ir tikai priv\u0101ta licence terapijas ier\u012bces izmanto\u0161anai priv\u0101t\u0101m vajadz\u012bb\u0101m. \u0160\u0101d\u0101 gad\u012bjum\u0101 iek\u0101rtas komerci\u0101la izmanto\u0161ana ir aizliegta, jo pacientu komerci\u0101lai \u0101rst\u0113\u0161anai vienm\u0113r ir nepiecie\u0161ama atbilsto\u0161a ra\u017eot\u0101ja apm\u0101c\u012bba un profesion\u0101la iek\u0101rta.<\/p><p>Turkl\u0101t \u0161\u012b licence stingri aizliedz licenci\u0101tam veikt jebk\u0101das modifik\u0101cijas vai izmai\u0146as GIGER MD\u00ae instrumentos bez licences dev\u0113ja rakstiskas piekri\u0161anas.<\/p><p>Ja vien rakstiski nav pan\u0101kta cita vieno\u0161an\u0101s, pirc\u0113jam pie\u0161\u0137irt\u0101 licence ir NEIZCELPOJAMA, NEP\u0100RDODAMA licence, un licences sa\u0146\u0113m\u0113jam nav at\u013cauts veikt nek\u0101das izmai\u0146as GIGER MD Terapijas instrument\u0101.<\/p><h5>Programmat\u016bras produkts, zin\u0101t\u012bba<\/h5><p>GIGER MD\u00ae instrumentu programmat\u016bras produktu un zin\u0101t\u012bbu dr\u012bkst izmantot tikai saska\u0146\u0101 ar attiec\u012bgo licences l\u012bgumu.<\/p><h5>Atruna<\/h5><p>Combo AG patur ties\u012bbas atteikties no jebk\u0101das atbild\u012bbas, ja netiek iev\u0113rotas lieto\u0161anas instrukcijas un visp\u0101r\u012bgie nor\u0101d\u012bjumi, k\u0101 ar\u012b nepareizas GIGER MD\u00ae instrumentu lieto\u0161anas gad\u012bjum\u0101.<\/p><h5>Piem\u0113rojamie ties\u012bbu akti, jurisdikcijas vieta un groz\u012bjumi<\/h5><p>Uz \u0161o l\u012bgumu vai deklar\u0101ciju attiecas tikai un vien\u012bgi \u0160veices ties\u012bbu akti. Visu str\u012bdu, kas rodas saist\u012bb\u0101 ar \u0161o l\u012bgumu vai deklar\u0101ciju, iekas\u0113\u0161anas vieta un ekskluz\u012bv\u0101 jurisdikcija ir Combo AG juridisk\u0101 adrese. Tom\u0113r \u0161is uz\u0146\u0113mums ir pilnvarots ar\u012b aizst\u0101v\u0113t savas ties\u012bbas klienta dz\u012bvesviet\u0101 vai jebkur\u0101 cit\u0101 kompetent\u0101 iest\u0101d\u0113, k\u0101 ar\u012b izv\u0113l\u0113ties piem\u0113rojamos valsts ties\u012bbu aktus. Visas izmai\u0146as attiec\u012bb\u0101 uz \u0161iem Visp\u0101r\u012bgajiem noteikumiem un nosac\u012bjumiem ir j\u0101veic rakstiski.<\/p><h5>T\u012bmek\u013ca vietnes uztur\u0113\u0161ana<\/h5><p>WordPress t\u012bmek\u013ca vietnes uztur\u0113\u0161anu veic uz\u0146\u0113mums Codemenschen Gmbh.<\/p><p>WordPress izstr\u0101de, ko veic Codemenschen Gmbh<\/p><p>Str\u012bdu iz\u0161\u0137ir\u0161ana: M\u0113s nev\u0113lamies vai mums nav pien\u0101kuma piedal\u012bties str\u012bdu iz\u0161\u0137ir\u0161anas proces\u0101 pat\u0113r\u0113t\u0101ju \u0161\u0137\u012br\u0113jties\u0101.<\/p><h5>Inform\u0101cija par autorties\u012bb\u0101m<\/h5><p>Autorties\u012bbas \u00a9 2026 Combo AG - CH-Lommiswil<\/p><p>GIGER MD\u00ae, GIGERMD\u00ae, GIGER\u00ae ir re\u0123istr\u0113ta pre\u010du z\u012bme.<\/p><p>CAPM \u00a9<\/p><p>Autorties\u012bbas \u00a9 1992\/2026 Visas ties\u012bbas aizsarg\u0101tas.<\/p><p>Jo \u012bpa\u0161i autorties\u012bbu likums un likums par negod\u012bgas konkurences nov\u0113r\u0161anu.<\/p><p>Int. pat. ASV pat.<\/p><p>Par \u0161o ties\u012bbu p\u0101rk\u0101pumiem tiks ierosin\u0101ta krimin\u0101lvaj\u0101\u0161ana saska\u0146\u0101 ar civilties\u012bb\u0101m un krimin\u0101lties\u012bb\u0101m.<\/p>\t\t\t\t\t\t\t\t<\/div>\n\t\t\t\t<\/div>\n\t\t\t\t\t<\/div>\n\t\t\t\t<\/div>\n\t\t\t\t<\/div>","protected":false},"excerpt":{"rendered":"<p>Allgemeine Gesch\u00e4ftsbedingungen Combo AG, Medizintechnik GIGER MD\u00ae Konditionen F\u00fcr den Gesch\u00e4ftsverkehr zwischen der Combo AG und dem Besteller gelten ausschliesslich die nachstehenden Bedingungen. Sie gehen anderslautenden Konditionen, die vom Besteller \u00fcbersandt wurden oder sich auf dessen Schriftst\u00fcck befinden, in jedem Falle vor. Preise S\u00e4mtliche Preise sind, wo nicht anders angegeben, in Schweizer Franken ausgedr\u00fcckt. Sie [&hellip;]<\/p>\n","protected":false},"author":1,"featured_media":0,"parent":0,"menu_order":0,"comment_status":"closed","ping_status":"closed","template":"","meta":{"inline_featured_image":false,"footnotes":""},"class_list":["post-514","page","type-page","status-publish","hentry"],"_links":{"self":[{"href":"https:\/\/cp-hotline.com\/lv\/wp-json\/wp\/v2\/pages\/514","targetHints":{"allow":["GET"]}}],"collection":[{"href":"https:\/\/cp-hotline.com\/lv\/wp-json\/wp\/v2\/pages"}],"about":[{"href":"https:\/\/cp-hotline.com\/lv\/wp-json\/wp\/v2\/types\/page"}],"author":[{"embeddable":true,"href":"https:\/\/cp-hotline.com\/lv\/wp-json\/wp\/v2\/users\/1"}],"replies":[{"embeddable":true,"href":"https:\/\/cp-hotline.com\/lv\/wp-json\/wp\/v2\/comments?post=514"}],"version-history":[{"count":12,"href":"https:\/\/cp-hotline.com\/lv\/wp-json\/wp\/v2\/pages\/514\/revisions"}],"predecessor-version":[{"id":66746,"href":"https:\/\/cp-hotline.com\/lv\/wp-json\/wp\/v2\/pages\/514\/revisions\/66746"}],"wp:attachment":[{"href":"https:\/\/cp-hotline.com\/lv\/wp-json\/wp\/v2\/media?parent=514"}],"curies":[{"name":"wp","href":"https:\/\/api.w.org\/{rel}","templated":true}]}}