{"id":64949,"date":"2025-12-26T05:12:47","date_gmt":"2025-12-26T04:12:47","guid":{"rendered":"https:\/\/cp-hotline.com\/?page_id=64949"},"modified":"2026-05-13T12:37:40","modified_gmt":"2026-05-13T10:37:40","slug":"par-mums","status":"publish","type":"page","link":"https:\/\/cp-hotline.com\/lv\/ueber-uns\/","title":{"rendered":"Par mums"},"content":{"rendered":"<div data-elementor-type=\"wp-page\" data-elementor-id=\"64949\" class=\"elementor elementor-64949\" data-elementor-post-type=\"page\">\n\t\t\t\t<div class=\"elementor-element elementor-element-0309262 e-flex e-con-boxed e-con e-parent\" data-id=\"0309262\" data-element_type=\"container\" data-e-type=\"container\">\n\t\t\t\t\t<div class=\"e-con-inner\">\n\t\t<div class=\"elementor-element elementor-element-822a690 e-con-full e-flex e-con e-child\" data-id=\"822a690\" data-element_type=\"container\" data-e-type=\"container\">\n\t\t\t\t<div class=\"elementor-element elementor-element-542f59e elementor-widget elementor-widget-heading\" data-id=\"542f59e\" data-element_type=\"widget\" data-e-type=\"widget\" data-widget_type=\"heading.default\">\n\t\t\t\t\t<h2 class=\"elementor-heading-title elementor-size-default\">Par mums - GIGER\u00ae MD\u00ae terapijas v\u0113sture: inov\u0101cijas un pieredze vair\u0101k nek\u0101 40 gadu garum\u0101.<\/h2>\t\t\t\t<\/div>\n\t\t\t\t<div class=\"elementor-element elementor-element-2fe9800 elementor-widget elementor-widget-text-editor\" data-id=\"2fe9800\" data-element_type=\"widget\" data-e-type=\"widget\" data-widget_type=\"text-editor.default\">\n\t\t\t\t\t\t\t\t\t<p>No <strong>pietic\u012bgi pirms\u0101kumi<\/strong> l\u012bdz <strong>m\u016bsdienu zin\u0101tniski pamatot\u0101 terapija<\/strong>. T\u0101 k\u0101 <strong>vair\u0101k nek\u0101 \u010detras desmitgades <\/strong>m\u0113s esam ap\u0146\u0113mu\u0161ies <strong>ar aizraut\u012bbu uzlabot dz\u012bves kvalit\u0101ti cilv\u0113kiem ar neirolo\u0123isk\u0101m slim\u012bb\u0101m.<\/strong>. M\u016bsu ce\u013cojumu raksturo <strong>Nep\u0101rtraukta izp\u0113te, \u0123imenes iesaist\u012b\u0161an\u0101s<\/strong> un <strong>nelok\u0101ma tic\u012bba katra indiv\u012bda potenci\u0101lam.<\/strong>.<\/p>\t\t\t\t\t\t\t\t<\/div>\n\t\t\t\t<div class=\"elementor-element elementor-element-1ca387d elementor-widget elementor-widget-heading\" data-id=\"1ca387d\" data-element_type=\"widget\" data-e-type=\"widget\" data-widget_type=\"heading.default\">\n\t\t\t\t\t<h3 class=\"elementor-heading-title elementor-size-default\">V\u012bzija un misija<\/h3>\t\t\t\t<\/div>\n\t\t\t\t<div class=\"elementor-element elementor-element-c66cc8c elementor-widget elementor-widget-text-editor\" data-id=\"c66cc8c\" data-element_type=\"widget\" data-e-type=\"widget\" data-widget_type=\"text-editor.default\">\n\t\t\t\t\t\t\t\t\t<p>M\u016bsu <strong>V\u012bzija<\/strong> ir pasaule, kur\u0101 <strong>Cilv\u0113ki ar neirolo\u0123isk\u0101m probl\u0113m\u0101m<\/strong> izmantojot<strong> Inovat\u012bvas terapeitisk\u0101s pieejas<\/strong> var piln\u012bb\u0101 realiz\u0113t savu potenci\u0101lu. M\u016bsu misija ir, <strong>GIGER\u00ae MD\u00ae terapija k\u0101 vado\u0161\u0101<\/strong>,<strong> Zin\u0101tniski apstiprin\u0101ta metode<\/strong> izveidot, <strong>pacientiem vis\u0101 pasaul\u0113 cer\u012bbu, progresu un uzlabotu dz\u012bves kvalit\u0101ti.<\/strong> pied\u0101v\u0101jumi.<\/p>\t\t\t\t\t\t\t\t<\/div>\n\t\t<div class=\"elementor-element elementor-element-2271b3d e-con-full e-flex e-con e-child\" data-id=\"2271b3d\" data-element_type=\"container\" data-e-type=\"container\">\n\t\t\t\t<div class=\"elementor-element elementor-element-8ba523f elementor-widget elementor-widget-image\" data-id=\"8ba523f\" data-element_type=\"widget\" data-e-type=\"widget\" data-widget_type=\"image.default\">\n\t\t\t\t\t\t\t\t\t\t\t\t\t\t\t\t<a href=\"https:\/\/cp-hotline.com\/lv\/cerebrala-triekas-terapija\/\">\n\t\t\t\t\t\t\t<img fetchpriority=\"high\" decoding=\"async\" width=\"1024\" height=\"682\" src=\"https:\/\/cp-hotline.com\/wp-content\/uploads\/2026\/01\/bild-uber-uns-01.jpg\" class=\"attachment-full size-full wp-image-65934\" alt=\"\" srcset=\"https:\/\/cp-hotline.com\/wp-content\/uploads\/2026\/01\/bild-uber-uns-01.jpg 1024w, https:\/\/cp-hotline.com\/wp-content\/uploads\/2026\/01\/bild-uber-uns-01-300x200.jpg 300w, https:\/\/cp-hotline.com\/wp-content\/uploads\/2026\/01\/bild-uber-uns-01-768x512.jpg 768w\" sizes=\"(max-width: 1024px) 100vw, 1024px\" \/>\t\t\t\t\t\t\t\t<\/a>\n\t\t\t\t\t\t\t\t\t\t\t\t\t\t\t<\/div>\n\t\t\t\t<\/div>\n\t\t\t\t<div class=\"elementor-element elementor-element-9dc463a elementor-widget elementor-widget-text-editor\" data-id=\"9dc463a\" data-element_type=\"widget\" data-e-type=\"widget\" data-widget_type=\"text-editor.default\">\n\t\t\t\t\t\t\t\t\t<p><em>Gu\u013cot: Dibin\u0101t\u0101ja Sonja G\u012bgere ar d\u0113lu, pa\u0161reiz\u0113jo izpilddirektoru Adrianu G\u012bgeru un mazb\u0113rnu.<\/em><\/p>\t\t\t\t\t\t\t\t<\/div>\n\t\t\t\t<div class=\"elementor-element elementor-element-5b1606b elementor-widget elementor-widget-heading\" data-id=\"5b1606b\" data-element_type=\"widget\" data-e-type=\"widget\" data-widget_type=\"heading.default\">\n\t\t\t\t\t<h3 class=\"elementor-heading-title elementor-size-default\">Dibin\u0101t\u0101ju \u0123imene<\/h3>\t\t\t\t<\/div>\n\t\t\t\t<div class=\"elementor-element elementor-element-6ce18df elementor-widget elementor-widget-text-editor\" data-id=\"6ce18df\" data-element_type=\"widget\" data-e-type=\"widget\" data-widget_type=\"text-editor.default\">\n\t\t\t\t\t\t\t\t\t<p><strong>Aizrau\u0161an\u0101s ar inov\u0101cij\u0101m<\/strong><br \/><br \/>GIGER\u00ae MD\u00ae st\u0101sts nes\u0101kas laboratorij\u0101, bet gan ar GIGER\u00ae MD\u00ae. <strong>Dzi\u013ca v\u0113lme pal\u012bdz\u0113t cilv\u0113kiem<\/strong>, par kuriem bija <strong>Maz cer\u012bbu uz uzlabojumiem<\/strong> deva. Uz <strong>80. gadu s\u0101kums<\/strong> kas <strong>\u0122\u012b\u0123eru \u0123imene<\/strong> . <strong>Revolucion\u0101ra terapijas veida pamatakmens<\/strong>. Sakar\u0101 ar gad\u012bjumu, kad <strong>MS \u0123imen\u0113<\/strong>, tu esi no <strong>person\u012bg\u0101 ap\u0146em\u0161an\u0101s un zin\u0101tniska zin\u0101tk\u0101re.<\/strong> un izstr\u0101d\u0101ja <strong>terapijas instrumentu pirmie prototipi<\/strong>. Vi\u0146u m\u0113r\u0137is bija <strong>nervu sist\u0113mu, izmantojot m\u0113r\u0137tiec\u012bgu<\/strong>, <strong>no jauna stimul\u0113t ritmisk\u0101s kust\u012bbas.<\/strong> - pieeja, kas tolaik <strong>T\u0101lu priek\u0161\u0101 savam laikam<\/strong> bija.<\/p>\t\t\t\t\t\t\t\t<\/div>\n\t\t\t\t<div class=\"elementor-element elementor-element-e7a16bc elementor-align-center elementor-widget elementor-widget-button\" data-id=\"e7a16bc\" data-element_type=\"widget\" data-e-type=\"widget\" data-widget_type=\"button.default\">\n\t\t\t\t\t\t\t\t\t\t<a class=\"elementor-button elementor-button-link elementor-size-sm elementor-animation-bob\" href=\"https:\/\/cp-hotline.com\/lv\/sazinaties-ar\/\">\n\t\t\t\t\t\t<span class=\"elementor-button-content-wrapper\">\n\t\t\t\t\t\t\t\t\t<span class=\"elementor-button-text\">Uzziniet vair\u0101k tagad!<\/span>\n\t\t\t\t\t<\/span>\n\t\t\t\t\t<\/a>\n\t\t\t\t\t\t\t\t<\/div>\n\t\t\t\t<\/div>\n\t\t\t\t\t<\/div>\n\t\t\t\t<\/div>\n\t\t\t\t<\/div>","protected":false},"excerpt":{"rendered":"<p>\u00dcber uns \u2013 Die Geschichte der GIGER\u00ae MD\u00ae Therapie: Innovation und Erfahrung seit \u00fcber 40 Jahren. Von den bescheidenen Anf\u00e4ngen bis zur heutigen wissenschaftlich fundierten Therapie. Seit \u00fcber vier Jahrzehnten engagieren wir uns mit Leidenschaft f\u00fcr die Verbesserung der Lebensqualit\u00e4t von Menschen mit neurologischen Erkrankungen. Unsere Reise ist gepr\u00e4gt von kontinuierlicher Forschung, famili\u00e4rem Engagement und [&hellip;]<\/p>\n","protected":false},"author":1,"featured_media":0,"parent":0,"menu_order":0,"comment_status":"closed","ping_status":"closed","template":"","meta":{"inline_featured_image":false,"footnotes":""},"class_list":["post-64949","page","type-page","status-publish","hentry"],"_links":{"self":[{"href":"https:\/\/cp-hotline.com\/lv\/wp-json\/wp\/v2\/pages\/64949","targetHints":{"allow":["GET"]}}],"collection":[{"href":"https:\/\/cp-hotline.com\/lv\/wp-json\/wp\/v2\/pages"}],"about":[{"href":"https:\/\/cp-hotline.com\/lv\/wp-json\/wp\/v2\/types\/page"}],"author":[{"embeddable":true,"href":"https:\/\/cp-hotline.com\/lv\/wp-json\/wp\/v2\/users\/1"}],"replies":[{"embeddable":true,"href":"https:\/\/cp-hotline.com\/lv\/wp-json\/wp\/v2\/comments?post=64949"}],"version-history":[{"count":34,"href":"https:\/\/cp-hotline.com\/lv\/wp-json\/wp\/v2\/pages\/64949\/revisions"}],"predecessor-version":[{"id":66988,"href":"https:\/\/cp-hotline.com\/lv\/wp-json\/wp\/v2\/pages\/64949\/revisions\/66988"}],"wp:attachment":[{"href":"https:\/\/cp-hotline.com\/lv\/wp-json\/wp\/v2\/media?parent=64949"}],"curies":[{"name":"wp","href":"https:\/\/api.w.org\/{rel}","templated":true}]}}