{"id":514,"date":"2016-04-21T15:03:54","date_gmt":"2016-04-21T13:03:54","guid":{"rendered":"http:\/\/www.gigermd.com\/?page_id=514"},"modified":"2026-03-09T08:49:48","modified_gmt":"2026-03-09T07:49:48","slug":"agb-copyright","status":"publish","type":"page","link":"https:\/\/cp-hotline.com\/nb\/agb-copyright\/","title":{"rendered":"AGB\/Copyight"},"content":{"rendered":"<div data-elementor-type=\"wp-page\" data-elementor-id=\"514\" class=\"elementor elementor-514\" data-elementor-post-type=\"page\">\n\t\t\t\t<div class=\"elementor-element elementor-element-7eaeaa5e e-flex e-con-boxed e-con e-parent\" data-id=\"7eaeaa5e\" data-element_type=\"container\" data-e-type=\"container\" data-settings=\"{&quot;background_background&quot;:&quot;classic&quot;}\">\n\t\t\t\t\t<div class=\"e-con-inner\">\n\t\t<div class=\"elementor-element elementor-element-a5166d2 e-con-full e-flex e-con e-child\" data-id=\"a5166d2\" data-element_type=\"container\" data-e-type=\"container\">\n\t\t\t\t<div class=\"elementor-element elementor-element-1f809b6 elementor-widget elementor-widget-heading\" data-id=\"1f809b6\" data-element_type=\"widget\" data-e-type=\"widget\" data-widget_type=\"heading.default\">\n\t\t\t\t\t<h2 class=\"elementor-heading-title elementor-size-default\">Generelle vilk\u00e5r og betingelser<\/h2>\t\t\t\t<\/div>\n\t\t\t\t<div class=\"elementor-element elementor-element-c31b970 elementor-widget elementor-widget-heading\" data-id=\"c31b970\" data-element_type=\"widget\" data-e-type=\"widget\" data-widget_type=\"heading.default\">\n\t\t\t\t\t<h3 class=\"elementor-heading-title elementor-size-default\">Combo AG, Medisinsk teknologi GIGER MD\u00ae<\/h3>\t\t\t\t<\/div>\n\t\t\t\t<div class=\"elementor-element elementor-element-126b634 elementor-widget elementor-widget-text-editor\" data-id=\"126b634\" data-element_type=\"widget\" data-e-type=\"widget\" data-widget_type=\"text-editor.default\">\n\t\t\t\t\t\t\t\t\t<h5>Vilk\u00e5r og betingelser<\/h5><p>F\u00f8lgende vilk\u00e5r og betingelser gjelder utelukkende for forretningstransaksjoner mellom Combo AG og kunden. De skal under alle omstendigheter ha forrang fremfor eventuelle andre vilk\u00e5r og betingelser som er sendt av kunden eller som finnes i kundens dokumenter.<\/p><h5>Priser<\/h5><p>Med mindre annet er oppgitt, er alle priser oppgitt i sveitsiske franc. De er vanligvis oppgitt inklusive merverdiavgift for leveranser innenlands og eksklusive merverdiavgift for leveranser til utlandet. Alle priser er veiledende priser, og kun det siste tilbudet er gyldig i en periode p\u00e5 30 dager eller hvis ikke annet er angitt p\u00e5 tilbudet, med mindre det foreligger skrive-, trykk- eller regnefeil.<\/p><h5>Leveranser<\/h5><p>Porto og emballasje er gratis ved levering av behandlingsinstrumenter innenlands. For leveranser til utlandet er det kun portoen som belastes. Det kan ikke gj\u00f8res krav p\u00e5 erstatning for tapt fortjeneste, driftsavbrudd eller annet \u00f8konomisk tap mot Combo AG p\u00e5 grunn av forsinket levering.<\/p><h5>Betalingsm\u00e5ter<\/h5><p>For kunder fra utlandet vil bestillinger bare bli utf\u00f8rt hvis det skyldige bel\u00f8pet er overf\u00f8rt til v\u00e5r konto p\u00e5 forh\u00e5nd.<\/p><h5>Garantibetingelser<\/h5><p>Combo AG forplikter seg til \u00e5 utbedre alle defekter som skyldes material- eller produksjonsfeil. Garantien dekker kostnadsfri reparasjon av instrumentet eller kostnadsfri utskifting av defekte deler. Krav om heving, prisavslag, utskifting av instrumentet og refusjon av kostnader i tilfelle skader utbedres av tredjeparter uten v\u00e5rt skriftlige samtykke, og endelig krav om erstatning for skader utover utskifting av den defekte delen, er utelukket.<\/p><p>Reise- og fraktkostnader til kunden vil bli fakturert.<\/p><p>Fakturaen eller f\u00f8lgeseddelen fra Combo AG, der kj\u00f8psdatoen og modellen m\u00e5 v\u00e6re p\u00e5f\u00f8rt, skal tjene som bevis for garantikravet.<\/p><p>Garantien gjelder ikke for deler som er utsatt for naturlig slitasje eller for feil som skyldes feil betjening eller bruk, for eksempel utleie eller ytre p\u00e5virkninger.\u00a0<strong>Videre er brukeren forpliktet til \u00e5 underkaste alle bevegelige deler, skruer og nagler en tilstrekkelig slitasjetest med regelmessige intervaller p\u00e5 en uke; unnlatelse av dette vil f\u00f8re til tap av ethvert krav p\u00e5 reparasjon av f\u00f8lgeskader<\/strong>.<\/p><p>Hvis reparasjoner eller fors\u00f8k p\u00e5 reparasjoner utf\u00f8res av andre enn Combo AG, bortfaller garantikravet.<\/p><p>Combo AG gir 24 m\u00e5neders garanti - ogs\u00e5 for kommersiell bruk (unntatt GIGER MD\u00ae Combofit) - regnet fra datoen for levering av det splitter nye instrumentet.<\/p><h5>Hensiktsmessig bruk av kj\u00f8psobjektet<\/h5><p>Hvis det ikke uttrykkelig fremg\u00e5r av leveringsdokumentene at utstyret er beregnet for \u201eprofesjonelle brukere\u201c, og det dermed f\u00f8lger en offentlig behandlingslisens med apparatet, er det kun en privat lisens for bruk av behandlingsapparatet til privat bruk. Kommersiell bruk av utstyret er forbudt i dette tilfellet, ettersom kommersiell behandling av pasienter alltid krever skikkelig oppl\u00e6ring av produsenten og profesjonelt utstyr.<\/p><p>I tillegg forbyr denne lisensen strengt tatt lisenstakeren \u00e5 gj\u00f8re endringer eller modifikasjoner p\u00e5 GIGER MD\u00ae -instrumenter uten skriftlig samtykke fra lisensgiveren.<\/p><p>Med mindre annet er skriftlig avtalt, er lisensen som gis til kj\u00f8peren en IKKE-eksklusiv, IKKE-overf\u00f8rbar lisens, og lisenstakeren har ikke lov til \u00e5 gj\u00f8re noen endringer p\u00e5 GIGER MD Therapy Instrument.<\/p><h5>Programvareprodukt, kunnskap<\/h5><p>Programvareproduktet for GIGER MD\u00ae -instrumentene og kunnskapen kan bare brukes innenfor rammen av den aktuelle lisensavtalen.<\/p><h5>Ansvarsfraskrivelse<\/h5><p>Combo AG forbeholder seg retten til \u00e5 fraskrive seg ethvert ansvar ved manglende overholdelse av bruksanvisningen og de generelle instruksjonene, samt ved feilaktig bruk av GIGER MD\u00ae -instrumentene.<\/p><h5>Gjeldende lov, verneting og endringer<\/h5><p>Denne avtalen eller erkl\u00e6ringen er utelukkende underlagt sveitsisk lov. Oppsamlingssted og eksklusivt verneting for alle tvister som oppst\u00e5r i forbindelse med denne avtalen eller erkl\u00e6ringen, er Combo AGs hovedkontor. Dette selskapet er imidlertid ogs\u00e5 autorisert til \u00e5 hevde sine rettigheter p\u00e5 kundens hjemsted eller overfor enhver annen kompetent myndighet, og ogs\u00e5 til \u00e5 velge gjeldende nasjonal lov. Alle endringer i disse generelle vilk\u00e5rene og betingelsene m\u00e5 gj\u00f8res skriftlig.<\/p><h5>Vedlikehold av nettstedet<\/h5><p>Vedlikeholdet av nettstedet for WordPress utf\u00f8res av Codemenschen Gmbh<\/p><p>WordPress-utvikling av Codemenschen Gmbh<\/p><p>Tvistel\u00f8sning: Vi er ikke villige eller forpliktet til \u00e5 delta i tvistel\u00f8sningsprosedyrer for en voldgiftsnemnd for forbrukere.<\/p><h5>Informasjon om opphavsrett<\/h5><p>Opphavsrett \u00a9 2026 Combo AG - CH-Lommiswil<\/p><p>GIGER MD\u00ae, GIGERMD\u00ae, GIGER\u00ae er et registrert varemerke.<\/p><p>CAPM<\/p><p>Copyright \u00a9 1992\/2026 Alle rettigheter forbeholdt.<\/p><p>Det gjelder s\u00e6rlig opphavsretten og loven mot illojal konkurranse.<\/p><p>Int. pat. USA pat.<\/p><p>Brudd p\u00e5 disse rettighetene vil bli straffeforfulgt i henhold til sivil- og straffeloven.<\/p>\t\t\t\t\t\t\t\t<\/div>\n\t\t\t\t<\/div>\n\t\t\t\t\t<\/div>\n\t\t\t\t<\/div>\n\t\t\t\t<\/div>","protected":false},"excerpt":{"rendered":"<p>Allgemeine Gesch\u00e4ftsbedingungen Combo AG, Medizintechnik GIGER MD\u00ae Konditionen F\u00fcr den Gesch\u00e4ftsverkehr zwischen der Combo AG und dem Besteller gelten ausschliesslich die nachstehenden Bedingungen. Sie gehen anderslautenden Konditionen, die vom Besteller \u00fcbersandt wurden oder sich auf dessen Schriftst\u00fcck befinden, in jedem Falle vor. Preise S\u00e4mtliche Preise sind, wo nicht anders angegeben, in Schweizer Franken ausgedr\u00fcckt. Sie [&hellip;]<\/p>\n","protected":false},"author":1,"featured_media":0,"parent":0,"menu_order":0,"comment_status":"closed","ping_status":"closed","template":"","meta":{"inline_featured_image":false,"footnotes":""},"class_list":["post-514","page","type-page","status-publish","hentry"],"_links":{"self":[{"href":"https:\/\/cp-hotline.com\/nb\/wp-json\/wp\/v2\/pages\/514","targetHints":{"allow":["GET"]}}],"collection":[{"href":"https:\/\/cp-hotline.com\/nb\/wp-json\/wp\/v2\/pages"}],"about":[{"href":"https:\/\/cp-hotline.com\/nb\/wp-json\/wp\/v2\/types\/page"}],"author":[{"embeddable":true,"href":"https:\/\/cp-hotline.com\/nb\/wp-json\/wp\/v2\/users\/1"}],"replies":[{"embeddable":true,"href":"https:\/\/cp-hotline.com\/nb\/wp-json\/wp\/v2\/comments?post=514"}],"version-history":[{"count":12,"href":"https:\/\/cp-hotline.com\/nb\/wp-json\/wp\/v2\/pages\/514\/revisions"}],"predecessor-version":[{"id":66746,"href":"https:\/\/cp-hotline.com\/nb\/wp-json\/wp\/v2\/pages\/514\/revisions\/66746"}],"wp:attachment":[{"href":"https:\/\/cp-hotline.com\/nb\/wp-json\/wp\/v2\/media?parent=514"}],"curies":[{"name":"wp","href":"https:\/\/api.w.org\/{rel}","templated":true}]}}