{"id":514,"date":"2016-04-21T15:03:54","date_gmt":"2016-04-21T13:03:54","guid":{"rendered":"http:\/\/www.gigermd.com\/?page_id=514"},"modified":"2026-03-09T08:49:48","modified_gmt":"2026-03-09T07:49:48","slug":"auteursrechtelijke-voorwaarden","status":"publish","type":"page","link":"https:\/\/cp-hotline.com\/nl\/agb-copyright\/","title":{"rendered":"AGB\/Copyight"},"content":{"rendered":"<div data-elementor-type=\"wp-page\" data-elementor-id=\"514\" class=\"elementor elementor-514\" data-elementor-post-type=\"page\">\n\t\t\t\t<div class=\"elementor-element elementor-element-7eaeaa5e e-flex e-con-boxed e-con e-parent\" data-id=\"7eaeaa5e\" data-element_type=\"container\" data-e-type=\"container\" data-settings=\"{&quot;background_background&quot;:&quot;classic&quot;}\">\n\t\t\t\t\t<div class=\"e-con-inner\">\n\t\t<div class=\"elementor-element elementor-element-a5166d2 e-con-full e-flex e-con e-child\" data-id=\"a5166d2\" data-element_type=\"container\" data-e-type=\"container\">\n\t\t\t\t<div class=\"elementor-element elementor-element-1f809b6 elementor-widget elementor-widget-heading\" data-id=\"1f809b6\" data-element_type=\"widget\" data-e-type=\"widget\" data-widget_type=\"heading.default\">\n\t\t\t\t\t<h2 class=\"elementor-heading-title elementor-size-default\">Algemene voorwaarden<\/h2>\t\t\t\t<\/div>\n\t\t\t\t<div class=\"elementor-element elementor-element-c31b970 elementor-widget elementor-widget-heading\" data-id=\"c31b970\" data-element_type=\"widget\" data-e-type=\"widget\" data-widget_type=\"heading.default\">\n\t\t\t\t\t<h3 class=\"elementor-heading-title elementor-size-default\">Combo AG, Medische Technologie GIGER MD\u00ae<\/h3>\t\t\t\t<\/div>\n\t\t\t\t<div class=\"elementor-element elementor-element-126b634 elementor-widget elementor-widget-text-editor\" data-id=\"126b634\" data-element_type=\"widget\" data-e-type=\"widget\" data-widget_type=\"text-editor.default\">\n\t\t\t\t\t\t\t\t\t<h5>Algemene voorwaarden<\/h5><p>De volgende voorwaarden zijn uitsluitend van toepassing op zakelijke transacties tussen Combo AG en de klant. Ze hebben in elk geval voorrang op alle andere voorwaarden die door de klant worden verstuurd of die in de documenten van de klant zijn opgenomen.<\/p><h5>Prijzen<\/h5><p>Tenzij anders vermeld, zijn alle prijzen uitgedrukt in Zwitserse frank. Ze worden over het algemeen inclusief btw voor binnenlandse leveringen en exclusief btw voor leveringen naar het buitenland weergegeven. Alle prijzen zijn richtprijzen en alleen de meest recente offerte is geldig voor een periode van 30 dagen of tenzij anders vermeld op de offerte, tenzij er sprake is van type-, druk- of rekenfouten.<\/p><h5>Leveringen<\/h5><p>Porto en verpakking zijn gratis voor leveringen van therapie-instrumenten in het binnenland. Voor leveringen naar het buitenland wordt alleen de portokosten in rekening gebracht. Combo AG kan geen aanspraak maken op schadevergoeding voor winstderving, bedrijfsonderbreking of andere financi\u00eble verliezen als gevolg van te late leveringen.<\/p><h5>Betalingsmodaliteiten<\/h5><p>Voor klanten uit het buitenland geldt dat bestellingen alleen worden uitgevoerd als het verschuldigde bedrag vooraf op onze rekening is bijgeschreven.<\/p><h5>Garantievoorwaarden<\/h5><p>Combo AG verplicht zich tot het verhelpen van alle defecten die te wijten zijn aan materiaal- of fabricagefouten. De garantie dekt de kosteloze reparatie van het instrument of de kosteloze vervanging van defecte onderdelen. Aanspraken op annulering, prijsvermindering, vervanging van het instrument en vergoeding van kosten in geval van schade die zonder onze schriftelijke toestemming door derden is verholpen, en ten slotte op vergoeding van schade die meer bedraagt dan de vervanging van het defecte onderdeel, zijn uitgesloten.<\/p><p>Reis- en verzendkosten naar de klant worden in rekening gebracht.<\/p><p>De factuur of afleverbon van Combo AG, waarop de aankoopdatum en het model moeten worden vermeld, dient als bewijs van de garantieclaim.<\/p><p>De garantie is niet van toepassing op onderdelen die onderhevig zijn aan natuurlijke slijtage of defecten die veroorzaakt zijn door onjuiste bediening of gebruik, zoals verhuur of invloeden van buitenaf.\u00a0<strong>Bovendien is de gebruiker verplicht om alle bewegende delen, schroeven en klinknagels met regelmatige tussenpozen van een week aan een adequate slijtagetest te onderwerpen; als hij dit niet doet, vervalt elke aanspraak op herstel van gevolgschade.<\/strong>.<\/p><p>Als reparaties of pogingen tot reparaties worden uitgevoerd door anderen dan Combo AG, vervalt de garantieclaim.<\/p><p>Combo AG geeft 24 maanden garantie - zelfs voor commercieel gebruik (behalve GIGER MD\u00ae Combofit) - gerekend vanaf de leveringsdatum van het gloednieuwe instrument.<\/p><h5>Passend gebruik van het object van aankoop<\/h5><p>Als op de leveringsdocumenten niet uitdrukkelijk vermeld staat dat de apparatuur voor \u201eprofessionele gebruikers\u201c bestemd is en er dus een openbare behandelingslicentie bij het apparaat hoort, gaat het uitsluitend om een priv\u00e9licentie voor het gebruik van het therapeutische apparaat voor priv\u00e9gebruik. Commercieel gebruik van het apparaat is in dit geval verboden, omdat de commerci\u00eble behandeling van pati\u00ebnten altijd een goede opleiding door de fabrikant en professionele apparatuur vereist.<\/p><p>Daarnaast verbiedt deze licentie de licentiehouder ten strengste om wijzigingen of aanpassingen aan GIGER MD\u00ae instrumenten aan te brengen zonder schriftelijke toestemming van de licentiegever.<\/p><p>Tenzij schriftelijk anders overeengekomen, is de aan de koper verleende licentie een niet-exclusieve, niet-overdraagbare licentie en is het de licentiehouder niet toegestaan wijzigingen aan te brengen in het GIGER MD Therapy Instrument.<\/p><h5>Softwareproduct, knowhow<\/h5><p>Het softwareproduct voor de GIGER MD\u00ae instrumenten en de knowhow mogen alleen worden gebruikt binnen het toepassingsgebied van de betreffende licentieovereenkomst.<\/p><h5>Disclaimer<\/h5><p>Combo AG behoudt zich het recht voor af te zien van elke aansprakelijkheid bij het niet naleven van de gebruiksaanwijzing en algemene instructies en bij onjuist gebruik van de GIGER MD\u00ae instrumenten.<\/p><h5>Toepasselijk recht, bevoegde rechtbank en wijzigingen<\/h5><p>Op deze overeenkomst of verklaring is uitsluitend Zwitsers recht van toepassing. De plaats van inning en de exclusieve bevoegde rechtbank voor alle geschillen die in verband met deze overeenkomst of verklaring ontstaan, is de maatschappelijke zetel van Combo AG. Dit bedrijf is echter ook bevoegd om zijn rechten te doen gelden in de woonplaats van de klant of voor elke andere bevoegde instantie en ook om het toepasselijke nationale recht te kiezen. Alle wijzigingen met betrekking tot deze Algemene Voorwaarden dienen schriftelijk te gebeuren.<\/p><h5>Onderhoud website<\/h5><p>Het websiteonderhoud voor WordPress wordt uitgevoerd door Codemenschen Gmbh<\/p><p>WordPress ontwikkeling door Codemenschen Gmbh<\/p><p>Geschillenbeslechting: We zijn niet bereid of verplicht om deel te nemen aan geschillenbeslechtingsprocedures voor een arbitragecommissie voor consumenten.<\/p><h5>Informatie over auteursrecht<\/h5><p>Copyright \u00a9 2026 Combo AG - CH-Lommiswil<\/p><p>GIGER MD\u00ae, GIGERMD\u00ae, GIGER\u00ae is een geregistreerd handelsmerk.<\/p><p>CAPM \u00a9<\/p><p>Copyright \u00a9 1992\/2026 Alle rechten voorbehouden.<\/p><p>In het bijzonder auteursrecht en de wet tegen oneerlijke concurrentie.<\/p><p>Int. pat. USA pat.<\/p><p>Schendingen van deze rechten worden civiel- en strafrechtelijk vervolgd.<\/p>\t\t\t\t\t\t\t\t<\/div>\n\t\t\t\t<\/div>\n\t\t\t\t\t<\/div>\n\t\t\t\t<\/div>\n\t\t\t\t<\/div>","protected":false},"excerpt":{"rendered":"<p>Allgemeine Gesch\u00e4ftsbedingungen Combo AG, Medizintechnik GIGER MD\u00ae Konditionen F\u00fcr den Gesch\u00e4ftsverkehr zwischen der Combo AG und dem Besteller gelten ausschliesslich die nachstehenden Bedingungen. Sie gehen anderslautenden Konditionen, die vom Besteller \u00fcbersandt wurden oder sich auf dessen Schriftst\u00fcck befinden, in jedem Falle vor. Preise S\u00e4mtliche Preise sind, wo nicht anders angegeben, in Schweizer Franken ausgedr\u00fcckt. Sie [&hellip;]<\/p>\n","protected":false},"author":1,"featured_media":0,"parent":0,"menu_order":0,"comment_status":"closed","ping_status":"closed","template":"","meta":{"inline_featured_image":false,"footnotes":""},"class_list":["post-514","page","type-page","status-publish","hentry"],"_links":{"self":[{"href":"https:\/\/cp-hotline.com\/nl\/wp-json\/wp\/v2\/pages\/514","targetHints":{"allow":["GET"]}}],"collection":[{"href":"https:\/\/cp-hotline.com\/nl\/wp-json\/wp\/v2\/pages"}],"about":[{"href":"https:\/\/cp-hotline.com\/nl\/wp-json\/wp\/v2\/types\/page"}],"author":[{"embeddable":true,"href":"https:\/\/cp-hotline.com\/nl\/wp-json\/wp\/v2\/users\/1"}],"replies":[{"embeddable":true,"href":"https:\/\/cp-hotline.com\/nl\/wp-json\/wp\/v2\/comments?post=514"}],"version-history":[{"count":12,"href":"https:\/\/cp-hotline.com\/nl\/wp-json\/wp\/v2\/pages\/514\/revisions"}],"predecessor-version":[{"id":66746,"href":"https:\/\/cp-hotline.com\/nl\/wp-json\/wp\/v2\/pages\/514\/revisions\/66746"}],"wp:attachment":[{"href":"https:\/\/cp-hotline.com\/nl\/wp-json\/wp\/v2\/media?parent=514"}],"curies":[{"name":"wp","href":"https:\/\/api.w.org\/{rel}","templated":true}]}}