{"id":514,"date":"2016-04-21T15:03:54","date_gmt":"2016-04-21T13:03:54","guid":{"rendered":"http:\/\/www.gigermd.com\/?page_id=514"},"modified":"2026-03-09T08:49:48","modified_gmt":"2026-03-09T07:49:48","slug":"agb-copyright","status":"publish","type":"page","link":"https:\/\/cp-hotline.com\/pl\/agb-copyright\/","title":{"rendered":"AGB\/Copyight"},"content":{"rendered":"<div data-elementor-type=\"wp-page\" data-elementor-id=\"514\" class=\"elementor elementor-514\" data-elementor-post-type=\"page\">\n\t\t\t\t<div class=\"elementor-element elementor-element-7eaeaa5e e-flex e-con-boxed e-con e-parent\" data-id=\"7eaeaa5e\" data-element_type=\"container\" data-e-type=\"container\" data-settings=\"{&quot;background_background&quot;:&quot;classic&quot;}\">\n\t\t\t\t\t<div class=\"e-con-inner\">\n\t\t<div class=\"elementor-element elementor-element-a5166d2 e-con-full e-flex e-con e-child\" data-id=\"a5166d2\" data-element_type=\"container\" data-e-type=\"container\">\n\t\t\t\t<div class=\"elementor-element elementor-element-1f809b6 elementor-widget elementor-widget-heading\" data-id=\"1f809b6\" data-element_type=\"widget\" data-e-type=\"widget\" data-widget_type=\"heading.default\">\n\t\t\t\t\t<h2 class=\"elementor-heading-title elementor-size-default\">Og\u00f3lne warunki handlowe<\/h2>\t\t\t\t<\/div>\n\t\t\t\t<div class=\"elementor-element elementor-element-c31b970 elementor-widget elementor-widget-heading\" data-id=\"c31b970\" data-element_type=\"widget\" data-e-type=\"widget\" data-widget_type=\"heading.default\">\n\t\t\t\t\t<h3 class=\"elementor-heading-title elementor-size-default\">Combo AG, technologia medyczna GIGER MD\u00ae<\/h3>\t\t\t\t<\/div>\n\t\t\t\t<div class=\"elementor-element elementor-element-126b634 elementor-widget elementor-widget-text-editor\" data-id=\"126b634\" data-element_type=\"widget\" data-e-type=\"widget\" data-widget_type=\"text-editor.default\">\n\t\t\t\t\t\t\t\t\t<h5>Zasady i warunki<\/h5><p>Poni\u017csze warunki maj\u0105 zastosowanie wy\u0142\u0105cznie do transakcji biznesowych pomi\u0119dzy Combo AG a klientem. W ka\u017cdym przypadku maj\u0105 one pierwsze\u0144stwo przed wszelkimi innymi warunkami przes\u0142anymi przez klienta lub zawartymi w dokumentach klienta.<\/p><h5>Ceny<\/h5><p>O ile nie zaznaczono inaczej, wszystkie ceny wyra\u017cone s\u0105 we frankach szwajcarskich. Zasadniczo s\u0105 one podawane z podatkiem VAT w przypadku dostaw krajowych i bez podatku VAT w przypadku dostaw zagranicznych. Wszystkie ceny s\u0105 cenami orientacyjnymi i tylko najnowsza oferta jest wa\u017cna przez okres 30 dni lub o ile nie podano inaczej w ofercie, chyba \u017ce wyst\u0105pi\u0142y b\u0142\u0119dy w pisowni, druku lub obliczeniach.<\/p><h5>Dostawy<\/h5><p>Przesy\u0142ka pocztowa i opakowanie s\u0105 bezp\u0142atne w przypadku krajowych dostaw instrument\u00f3w terapeutycznych. W przypadku dostaw zagranicznych naliczana jest tylko op\u0142ata pocztowa. Combo AG nie mo\u017ce dochodzi\u0107 \u017cadnych roszcze\u0144 odszkodowawczych z tytu\u0142u utraty zysk\u00f3w, przerw w dzia\u0142alno\u015bci lub innych strat finansowych w zwi\u0105zku z op\u00f3\u017anieniami w dostawach.<\/p><h5>Warunki p\u0142atno\u015bci<\/h5><p>W przypadku klient\u00f3w z zagranicy zam\u00f3wienia b\u0119d\u0105 realizowane tylko wtedy, gdy nale\u017cna kwota zostanie wcze\u015bniej przelana na nasze konto.<\/p><h5>Warunki gwarancji<\/h5><p>Combo AG zobowi\u0105zuje si\u0119 do usuni\u0119cia wszystkich wad, kt\u00f3re mo\u017cna przypisa\u0107 wadom materia\u0142owym lub produkcyjnym. Gwarancja obejmuje bezp\u0142atn\u0105 napraw\u0119 urz\u0105dzenia lub bezp\u0142atn\u0105 wymian\u0119 wadliwych cz\u0119\u015bci. Roszczenia o anulowanie, obni\u017cenie ceny, wymian\u0119 instrumentu i zwrot koszt\u00f3w w przypadku usuni\u0119cia szkody przez osoby trzecie bez naszej pisemnej zgody, a tak\u017ce o odszkodowanie za szkody wykraczaj\u0105ce poza wymian\u0119 wadliwej cz\u0119\u015bci, s\u0105 wykluczone.<\/p><p>Koszty podr\u00f3\u017cy i wysy\u0142ki do klienta zostan\u0105 naliczone.<\/p><p>Faktura lub dow\u00f3d dostawy od Combo AG, na kt\u00f3rym musi by\u0107 odnotowana data zakupu i model, b\u0119d\u0105 s\u0142u\u017cy\u0107 jako dow\u00f3d roszczenia gwarancyjnego.<\/p><p>Gwarancja nie obejmuje cz\u0119\u015bci, kt\u00f3re podlegaj\u0105 naturalnemu zu\u017cyciu lub usterkom spowodowanym niew\u0142a\u015bciw\u0105 obs\u0142ug\u0105 lub u\u017cytkowaniem, takim jak wynajem lub wp\u0142ywy zewn\u0119trzne.\u00a0<strong>Ponadto u\u017cytkownik jest zobowi\u0105zany do poddawania wszystkich ruchomych cz\u0119\u015bci, \u015brub i nit\u00f3w odpowiedniemu testowi zu\u017cycia w regularnych odst\u0119pach jednego tygodnia; niedope\u0142nienie tego obowi\u0105zku spowoduje utrat\u0119 wszelkich roszcze\u0144 o napraw\u0119 szk\u00f3d nast\u0119pczych<\/strong>.<\/p><p>Je\u015bli naprawy lub pr\u00f3by naprawy s\u0105 wykonywane przez strony inne ni\u017c Combo AG, roszczenie gwarancyjne przepada.<\/p><p>Combo AG udziela 24-miesi\u0119cznej gwarancji - nawet do u\u017cytku komercyjnego (z wyj\u0105tkiem GIGER MD\u00ae Combofit) - liczonej od daty dostawy fabrycznie nowego urz\u0105dzenia.<\/p><h5>Odpowiednie wykorzystanie przedmiotu zakupu<\/h5><p>Je\u015bli w dokumentach dostawy nie jest wyra\u017anie okre\u015blone, \u017ce sprz\u0119t jest przeznaczony dla \u201eu\u017cytkownik\u00f3w profesjonalnych\u201c, a zatem licencja na leczenie publiczne jest sp\u00f3jna z urz\u0105dzeniem, jest to jedynie prywatna licencja na korzystanie z urz\u0105dzenia terapeutycznego do u\u017cytku prywatnego. Komercyjne wykorzystanie sprz\u0119tu jest w tym przypadku zabronione, poniewa\u017c komercyjne leczenie pacjent\u00f3w zawsze wymaga odpowiedniego przeszkolenia przez producenta i profesjonalnego sprz\u0119tu.<\/p><p>Ponadto, niniejsza licencja surowo zabrania licencjobiorcy dokonywania jakichkolwiek modyfikacji lub zmian w urz\u0105dzeniach GIGER MD\u00ae bez pisemnej zgody licencjodawcy.<\/p><p>O ile nie uzgodniono inaczej na pi\u015bmie, licencja udzielona nabywcy jest licencj\u0105 niewy\u0142\u0105czn\u0105, nieprzenoszaln\u0105, a licencjobiorca nie mo\u017ce dokonywa\u0107 \u017cadnych modyfikacji urz\u0105dzenia do terapii GIGER MD.<\/p><h5>Oprogramowanie, know-how<\/h5><p>Oprogramowanie dla urz\u0105dze\u0144 GIGER MD\u00ae oraz know-how mog\u0105 by\u0107 wykorzystywane wy\u0142\u0105cznie w ramach odpowiedniej umowy licencyjnej.<\/p><h5>Zastrze\u017cenie<\/h5><p>Combo AG zastrzega sobie prawo do zrzeczenia si\u0119 wszelkiej odpowiedzialno\u015bci w przypadku nieprzestrzegania instrukcji obs\u0142ugi i instrukcji og\u00f3lnych, a tak\u017ce niew\u0142a\u015bciwego u\u017cytkowania instrument\u00f3w GIGER MD\u00ae.<\/p><h5>Prawo w\u0142a\u015bciwe, miejsce jurysdykcji i zmiany<\/h5><p>Niniejsza umowa lub o\u015bwiadczenie podlega wy\u0142\u0105cznie prawu szwajcarskiemu. Miejscem wykonania i wy\u0142\u0105cznym miejscem jurysdykcji dla wszystkich spor\u00f3w powsta\u0142ych w zwi\u0105zku z niniejsz\u0105 umow\u0105 lub o\u015bwiadczeniem jest siedziba Combo AG. Sp\u00f3\u0142ka ta jest jednak r\u00f3wnie\u017c upowa\u017cniona do dochodzenia swoich praw w miejscu zamieszkania klienta lub przed jakimkolwiek innym w\u0142a\u015bciwym organem, a tak\u017ce do wyboru obowi\u0105zuj\u0105cego prawa krajowego. Wszelkie zmiany dotycz\u0105ce niniejszych Og\u00f3lnych Warunk\u00f3w wymagaj\u0105 formy pisemnej.<\/p><h5>Utrzymanie strony internetowej<\/h5><p>Utrzymaniem witryny WordPress zajmuje si\u0119 firma Codemenschen Gmbh<\/p><p>Rozw\u00f3j WordPress przez Codemenschen Gmbh<\/p><p>Rozstrzyganie spor\u00f3w: Nie jeste\u015bmy sk\u0142onni ani zobowi\u0105zani do udzia\u0142u w post\u0119powaniu rozstrzygaj\u0105cym spory przed komisj\u0105 arbitra\u017cow\u0105 ds. konsument\u00f3w.<\/p><h5>Informacje o prawach autorskich<\/h5><p>Copyright \u00a9 2026 Combo AG - CH-Lommiswil<\/p><p>GIGER MD\u00ae, GIGERMD\u00ae, GIGER\u00ae jest zastrze\u017conym znakiem towarowym.<\/p><p>CAPM \u00a9<\/p><p>Copyright \u00a9 1992\/2026 Wszelkie prawa zastrze\u017cone.<\/p><p>W szczeg\u00f3lno\u015bci prawo autorskie i prawo o zwalczaniu nieuczciwej konkurencji.<\/p><p>Int. pat. USA pat.<\/p><p>Naruszenia tych praw b\u0119d\u0105 \u015bcigane na mocy prawa cywilnego i karnego.<\/p>\t\t\t\t\t\t\t\t<\/div>\n\t\t\t\t<\/div>\n\t\t\t\t\t<\/div>\n\t\t\t\t<\/div>\n\t\t\t\t<\/div>","protected":false},"excerpt":{"rendered":"<p>Allgemeine Gesch\u00e4ftsbedingungen Combo AG, Medizintechnik GIGER MD\u00ae Konditionen F\u00fcr den Gesch\u00e4ftsverkehr zwischen der Combo AG und dem Besteller gelten ausschliesslich die nachstehenden Bedingungen. Sie gehen anderslautenden Konditionen, die vom Besteller \u00fcbersandt wurden oder sich auf dessen Schriftst\u00fcck befinden, in jedem Falle vor. Preise S\u00e4mtliche Preise sind, wo nicht anders angegeben, in Schweizer Franken ausgedr\u00fcckt. Sie [&hellip;]<\/p>\n","protected":false},"author":1,"featured_media":0,"parent":0,"menu_order":0,"comment_status":"closed","ping_status":"closed","template":"","meta":{"inline_featured_image":false,"footnotes":""},"class_list":["post-514","page","type-page","status-publish","hentry"],"_links":{"self":[{"href":"https:\/\/cp-hotline.com\/pl\/wp-json\/wp\/v2\/pages\/514","targetHints":{"allow":["GET"]}}],"collection":[{"href":"https:\/\/cp-hotline.com\/pl\/wp-json\/wp\/v2\/pages"}],"about":[{"href":"https:\/\/cp-hotline.com\/pl\/wp-json\/wp\/v2\/types\/page"}],"author":[{"embeddable":true,"href":"https:\/\/cp-hotline.com\/pl\/wp-json\/wp\/v2\/users\/1"}],"replies":[{"embeddable":true,"href":"https:\/\/cp-hotline.com\/pl\/wp-json\/wp\/v2\/comments?post=514"}],"version-history":[{"count":12,"href":"https:\/\/cp-hotline.com\/pl\/wp-json\/wp\/v2\/pages\/514\/revisions"}],"predecessor-version":[{"id":66746,"href":"https:\/\/cp-hotline.com\/pl\/wp-json\/wp\/v2\/pages\/514\/revisions\/66746"}],"wp:attachment":[{"href":"https:\/\/cp-hotline.com\/pl\/wp-json\/wp\/v2\/media?parent=514"}],"curies":[{"name":"wp","href":"https:\/\/api.w.org\/{rel}","templated":true}]}}