{"id":514,"date":"2016-04-21T15:03:54","date_gmt":"2016-04-21T13:03:54","guid":{"rendered":"http:\/\/www.gigermd.com\/?page_id=514"},"modified":"2026-03-09T08:49:48","modified_gmt":"2026-03-09T07:49:48","slug":"agb-copyright","status":"publish","type":"page","link":"https:\/\/cp-hotline.com\/pt\/agb-copyright\/","title":{"rendered":"AGB\/Copyight"},"content":{"rendered":"<div data-elementor-type=\"wp-page\" data-elementor-id=\"514\" class=\"elementor elementor-514\" data-elementor-post-type=\"page\">\n\t\t\t\t<div class=\"elementor-element elementor-element-7eaeaa5e e-flex e-con-boxed e-con e-parent\" data-id=\"7eaeaa5e\" data-element_type=\"container\" data-e-type=\"container\" data-settings=\"{&quot;background_background&quot;:&quot;classic&quot;}\">\n\t\t\t\t\t<div class=\"e-con-inner\">\n\t\t<div class=\"elementor-element elementor-element-a5166d2 e-con-full e-flex e-con e-child\" data-id=\"a5166d2\" data-element_type=\"container\" data-e-type=\"container\">\n\t\t\t\t<div class=\"elementor-element elementor-element-1f809b6 elementor-widget elementor-widget-heading\" data-id=\"1f809b6\" data-element_type=\"widget\" data-e-type=\"widget\" data-widget_type=\"heading.default\">\n\t\t\t\t\t<h2 class=\"elementor-heading-title elementor-size-default\">Termos e condi\u00e7\u00f5es gerais<\/h2>\t\t\t\t<\/div>\n\t\t\t\t<div class=\"elementor-element elementor-element-c31b970 elementor-widget elementor-widget-heading\" data-id=\"c31b970\" data-element_type=\"widget\" data-e-type=\"widget\" data-widget_type=\"heading.default\">\n\t\t\t\t\t<h3 class=\"elementor-heading-title elementor-size-default\">Combo AG, Tecnologia m\u00e9dica GIGER MD\u00ae<\/h3>\t\t\t\t<\/div>\n\t\t\t\t<div class=\"elementor-element elementor-element-126b634 elementor-widget elementor-widget-text-editor\" data-id=\"126b634\" data-element_type=\"widget\" data-e-type=\"widget\" data-widget_type=\"text-editor.default\">\n\t\t\t\t\t\t\t\t\t<h5>Termos e condi\u00e7\u00f5es<\/h5><p>Os seguintes termos e condi\u00e7\u00f5es aplicam-se exclusivamente \u00e0s transac\u00e7\u00f5es comerciais entre a Combo AG e o cliente. Em qualquer caso, prevalecem sobre quaisquer outros termos e condi\u00e7\u00f5es enviados pelo cliente ou contidos nos documentos do cliente.<\/p><h5>Pre\u00e7os<\/h5><p>Salvo indica\u00e7\u00e3o em contr\u00e1rio, todos os pre\u00e7os s\u00e3o expressos em francos su\u00ed\u00e7os. S\u00e3o geralmente apresentados com IVA inclu\u00eddo para as entregas nacionais e sem IVA para as entregas no estrangeiro. Todos os pre\u00e7os s\u00e3o pre\u00e7os de orienta\u00e7\u00e3o e s\u00f3 a cota\u00e7\u00e3o mais recente \u00e9 v\u00e1lida por um per\u00edodo de 30 dias ou, salvo indica\u00e7\u00e3o em contr\u00e1rio na cota\u00e7\u00e3o, se houver erros de dactilografia, impress\u00e3o ou c\u00e1lculo.<\/p><h5>Entregas<\/h5><p>Os portes de envio e a embalagem s\u00e3o gratuitos para as entregas nacionais de instrumentos de terapia. Para entregas no estrangeiro, apenas ser\u00e3o cobrados os portes de envio. A Combo AG n\u00e3o pode ser objeto de qualquer pedido de indemniza\u00e7\u00e3o por lucros cessantes, interrup\u00e7\u00e3o da atividade ou qualquer outro preju\u00edzo financeiro devido a atrasos nas entregas.<\/p><h5>Modalidades de pagamento<\/h5><p>Para os clientes do estrangeiro, as encomendas s\u00f3 ser\u00e3o executadas se o montante devido for transferido antecipadamente para a nossa conta.<\/p><h5>Condi\u00e7\u00f5es de garantia<\/h5><p>A Combo AG compromete-se a corrigir todos os defeitos que sejam atribu\u00edveis a falhas de material ou de fabrico. A garantia abrange a repara\u00e7\u00e3o gratuita do instrumento ou a substitui\u00e7\u00e3o gratuita das pe\u00e7as defeituosas. Est\u00e3o exclu\u00eddos os pedidos de anula\u00e7\u00e3o, de redu\u00e7\u00e3o do pre\u00e7o, de substitui\u00e7\u00e3o do instrumento e de reembolso dos custos em caso de repara\u00e7\u00e3o dos danos por terceiros sem o nosso consentimento escrito e, finalmente, de indemniza\u00e7\u00e3o por danos superiores \u00e0 substitui\u00e7\u00e3o da pe\u00e7a defeituosa.<\/p><p>As despesas de desloca\u00e7\u00e3o e de envio para o cliente ser\u00e3o facturadas.<\/p><p>A fatura ou a nota de entrega da Combo AG, na qual devem ser registados a data de compra e o modelo, serve como prova do direito \u00e0 garantia.<\/p><p>A garantia n\u00e3o se aplica a pe\u00e7as sujeitas a desgaste natural ou a falhas causadas por funcionamento ou utiliza\u00e7\u00e3o incorrectos, como aluguer ou influ\u00eancias externas.\u00a0<strong>Al\u00e9m disso, o utilizador \u00e9 obrigado a submeter todas as pe\u00e7as m\u00f3veis, parafusos e rebites a um teste de desgaste adequado a intervalos regulares de uma semana; o incumprimento desta obriga\u00e7\u00e3o implica a perda de qualquer direito \u00e0 repara\u00e7\u00e3o de danos consequentes<\/strong>.<\/p><p>Se as repara\u00e7\u00f5es ou tentativas de repara\u00e7\u00e3o forem efectuadas por terceiros que n\u00e3o a Combo AG, o direito \u00e0 garantia \u00e9 anulado.<\/p><p>A Combo AG concede uma garantia de 24 meses - mesmo para uso comercial (exceto GIGER MD\u00ae Combofit) - calculada a partir da data de entrega do instrumento novo.<\/p><h5>Utiliza\u00e7\u00e3o adequada do objeto da compra<\/h5><p>Se n\u00e3o estiver expressamente indicado nos documentos de entrega que o aparelho se destina a \u201eutilizadores profissionais\u201c e, por conseguinte, uma licen\u00e7a p\u00fablica de tratamento for coerente com o aparelho, trata-se apenas de uma licen\u00e7a privada para a utiliza\u00e7\u00e3o do aparelho terap\u00eautico para uso privado. Neste caso, a utiliza\u00e7\u00e3o comercial do aparelho \u00e9 proibida, uma vez que o tratamento comercial de doentes exige sempre uma forma\u00e7\u00e3o adequada por parte do fabricante e um equipamento profissional.<\/p><p>Al\u00e9m disso, esta licen\u00e7a pro\u00edbe estritamente o licenciado de efetuar quaisquer modifica\u00e7\u00f5es ou altera\u00e7\u00f5es aos instrumentos GIGER MD\u00ae sem o consentimento escrito do licenciante.<\/p><p>Salvo acordo em contr\u00e1rio por escrito, a licen\u00e7a concedida ao comprador \u00e9 uma licen\u00e7a N\u00c3O exclusiva e N\u00c3O transfer\u00edvel e o titular da licen\u00e7a n\u00e3o est\u00e1 autorizado a efetuar quaisquer modifica\u00e7\u00f5es no GIGER MD Therapy Instrument.<\/p><h5>Produto de software, know-how<\/h5><p>O produto de software para os aparelhos GIGER MD\u00ae e o know-how s\u00f3 podem ser utilizados no \u00e2mbito do respetivo contrato de licen\u00e7a.<\/p><h5>Declara\u00e7\u00e3o de exonera\u00e7\u00e3o de responsabilidade<\/h5><p>A Combo AG reserva-se o direito de renunciar a qualquer responsabilidade em caso de incumprimento das instru\u00e7\u00f5es de utiliza\u00e7\u00e3o e das instru\u00e7\u00f5es gerais, bem como de utiliza\u00e7\u00e3o incorrecta dos instrumentos GIGER MD\u00ae.<\/p><h5>Lei aplic\u00e1vel, local de jurisdi\u00e7\u00e3o e altera\u00e7\u00f5es<\/h5><p>Este acordo ou declara\u00e7\u00e3o est\u00e1 sujeito exclusivamente \u00e0 lei su\u00ed\u00e7a. O local de recolha e o local exclusivo de jurisdi\u00e7\u00e3o para todos os lit\u00edgios relacionados com este acordo ou declara\u00e7\u00e3o \u00e9 a sede social da Combo AG. No entanto, esta empresa est\u00e1 igualmente autorizada a fazer valer os seus direitos no domic\u00edlio do cliente ou perante qualquer outra autoridade competente e a escolher a lei nacional aplic\u00e1vel. Todas as altera\u00e7\u00f5es relativas a estes Termos e Condi\u00e7\u00f5es Gerais devem ser efectuadas por escrito.<\/p><h5>Manuten\u00e7\u00e3o do s\u00edtio Web<\/h5><p>A manuten\u00e7\u00e3o do s\u00edtio Web para WordPress \u00e9 efectuada por Codemenschen Gmbh<\/p><p>Desenvolvimento WordPress pela Codemenschen Gmbh<\/p><p>Resolu\u00e7\u00e3o de lit\u00edgios: N\u00e3o estamos dispostos nem somos obrigados a participar em processos de resolu\u00e7\u00e3o de lit\u00edgios perante uma comiss\u00e3o de arbitragem de consumidores.<\/p><h5>Informa\u00e7\u00f5es sobre direitos de autor<\/h5><p>Direitos de autor \u00a9 2026 Combo AG - CH-Lommiswil<\/p><p>GIGER MD\u00ae, GIGERMD\u00ae, GIGER\u00ae \u00e9 uma marca registada.<\/p><p>CAPM \u00a9<\/p><p>Copyright \u00a9 1992\/2026 Todos os direitos reservados.<\/p><p>Nomeadamente, o direito de autor e o direito contra a concorr\u00eancia desleal.<\/p><p>Pat. Int. Pat. EUA.<\/p><p>As viola\u00e7\u00f5es destes direitos ser\u00e3o objeto de processos civis e penais.<\/p>\t\t\t\t\t\t\t\t<\/div>\n\t\t\t\t<\/div>\n\t\t\t\t\t<\/div>\n\t\t\t\t<\/div>\n\t\t\t\t<\/div>","protected":false},"excerpt":{"rendered":"<p>Allgemeine Gesch\u00e4ftsbedingungen Combo AG, Medizintechnik GIGER MD\u00ae Konditionen F\u00fcr den Gesch\u00e4ftsverkehr zwischen der Combo AG und dem Besteller gelten ausschliesslich die nachstehenden Bedingungen. Sie gehen anderslautenden Konditionen, die vom Besteller \u00fcbersandt wurden oder sich auf dessen Schriftst\u00fcck befinden, in jedem Falle vor. Preise S\u00e4mtliche Preise sind, wo nicht anders angegeben, in Schweizer Franken ausgedr\u00fcckt. Sie [&hellip;]<\/p>\n","protected":false},"author":1,"featured_media":0,"parent":0,"menu_order":0,"comment_status":"closed","ping_status":"closed","template":"","meta":{"inline_featured_image":false,"footnotes":""},"class_list":["post-514","page","type-page","status-publish","hentry"],"_links":{"self":[{"href":"https:\/\/cp-hotline.com\/pt\/wp-json\/wp\/v2\/pages\/514","targetHints":{"allow":["GET"]}}],"collection":[{"href":"https:\/\/cp-hotline.com\/pt\/wp-json\/wp\/v2\/pages"}],"about":[{"href":"https:\/\/cp-hotline.com\/pt\/wp-json\/wp\/v2\/types\/page"}],"author":[{"embeddable":true,"href":"https:\/\/cp-hotline.com\/pt\/wp-json\/wp\/v2\/users\/1"}],"replies":[{"embeddable":true,"href":"https:\/\/cp-hotline.com\/pt\/wp-json\/wp\/v2\/comments?post=514"}],"version-history":[{"count":12,"href":"https:\/\/cp-hotline.com\/pt\/wp-json\/wp\/v2\/pages\/514\/revisions"}],"predecessor-version":[{"id":66746,"href":"https:\/\/cp-hotline.com\/pt\/wp-json\/wp\/v2\/pages\/514\/revisions\/66746"}],"wp:attachment":[{"href":"https:\/\/cp-hotline.com\/pt\/wp-json\/wp\/v2\/media?parent=514"}],"curies":[{"name":"wp","href":"https:\/\/api.w.org\/{rel}","templated":true}]}}