{"id":514,"date":"2016-04-21T15:03:54","date_gmt":"2016-04-21T13:03:54","guid":{"rendered":"http:\/\/www.gigermd.com\/?page_id=514"},"modified":"2026-03-09T08:49:48","modified_gmt":"2026-03-09T07:49:48","slug":"termeni-si-conditii-privind-drepturile-de-autor","status":"publish","type":"page","link":"https:\/\/cp-hotline.com\/ro\/agb-copyright\/","title":{"rendered":"AGB\/Copyight"},"content":{"rendered":"<div data-elementor-type=\"wp-page\" data-elementor-id=\"514\" class=\"elementor elementor-514\" data-elementor-post-type=\"page\">\n\t\t\t\t<div class=\"elementor-element elementor-element-7eaeaa5e e-flex e-con-boxed e-con e-parent\" data-id=\"7eaeaa5e\" data-element_type=\"container\" data-e-type=\"container\" data-settings=\"{&quot;background_background&quot;:&quot;classic&quot;}\">\n\t\t\t\t\t<div class=\"e-con-inner\">\n\t\t<div class=\"elementor-element elementor-element-a5166d2 e-con-full e-flex e-con e-child\" data-id=\"a5166d2\" data-element_type=\"container\" data-e-type=\"container\">\n\t\t\t\t<div class=\"elementor-element elementor-element-1f809b6 elementor-widget elementor-widget-heading\" data-id=\"1f809b6\" data-element_type=\"widget\" data-e-type=\"widget\" data-widget_type=\"heading.default\">\n\t\t\t\t\t<h2 class=\"elementor-heading-title elementor-size-default\">Termeni \u0219i condi\u021bii generale<\/h2>\t\t\t\t<\/div>\n\t\t\t\t<div class=\"elementor-element elementor-element-c31b970 elementor-widget elementor-widget-heading\" data-id=\"c31b970\" data-element_type=\"widget\" data-e-type=\"widget\" data-widget_type=\"heading.default\">\n\t\t\t\t\t<h3 class=\"elementor-heading-title elementor-size-default\">Combo AG, Tehnologie medical\u0103 GIGER MD\u00ae<\/h3>\t\t\t\t<\/div>\n\t\t\t\t<div class=\"elementor-element elementor-element-126b634 elementor-widget elementor-widget-text-editor\" data-id=\"126b634\" data-element_type=\"widget\" data-e-type=\"widget\" data-widget_type=\"text-editor.default\">\n\t\t\t\t\t\t\t\t\t<h5>Termeni \u0219i condi\u021bii<\/h5><p>Urm\u0103torii termeni \u0219i condi\u021bii se aplic\u0103 exclusiv tranzac\u021biilor comerciale dintre Combo AG \u0219i client. Acestea au \u00een orice caz prioritate fa\u021b\u0103 de orice al\u021bi termeni \u0219i condi\u021bii trimise de client sau con\u021binute \u00een documentele clientului.<\/p><h5>Pre\u021buri<\/h5><p>Dac\u0103 nu se specific\u0103 altfel, toate pre\u021burile sunt exprimate \u00een franci elve\u021bieni. \u00cen general, acestea sunt afi\u0219ate cu TVA inclus pentru livr\u0103rile interne \u0219i f\u0103r\u0103 TVA pentru livr\u0103rile \u00een str\u0103in\u0103tate. Toate pre\u021burile sunt orientative \u0219i numai cea mai recent\u0103 ofert\u0103 este valabil\u0103 pentru o perioad\u0103 de 30 de zile sau dac\u0103 nu se specific\u0103 altfel pe ofert\u0103, cu excep\u021bia cazului \u00een care exist\u0103 erori de dactilografiere, tip\u0103rire sau calcul.<\/p><h5>Livr\u0103ri<\/h5><p>Po\u0219ta \u0219i ambalajul sunt gratuite pentru livr\u0103rile interne de instrumente de terapie. Pentru livr\u0103rile \u00een str\u0103in\u0103tate, se vor percepe doar taxele po\u0219tale. Combo AG nu poate fi obligat\u0103 s\u0103 depun\u0103 nicio pl\u00e2ngere pentru daune pentru pierderea profitului, \u00eentreruperea activit\u0103\u021bii sau orice alt\u0103 pierdere financiar\u0103 pentru \u00eent\u00e2rzieri \u00een livrare.<\/p><h5>Modalit\u0103\u021bi de plat\u0103<\/h5><p>Pentru clien\u021bii din str\u0103in\u0103tate, comenzile vor fi executate numai dac\u0103 suma datorat\u0103 este transferat\u0103 \u00een avans \u00een contul nostru.<\/p><h5>Condi\u021bii de garan\u021bie<\/h5><p>Combo AG se angajeaz\u0103 s\u0103 remedieze toate defectele care pot fi atribuite unor defecte materiale sau de fabrica\u021bie. Garan\u021bia acoper\u0103 repararea gratuit\u0103 a instrumentului sau \u00eenlocuirea gratuit\u0103 a pieselor defecte. Sunt excluse preten\u021biile de anulare, de reducere a pre\u021bului, de \u00eenlocuire a instrumentului \u0219i de rambursare a costurilor \u00een cazul remedierii daunelor de c\u0103tre ter\u021bi f\u0103r\u0103 acordul nostru scris \u0219i, \u00een cele din urm\u0103, de compensare a daunelor care dep\u0103\u0219esc \u00eenlocuirea piesei defecte.<\/p><p>Costurile de deplasare \u0219i transport c\u0103tre client vor fi taxate.<\/p><p>Factura sau bonul de livrare de la Combo AG, pe care trebuie s\u0103 fie \u00eenregistrate data achizi\u021biei \u0219i modelul, va servi drept dovad\u0103 a cererii de garan\u021bie.<\/p><p>Garan\u021bia nu se aplic\u0103 pieselor care sunt supuse uzurii naturale sau defec\u021biunilor cauzate de func\u021bionarea sau utilizarea necorespunz\u0103toare, cum ar fi \u00eenchirierea sau influen\u021bele externe.\u00a0<strong>\u00cen plus, utilizatorul este obligat s\u0103 supun\u0103 toate piesele mobile, \u0219uruburile \u0219i niturile unui test de uzur\u0103 adecvat la intervale regulate de o s\u0103pt\u0103m\u00e2n\u0103; nerespectarea acestei obliga\u021bii va duce la pierderea oric\u0103rei preten\u021bii de reparare a daunelor indirecte<\/strong>.<\/p><p>\u00cen cazul \u00een care repara\u021biile sau \u00eencerc\u0103rile de repara\u021bii sunt efectuate de alte p\u0103r\u021bi dec\u00e2t Combo AG, dreptul la garan\u021bie este anulat.<\/p><p>Combo AG acord\u0103 o garan\u021bie de 24 de luni - chiar \u0219i pentru utilizare comercial\u0103 (cu excep\u021bia GIGER MD\u00ae Combofit) - calculat\u0103 de la data livr\u0103rii instrumentului nou-nou\u021b.<\/p><h5>Utilizarea adecvat\u0103 a obiectului achizi\u021biei<\/h5><p>\u00cen cazul \u00een care pe documentele de livrare nu se men\u021bioneaz\u0103 \u00een mod expres c\u0103 echipamentul este destinat \u201eutilizatorilor profesioni\u0219ti\u201c \u0219i, prin urmare, o licen\u021b\u0103 public\u0103 de tratament este coerent\u0103 cu dispozitivul, aceasta este doar o licen\u021b\u0103 privat\u0103 pentru utilizarea dispozitivului de terapie \u00een scopuri private. Utilizarea comercial\u0103 a echipamentului este interzis\u0103 \u00een acest caz, deoarece tratamentul comercial al pacien\u021bilor necesit\u0103 \u00eentotdeauna o formare adecvat\u0103 din partea produc\u0103torului \u0219i un echipament profesional.<\/p><p>\u00cen plus, aceast\u0103 licen\u021b\u0103 interzice cu des\u0103v\u00e2r\u0219ire licen\u021biatului s\u0103 efectueze orice modific\u0103ri sau alter\u0103ri ale instrumentelor GIGER MD\u00ae f\u0103r\u0103 acordul scris al licen\u021biatorului.<\/p><p>Cu excep\u021bia cazului \u00een care se convine altfel \u00een scris, licen\u021ba acordat\u0103 cump\u0103r\u0103torului este o licen\u021b\u0103 NON-exclusiv\u0103, NON-transferabil\u0103, iar licen\u021biatului nu i se permite s\u0103 fac\u0103 nicio modificare la instrumentul de terapie GIGER MD.<\/p><h5>Produs software, know-how<\/h5><p>Produsul software pentru instrumentele GIGER MD\u00ae \u0219i know-how-ul pot fi utilizate numai \u00een cadrul acordului de licen\u021b\u0103 relevant.<\/p><h5>Disclaimer<\/h5><p>Combo AG \u00ee\u0219i rezerv\u0103 dreptul de a renun\u021ba la orice r\u0103spundere \u00een cazul nerespect\u0103rii instruc\u021biunilor de utilizare \u0219i a instruc\u021biunilor generale, precum \u0219i \u00een cazul utiliz\u0103rii necorespunz\u0103toare a instrumentelor GIGER MD\u00ae.<\/p><h5>Legisla\u021bia aplicabil\u0103, locul de jurisdic\u021bie \u0219i modific\u0103ri<\/h5><p>Prezentul acord sau declara\u021bie se supune exclusiv legisla\u021biei elve\u021biene. Locul de executare \u0219i locul exclusiv de jurisdic\u021bie pentru toate litigiile care apar \u00een leg\u0103tur\u0103 cu acest acord sau declara\u021bie este sediul social al Combo AG. Cu toate acestea, aceast\u0103 societate este, de asemenea, autorizat\u0103 s\u0103 \u00ee\u0219i exercite drepturile la domiciliul clientului sau \u00een fa\u021ba oric\u0103rei alte autorit\u0103\u021bi competente \u0219i, de asemenea, s\u0103 aleag\u0103 legea na\u021bional\u0103 aplicabil\u0103. Toate modific\u0103rile referitoare la ace\u0219ti Termeni \u0219i condi\u021bii generale trebuie s\u0103 fie f\u0103cute \u00een scris.<\/p><h5>\u00centre\u021binerea site-ului web<\/h5><p>\u00centre\u021binerea site-ului pentru WordPress este efectuat\u0103 de Codemenschen Gmbh<\/p><p>Dezvoltarea WordPress de c\u0103tre Codemenschen Gmbh<\/p><p>Solu\u021bionarea litigiilor: Nu suntem dispu\u0219i sau obliga\u021bi s\u0103 particip\u0103m la proceduri de solu\u021bionare a litigiilor \u00een fa\u021ba unei comisii de arbitraj a consumatorilor.<\/p><h5>Informa\u021bii privind drepturile de autor<\/h5><p>Copyright \u00a9 2026 Combo AG - CH-Lommiswil<\/p><p>GIGER MD\u00ae, GIGERMD\u00ae, GIGER\u00ae este o marc\u0103 comercial\u0103 \u00eenregistrat\u0103.<\/p><p>CAPM \u00a9<\/p><p>Copyright \u00a9 1992\/2026 Toate drepturile rezervate.<\/p><p>\u00cen special legea drepturilor de autor \u0219i legea \u00eempotriva concuren\u021bei neloiale.<\/p><p>Int. pat. SUA pat.<\/p><p>\u00cenc\u0103lc\u0103rile acestor drepturi vor fi urm\u0103rite \u00een temeiul dreptului civil \u0219i penal.<\/p>\t\t\t\t\t\t\t\t<\/div>\n\t\t\t\t<\/div>\n\t\t\t\t\t<\/div>\n\t\t\t\t<\/div>\n\t\t\t\t<\/div>","protected":false},"excerpt":{"rendered":"<p>Allgemeine Gesch\u00e4ftsbedingungen Combo AG, Medizintechnik GIGER MD\u00ae Konditionen F\u00fcr den Gesch\u00e4ftsverkehr zwischen der Combo AG und dem Besteller gelten ausschliesslich die nachstehenden Bedingungen. Sie gehen anderslautenden Konditionen, die vom Besteller \u00fcbersandt wurden oder sich auf dessen Schriftst\u00fcck befinden, in jedem Falle vor. Preise S\u00e4mtliche Preise sind, wo nicht anders angegeben, in Schweizer Franken ausgedr\u00fcckt. Sie [&hellip;]<\/p>\n","protected":false},"author":1,"featured_media":0,"parent":0,"menu_order":0,"comment_status":"closed","ping_status":"closed","template":"","meta":{"inline_featured_image":false,"footnotes":""},"class_list":["post-514","page","type-page","status-publish","hentry"],"_links":{"self":[{"href":"https:\/\/cp-hotline.com\/ro\/wp-json\/wp\/v2\/pages\/514","targetHints":{"allow":["GET"]}}],"collection":[{"href":"https:\/\/cp-hotline.com\/ro\/wp-json\/wp\/v2\/pages"}],"about":[{"href":"https:\/\/cp-hotline.com\/ro\/wp-json\/wp\/v2\/types\/page"}],"author":[{"embeddable":true,"href":"https:\/\/cp-hotline.com\/ro\/wp-json\/wp\/v2\/users\/1"}],"replies":[{"embeddable":true,"href":"https:\/\/cp-hotline.com\/ro\/wp-json\/wp\/v2\/comments?post=514"}],"version-history":[{"count":12,"href":"https:\/\/cp-hotline.com\/ro\/wp-json\/wp\/v2\/pages\/514\/revisions"}],"predecessor-version":[{"id":66746,"href":"https:\/\/cp-hotline.com\/ro\/wp-json\/wp\/v2\/pages\/514\/revisions\/66746"}],"wp:attachment":[{"href":"https:\/\/cp-hotline.com\/ro\/wp-json\/wp\/v2\/media?parent=514"}],"curies":[{"name":"wp","href":"https:\/\/api.w.org\/{rel}","templated":true}]}}