{"id":514,"date":"2016-04-21T15:03:54","date_gmt":"2016-04-21T13:03:54","guid":{"rendered":"http:\/\/www.gigermd.com\/?page_id=514"},"modified":"2026-03-09T08:49:48","modified_gmt":"2026-03-09T07:49:48","slug":"agb-copyright","status":"publish","type":"page","link":"https:\/\/cp-hotline.com\/sk\/agb-copyright\/","title":{"rendered":"AGB\/Copyight"},"content":{"rendered":"<div data-elementor-type=\"wp-page\" data-elementor-id=\"514\" class=\"elementor elementor-514\" data-elementor-post-type=\"page\">\n\t\t\t\t<div class=\"elementor-element elementor-element-7eaeaa5e e-flex e-con-boxed e-con e-parent\" data-id=\"7eaeaa5e\" data-element_type=\"container\" data-e-type=\"container\" data-settings=\"{&quot;background_background&quot;:&quot;classic&quot;}\">\n\t\t\t\t\t<div class=\"e-con-inner\">\n\t\t<div class=\"elementor-element elementor-element-a5166d2 e-con-full e-flex e-con e-child\" data-id=\"a5166d2\" data-element_type=\"container\" data-e-type=\"container\">\n\t\t\t\t<div class=\"elementor-element elementor-element-1f809b6 elementor-widget elementor-widget-heading\" data-id=\"1f809b6\" data-element_type=\"widget\" data-e-type=\"widget\" data-widget_type=\"heading.default\">\n\t\t\t\t\t<h2 class=\"elementor-heading-title elementor-size-default\">V\u0161eobecn\u00e9 podmienky<\/h2>\t\t\t\t<\/div>\n\t\t\t\t<div class=\"elementor-element elementor-element-c31b970 elementor-widget elementor-widget-heading\" data-id=\"c31b970\" data-element_type=\"widget\" data-e-type=\"widget\" data-widget_type=\"heading.default\">\n\t\t\t\t\t<h3 class=\"elementor-heading-title elementor-size-default\">Combo AG, zdravotn\u00edcka technika GIGER MD\u00ae<\/h3>\t\t\t\t<\/div>\n\t\t\t\t<div class=\"elementor-element elementor-element-126b634 elementor-widget elementor-widget-text-editor\" data-id=\"126b634\" data-element_type=\"widget\" data-e-type=\"widget\" data-widget_type=\"text-editor.default\">\n\t\t\t\t\t\t\t\t\t<h5>Podmienky a pravidl\u00e1<\/h5><p>Nasleduj\u00face podmienky sa vz\u0165ahuj\u00fa v\u00fdlu\u010dne na obchodn\u00e9 transakcie medzi spolo\u010dnos\u0165ou Combo AG a z\u00e1kazn\u00edkom. V ka\u017edom pr\u00edpade maj\u00fa prednos\u0165 pred ak\u00fdmiko\u013evek in\u00fdmi obchodn\u00fdmi podmienkami zaslan\u00fdmi z\u00e1kazn\u00edkom alebo obsiahnut\u00fdmi v dokumentoch z\u00e1kazn\u00edka.<\/p><h5>Ceny<\/h5><p>Ak nie je uveden\u00e9 inak, v\u0161etky ceny s\u00fa uveden\u00e9 vo \u0161vaj\u010diarskych frankoch. Pri dod\u00e1vkach v tuzemsku s\u00fa spravidla uveden\u00e9 vr\u00e1tane DPH a pri dod\u00e1vkach do zahrani\u010dia bez DPH. V\u0161etky ceny s\u00fa orienta\u010dn\u00e9 a iba posledn\u00e1 cenov\u00e1 ponuka je platn\u00e1 po dobu 30 dn\u00ed alebo ak nie je v ponuke uveden\u00e9 inak, pokia\u013e nedo\u0161lo k preklepu, tla\u010dovej alebo v\u00fdpo\u010dtovej chybe.<\/p><h5>Dod\u00e1vky<\/h5><p>Po\u0161tovn\u00e9 a baln\u00e9 s\u00fa pri dom\u00e1cich dod\u00e1vkach terapeutick\u00fdch n\u00e1strojov bezplatn\u00e9. Pri dod\u00e1vkach do zahrani\u010dia sa \u00fa\u010dtuje len po\u0161tovn\u00e9. Za oneskoren\u00e9 dod\u00e1vky nie je mo\u017en\u00e9 vo\u010di spolo\u010dnosti Combo AG uplatni\u0165 \u017eiadne n\u00e1roky na n\u00e1hradu \u0161kody z d\u00f4vodu u\u0161l\u00e9ho zisku, preru\u0161enia prev\u00e1dzky alebo inej finan\u010dnej straty.<\/p><h5>Sp\u00f4soby platby<\/h5><p>V pr\u00edpade z\u00e1kazn\u00edkov zo zahrani\u010dia sa objedn\u00e1vky vykonaj\u00fa len vtedy, ak je dl\u017en\u00e1 suma vopred pouk\u00e1zan\u00e1 na n\u00e1\u0161 \u00fa\u010det.<\/p><h5>Z\u00e1ru\u010dn\u00e9 podmienky<\/h5><p>Spolo\u010dnos\u0165 Combo AG sa zav\u00e4zuje odstr\u00e1ni\u0165 v\u0161etky chyby, ktor\u00e9 s\u00fa sp\u00f4soben\u00e9 chybami materi\u00e1lu alebo v\u00fdrobn\u00fdmi chybami. Z\u00e1ruka sa vz\u0165ahuje na bezplatn\u00fa opravu pr\u00edstroja alebo bezplatn\u00fa v\u00fdmenu chybn\u00fdch dielov. N\u00e1roky na zru\u0161enie, zn\u00ed\u017eenie ceny, v\u00fdmenu pr\u00edstroja a n\u00e1hradu n\u00e1kladov v pr\u00edpade, \u017ee po\u0161kodenie odstr\u00e1nili tretie strany bez n\u00e1\u0161ho p\u00edsomn\u00e9ho s\u00fahlasu, a napokon na n\u00e1hradu \u0161kody presahuj\u00facu v\u00fdmenu chybn\u00e9ho dielu, s\u00fa vyl\u00fa\u010den\u00e9.<\/p><p>Cestovn\u00e9 a prepravn\u00e9 n\u00e1klady bud\u00fa z\u00e1kazn\u00edkovi \u00fa\u010dtovan\u00e9.<\/p><p>Ako d\u00f4kaz o n\u00e1roku na z\u00e1ruku sl\u00fa\u017ei fakt\u00fara alebo dodac\u00ed list od spolo\u010dnosti Combo AG, na ktorom mus\u00ed by\u0165 zaznamenan\u00fd d\u00e1tum n\u00e1kupu a model.<\/p><p>Z\u00e1ruka sa nevz\u0165ahuje na diely, ktor\u00e9 podliehaj\u00fa prirodzen\u00e9mu opotrebovaniu alebo na poruchy sp\u00f4soben\u00e9 nespr\u00e1vnou prev\u00e1dzkou alebo pou\u017e\u00edvan\u00edm, napr\u00edklad pren\u00e1jmom alebo vonkaj\u0161\u00edmi vplyvmi.\u00a0<strong>Okrem toho je pou\u017e\u00edvate\u013e povinn\u00fd podrobi\u0165 v\u0161etky pohybliv\u00e9 \u010dasti, skrutky a nity primeranej sk\u00fa\u0161ke opotrebenia v pravideln\u00fdch t\u00fd\u017ed\u0148ov\u00fdch intervaloch; v opa\u010dnom pr\u00edpade zanik\u00e1 n\u00e1rok na opravu n\u00e1sledn\u00fdch \u0161k\u00f4d.<\/strong>.<\/p><p>Ak opravu alebo pokus o opravu vykonaj\u00fa in\u00e9 osoby ako spolo\u010dnos\u0165 Combo AG, n\u00e1rok na z\u00e1ruku zanik\u00e1.<\/p><p>Spolo\u010dnos\u0165 Combo AG poskytuje 24-mesa\u010dn\u00fa z\u00e1ruku - aj na komer\u010dn\u00e9 pou\u017eitie (okrem GIGER MD\u00ae Combofit) - po\u010d\u00edtan\u00fa od d\u00e1tumu dodania \u00faplne nov\u00e9ho pr\u00edstroja.<\/p><h5>Vhodn\u00e9 pou\u017eitie predmetu k\u00fapy<\/h5><p>Ak nie je na dodac\u00edch listoch v\u00fdslovne uveden\u00e9, \u017ee zariadenie je ur\u010den\u00e9 pre \u201eprofesion\u00e1lnych pou\u017e\u00edvate\u013eov\u201c, a teda s pr\u00edstrojom je spojen\u00e1 verejn\u00e1 licencia na lie\u010dbu, ide len o s\u00fakromn\u00fa licenciu na pou\u017e\u00edvanie terapeutick\u00e9ho pr\u00edstroja na s\u00fakromn\u00e9 \u00fa\u010dely. Komer\u010dn\u00e9 pou\u017e\u00edvanie zariadenia je v tomto pr\u00edpade zak\u00e1zan\u00e9, preto\u017ee komer\u010dn\u00e1 lie\u010dba pacientov si v\u017edy vy\u017eaduje riadne \u0161kolenie zo strany v\u00fdrobcu a profesion\u00e1lne vybavenie.<\/p><p>Okrem toho t\u00e1to licencia pr\u00edsne zakazuje nadob\u00fadate\u013eovi licencie vykon\u00e1va\u0165 ak\u00e9ko\u013evek \u00fapravy alebo zmeny pr\u00edstrojov GIGER MD\u00ae bez p\u00edsomn\u00e9ho s\u00fahlasu poskytovate\u013ea licencie.<\/p><p>Ak nie je p\u00edsomne dohodnut\u00e9 inak, licencia udelen\u00e1 kupuj\u00facemu je NEv\u00fdhradn\u00e1, NEprenosn\u00e1 a nadob\u00fadate\u013e licencie nesmie vykon\u00e1va\u0165 \u017eiadne \u00fapravy pr\u00edstroja GIGER MD Therapy.<\/p><h5>Softv\u00e9rov\u00fd produkt, know-how<\/h5><p>Softv\u00e9rov\u00fd produkt pre pr\u00edstroje GIGER MD\u00ae a know-how sa m\u00f4\u017eu pou\u017e\u00edva\u0165 len v r\u00e1mci pr\u00edslu\u0161nej licen\u010dnej zmluvy.<\/p><h5>Zrieknutie sa zodpovednosti<\/h5><p>Spolo\u010dnos\u0165 Combo AG si vyhradzuje pr\u00e1vo zbavi\u0165 sa akejko\u013evek zodpovednosti v pr\u00edpade nedodr\u017eania n\u00e1vodu na obsluhu a v\u0161eobecn\u00fdch pokynov, ako aj v pr\u00edpade nespr\u00e1vneho pou\u017e\u00edvania pr\u00edstrojov GIGER MD\u00ae.<\/p><h5>Rozhodn\u00e9 pr\u00e1vo, s\u00fadna pr\u00e1vomoc a zmeny a doplnenia<\/h5><p>T\u00e1to dohoda alebo vyhl\u00e1senie podlieha v\u00fdlu\u010dne \u0161vaj\u010diarskemu pr\u00e1vu. Miestom zhroma\u017e\u010fovania a v\u00fdlu\u010dnou jurisdikciou pre v\u0161etky spory vzniknut\u00e9 v s\u00favislosti s touto zmluvou alebo vyhl\u00e1sen\u00edm je s\u00eddlo spolo\u010dnosti Combo AG. T\u00e1to spolo\u010dnos\u0165 je v\u0161ak opr\u00e1vnen\u00e1 uplatni\u0165 svoje pr\u00e1va aj v mieste bydliska z\u00e1kazn\u00edka alebo pred ak\u00fdmko\u013evek in\u00fdm pr\u00edslu\u0161n\u00fdm org\u00e1nom a tie\u017e zvoli\u0165 si rozhodn\u00e9 vn\u00fatro\u0161t\u00e1tne pr\u00e1vo. V\u0161etky zmeny t\u00fdkaj\u00face sa t\u00fdchto v\u0161eobecn\u00fdch obchodn\u00fdch podmienok musia by\u0165 vykonan\u00e9 p\u00edsomne.<\/p><h5>\u00dadr\u017eba webovej lokality<\/h5><p>\u00dadr\u017ebu webov\u00fdch str\u00e1nok WordPress vykon\u00e1va spolo\u010dnos\u0165 Codemenschen Gmbh<\/p><p>V\u00fdvoj WordPress spolo\u010dnos\u0165ou Codemenschen Gmbh<\/p><p>Rie\u0161enie sporov: Nie sme ochotn\u00ed ani povinn\u00ed z\u00fa\u010dastni\u0165 sa na konan\u00ed o rie\u0161en\u00ed sporov pred spotrebite\u013eskou arbitr\u00e1\u017enou komisiou.<\/p><h5>Inform\u00e1cie o autorsk\u00fdch pr\u00e1vach<\/h5><p>Copyright \u00a9 2026 Combo AG - CH-Lommiswil<\/p><p>GIGER MD\u00ae, GIGERMD\u00ae, GIGER\u00ae je registrovan\u00e1 ochrann\u00e1 zn\u00e1mka.<\/p><p>CAPM \u00a9<\/p><p>Copyright \u00a9 1992\/2026 V\u0161etky pr\u00e1va vyhraden\u00e9.<\/p><p>Najm\u00e4 autorsk\u00e9 pr\u00e1vo a pr\u00e1vo proti nekalej s\u00fa\u0165a\u017ei.<\/p><p>Int. pat. USA pat.<\/p><p>Poru\u0161enie t\u00fdchto pr\u00e1v sa bude st\u00edha\u0165 pod\u013ea ob\u010dianskeho a trestn\u00e9ho pr\u00e1va.<\/p>\t\t\t\t\t\t\t\t<\/div>\n\t\t\t\t<\/div>\n\t\t\t\t\t<\/div>\n\t\t\t\t<\/div>\n\t\t\t\t<\/div>","protected":false},"excerpt":{"rendered":"<p>Allgemeine Gesch\u00e4ftsbedingungen Combo AG, Medizintechnik GIGER MD\u00ae Konditionen F\u00fcr den Gesch\u00e4ftsverkehr zwischen der Combo AG und dem Besteller gelten ausschliesslich die nachstehenden Bedingungen. Sie gehen anderslautenden Konditionen, die vom Besteller \u00fcbersandt wurden oder sich auf dessen Schriftst\u00fcck befinden, in jedem Falle vor. Preise S\u00e4mtliche Preise sind, wo nicht anders angegeben, in Schweizer Franken ausgedr\u00fcckt. Sie [&hellip;]<\/p>\n","protected":false},"author":1,"featured_media":0,"parent":0,"menu_order":0,"comment_status":"closed","ping_status":"closed","template":"","meta":{"inline_featured_image":false,"footnotes":""},"class_list":["post-514","page","type-page","status-publish","hentry"],"_links":{"self":[{"href":"https:\/\/cp-hotline.com\/sk\/wp-json\/wp\/v2\/pages\/514","targetHints":{"allow":["GET"]}}],"collection":[{"href":"https:\/\/cp-hotline.com\/sk\/wp-json\/wp\/v2\/pages"}],"about":[{"href":"https:\/\/cp-hotline.com\/sk\/wp-json\/wp\/v2\/types\/page"}],"author":[{"embeddable":true,"href":"https:\/\/cp-hotline.com\/sk\/wp-json\/wp\/v2\/users\/1"}],"replies":[{"embeddable":true,"href":"https:\/\/cp-hotline.com\/sk\/wp-json\/wp\/v2\/comments?post=514"}],"version-history":[{"count":12,"href":"https:\/\/cp-hotline.com\/sk\/wp-json\/wp\/v2\/pages\/514\/revisions"}],"predecessor-version":[{"id":66746,"href":"https:\/\/cp-hotline.com\/sk\/wp-json\/wp\/v2\/pages\/514\/revisions\/66746"}],"wp:attachment":[{"href":"https:\/\/cp-hotline.com\/sk\/wp-json\/wp\/v2\/media?parent=514"}],"curies":[{"name":"wp","href":"https:\/\/api.w.org\/{rel}","templated":true}]}}