{"id":64949,"date":"2025-12-26T05:12:47","date_gmt":"2025-12-26T04:12:47","guid":{"rendered":"https:\/\/cp-hotline.com\/?page_id=64949"},"modified":"2026-05-13T12:37:40","modified_gmt":"2026-05-13T10:37:40","slug":"o-nas","status":"publish","type":"page","link":"https:\/\/cp-hotline.com\/sk\/ueber-uns\/","title":{"rendered":"O n\u00e1s"},"content":{"rendered":"<div data-elementor-type=\"wp-page\" data-elementor-id=\"64949\" class=\"elementor elementor-64949\" data-elementor-post-type=\"page\">\n\t\t\t\t<div class=\"elementor-element elementor-element-0309262 e-flex e-con-boxed e-con e-parent\" data-id=\"0309262\" data-element_type=\"container\" data-e-type=\"container\">\n\t\t\t\t\t<div class=\"e-con-inner\">\n\t\t<div class=\"elementor-element elementor-element-822a690 e-con-full e-flex e-con e-child\" data-id=\"822a690\" data-element_type=\"container\" data-e-type=\"container\">\n\t\t\t\t<div class=\"elementor-element elementor-element-542f59e elementor-widget elementor-widget-heading\" data-id=\"542f59e\" data-element_type=\"widget\" data-e-type=\"widget\" data-widget_type=\"heading.default\">\n\t\t\t\t\t<h2 class=\"elementor-heading-title elementor-size-default\">O n\u00e1s - Hist\u00f3ria terapie GIGER\u00ae MD\u00ae: inov\u00e1cie a sk\u00fasenosti u\u017e viac ako 40 rokov.<\/h2>\t\t\t\t<\/div>\n\t\t\t\t<div class=\"elementor-element elementor-element-2fe9800 elementor-widget elementor-widget-text-editor\" data-id=\"2fe9800\" data-element_type=\"widget\" data-e-type=\"widget\" data-widget_type=\"text-editor.default\">\n\t\t\t\t\t\t\t\t\t<p>Z <strong>skromn\u00e9 za\u010diatky<\/strong> a\u017e po <strong>dne\u0161n\u00e1 vedecky podlo\u017een\u00e1 terapia<\/strong>. Ke\u010f\u017ee <strong>viac ako \u0161tyri desa\u0165ro\u010dia <\/strong>sme odhodlan\u00ed <strong>s v\u00e1\u0161\u0148ou pre zlep\u0161enie kvality \u017eivota \u013eud\u00ed s neurologick\u00fdmi ochoreniami<\/strong>. Na\u0161u cestu charakterizuje <strong>Nepretr\u017eit\u00fd v\u00fdskum, rodinn\u00fd z\u00e1v\u00e4zok<\/strong> a <strong>neochvejn\u00e1 viera v potenci\u00e1l ka\u017ed\u00e9ho jednotlivca<\/strong>.<\/p>\t\t\t\t\t\t\t\t<\/div>\n\t\t\t\t<div class=\"elementor-element elementor-element-1ca387d elementor-widget elementor-widget-heading\" data-id=\"1ca387d\" data-element_type=\"widget\" data-e-type=\"widget\" data-widget_type=\"heading.default\">\n\t\t\t\t\t<h3 class=\"elementor-heading-title elementor-size-default\">V\u00edzia a poslanie<\/h3>\t\t\t\t<\/div>\n\t\t\t\t<div class=\"elementor-element elementor-element-c66cc8c elementor-widget elementor-widget-text-editor\" data-id=\"c66cc8c\" data-element_type=\"widget\" data-e-type=\"widget\" data-widget_type=\"text-editor.default\">\n\t\t\t\t\t\t\t\t\t<p>Na\u0161a str\u00e1nka <strong>V\u00edzia<\/strong> je svet, v ktorom <strong>\u013dudia s neurologick\u00fdmi probl\u00e9mami<\/strong> prostredn\u00edctvom str\u00e1nky .<strong> Inovat\u00edvne terapeutick\u00e9 pr\u00edstupy<\/strong> m\u00f4\u017eu naplno vyu\u017ei\u0165 svoj potenci\u00e1l. Na\u0161\u00edm poslan\u00edm je, <strong>GIGER\u00ae MD\u00ae Therapy ako ved\u00faca<\/strong>,<strong> Vedecky overen\u00e1 met\u00f3da<\/strong> vytvori\u0165, <strong>pacientom na celom svete n\u00e1dej, pokrok a zlep\u0161enie kvality \u017eivota<\/strong> pon\u00faka.<\/p>\t\t\t\t\t\t\t\t<\/div>\n\t\t<div class=\"elementor-element elementor-element-2271b3d e-con-full e-flex e-con e-child\" data-id=\"2271b3d\" data-element_type=\"container\" data-e-type=\"container\">\n\t\t\t\t<div class=\"elementor-element elementor-element-8ba523f elementor-widget elementor-widget-image\" data-id=\"8ba523f\" data-element_type=\"widget\" data-e-type=\"widget\" data-widget_type=\"image.default\">\n\t\t\t\t\t\t\t\t\t\t\t\t\t\t\t\t<a href=\"https:\/\/cp-hotline.com\/sk\/terapia-detskej-mozgovej-obrny\/\">\n\t\t\t\t\t\t\t<img fetchpriority=\"high\" decoding=\"async\" width=\"1024\" height=\"682\" src=\"https:\/\/cp-hotline.com\/wp-content\/uploads\/2026\/01\/bild-uber-uns-01.jpg\" class=\"attachment-full size-full wp-image-65934\" alt=\"\" srcset=\"https:\/\/cp-hotline.com\/wp-content\/uploads\/2026\/01\/bild-uber-uns-01.jpg 1024w, https:\/\/cp-hotline.com\/wp-content\/uploads\/2026\/01\/bild-uber-uns-01-300x200.jpg 300w, https:\/\/cp-hotline.com\/wp-content\/uploads\/2026\/01\/bild-uber-uns-01-768x512.jpg 768w\" sizes=\"(max-width: 1024px) 100vw, 1024px\" \/>\t\t\t\t\t\t\t\t<\/a>\n\t\t\t\t\t\t\t\t\t\t\t\t\t\t\t<\/div>\n\t\t\t\t<\/div>\n\t\t\t\t<div class=\"elementor-element elementor-element-9dc463a elementor-widget elementor-widget-text-editor\" data-id=\"9dc463a\" data-element_type=\"widget\" data-e-type=\"widget\" data-widget_type=\"text-editor.default\">\n\t\t\t\t\t\t\t\t\t<p><em>Le\u017eanie: Zakladate\u013eka Sonja Giger so svoj\u00edm synom, s\u00fa\u010dasn\u00fdm gener\u00e1lnym riadite\u013eom Adrianom Gigerom a vnukom<\/em><\/p>\t\t\t\t\t\t\t\t<\/div>\n\t\t\t\t<div class=\"elementor-element elementor-element-5b1606b elementor-widget elementor-widget-heading\" data-id=\"5b1606b\" data-element_type=\"widget\" data-e-type=\"widget\" data-widget_type=\"heading.default\">\n\t\t\t\t\t<h3 class=\"elementor-heading-title elementor-size-default\">Zakladate\u013esk\u00e1 rodina<\/h3>\t\t\t\t<\/div>\n\t\t\t\t<div class=\"elementor-element elementor-element-6ce18df elementor-widget elementor-widget-text-editor\" data-id=\"6ce18df\" data-element_type=\"widget\" data-e-type=\"widget\" data-widget_type=\"text-editor.default\">\n\t\t\t\t\t\t\t\t\t<p><strong>V\u00e1\u0161e\u0148 pre inov\u00e1cie<\/strong><br \/><br \/>Pr\u00edbeh GIGER\u00ae MD\u00ae sa neza\u010dal v laborat\u00f3riu, ale <strong>Hlbok\u00e1 t\u00fa\u017eba pom\u00e1ha\u0165 \u013eu\u010fom<\/strong>, pre ktor\u00e9 bolo <strong>Mal\u00e1 n\u00e1dej na zlep\u0161enie<\/strong> poskytol. V <strong>za\u010diatok 80. rokov 20. storo\u010dia<\/strong> polo\u017eil <strong>Rodina Gigerovcov<\/strong> . <strong>Z\u00e1kladn\u00fd kame\u0148 revolu\u010dnej formy terapie<\/strong>. Z d\u00f4vodu pr\u00edpadu <strong>SM v rodine<\/strong>, ste boli z <strong>osobn\u00fd z\u00e1v\u00e4zok a vedeck\u00e1 zvedavos\u0165<\/strong> a vyvinul <strong>prv\u00e9 prototypy terapeutick\u00fdch n\u00e1strojov<\/strong>. Ich cie\u013eom bolo <strong>nervov\u00fd syst\u00e9m prostredn\u00edctvom cielen\u00e9ho<\/strong>, <strong>nanovo stimulova\u0165 rytmick\u00e9 pohyby<\/strong> - pr\u00edstup, ktor\u00fd v tom \u010dase <strong>\u010ealeko predbehla svoju dobu<\/strong> bol.<\/p>\t\t\t\t\t\t\t\t<\/div>\n\t\t\t\t<div class=\"elementor-element elementor-element-e7a16bc elementor-align-center elementor-widget elementor-widget-button\" data-id=\"e7a16bc\" data-element_type=\"widget\" data-e-type=\"widget\" data-widget_type=\"button.default\">\n\t\t\t\t\t\t\t\t\t\t<a class=\"elementor-button elementor-button-link elementor-size-sm elementor-animation-bob\" href=\"https:\/\/cp-hotline.com\/sk\/kontakt\/\">\n\t\t\t\t\t\t<span class=\"elementor-button-content-wrapper\">\n\t\t\t\t\t\t\t\t\t<span class=\"elementor-button-text\">Zistite viac teraz!<\/span>\n\t\t\t\t\t<\/span>\n\t\t\t\t\t<\/a>\n\t\t\t\t\t\t\t\t<\/div>\n\t\t\t\t<\/div>\n\t\t\t\t\t<\/div>\n\t\t\t\t<\/div>\n\t\t\t\t<\/div>","protected":false},"excerpt":{"rendered":"<p>\u00dcber uns \u2013 Die Geschichte der GIGER\u00ae MD\u00ae Therapie: Innovation und Erfahrung seit \u00fcber 40 Jahren. Von den bescheidenen Anf\u00e4ngen bis zur heutigen wissenschaftlich fundierten Therapie. Seit \u00fcber vier Jahrzehnten engagieren wir uns mit Leidenschaft f\u00fcr die Verbesserung der Lebensqualit\u00e4t von Menschen mit neurologischen Erkrankungen. Unsere Reise ist gepr\u00e4gt von kontinuierlicher Forschung, famili\u00e4rem Engagement und [&hellip;]<\/p>\n","protected":false},"author":1,"featured_media":0,"parent":0,"menu_order":0,"comment_status":"closed","ping_status":"closed","template":"","meta":{"inline_featured_image":false,"footnotes":""},"class_list":["post-64949","page","type-page","status-publish","hentry"],"_links":{"self":[{"href":"https:\/\/cp-hotline.com\/sk\/wp-json\/wp\/v2\/pages\/64949","targetHints":{"allow":["GET"]}}],"collection":[{"href":"https:\/\/cp-hotline.com\/sk\/wp-json\/wp\/v2\/pages"}],"about":[{"href":"https:\/\/cp-hotline.com\/sk\/wp-json\/wp\/v2\/types\/page"}],"author":[{"embeddable":true,"href":"https:\/\/cp-hotline.com\/sk\/wp-json\/wp\/v2\/users\/1"}],"replies":[{"embeddable":true,"href":"https:\/\/cp-hotline.com\/sk\/wp-json\/wp\/v2\/comments?post=64949"}],"version-history":[{"count":34,"href":"https:\/\/cp-hotline.com\/sk\/wp-json\/wp\/v2\/pages\/64949\/revisions"}],"predecessor-version":[{"id":66988,"href":"https:\/\/cp-hotline.com\/sk\/wp-json\/wp\/v2\/pages\/64949\/revisions\/66988"}],"wp:attachment":[{"href":"https:\/\/cp-hotline.com\/sk\/wp-json\/wp\/v2\/media?parent=64949"}],"curies":[{"name":"wp","href":"https:\/\/api.w.org\/{rel}","templated":true}]}}