{"id":514,"date":"2016-04-21T15:03:54","date_gmt":"2016-04-21T13:03:54","guid":{"rendered":"http:\/\/www.gigermd.com\/?page_id=514"},"modified":"2026-03-09T08:49:48","modified_gmt":"2026-03-09T07:49:48","slug":"agb-copyright","status":"publish","type":"page","link":"https:\/\/cp-hotline.com\/sl\/agb-copyright\/","title":{"rendered":"AGB\/Copyight"},"content":{"rendered":"<div data-elementor-type=\"wp-page\" data-elementor-id=\"514\" class=\"elementor elementor-514\" data-elementor-post-type=\"page\">\n\t\t\t\t<div class=\"elementor-element elementor-element-7eaeaa5e e-flex e-con-boxed e-con e-parent\" data-id=\"7eaeaa5e\" data-element_type=\"container\" data-e-type=\"container\" data-settings=\"{&quot;background_background&quot;:&quot;classic&quot;}\">\n\t\t\t\t\t<div class=\"e-con-inner\">\n\t\t<div class=\"elementor-element elementor-element-a5166d2 e-con-full e-flex e-con e-child\" data-id=\"a5166d2\" data-element_type=\"container\" data-e-type=\"container\">\n\t\t\t\t<div class=\"elementor-element elementor-element-1f809b6 elementor-widget elementor-widget-heading\" data-id=\"1f809b6\" data-element_type=\"widget\" data-e-type=\"widget\" data-widget_type=\"heading.default\">\n\t\t\t\t\t<h2 class=\"elementor-heading-title elementor-size-default\">Splo\u0161ni pogoji in dolo\u010dila<\/h2>\t\t\t\t<\/div>\n\t\t\t\t<div class=\"elementor-element elementor-element-c31b970 elementor-widget elementor-widget-heading\" data-id=\"c31b970\" data-element_type=\"widget\" data-e-type=\"widget\" data-widget_type=\"heading.default\">\n\t\t\t\t\t<h3 class=\"elementor-heading-title elementor-size-default\">Combo AG, medicinska tehnologija GIGER MD\u00ae<\/h3>\t\t\t\t<\/div>\n\t\t\t\t<div class=\"elementor-element elementor-element-126b634 elementor-widget elementor-widget-text-editor\" data-id=\"126b634\" data-element_type=\"widget\" data-e-type=\"widget\" data-widget_type=\"text-editor.default\">\n\t\t\t\t\t\t\t\t\t<h5>Pogoji in dolo\u010dila<\/h5><p>Naslednji pogoji veljajo izklju\u010dno za poslovne transakcije med dru\u017ebo Combo AG in stranko. V vsakem primeru imajo prednost pred drugimi pogoji, ki jih je poslala stranka ali so vsebovani v dokumentih stranke.<\/p><h5>Cene<\/h5><p>\u010ce ni navedeno druga\u010de, so vse cene izra\u017eene v \u0161vicarskih frankih. Obi\u010dajno so prikazane z DDV za dostavo v dr\u017eavi in brez DDV za dostavo v tujino. Vse cene so okvirne in velja le zadnja ponudba za obdobje 30 dni ali \u010de ni v ponudbi navedeno druga\u010de, razen \u010de gre za tipkarske, tiskarske ali ra\u010dunske napake.<\/p><h5>Dostave<\/h5><p>Po\u0161tnina in embala\u017ea sta za doma\u010do dostavo terapevtskih pripomo\u010dkov brezpla\u010dni. Za dostavo v tujino se zara\u010duna le po\u0161tnina. Dru\u017eba Combo AG ne more uveljavljati od\u0161kodninskih zahtevkov za izgubo dobi\u010dka, prekinitev poslovanja ali kakr\u0161no koli drugo finan\u010dno izgubo zaradi zamude pri dostavi.<\/p><h5>Na\u010dini pla\u010dila<\/h5><p>Za stranke iz tujine bodo naro\u010dila izvedena le, \u010de bo dolgovani znesek vnaprej nakazan na na\u0161 ra\u010dun.<\/p><h5>Garancijski pogoji<\/h5><p>Dru\u017eba Combo AG se zavezuje, da bo odpravila vse napake, ki jih je mogo\u010de pripisati napakam v materialu ali proizvodnji. Garancija zajema brezpla\u010dno popravilo instrumenta ali brezpla\u010dno zamenjavo okvarjenih delov. Zahtevki za preklic, zni\u017eanje cene, zamenjavo instrumenta in povra\u010dilo stro\u0161kov v primeru, da \u0161kodo odpravijo tretje osebe brez na\u0161ega pisnega soglasja, in kon\u010dno za nadomestilo \u0161kode, ki presega zamenjavo okvarjenega dela, so izklju\u010deni.<\/p><p>Potni stro\u0161ki in stro\u0161ki po\u0161iljanja do stranke se zara\u010dunajo.<\/p><p>Ra\u010dun ali dobavnica dru\u017ebe Combo AG, na kateri morata biti zabele\u017eena datum nakupa in model, slu\u017ei kot dokazilo za garancijski zahtevek.<\/p><p>Garancija ne velja za dele, ki so podvr\u017eeni naravni obrabi ali napakam, ki so posledica nepravilnega delovanja ali uporabe, na primer najema ali zunanjih vplivov.\u00a0<strong>Poleg tega je uporabnik dol\u017ean vse gibljive dele, vijake in zakovice v rednih enotedenskih presledkih ustrezno preskusiti; \u010de tega ne stori, izgubi pravico do zahtevka za popravilo posledi\u010dne \u0161kode.<\/strong>.<\/p><p>\u010ce popravila ali poskuse popravil opravijo osebe, ki niso dru\u017eba Combo AG, je garancijski zahtevek izgubljen.<\/p><p>Dru\u017eba Combo AG daje 24-mese\u010dno garancijo - tudi za komercialno uporabo (razen GIGER MD\u00ae Combofit) - ki se \u0161teje od datuma dobave popolnoma novega instrumenta.<\/p><h5>Ustrezna uporaba predmeta nakupa<\/h5><p>\u010ce v dobavnih dokumentih ni izrecno navedeno, da je oprema namenjena \u201epoklicnim uporabnikom\u201c, in je torej javno dovoljenje za zdravljenje skladno z napravo, je to le zasebno dovoljenje za uporabo terapevtske naprave za zasebno uporabo. Komercialna uporaba opreme je v tem primeru prepovedana, saj je za komercialno zdravljenje pacientov vedno potrebno ustrezno usposabljanje s strani proizvajalca in profesionalna oprema.<\/p><p>Poleg tega ta licenca pridobitelju licence strogo prepoveduje kakr\u0161ne koli spremembe ali predelave instrumentov GIGER MD\u00ae brez pisnega soglasja dajalca licence.<\/p><p>\u010ce ni pisno druga\u010de dogovorjeno, je kupcu podeljena licenca NEizklju\u010dna, NEprenosljiva licenca in pridobitelj licence ne sme spreminjati terapevtskega instrumenta GIGER MD.<\/p><h5>Programski izdelek, znanje in izku\u0161nje<\/h5><p>Programski izdelek za instrumente GIGER MD\u00ae in strokovno znanje se lahko uporabljata le v okviru ustrezne licen\u010dne pogodbe.<\/p><h5>Izjava o omejitvi odgovornosti<\/h5><p>Dru\u017eba Combo AG si pridr\u017euje pravico, da v primeru neupo\u0161tevanja navodil za uporabo in splo\u0161nih navodil ter nepravilne uporabe instrumentov GIGER MD\u00ae odre\u010de vso odgovornost.<\/p><h5>Veljavno pravo, pristojnost in spremembe<\/h5><p>Za ta sporazum ali izjavo velja izklju\u010dno \u0161vicarsko pravo. Kraj izvr\u0161evanja in izklju\u010dna pristojnost za vse spore, ki nastanejo v zvezi s tem sporazumom ali izjavo, je registrirani sede\u017e dru\u017ebe Combo AG. Vendar je ta dru\u017eba poobla\u0161\u010dena, da svoje pravice uveljavlja tudi na sede\u017eu stranke ali pri katerem koli drugem pristojnem organu in da izbere tudi veljavno nacionalno pravo. Vse spremembe v zvezi s temi splo\u0161nimi pogoji morajo biti izvedene v pisni obliki.<\/p><h5>Vzdr\u017eevanje spletnega mesta<\/h5><p>Vzdr\u017eevanje spletnega mesta za WordPress izvaja podjetje Codemenschen Gmbh<\/p><p>Razvoj WordPressa s strani podjetja Codemenschen Gmbh<\/p><p>Re\u0161evanje sporov: Nismo pripravljeni ali dol\u017eni sodelovati v postopku re\u0161evanja sporov pred potro\u0161ni\u0161ko arbitra\u017eo.<\/p><h5>Informacije o avtorskih pravicah<\/h5><p>Avtorske pravice \u00a9 2026 Combo AG - CH-Lommiswil<\/p><p>GIGER MD\u00ae, GIGERMD\u00ae, GIGER\u00ae je registrirana blagovna znamka.<\/p><p>CAPM \u00a9<\/p><p>Copyright \u00a9 1992\/2026 Vse pravice pridr\u017eane.<\/p><p>Zlasti avtorsko pravo in pravo proti nelojalni konkurenci.<\/p><p>Int. pat. ZDA pat.<\/p><p>Kr\u0161itve teh pravic se bodo preganjale po civilnem in kazenskem pravu.<\/p>\t\t\t\t\t\t\t\t<\/div>\n\t\t\t\t<\/div>\n\t\t\t\t\t<\/div>\n\t\t\t\t<\/div>\n\t\t\t\t<\/div>","protected":false},"excerpt":{"rendered":"<p>Allgemeine Gesch\u00e4ftsbedingungen Combo AG, Medizintechnik GIGER MD\u00ae Konditionen F\u00fcr den Gesch\u00e4ftsverkehr zwischen der Combo AG und dem Besteller gelten ausschliesslich die nachstehenden Bedingungen. Sie gehen anderslautenden Konditionen, die vom Besteller \u00fcbersandt wurden oder sich auf dessen Schriftst\u00fcck befinden, in jedem Falle vor. Preise S\u00e4mtliche Preise sind, wo nicht anders angegeben, in Schweizer Franken ausgedr\u00fcckt. Sie [&hellip;]<\/p>\n","protected":false},"author":1,"featured_media":0,"parent":0,"menu_order":0,"comment_status":"closed","ping_status":"closed","template":"","meta":{"inline_featured_image":false,"footnotes":""},"class_list":["post-514","page","type-page","status-publish","hentry"],"_links":{"self":[{"href":"https:\/\/cp-hotline.com\/sl\/wp-json\/wp\/v2\/pages\/514","targetHints":{"allow":["GET"]}}],"collection":[{"href":"https:\/\/cp-hotline.com\/sl\/wp-json\/wp\/v2\/pages"}],"about":[{"href":"https:\/\/cp-hotline.com\/sl\/wp-json\/wp\/v2\/types\/page"}],"author":[{"embeddable":true,"href":"https:\/\/cp-hotline.com\/sl\/wp-json\/wp\/v2\/users\/1"}],"replies":[{"embeddable":true,"href":"https:\/\/cp-hotline.com\/sl\/wp-json\/wp\/v2\/comments?post=514"}],"version-history":[{"count":12,"href":"https:\/\/cp-hotline.com\/sl\/wp-json\/wp\/v2\/pages\/514\/revisions"}],"predecessor-version":[{"id":66746,"href":"https:\/\/cp-hotline.com\/sl\/wp-json\/wp\/v2\/pages\/514\/revisions\/66746"}],"wp:attachment":[{"href":"https:\/\/cp-hotline.com\/sl\/wp-json\/wp\/v2\/media?parent=514"}],"curies":[{"name":"wp","href":"https:\/\/api.w.org\/{rel}","templated":true}]}}