{"id":514,"date":"2016-04-21T15:03:54","date_gmt":"2016-04-21T13:03:54","guid":{"rendered":"http:\/\/www.gigermd.com\/?page_id=514"},"modified":"2026-03-09T08:49:48","modified_gmt":"2026-03-09T07:49:48","slug":"agb-copyright","status":"publish","type":"page","link":"https:\/\/cp-hotline.com\/sr\/agb-copyright\/","title":{"rendered":"AGB\/Copyight"},"content":{"rendered":"<div data-elementor-type=\"wp-page\" data-elementor-id=\"514\" class=\"elementor elementor-514\" data-elementor-post-type=\"page\">\n\t\t\t\t<div class=\"elementor-element elementor-element-7eaeaa5e e-flex e-con-boxed e-con e-parent\" data-id=\"7eaeaa5e\" data-element_type=\"container\" data-e-type=\"container\" data-settings=\"{&quot;background_background&quot;:&quot;classic&quot;}\">\n\t\t\t\t\t<div class=\"e-con-inner\">\n\t\t<div class=\"elementor-element elementor-element-a5166d2 e-con-full e-flex e-con e-child\" data-id=\"a5166d2\" data-element_type=\"container\" data-e-type=\"container\">\n\t\t\t\t<div class=\"elementor-element elementor-element-1f809b6 elementor-widget elementor-widget-heading\" data-id=\"1f809b6\" data-element_type=\"widget\" data-e-type=\"widget\" data-widget_type=\"heading.default\">\n\t\t\t\t\t<h2 class=\"elementor-heading-title elementor-size-default\">Allgemeine Gesch\u00e4ftsbedingungen<\/h2>\t\t\t\t<\/div>\n\t\t\t\t<div class=\"elementor-element elementor-element-c31b970 elementor-widget elementor-widget-heading\" data-id=\"c31b970\" data-element_type=\"widget\" data-e-type=\"widget\" data-widget_type=\"heading.default\">\n\t\t\t\t\t<h3 class=\"elementor-heading-title elementor-size-default\">Combo AG, Medizintechnik GIGER MD\u00ae<\/h3>\t\t\t\t<\/div>\n\t\t\t\t<div class=\"elementor-element elementor-element-126b634 elementor-widget elementor-widget-text-editor\" data-id=\"126b634\" data-element_type=\"widget\" data-e-type=\"widget\" data-widget_type=\"text-editor.default\">\n\t\t\t\t\t\t\t\t\t<h5>Konditionen<\/h5><p>F\u00fcr den Gesch\u00e4ftsverkehr zwischen der Combo AG und dem Besteller gelten ausschliesslich die nachstehenden Bedingungen. Sie gehen anderslautenden Konditionen, die vom Besteller \u00fcbersandt wurden oder sich auf dessen Schriftst\u00fcck befinden, in jedem Falle vor.<\/p><h5>Preise<\/h5><p>S\u00e4mtliche Preise sind, wo nicht anders angegeben, in Schweizer Franken ausgedr\u00fcckt. Sie werden grunds\u00e4tzlich f\u00fcr inl\u00e4ndische Lieferungen inkl. MwSt. f\u00fcr Lieferungen ins Ausland exkl. MwSt. dargestellt. Alle Preise sind Richtpreise und nur die aktuellste Offerte hat binnen 30 Tagen G\u00fcltigkeit oder anderslautend auf der Offerte, es sei denn, es liegen Schreib-, Druck- oder Rechenfehler vor.<\/p><h5>Lieferungen<\/h5><p>Porto und Verpackung sind f\u00fcr inl\u00e4ndische Therapie-Instrumente Lieferungen kostenlos. Bei Lieferungen ins Ausland wird nur das Porto in Rechnung gestellt. F\u00fcr nicht termingerechte Zustellungen k\u00f6nnen bei der Combo AG keine Schadenersatzanspr\u00fcche f\u00fcr entgangenen Gewinn, Gesch\u00e4ftsunterbrechung oder irgendwelche anderen Verm\u00f6genssch\u00e4den geltend gemacht werden.<\/p><h5>Zahlungsmodalit\u00e4ten<\/h5><p>F\u00fcr Kunden aus dem Ausland werden Auftr\u00e4ge nur noch ausgef\u00fchrt, wenn der anstehende Betrag in Vorkasse auf unser Konto \u00fcberwiesen wird.<\/p><h5>Garantiebestimmungen<\/h5><p>Die Combo AG \u00fcbernimmt die Behebung aller M\u00e4ngel, die auf Material- oder Fertigungsfehler zur\u00fcckzuf\u00fchren sind. Die Garantieleistung erstreckt sich dabei auf die unentgeltliche Instandstellung des Instruments, bzw. auf kostenlosen Ersatz fehlerhafter Teile. Ausgeschlossen ist ein Anspruch auf Wandelung, Minderung, Austausch des Instruments sowie auf Kostenerstattung bei Schadensbehebung durch Dritte ohne unser schriftliches Einverst\u00e4ndnis, schliesslich auf Schadenersatz, der \u00fcber den Ersatz des mangelhaften Teiles hinausgeht.<\/p><p>Weg und Versandspesen zum Kunden werden in Rechnung gestellt.<\/p><p>Als Nachweis f\u00fcr den Garantieanspruch gilt die Rechnung oder der Lieferschein der Combo AG, auf welcher das Kaufdatum und das Modell festgehalten sein m\u00fcssen.<\/p><p>Die Garantie bezieht sich nicht auf Teile, die einem nat\u00fcrlichen Verschleiss unterworfen sind sowie auf Fehler, die durch unsachgem\u00e4sse Bedienung oder Beanspruchung, wie Vermietung bzw. durch \u00e4ussere Einwirkungen verursacht wurden.\u00a0<strong>Weiter kommt dem Benutzer die Obliegenheit zu, alle beweglichen Teile, sowie Schrauben und Nieten in regelm\u00e4ssigen Abst\u00e4nden von einer Woche einer ad\u00e4quaten Verschleisspr\u00fcfung zu unterziehen, bei deren Nichtbeachtung er jeglichen Anspruch auf Behebung von Folgesch\u00e4den verwirkt<\/strong>.<\/p><p>Soweit Reparaturen bzw. Reparaturversuche durch andere als die Combo AG durchgef\u00fchrt werden, ist der Garantieanspruch verwirkt.<\/p><p>Die Combo AG gew\u00e4hrt eine Garantie w\u00e4hrend 24 Monaten \u2013 auch bei gewerblichem Gebrauch (ausgenommen GIGER MD\u00ae Combofit) \u2013 gerechnet vom Lieferdatum des fabrikneuen Instruments.<\/p><h5>Zweckm\u00e4ssiger Gebrauch des Kaufgegenstandes<\/h5><p>Falls auf den Lieferpapieren nicht ausdr\u00fccklich erw\u00e4hnt ist, dass es sich um Ger\u00e4tschaften f\u00fcr \u201eProfessionelle Anwender\u201c handelt, und somit dem Ger\u00e4t eine Publikums-Behandlungslizenz koh\u00e4rent ist, handelt es sich lediglich um eine Privatlizenz zur Verwendung des Therapieger\u00e4tes f\u00fcr den Privatgebrauch. Eine gewerbliche Verwendung des Equipments ist in diesem Falle untersagt, da die gewerbliche Behandlung von Patienten in jedem Falle eine ordentliche Schulung durch den Hersteller und professionelle Ger\u00e4tschaften voraussetzt.<\/p><p>Zudem ist es dem Lizenznehmer durch diese Lizenz strengstens untersagt, ohne schriftliche Einwilligung der Lizenzgeberin an GIGER MD\u00ae Instrumenten irgendwelche Ab\u00e4nderungen oder Umbauten vorzunehmen.<\/p><p>Ohne anderweitige Absprache in schriftlicher Form\u00a0handelt es sich bei der dem K\u00e4ufer gew\u00e4hrten Lizenz um eine\u00a0NICHT exklusive,\u00a0NICHT \u00fcbertragbare Lizenz\u00a0und dem Lizenznehmer ist es nicht gestattet, irgendwelche Ab\u00e4nderungen am GIGER MD Therapieinstrument vorzunehmen.<\/p><h5>Softwareprodukt, Know-How<\/h5><p>Das Softwareprodukt f\u00fcr die GIGER MD\u00ae Instrumente sowie das Know-How d\u00fcrfen nur im Rahmen des betreffenden Lizenzvertrages benutzt werden.<\/p><h5>Haftungsausschluss<\/h5><p>Die Combo AG beh\u00e4lt sich das Recht vor, sich bei Missachtung der Bedienungsanleitung und der allgemeinen Weisungen sowie bei unsachgem\u00e4ssem Gebrauch der GIGER MD\u00ae Instrumente von jeglicher Haftung loszusagen.<\/p><h5>Anwendbares Recht, Gerichtsstand und \u00c4nderungen<\/h5><p>Die vorliegende Vereinbarung bzw. Erkl\u00e4rung untersteht ausschliesslich schweizerischem Recht. Betreibungsort sowie ausschliesslicher Gerichtsstand f\u00fcr alle im Zusammenhang mit der vorliegenden Vereinbarung bzw. Erkl\u00e4rung stehenden Streitigkeiten ist der Sitz der Combo AG. Dieses Unternehmen ist jedoch befugt, seine Rechte auch am Domizil des Bestellers oder vor jeder anderen zust\u00e4ndigen Beh\u00f6rde geltend zu machen und zudem das jeweilige anzuwendende Landesrecht zu w\u00e4hlen.\u00a0Alle \u00c4nderungen, die diese Allgemeinen Gesch\u00e4ftsbedingungen betreffen, bed\u00fcrfen der schriftlichen Form.<\/p><h5>Webseitenwartung<\/h5><p>Die\u00a0Webseitenwartung f\u00fcr WordPress\u00a0wird durchgef\u00fchrt von der\u00a0Codemenschen Gmbh<\/p><p>WordPress Entwicklung\u00a0durch die Codemenschen Gmbh<\/p><p>Streitschlichtung:\u2028Wir sind nicht bereit oder verpflichtet, an Streitbeilegungsverfahren vor einer Verbraucherschlichtungsstelle teilzunehmen.<\/p><h5>Copyright Information<\/h5><p>Copyright \u00a9 2026 Combo AG \u2013 CH-Lommiswil<\/p><p>GIGER MD\u00ae, GIGERMD\u00ae, GIGER\u00ae\u00a0ist eine gesch\u00fctzte Marke.<\/p><p>CAPM \u00a9<\/p><p>Copyright \u00a9 1992\/2026. Alle Rechte vorbehalten.<\/p><p>Insbesondere Urheberrecht und Gesetz gegen den unlauteren Wettbewerb.<\/p><p>Int. pat. USA pat.<\/p><p>Verst\u00f6sse gegen diese Rechte werden zivil- und strafrechtlich verfolgt.<\/p>\t\t\t\t\t\t\t\t<\/div>\n\t\t\t\t<\/div>\n\t\t\t\t\t<\/div>\n\t\t\t\t<\/div>\n\t\t\t\t<\/div>","protected":false},"excerpt":{"rendered":"<p>Allgemeine Gesch\u00e4ftsbedingungen Combo AG, Medizintechnik GIGER MD\u00ae Konditionen F\u00fcr den Gesch\u00e4ftsverkehr zwischen der Combo AG und dem Besteller gelten ausschliesslich die nachstehenden Bedingungen. Sie gehen anderslautenden Konditionen, die vom Besteller \u00fcbersandt wurden oder sich auf dessen Schriftst\u00fcck befinden, in jedem Falle vor. Preise S\u00e4mtliche Preise sind, wo nicht anders angegeben, in Schweizer Franken ausgedr\u00fcckt. Sie [&hellip;]<\/p>\n","protected":false},"author":1,"featured_media":0,"parent":0,"menu_order":0,"comment_status":"closed","ping_status":"closed","template":"","meta":{"inline_featured_image":false,"footnotes":""},"class_list":["post-514","page","type-page","status-publish","hentry"],"_links":{"self":[{"href":"https:\/\/cp-hotline.com\/sr\/wp-json\/wp\/v2\/pages\/514","targetHints":{"allow":["GET"]}}],"collection":[{"href":"https:\/\/cp-hotline.com\/sr\/wp-json\/wp\/v2\/pages"}],"about":[{"href":"https:\/\/cp-hotline.com\/sr\/wp-json\/wp\/v2\/types\/page"}],"author":[{"embeddable":true,"href":"https:\/\/cp-hotline.com\/sr\/wp-json\/wp\/v2\/users\/1"}],"replies":[{"embeddable":true,"href":"https:\/\/cp-hotline.com\/sr\/wp-json\/wp\/v2\/comments?post=514"}],"version-history":[{"count":12,"href":"https:\/\/cp-hotline.com\/sr\/wp-json\/wp\/v2\/pages\/514\/revisions"}],"predecessor-version":[{"id":66746,"href":"https:\/\/cp-hotline.com\/sr\/wp-json\/wp\/v2\/pages\/514\/revisions\/66746"}],"wp:attachment":[{"href":"https:\/\/cp-hotline.com\/sr\/wp-json\/wp\/v2\/media?parent=514"}],"curies":[{"name":"wp","href":"https:\/\/api.w.org\/{rel}","templated":true}]}}