{"id":514,"date":"2016-04-21T15:03:54","date_gmt":"2016-04-21T13:03:54","guid":{"rendered":"http:\/\/www.gigermd.com\/?page_id=514"},"modified":"2026-03-09T08:49:48","modified_gmt":"2026-03-09T07:49:48","slug":"agb-copyright","status":"publish","type":"page","link":"https:\/\/cp-hotline.com\/sv\/agb-copyright\/","title":{"rendered":"AGB\/Copyight"},"content":{"rendered":"<div data-elementor-type=\"wp-page\" data-elementor-id=\"514\" class=\"elementor elementor-514\" data-elementor-post-type=\"page\">\n\t\t\t\t<div class=\"elementor-element elementor-element-7eaeaa5e e-flex e-con-boxed e-con e-parent\" data-id=\"7eaeaa5e\" data-element_type=\"container\" data-e-type=\"container\" data-settings=\"{&quot;background_background&quot;:&quot;classic&quot;}\">\n\t\t\t\t\t<div class=\"e-con-inner\">\n\t\t<div class=\"elementor-element elementor-element-a5166d2 e-con-full e-flex e-con e-child\" data-id=\"a5166d2\" data-element_type=\"container\" data-e-type=\"container\">\n\t\t\t\t<div class=\"elementor-element elementor-element-1f809b6 elementor-widget elementor-widget-heading\" data-id=\"1f809b6\" data-element_type=\"widget\" data-e-type=\"widget\" data-widget_type=\"heading.default\">\n\t\t\t\t\t<h2 class=\"elementor-heading-title elementor-size-default\">Allm\u00e4nna villkor och best\u00e4mmelser<\/h2>\t\t\t\t<\/div>\n\t\t\t\t<div class=\"elementor-element elementor-element-c31b970 elementor-widget elementor-widget-heading\" data-id=\"c31b970\" data-element_type=\"widget\" data-e-type=\"widget\" data-widget_type=\"heading.default\">\n\t\t\t\t\t<h3 class=\"elementor-heading-title elementor-size-default\">Combo AG, Medicinsk teknik GIGER MD\u00ae<\/h3>\t\t\t\t<\/div>\n\t\t\t\t<div class=\"elementor-element elementor-element-126b634 elementor-widget elementor-widget-text-editor\" data-id=\"126b634\" data-element_type=\"widget\" data-e-type=\"widget\" data-widget_type=\"text-editor.default\">\n\t\t\t\t\t\t\t\t\t<h5>Villkor och anvisningar<\/h5><p>F\u00f6ljande villkor g\u00e4ller uteslutande f\u00f6r aff\u00e4rstransaktioner mellan Combo AG och kunden. De ska under alla omst\u00e4ndigheter ha f\u00f6retr\u00e4de framf\u00f6r eventuella andra villkor som skickas av kunden eller som finns i kundens dokument.<\/p><h5>Priserna<\/h5><p>Om inte annat anges \u00e4r alla priser uttryckta i schweiziska franc. De anges i allm\u00e4nhet inklusive moms f\u00f6r inrikes leveranser och exklusive moms f\u00f6r leveranser till utlandet. Alla priser \u00e4r riktpriser och endast den senaste offerten \u00e4r giltig i 30 dagar eller om inte annat anges p\u00e5 offerten, s\u00e5vida inte skriv-, tryck- eller ber\u00e4kningsfel f\u00f6religger.<\/p><h5>Leveranser<\/h5><p>Porto och emballage \u00e4r kostnadsfritt vid inrikes leveranser av behandlingsinstrument. F\u00f6r leveranser till utlandet debiteras endast portot. Inga skadest\u00e5ndsanspr\u00e5k f\u00f6r utebliven vinst, avbrott i verksamheten eller annan ekonomisk f\u00f6rlust kan g\u00f6ras g\u00e4llande mot Combo AG f\u00f6r f\u00f6rsenade leveranser.<\/p><h5>Betalningsmodaliteter<\/h5><p>F\u00f6r kunder fr\u00e5n utlandet g\u00e4ller att order endast utf\u00f6rs om det f\u00f6rfallna beloppet \u00f6verf\u00f6rs till v\u00e5rt konto i f\u00f6rv\u00e4g.<\/p><h5>Garantivillkor<\/h5><p>Combo AG \u00e5tar sig att \u00e5tg\u00e4rda alla defekter som kan h\u00e4nf\u00f6ras till material- eller tillverkningsfel. Garantin omfattar kostnadsfri reparation av instrumentet eller kostnadsfritt utbyte av defekta delar. Anspr\u00e5k p\u00e5 h\u00e4vning, prisavdrag, utbyte av instrumentet och ers\u00e4ttning f\u00f6r kostnader i h\u00e4ndelse av att skador \u00e5tg\u00e4rdas av tredje part utan v\u00e5rt skriftliga medgivande, och slutligen ers\u00e4ttning f\u00f6r skador ut\u00f6ver utbytet av den defekta delen, \u00e4r uteslutna.<\/p><p>Rese- och fraktkostnader till kunden debiteras.<\/p><p>Fakturan eller f\u00f6ljesedeln fr\u00e5n Combo AG, p\u00e5 vilken ink\u00f6psdatum och modell m\u00e5ste anges, ska fungera som bevis f\u00f6r garantianspr\u00e5ket.<\/p><p>Garantin g\u00e4ller inte f\u00f6r delar som \u00e4r utsatta f\u00f6r naturligt slitage eller f\u00f6r fel som orsakats av felaktig drift eller anv\u00e4ndning, t.ex. hyra eller yttre p\u00e5verkan.\u00a0<strong>Dessutom \u00e4r anv\u00e4ndaren skyldig att uts\u00e4tta alla r\u00f6rliga delar, skruvar och nitar f\u00f6r ett adekvat slitageprov med regelbundna intervall p\u00e5 en vecka; underl\u00e5tenhet att g\u00f6ra detta kommer att leda till att alla krav p\u00e5 reparation av f\u00f6ljdskador f\u00f6rverkas<\/strong>.<\/p><p>Om reparationer eller f\u00f6rs\u00f6k till reparationer utf\u00f6rs av andra parter \u00e4n Combo AG, g\u00e5r garantianspr\u00e5ket f\u00f6rlorat.<\/p><p>Combo AG ger 24 m\u00e5naders garanti - \u00e4ven f\u00f6r kommersiell anv\u00e4ndning (utom GIGER MD\u00ae Combofit) - r\u00e4knat fr\u00e5n leveransdatumet f\u00f6r det helt nya instrumentet.<\/p><h5>L\u00e4mplig anv\u00e4ndning av k\u00f6peobjektet<\/h5><p>Om det inte uttryckligen anges i leveransdokumenten att utrustningen \u00e4r avsedd f\u00f6r \u201eprofessionella anv\u00e4ndare\u201c, och det d\u00e4rmed f\u00f6ljer en licens f\u00f6r offentlig behandling med utrustningen, \u00e4r det endast en privat licens f\u00f6r anv\u00e4ndning av behandlingsutrustningen f\u00f6r privat bruk. Kommersiell anv\u00e4ndning av utrustningen \u00e4r f\u00f6rbjuden i detta fall, eftersom kommersiell behandling av patienter alltid kr\u00e4ver l\u00e4mplig utbildning av tillverkaren och professionell utrustning.<\/p><p>Dessutom f\u00f6rbjuder denna licens licenstagaren att g\u00f6ra n\u00e5gra modifieringar eller \u00e4ndringar av GIGER MD\u00ae -instrument utan skriftligt medgivande fr\u00e5n licensgivaren.<\/p><p>Om inte annat avtalats skriftligen \u00e4r den licens som beviljas k\u00f6paren en icke-exklusiv, icke \u00f6verf\u00f6rbar licens och licenstagaren f\u00e5r inte g\u00f6ra n\u00e5gra \u00e4ndringar av GIGER MD Therapy Instrument.<\/p><h5>Mjukvaruprodukt, know-how<\/h5><p>Programvaruprodukten f\u00f6r GIGER MD\u00ae -instrumenten och know-how f\u00e5r endast anv\u00e4ndas inom ramen f\u00f6r det aktuella licensavtalet.<\/p><h5>Ansvarsfriskrivning<\/h5><p>Combo AG f\u00f6rbeh\u00e5ller sig r\u00e4tten att fr\u00e5ns\u00e4ga sig allt ansvar i h\u00e4ndelse av bristande efterlevnad av bruksanvisningen och de allm\u00e4nna anvisningarna samt felaktig anv\u00e4ndning av GIGER MD\u00ae -instrumenten.<\/p><h5>Till\u00e4mplig lag, jurisdiktion och \u00e4ndringar<\/h5><p>Detta avtal eller denna deklaration \u00e4r uteslutande underkastad schweizisk lag. Platsen f\u00f6r verkst\u00e4llighet och exklusiv jurisdiktion f\u00f6r alla tvister som uppst\u00e5r i samband med detta avtal eller denna f\u00f6rklaring \u00e4r Combo AG:s s\u00e4te. Detta f\u00f6retag har dock \u00e4ven r\u00e4tt att h\u00e4vda sina r\u00e4ttigheter vid kundens hemvist eller inf\u00f6r n\u00e5gon annan beh\u00f6rig myndighet och \u00e4ven att v\u00e4lja till\u00e4mplig nationell lag. Alla \u00e4ndringar av dessa allm\u00e4nna villkor m\u00e5ste g\u00f6ras skriftligen.<\/p><h5>Underh\u00e5ll av webbplats<\/h5><p>Webbplatsunderh\u00e5llet f\u00f6r WordPress utf\u00f6rs av Codemenschen Gmbh<\/p><p>WordPress-utveckling av Codemenschen Gmbh<\/p><p>Tvistl\u00f6sning: Vi \u00e4r inte villiga eller skyldiga att delta i tvistl\u00f6sningsf\u00f6rfaranden inf\u00f6r en konsumentskiljedomstol.<\/p><h5>Information om upphovsr\u00e4tt<\/h5><p>Upphovsr\u00e4tt \u00a9 2026 Combo AG - CH-Lommiswil<\/p><p>GIGER MD\u00ae, GIGERMD\u00ae, GIGER\u00ae \u00e4r ett registrerat varum\u00e4rke.<\/p><p>CAPM<\/p><p>Copyright \u00a9 1992\/2026 Alla r\u00e4ttigheter f\u00f6rbeh\u00e5lls.<\/p><p>I synnerhet upphovsr\u00e4ttslagstiftningen och lagstiftningen mot illojal konkurrens.<\/p><p>Int. pat. USA pat.<\/p><p>\u00d6vertr\u00e4delser av dessa r\u00e4ttigheter kommer att \u00e5talas civilr\u00e4ttsligt och straffr\u00e4ttsligt.<\/p>\t\t\t\t\t\t\t\t<\/div>\n\t\t\t\t<\/div>\n\t\t\t\t\t<\/div>\n\t\t\t\t<\/div>\n\t\t\t\t<\/div>","protected":false},"excerpt":{"rendered":"<p>Allgemeine Gesch\u00e4ftsbedingungen Combo AG, Medizintechnik GIGER MD\u00ae Konditionen F\u00fcr den Gesch\u00e4ftsverkehr zwischen der Combo AG und dem Besteller gelten ausschliesslich die nachstehenden Bedingungen. Sie gehen anderslautenden Konditionen, die vom Besteller \u00fcbersandt wurden oder sich auf dessen Schriftst\u00fcck befinden, in jedem Falle vor. Preise S\u00e4mtliche Preise sind, wo nicht anders angegeben, in Schweizer Franken ausgedr\u00fcckt. Sie [&hellip;]<\/p>\n","protected":false},"author":1,"featured_media":0,"parent":0,"menu_order":0,"comment_status":"closed","ping_status":"closed","template":"","meta":{"inline_featured_image":false,"footnotes":""},"class_list":["post-514","page","type-page","status-publish","hentry"],"_links":{"self":[{"href":"https:\/\/cp-hotline.com\/sv\/wp-json\/wp\/v2\/pages\/514","targetHints":{"allow":["GET"]}}],"collection":[{"href":"https:\/\/cp-hotline.com\/sv\/wp-json\/wp\/v2\/pages"}],"about":[{"href":"https:\/\/cp-hotline.com\/sv\/wp-json\/wp\/v2\/types\/page"}],"author":[{"embeddable":true,"href":"https:\/\/cp-hotline.com\/sv\/wp-json\/wp\/v2\/users\/1"}],"replies":[{"embeddable":true,"href":"https:\/\/cp-hotline.com\/sv\/wp-json\/wp\/v2\/comments?post=514"}],"version-history":[{"count":12,"href":"https:\/\/cp-hotline.com\/sv\/wp-json\/wp\/v2\/pages\/514\/revisions"}],"predecessor-version":[{"id":66746,"href":"https:\/\/cp-hotline.com\/sv\/wp-json\/wp\/v2\/pages\/514\/revisions\/66746"}],"wp:attachment":[{"href":"https:\/\/cp-hotline.com\/sv\/wp-json\/wp\/v2\/media?parent=514"}],"curies":[{"name":"wp","href":"https:\/\/api.w.org\/{rel}","templated":true}]}}